{"id":6177,"date":"2026-04-03T10:22:09","date_gmt":"2026-04-03T02:22:09","guid":{"rendered":"https:\/\/minghanggroup.com\/?post_type=product&#038;p=6177"},"modified":"2026-04-03T10:32:30","modified_gmt":"2026-04-03T02:32:30","slug":"ribbed-small-bud-vases-green-glass-bulk","status":"publish","type":"product","link":"https:\/\/minghanggroup.com\/de\/produkt\/ribbed-small-bud-vases-green-glass-bulk\/","title":{"rendered":"Gerippte kleine Knospenvasen aus gr\u00fcnem Glas (lose)"},"content":{"rendered":"<p>Diese gr\u00fcne Glasvase ist aus transparentem, hellgr\u00fcnem Glas gefertigt und besticht durch ihr Vintage-Design mit vertikalen Rippen und geschwungenem, gewelltem Rand. Die Kollektion umfasst drei Modelle: zwei hohe, konische Vasen und eine kleine, flache, runde Vase.<\/p>\n<h2>Produktmerkmale<\/h2>\n<ul>\n<li><strong>Hellgr\u00fcnes Vintage-Glas:<\/strong> Die sanfte, transparente gr\u00fcne Farbe dieses Glasmaterials erzeugt ein traditionelles \u201emelancholisches Glas\u201c-Erscheinungsbild, das historische und moderne Stilelemente vereint.<\/li>\n<li><strong>Vertikale Textur:<\/strong> Die tiefen vertikalen Texturen erzeugen ein vollst\u00e4ndiges vertikales Oberfl\u00e4chenmuster, das sowohl f\u00fcr visuelle Vielfalt als auch f\u00fcr strukturelle Festigkeit sorgt und gleichzeitig ein wundersch\u00f6nes Lichtspiel durch das Material erm\u00f6glicht.<\/li>\n<li><strong>Dekorativer Wellenrand:<\/strong> Jede Vase verf\u00fcgt \u00fcber einen wundersch\u00f6nen, gewellten Rand, dessen asymmetrisches Design eine handwerkliche Note erkennen l\u00e4sst.<\/li>\n<\/ul>\n<h2 style=\"text-align: left;\">Wichtigste Spezifikationen<\/h2>\n<table class=\"aligncenter\" style=\"border-collapse: collapse; width: 389.27pt;\" border=\"0\" width=\"519\" cellspacing=\"0\" cellpadding=\"0\">\n<tbody>\n<tr style=\"height: 13.50pt;\">\n<td style=\"height: 13.50pt; width: 117.75pt;\" width=\"157\" height=\"18\">Attribut<\/td>\n<td style=\"width: 271.50pt;\" width=\"362\">Details<\/td>\n<\/tr>\n<tr style=\"height: 13.50pt;\">\n<td style=\"height: 13.50pt;\" height=\"18\">Material<\/td>\n<td>Hellgr\u00fcnes Glas<\/td>\n<\/tr>\n<tr style=\"height: 13.50pt;\">\n<td style=\"height: 13.50pt;\" height=\"18\">Anpassungsbereich<\/td>\n<td>Farbe, Rippenmuster, Felgenform, Gr\u00f6\u00dfe<\/td>\n<\/tr>\n<tr style=\"height: 13.50pt;\">\n<td style=\"height: 13.50pt;\" height=\"18\">Handwerkskunst<\/td>\n<td>Mundgeblasenes oder hochwertiges Formglas<\/td>\n<\/tr>\n<tr style=\"height: 13.50pt;\">\n<td style=\"height: 13.50pt;\" height=\"18\">Prim\u00e4re Verwendung<\/td>\n<td>Dekorative kleine Knospenvasen f\u00fcr die Tischdekoration<\/td>\n<\/tr>\n<tr style=\"height: 13.50pt;\">\n<td style=\"height: 13.50pt;\" height=\"18\">Zielbranchen<\/td>\n<td>Floristen, Einzelh\u00e4ndler f\u00fcr Heimdekoration<\/td>\n<\/tr>\n<\/tbody>\n<\/table>\n<h2>Erfolgsgeschichte: Eine Sonderanfertigung einer nationalen Einrichtungskette<\/h2>\n<p>Ein gro\u00dfer US-amerikanischer Einrichtungsh\u00e4ndler w\u00e4hlte unsere kleinen Knospenvasen und bestellte eine dunklere Variante von \u201eSalbeigr\u00fcn\u201c mit hellgoldenem Metallic-Pulver auf der gerippten Oberfl\u00e4che. Die Kollektion erzielte herausragende Ergebnisse: Der Online-Absatz von Tischdekorationen stieg im ersten Quartal um 500 %, und innerhalb von sechs Monaten wurde eine Abverkaufsquote von 98 % erreicht. Nach der ersten Bestellung orderte der H\u00e4ndler weitere 600.000 Vasen, um sein Sortiment um weitere Farben zu erweitern.<\/p>\n<h2>Individualisierungsoptionen f\u00fcr kleine Knospenvasen<\/h2>\n<ul>\n<li>Details zur gepr\u00e4gten Basis: Kunden k\u00f6nnen ihre Markenidentit\u00e4t oder besondere Anl\u00e4sse gestalten, indem sie ein Basispr\u00e4gedesign ausw\u00e4hlen, das eine Jahreszahl und eine Logooption f\u00fcr ihre Vasen beinhaltet.<\/li>\n<li>Halsdetails: Das Produkt bietet drei Halsvarianten, darunter einen glatten Hals und einen vergoldeten Hals, sowie verschiedene Faltendesigns.<\/li>\n<li>Oberfl\u00e4chenveredelungen: Das Produkt bietet drei Oberfl\u00e4chenveredelungsoptionen: Hochglanz, Matt und Teilmatt.<\/li>\n<\/ul>","protected":false},"excerpt":{"rendered":"<p>Dekoratives Vasen-Set aus gr\u00fcnem Glas mit gerippter Struktur und gewelltem Rand. Kleine Knospenvasen, ideal f\u00fcr Blumen, Dekoration oder als Geschenk. Weltweiter Versand m\u00f6glich.<\/p>","protected":false},"featured_media":6180,"template":"","meta":{"postBodyCss":"","postBodyMargin":[],"postBodyPadding":[],"postBodyBackground":{"backgroundType":"classic","gradient":""}},"product_brand":[],"product_cat":[107,15,16],"product_tag":[],"class_list":{"0":"post-6177","1":"product","2":"type-product","3":"status-publish","4":"has-post-thumbnail","6":"product_cat-glass-bud-vases","7":"product_cat-glass-containers","8":"product_cat-glass-bottles","10":"first","11":"instock","12":"shipping-taxable","13":"product-type-simple"},"jetpack_sharing_enabled":true,"_links":{"self":[{"href":"https:\/\/minghanggroup.com\/de\/wp-json\/wp\/v2\/product\/6177","targetHints":{"allow":["GET"]}}],"collection":[{"href":"https:\/\/minghanggroup.com\/de\/wp-json\/wp\/v2\/product"}],"about":[{"href":"https:\/\/minghanggroup.com\/de\/wp-json\/wp\/v2\/types\/product"}],"wp:featuredmedia":[{"embeddable":true,"href":"https:\/\/minghanggroup.com\/de\/wp-json\/wp\/v2\/media\/6180"}],"wp:attachment":[{"href":"https:\/\/minghanggroup.com\/de\/wp-json\/wp\/v2\/media?parent=6177"}],"wp:term":[{"taxonomy":"product_brand","embeddable":true,"href":"https:\/\/minghanggroup.com\/de\/wp-json\/wp\/v2\/product_brand?post=6177"},{"taxonomy":"product_cat","embeddable":true,"href":"https:\/\/minghanggroup.com\/de\/wp-json\/wp\/v2\/product_cat?post=6177"},{"taxonomy":"product_tag","embeddable":true,"href":"https:\/\/minghanggroup.com\/de\/wp-json\/wp\/v2\/product_tag?post=6177"}],"curies":[{"name":"wp","href":"https:\/\/api.w.org\/{rel}","templated":true}]}}