{"id":6172,"date":"2026-04-02T16:14:04","date_gmt":"2026-04-02T08:14:04","guid":{"rendered":"https:\/\/minghanggroup.com\/?post_type=product&#038;p=6172"},"modified":"2026-04-02T16:14:05","modified_gmt":"2026-04-02T08:14:05","slug":"clear-bud-vases-in-different-style-wholesale","status":"publish","type":"product","link":"https:\/\/minghanggroup.com\/de\/produkt\/clear-bud-vases-in-different-style-wholesale\/","title":{"rendered":"Transparente Knospenvasen in verschiedenen Ausf\u00fchrungen \u2013 Gro\u00dfhandel"},"content":{"rendered":"<p>Unsere Kollektion umfasst transparente Knospenvasen in minimalistischem Design. Jedes St\u00fcck besticht durch drei unterschiedliche Texturmuster: Rautenmuster, Wabenmuster und Reliefs im Vintage-Stil. Die drei Gr\u00f6\u00dfen eignen sich perfekt als Dekoration f\u00fcr Schreibtische, Esstische und Eingangsbereiche.<\/p>\n<h2>Produktmerkmale<\/h2>\n<ul>\n<li><strong>Mehrfarbiges, gepr\u00e4gtes Design:<\/strong> Die verschiedenen Flaschenk\u00f6rper weisen Rautenmuster, Wabenmuster und Vintage-Reliefmuster auf, die unterschiedliche visuelle Effekte f\u00fcr das mehrschichtige, gepr\u00e4gte Design erzeugen und so dessen dekorative Qualit\u00e4ten hervorheben.<\/li>\n<li><strong>Hochreines Glasmaterial:<\/strong> Das Glas zeichnet sich durch eine hervorragende Transparenz aus, die es dem Betrachter erm\u00f6glicht, den Wasserstand und den Zustand der Blumenstiele im Inneren der Vitrine zu erkennen. Dies eignet sich am besten f\u00fcr einzelne Bl\u00fcten und kleine Blumenarrangements.<\/li>\n<li><strong>Kompakte und stabile Bauweise:<\/strong> Die Vase beh\u00e4lt ihre Stabilit\u00e4t durch ihre Konstruktion, die aus einem kurzen Hals und einem breiten Boden besteht, wodurch sie in verschiedenen Umgebungen, von Tischplatten bis hin zu Fensterb\u00e4nken, aufrecht stehen bleibt, ohne umzukippen.<\/li>\n<\/ul>\n<h2>Wichtigste Spezifikationen<\/h2>\n<table style=\"border-collapse: collapse; width: 80%; margin-left: auto; margin-right: auto;\" border=\"0\" width=\"288\" cellspacing=\"0\" cellpadding=\"0\">\n<tbody>\n<tr style=\"height: 13.50pt;\">\n<td style=\"height: 13.5pt; width: 54pt; text-align: center;\" width=\"72\" height=\"18\">Stil<\/td>\n<td style=\"width: 54pt; text-align: center;\" width=\"72\">Abmessungen (mm)<\/td>\n<td style=\"width: 54pt; text-align: center;\" width=\"72\">Wissenschaft<\/td>\n<td style=\"width: 54pt; text-align: center;\" width=\"72\">Farboptionen<\/td>\n<\/tr>\n<tr style=\"height: 13.50pt;\">\n<td style=\"height: 13.5pt; text-align: center;\" height=\"18\">Gepr\u00e4gt<\/td>\n<td style=\"text-align: center;\">55 x 100 x 35<\/td>\n<td class=\"et2\" style=\"text-align: center;\" rowspan=\"3\">Heimdekoration, Einzelhandelsgesch\u00e4fte, Veranstaltungen<\/td>\n<td class=\"et2\" style=\"text-align: center;\" rowspan=\"3\">Klar, individuell<\/td>\n<\/tr>\n<tr style=\"height: 13.50pt;\">\n<td style=\"height: 13.5pt; text-align: center;\" height=\"18\">Bienenwabe<\/td>\n<td style=\"text-align: center;\">60 x 100 x 45<\/td>\n<\/tr>\n<tr style=\"height: 13.50pt;\">\n<td style=\"height: 13.5pt; text-align: center;\" height=\"18\">Feine Rippe<\/td>\n<td style=\"text-align: center;\">55 x 130 x 35<\/td>\n<\/tr>\n<\/tbody>\n<\/table>\n<h2>Erfolgsgeschichte<\/h2>\n<p>Der franz\u00f6sische Einrichtungsh\u00e4ndler erweiterte sein Sortiment an Tischdekorationen um unsere transparenten Knospenvasen, die er f\u00fcr seine wachsende Produktlinie ausw\u00e4hlte. Der Kunde entschied sich f\u00fcr unsere drei gepr\u00e4gten Muster \u2013 Rauten-, Waben- und klassisches Reliefdesign \u2013 passend zur Vintage-\u00c4sthetik seiner Marke. Das Team fertigte die Vasen aus dickerem Glas, was f\u00fcr Stabilit\u00e4t im Verkaufsraum sorgte. Gleichzeitig wurde ein gepr\u00e4gtes Markenlogo auf dem Boden jeder Vase angebracht. Diese Designwahl st\u00e4rkte die Markenbekanntheit und bewahrte das klare und minimalistische Erscheinungsbild der Vasen.<\/p>\n<p>Der Einzelh\u00e4ndler erzielte in den ersten drei Monaten seines Bestehens einen Umsatzanstieg von 25 % bei Tischdekorationsartikeln. Aufgrund des gro\u00dfen Interesses und der hohen Nachfrage f\u00fchrte er ein regelm\u00e4\u00dfiges viertelj\u00e4hrliches Nachbestellsystem f\u00fcr diese Produkte ein.<\/p>\n<h2>Anpassungstipps<\/h2>\n<ol>\n<li><strong>Farbe und Oberfl\u00e4chenbeschaffenheit:<\/strong> Eine transparente Basis erm\u00f6glicht das Auftragen von hellbernsteinfarbenen oder rauchgrauen Farbt\u00f6nen und selektiven mattierten Oberfl\u00e4chen, wodurch ein optischer Kontrast entsteht.<\/li>\n<li><strong>Logopr\u00e4sentation:<\/strong> Das System erm\u00f6glicht vielf\u00e4ltige Branding-Techniken, darunter Pr\u00e4gungen am Flaschenboden, Siebdruck an der Seite und minimalistische Etikettierung, um die Markenidentit\u00e4t zu st\u00e4rken und gleichzeitig die nat\u00fcrliche Sichtbarkeit des Produkts zu erhalten.<\/li>\n<li><strong>Verpackungsl\u00f6sungen:<\/strong> Das Verpackungssystem erm\u00f6glicht es den Anwendern, individuelle Verpackungen zu erstellen, darunter Einzelverpackungen, dreiteilige Geschenksets und Trays mit internen Trennw\u00e4nden, um den unterschiedlichen Bed\u00fcrfnissen des Einzelhandels, des E-Commerce und der verschiedenen Vertriebsmethoden f\u00fcr Geschenke gerecht zu werden.<\/li>\n<\/ol>","protected":false},"excerpt":{"rendered":"<p>Die transparenten Knospenvasen in verschiedenen Ausf\u00fchrungen eignen sich perfekt f\u00fcr den Einzelhandel oder zur Pr\u00e4sentation. Wir bieten kostenlose Muster an und nehmen individuelle Bestellungen f\u00fcr Knospenvasen entgegen.<\/p>","protected":false},"featured_media":6175,"template":"","meta":{"postBodyCss":"","postBodyMargin":[],"postBodyPadding":[],"postBodyBackground":{"backgroundType":"classic","gradient":""}},"product_brand":[],"product_cat":[107,16,15],"product_tag":[],"class_list":{"0":"post-6172","1":"product","2":"type-product","3":"status-publish","4":"has-post-thumbnail","6":"product_cat-glass-bud-vases","7":"product_cat-glass-bottles","8":"product_cat-glass-containers","10":"first","11":"instock","12":"shipping-taxable","13":"product-type-simple"},"jetpack_sharing_enabled":true,"_links":{"self":[{"href":"https:\/\/minghanggroup.com\/de\/wp-json\/wp\/v2\/product\/6172","targetHints":{"allow":["GET"]}}],"collection":[{"href":"https:\/\/minghanggroup.com\/de\/wp-json\/wp\/v2\/product"}],"about":[{"href":"https:\/\/minghanggroup.com\/de\/wp-json\/wp\/v2\/types\/product"}],"wp:featuredmedia":[{"embeddable":true,"href":"https:\/\/minghanggroup.com\/de\/wp-json\/wp\/v2\/media\/6175"}],"wp:attachment":[{"href":"https:\/\/minghanggroup.com\/de\/wp-json\/wp\/v2\/media?parent=6172"}],"wp:term":[{"taxonomy":"product_brand","embeddable":true,"href":"https:\/\/minghanggroup.com\/de\/wp-json\/wp\/v2\/product_brand?post=6172"},{"taxonomy":"product_cat","embeddable":true,"href":"https:\/\/minghanggroup.com\/de\/wp-json\/wp\/v2\/product_cat?post=6172"},{"taxonomy":"product_tag","embeddable":true,"href":"https:\/\/minghanggroup.com\/de\/wp-json\/wp\/v2\/product_tag?post=6172"}],"curies":[{"name":"wp","href":"https:\/\/api.w.org\/{rel}","templated":true}]}}