{"id":6163,"date":"2026-04-02T13:26:38","date_gmt":"2026-04-02T05:26:38","guid":{"rendered":"https:\/\/minghanggroup.com\/?post_type=product&#038;p=6163"},"modified":"2026-04-02T13:26:40","modified_gmt":"2026-04-02T05:26:40","slug":"glass-flower-clear-vases-with-different-shape-in-bulk","status":"publish","type":"product","link":"https:\/\/minghanggroup.com\/de\/produkt\/glass-flower-clear-vases-with-different-shape-in-bulk\/","title":{"rendered":"Klare Glasvasen f\u00fcr Blumen in verschiedenen Formen, lose erh\u00e4ltlich"},"content":{"rendered":"<p>Die transparenten Vasen eignen sich ideal zur Pr\u00e4sentation minimalistischer Kunstwerke. Das Design umfasst drei verschiedene Muster, die durch unterschiedliche Formen drei verschiedene Arten von Lichtreflexionen erzeugen. Die Vasen bieten Marken stilvolle Dekorationsl\u00f6sungen und sind in deren Einzelhandelsgesch\u00e4ften erh\u00e4ltlich. Dank ihres schlanken Profils eignen sie sich f\u00fcr einzelne Bl\u00fcten, kleine Blumenarrangements und Trockenblumen.<\/p>\n<h2>Produktmerkmale<\/h2>\n<ul>\n<li><strong>Vielseitige Formen:<\/strong> W\u00e4hlen Sie zwischen gebogenen, eckigen oder gerippten Zylindern, passend zu jeder \u00c4sthetik \u2013 perfekt f\u00fcr gemischte Sortimente.<\/li>\n<li><strong>Strukturierte Eleganz:<\/strong> Vertikale Wellen oder subtile Muster verleihen Tiefe und spielen mit dem Licht f\u00fcr dynamische dekorative Darstellungen.<\/li>\n<li><strong>Praktischer Mund:<\/strong> Die konischen \u00d6ffnungen des praktischen Mundst\u00fcckdesigns erf\u00fcllen zwei Funktionen: Sie halten die Stiele sicher und erm\u00f6glichen gleichzeitig ein einfaches Nachf\u00fcllen von Wasser und eine einfache Reinigung.<\/li>\n<\/ul>\n<h2>Wichtigste Spezifikationen<\/h2>\n<table style=\"border-collapse: collapse; width: 80%; margin-left: auto; margin-right: auto;\" border=\"0\" width=\"360\" cellspacing=\"0\" cellpadding=\"0\">\n<tbody>\n<tr style=\"height: 13.50pt;\">\n<td style=\"height: 13.5pt; width: 54pt; text-align: center;\" width=\"72\" height=\"18\">Form<\/td>\n<td style=\"width: 54pt; text-align: center;\" width=\"72\">Gr\u00f6\u00dfe (cm)<\/td>\n<td style=\"width: 54pt; text-align: center;\" width=\"72\">Material<\/td>\n<td style=\"width: 54pt; text-align: center;\" width=\"72\">Farbe<\/td>\n<td style=\"width: 54pt; text-align: center;\" width=\"72\">Verwendung<\/td>\n<\/tr>\n<tr style=\"height: 13.50pt;\">\n<td style=\"height: 13.5pt; text-align: center;\" height=\"18\">Gerippt<\/td>\n<td style=\"text-align: center;\">5,5 \u00d7 11,2 \u00d7 3,8<\/td>\n<td class=\"et2\" style=\"text-align: center;\" rowspan=\"3\">Glas<\/td>\n<td class=\"et2\" style=\"text-align: center;\" rowspan=\"3\">Klar oder benutzerdefiniert<\/td>\n<td class=\"et2\" style=\"text-align: center;\" rowspan=\"3\">Blumen, Sukkulenten, k\u00fcnstliche Gestecke<\/td>\n<\/tr>\n<tr style=\"height: 13.50pt;\">\n<td style=\"height: 13.5pt; text-align: center;\" height=\"18\">K\u00fcrbis<\/td>\n<td style=\"text-align: center;\">6,0 \u00d7 11,5 \u00d7 3,8<\/td>\n<\/tr>\n<tr style=\"height: 13.50pt;\">\n<td style=\"height: 13.5pt; text-align: center;\" height=\"18\">Spiral<\/td>\n<td style=\"text-align: center;\">5,9 \u00d7 11,5 \u00d7 3,8<\/td>\n<\/tr>\n<\/tbody>\n<\/table>\n<h2>Erfolgsbeispiel<\/h2>\n<p>Der niederl\u00e4ndische Einrichtungsh\u00e4ndler w\u00e4hlte unsere transparenten Vasen f\u00fcr seine erste minimalistische Tischaccessoire-Kollektion. Unsere Kunden konnten aus verschiedenen hellen Farbt\u00f6nen wie Rauchgrau, Bernstein und Zartgr\u00fcn w\u00e4hlen. Wir \u00fcberarbeiteten die Vasenh\u00e4lse, um einzelnen Stielen einen stabilen, sicheren Halt zu geben. F\u00fcr den Vertrieb der Vasen in gr\u00f6\u00dferen Mengen entwickelten wir ein spezielles Verpackungssystem, das die Produkte w\u00e4hrend des Transports besser sch\u00fctzt und sie f\u00fcr die Warenpr\u00e4sentation im Einzelhandel attraktiver macht.<\/p>\n<p>Nach der Markteinf\u00fchrung innerhalb von sechs Wochen verzeichnete die Kategorie \u201ekleine Dekorationsartikel\u201c einen Umsatzanstieg von 25 %, da der Kunde mehr Produkte ben\u00f6tigte, um die steigende Nachfrage \u00fcber verschiedene Vertriebskan\u00e4le zu befriedigen, was zu einer zweiten Bestellung \u00fcber 50.000 zus\u00e4tzliche Einheiten f\u00fchrte.<\/p>\n<h2>Anpassungstipps<\/h2>\n<ol>\n<li><strong>Farbtonoptionen:<\/strong> F\u00fcr saisonale Kollektionen k\u00f6nnen Sie die Farben des Films mit einem sanften Bernsteinton, Rauchgrau, Hellblau oder einem Farbverlauf einf\u00e4rben.<\/li>\n<li><strong>Logo-Branding:<\/strong> Integrieren Sie die Logos der Marke in Form von Lasergravur, Bodenpr\u00e4gung oder einem kleinen Druck.<\/li>\n<li><strong>Accessoires-Kombination:<\/strong> Bieten Sie die M\u00f6glichkeit, die Produkte mit zus\u00e4tzlichen Artikeln wie dekorativen Anh\u00e4ngern, kleinen St\u00e4ndern oder Holztabletts zu kombinieren, um eine ansprechendere Pr\u00e4sentation zu erzielen.<\/li>\n<\/ol>","protected":false},"excerpt":{"rendered":"<p>Unsere transparenten Blumenvasen sind in drei Formen erh\u00e4ltlich und eignen sich perfekt zum Pr\u00e4sentieren, Dekorieren und vielem mehr. Wir bieten ma\u00dfgeschneiderte L\u00f6sungen f\u00fcr unsere Knospenvasen in gro\u00dfen Mengen und stellen Ihnen gerne kostenlose Muster zur Verf\u00fcgung.<\/p>","protected":false},"featured_media":6171,"template":"","meta":{"postBodyCss":"","postBodyMargin":[],"postBodyPadding":[],"postBodyBackground":{"backgroundType":"classic","gradient":""}},"product_brand":[],"product_cat":[107,15,16],"product_tag":[],"class_list":{"0":"post-6163","1":"product","2":"type-product","3":"status-publish","4":"has-post-thumbnail","6":"product_cat-glass-bud-vases","7":"product_cat-glass-containers","8":"product_cat-glass-bottles","10":"first","11":"instock","12":"shipping-taxable","13":"product-type-simple"},"jetpack_sharing_enabled":true,"_links":{"self":[{"href":"https:\/\/minghanggroup.com\/de\/wp-json\/wp\/v2\/product\/6163","targetHints":{"allow":["GET"]}}],"collection":[{"href":"https:\/\/minghanggroup.com\/de\/wp-json\/wp\/v2\/product"}],"about":[{"href":"https:\/\/minghanggroup.com\/de\/wp-json\/wp\/v2\/types\/product"}],"wp:featuredmedia":[{"embeddable":true,"href":"https:\/\/minghanggroup.com\/de\/wp-json\/wp\/v2\/media\/6171"}],"wp:attachment":[{"href":"https:\/\/minghanggroup.com\/de\/wp-json\/wp\/v2\/media?parent=6163"}],"wp:term":[{"taxonomy":"product_brand","embeddable":true,"href":"https:\/\/minghanggroup.com\/de\/wp-json\/wp\/v2\/product_brand?post=6163"},{"taxonomy":"product_cat","embeddable":true,"href":"https:\/\/minghanggroup.com\/de\/wp-json\/wp\/v2\/product_cat?post=6163"},{"taxonomy":"product_tag","embeddable":true,"href":"https:\/\/minghanggroup.com\/de\/wp-json\/wp\/v2\/product_tag?post=6163"}],"curies":[{"name":"wp","href":"https:\/\/api.w.org\/{rel}","templated":true}]}}