{"id":6162,"date":"2026-04-02T11:33:54","date_gmt":"2026-04-02T03:33:54","guid":{"rendered":"https:\/\/minghanggroup.com\/?post_type=product&#038;p=6162"},"modified":"2026-04-02T13:25:44","modified_gmt":"2026-04-02T05:25:44","slug":"smoky-lantern-shape-ribbed-glass-vases-bulk","status":"publish","type":"product","link":"https:\/\/minghanggroup.com\/de\/produkt\/smoky-lantern-shape-ribbed-glass-vases-bulk\/","title":{"rendered":"Rauchglasvasen in Laternenform, gerippt, in gro\u00dfen Mengen"},"content":{"rendered":"<p>Das Design der gerippten Glasvase ist von traditionellen Laternen inspiriert. Das klare Glas in Rauchgrau weist tiefe, vertikale Rippen auf, die die Oberfl\u00e4che bedecken, und der goldene Metallrand an der \u00d6ffnung verleiht der Vase einen Hauch von Opulenz.<\/p>\n<h2>Produktmerkmale<\/h2>\n<ul>\n<li><strong>Klassische Laternenform:<\/strong> Das Design vereint drei Elemente durch seinen schlanken Hals, den abgerundeten Korpus und den ausladenden Sockel, die von traditionellen Laternen inspiriert sind, zu einem dauerhaften Design.<\/li>\n<li><strong>Tiefe vertikale Rippen:<\/strong> Die vertikalen Rippen erzeugen durch die starke Textur der Vase einen beeindruckenden visuellen Effekt, der tiefe visuelle Effekte und attraktive Licht- und Schattenmuster hervorbringt.<\/li>\n<li><strong>Rauchgraues Glas mit goldenen Akzenten:<\/strong> Das Glasmaterial zeugt durch sein klares, rauchgraues Aussehen von modernem Stil, w\u00e4hrend die goldene Metalleinfassung dem Design eine elegante Note verleiht.<\/li>\n<\/ul>\n<h2 style=\"text-align: left;\">Wichtigste Spezifikationen<\/h2>\n<table class=\"aligncenter\" style=\"border-collapse: collapse; width: 432.77pt;\" border=\"0\" width=\"577\" cellspacing=\"0\" cellpadding=\"0\">\n<tbody>\n<tr style=\"height: 13.50pt;\">\n<td style=\"height: 13.50pt; width: 117.75pt;\" width=\"157\" height=\"18\">Attribut<\/td>\n<td style=\"width: 315.00pt;\" width=\"420\">Details<\/td>\n<\/tr>\n<tr style=\"height: 13.50pt;\">\n<td style=\"height: 13.50pt;\" height=\"18\">Ungef\u00e4hre Gr\u00f6\u00dfe (H\u00d7B)<\/td>\n<td>19,8 cm (H) \u00d7 12 cm (B)<\/td>\n<\/tr>\n<tr style=\"height: 13.50pt;\">\n<td style=\"height: 13.50pt;\" height=\"18\">Material<\/td>\n<td>Rauchgraues, transparentes Glas, goldener Metallrand<\/td>\n<\/tr>\n<tr style=\"height: 13.50pt;\">\n<td style=\"height: 13.50pt;\" height=\"18\">Vasenform<\/td>\n<td>Dreiteilige Laternensilhouette<\/td>\n<\/tr>\n<tr style=\"height: 13.50pt;\">\n<td style=\"height: 13.50pt;\" height=\"18\">Anpassungsbereich<\/td>\n<td>Farbe, Rippenmuster, Ausf\u00fchrung, Gr\u00f6\u00dfe<\/td>\n<\/tr>\n<tr style=\"height: 13.50pt;\">\n<td style=\"height: 13.50pt;\" height=\"18\">Handwerkskunst<\/td>\n<td>Mundgeblasenes oder hochwertiges Formglas<\/td>\n<\/tr>\n<tr style=\"height: 13.50pt;\">\n<td style=\"height: 13.50pt;\" height=\"18\">Prim\u00e4re Verwendung<\/td>\n<td>Dekorative Glasvase f\u00fcr Blumen, gerippte Glasvase<\/td>\n<\/tr>\n<tr style=\"height: 13.50pt;\">\n<td style=\"height: 13.50pt;\" height=\"18\">Zielbranchen<\/td>\n<td>Einzelh\u00e4ndler f\u00fcr Heimdekoration, Boutique-Blumenl\u00e4den<\/td>\n<\/tr>\n<\/tbody>\n<\/table>\n<h2>Erfolgsgeschichte: Ein Bestseller in einer landesweiten Einrichtungskette<\/h2>\n<p>Eine gro\u00dfe Einrichtungskette bestellte unsere rauchgraue, gerippte Glasvase und lie\u00df sie in einem hellen, \u201efrostigen\u201c Grauton mit ros\u00e9goldenem Rand anfertigen. Die einzigartig gestaltete Vase war innerhalb von zwei Tagen nach Verkaufsstart online mit 20.000 St\u00fcck ausverkauft. Das Produkt generierte im ersten Quartal einen Umsatzanstieg von 350 Prozent bei Dekoartikeln, w\u00e4hrend die Kunden die Langlebigkeit mit 99,5 Prozent bewerteten. Aufgrund dieses Erfolgs bestellte die Kette weitere 620.000 Vasen f\u00fcr ihre kommenden Weihnachts- und Fr\u00fchlingskollektionen.<\/p>\n<h2>Glasvase f\u00fcr Blumen: Gestaltungsm\u00f6glichkeiten<\/h2>\n<ul>\n<li>F\u00fcr die Metallveredelung des Halses stehen verschiedene Optionen zur Verf\u00fcgung, wie zum Beispiel Goldpolitur, Messing, Antikschwarz, Silber und Kupfer.<\/li>\n<li>Gerippte Designs \u2013 k\u00f6nnen entweder feine Rillen, breite Rippen oder Spiralmuster sein.<\/li>\n<li>Das Produkt ist in drei Displaygr\u00f6\u00dfen erh\u00e4ltlich: Mini, Standard und Gro\u00df, um verschiedenen Anzeigeanforderungen und Anwendungsbereichen gerecht zu werden.<\/li>\n<\/ul>","protected":false},"excerpt":{"rendered":"<p>Gerippte Glasvase in Rauchgrau, Laternenform und Goldrand. Diese elegante Glasvase f\u00fcr Blumen verleiht Ihrer Einrichtung das gewisse Etwas. Individuelle Gestaltungsm\u00f6glichkeiten sind vorhanden. Schneller Versand.<\/p>","protected":false},"featured_media":6167,"template":"","meta":{"postBodyCss":"","postBodyMargin":[],"postBodyPadding":[],"postBodyBackground":{"backgroundType":"classic","gradient":""}},"product_brand":[],"product_cat":[107,15,16],"product_tag":[],"class_list":{"0":"post-6162","1":"product","2":"type-product","3":"status-publish","4":"has-post-thumbnail","6":"product_cat-glass-bud-vases","7":"product_cat-glass-containers","8":"product_cat-glass-bottles","10":"first","11":"instock","12":"shipping-taxable","13":"product-type-simple"},"jetpack_sharing_enabled":true,"_links":{"self":[{"href":"https:\/\/minghanggroup.com\/de\/wp-json\/wp\/v2\/product\/6162","targetHints":{"allow":["GET"]}}],"collection":[{"href":"https:\/\/minghanggroup.com\/de\/wp-json\/wp\/v2\/product"}],"about":[{"href":"https:\/\/minghanggroup.com\/de\/wp-json\/wp\/v2\/types\/product"}],"wp:featuredmedia":[{"embeddable":true,"href":"https:\/\/minghanggroup.com\/de\/wp-json\/wp\/v2\/media\/6167"}],"wp:attachment":[{"href":"https:\/\/minghanggroup.com\/de\/wp-json\/wp\/v2\/media?parent=6162"}],"wp:term":[{"taxonomy":"product_brand","embeddable":true,"href":"https:\/\/minghanggroup.com\/de\/wp-json\/wp\/v2\/product_brand?post=6162"},{"taxonomy":"product_cat","embeddable":true,"href":"https:\/\/minghanggroup.com\/de\/wp-json\/wp\/v2\/product_cat?post=6162"},{"taxonomy":"product_tag","embeddable":true,"href":"https:\/\/minghanggroup.com\/de\/wp-json\/wp\/v2\/product_tag?post=6162"}],"curies":[{"name":"wp","href":"https:\/\/api.w.org\/{rel}","templated":true}]}}