{"id":6122,"date":"2026-03-30T13:42:57","date_gmt":"2026-03-30T05:42:57","guid":{"rendered":"https:\/\/minghanggroup.com\/?post_type=product&#038;p=6122"},"modified":"2026-03-30T13:42:58","modified_gmt":"2026-03-30T05:42:58","slug":"green-frosted-cosmetics-glass-jars-for-skincare-bulk","status":"publish","type":"product","link":"https:\/\/minghanggroup.com\/de\/produkt\/green-frosted-cosmetics-glass-jars-for-skincare-bulk\/","title":{"rendered":"5 g \u2013 250 g gr\u00fcne, mattierte Kosmetikglastiegel f\u00fcr Hautpflegeprodukte (Gro\u00dfpackung)"},"content":{"rendered":"<p>Die Kosmetikglastiegel aus transluzentem, leicht mattiertem Gr\u00fcn bieten nat\u00fcrlichen Lichtschutz und wirken dadurch sanft und elegant. Sie verleihen empfindlichen Cremes und Seren ein edles Aussehen. Die glatten Kunststoff-Schraubverschl\u00fcsse in verschiedenen Farben garantieren luftdichten Verschluss und einfaches Dosieren. Diese Kosmetikglastiegel eignen sich ideal als luxuri\u00f6se Verpackung oder f\u00fcr den kosteng\u00fcnstigen Gro\u00dfhandel und vereinen \u00c4sthetik und Funktionalit\u00e4t. Pr\u00e4sentieren Sie Ihre Produkte im Regal und beeindrucken Sie Ihre Kunden mit einer hochwertigen Pr\u00e4sentation.<\/p>\n<h2>Hauptmerkmale<\/h2>\n<ul>\n<li><strong>Der nat\u00fcrliche Sonnenschutz:<\/strong> Gr\u00fcnes Glas blockiert UV-Strahlen und verhindert so, dass die empfindlichen Formeln im Regal ausbleichen.<\/li>\n<li><strong>Komfortable Weit\u00f6ffnung:<\/strong> Die extraweite \u00d6ffnung erleichtert dem Kunden sowohl das Bef\u00fcllen als auch die Benutzung des Produkts.<\/li>\n<li><strong>Stapelbares Design mit flacher Oberseite:<\/strong> Die flache Deckeloberfl\u00e4che erm\u00f6glicht ein sicheres Stapeln bei Lagerung und Transport, da durch den flachen Deckel ein Versch\u00fctten vermieden wird.<\/li>\n<\/ul>\n<h2>Spezifikationstabelle<\/h2>\n<table style=\"border-collapse: collapse; width: 80%; margin-left: auto; margin-right: auto;\" border=\"0\" width=\"144\" cellspacing=\"0\" cellpadding=\"0\">\n<tbody>\n<tr style=\"height: 13.50pt;\">\n<td style=\"height: 13.5pt; width: 54pt; text-align: center;\" width=\"72\" height=\"18\">Specification<\/td>\n<td style=\"width: 54pt; text-align: center;\" width=\"72\">Details<\/td>\n<\/tr>\n<tr style=\"height: 13.50pt;\">\n<td style=\"height: 13.5pt; text-align: center;\" height=\"18\">Kapazit\u00e4t<\/td>\n<td style=\"text-align: center;\">5 g, 10 g, 15 g, 30 g, 50 g, 60 g, 100 g, 120 g, 250 g<\/td>\n<\/tr>\n<tr style=\"height: 13.50pt;\">\n<td style=\"height: 13.5pt; text-align: center;\" height=\"18\">Form<\/td>\n<td style=\"text-align: center;\">Runden<\/td>\n<\/tr>\n<tr style=\"height: 13.50pt;\">\n<td style=\"height: 13.5pt; text-align: center;\" height=\"18\">K\u00f6rperfarbe<\/td>\n<td style=\"text-align: center;\">Gr\u00fcn oder individuell<\/td>\n<\/tr>\n<tr style=\"height: 13.50pt;\">\n<td style=\"height: 13.5pt; text-align: center;\" height=\"18\">Deckelmaterial<\/td>\n<td style=\"text-align: center;\">Kunststoff mit Schraubgewinde<\/td>\n<\/tr>\n<\/tbody>\n<\/table>\n<h2>Erfolgsbeispiel<\/h2>\n<p>Eines der in den USA ans\u00e4ssigen Hautpflege-Startups wandte sich an uns, und wir wurden zum exklusiven Lieferanten ihrer Kosmetiktiegel ernannt. Die Flaschen verf\u00fcgen \u00fcber ein Doppeldichtungssystem mit einer inneren PE-Auskleidung und einem dicht verschraubten Deckel, der einen deutlich verbesserten Auslaufschutz bietet. Dar\u00fcber hinaus entwickelten wir farblich abgestimmte, matte Verschl\u00fcsse mit Soft-Touch-Beschichtung, die dem Produkt eine hochwertige Haptik verleihen. Gleichzeitig entschieden wir uns, einen separaten Bereich am Flaschenboden f\u00fcr den Chargencode vorzusehen, um die vollst\u00e4ndige R\u00fcckverfolgbarkeit der Produkte zu gew\u00e4hrleisten.<\/p>\n<p>Nach der Markteinf\u00fchrung dieser Verpackungsl\u00f6sung verzeichnete die Flaggschiff-Gesichtscreme der Marke innerhalb von nur sechs Wochen einen ph\u00e4nomenalen Umsatzanstieg von 30 Prozent. Im Zuge der weiteren Expansion in andere Einzelhandelsgesch\u00e4fte bestellten sie umgehend weitere 40.000 Einheiten bei uns.<\/p>\n<h2>Anpassungstipps<\/h2>\n<ol>\n<li><strong>Optionen f\u00fcr Glasoberfl\u00e4chen:<\/strong> W\u00e4hlen Sie entweder eine klare, mattierte, matte oder eine Farbverlaufsoberfl\u00e4che, um unterschiedliche visuelle Effekte und eine individuelle Markenpositionierung zu erzielen.<\/li>\n<li><strong>Innere Dichtungsstrukturen:<\/strong> Durch den Einsatz von PE-Auskleidungen, Druckdichtungen oder Dichtungssystemen kann die Leistungsf\u00e4higkeit luftdichter Systeme verbessert und die Produktsicherheit gew\u00e4hrleistet werden.<\/li>\n<li><strong>Zusatzzubeh\u00f6r:<\/strong> Erg\u00e4nzen Sie die Benutzerfreundlichkeit durch Spatel, Innendeckel oder Schutzscheiben.<\/li>\n<\/ol>","protected":false},"excerpt":{"rendered":"<p>Entdecken Sie gr\u00fcne Kosmetikglastiegel f\u00fcr Beauty-Marken und Gro\u00dfh\u00e4ndler. Ideal f\u00fcr Cremes und Seren. Kontaktieren Sie uns f\u00fcr Gro\u00dfbestellungen oder Branding-L\u00f6sungen. Schneller Versand.<\/p>","protected":false},"featured_media":6125,"template":"","meta":{"postBodyCss":"","postBodyMargin":[],"postBodyPadding":[],"postBodyBackground":{"backgroundType":"classic","gradient":""}},"product_brand":[],"product_cat":[106,15,17],"product_tag":[],"class_list":{"0":"post-6122","1":"product","2":"type-product","3":"status-publish","4":"has-post-thumbnail","6":"product_cat-cosmetic-jars","7":"product_cat-glass-containers","8":"product_cat-glass-jars","10":"first","11":"instock","12":"shipping-taxable","13":"product-type-simple"},"jetpack_sharing_enabled":true,"_links":{"self":[{"href":"https:\/\/minghanggroup.com\/de\/wp-json\/wp\/v2\/product\/6122","targetHints":{"allow":["GET"]}}],"collection":[{"href":"https:\/\/minghanggroup.com\/de\/wp-json\/wp\/v2\/product"}],"about":[{"href":"https:\/\/minghanggroup.com\/de\/wp-json\/wp\/v2\/types\/product"}],"wp:featuredmedia":[{"embeddable":true,"href":"https:\/\/minghanggroup.com\/de\/wp-json\/wp\/v2\/media\/6125"}],"wp:attachment":[{"href":"https:\/\/minghanggroup.com\/de\/wp-json\/wp\/v2\/media?parent=6122"}],"wp:term":[{"taxonomy":"product_brand","embeddable":true,"href":"https:\/\/minghanggroup.com\/de\/wp-json\/wp\/v2\/product_brand?post=6122"},{"taxonomy":"product_cat","embeddable":true,"href":"https:\/\/minghanggroup.com\/de\/wp-json\/wp\/v2\/product_cat?post=6122"},{"taxonomy":"product_tag","embeddable":true,"href":"https:\/\/minghanggroup.com\/de\/wp-json\/wp\/v2\/product_tag?post=6122"}],"curies":[{"name":"wp","href":"https:\/\/api.w.org\/{rel}","templated":true}]}}