{"id":6115,"date":"2026-03-30T08:53:41","date_gmt":"2026-03-30T00:53:41","guid":{"rendered":"https:\/\/minghanggroup.com\/?post_type=product&#038;p=6115"},"modified":"2026-03-30T10:49:18","modified_gmt":"2026-03-30T02:49:18","slug":"cylindrical-amber-cosmetic-glass-jars-wholesale","status":"publish","type":"product","link":"https:\/\/minghanggroup.com\/de\/produkt\/cylindrical-amber-cosmetic-glass-jars-wholesale\/","title":{"rendered":"1oz 2oz 4oz 8oz Zylindrische, bernsteinfarbene Kosmetikglastiegel im Gro\u00dfhandel"},"content":{"rendered":"<p>Diese Kosmetikglasdosen im Gro\u00dfhandel zeichnen sich durch ihr elegantes, zylindrisches Design aus. Die Dosen bestehen aus tiefbraunem Glas, das einen hohen UV-Schutz bietet. Sie sind in vier praktischen Gr\u00f6\u00dfen erh\u00e4ltlich und k\u00f6nnen mit wei\u00dfen, goldenen, schwarzen oder silbernen Deckeln versehen werden.<\/p>\n<h2>Produktmerkmale<\/h2>\n<ul>\n<li><strong>UV-Schutzglas aus bernsteinfarbenem Glas:<\/strong> Braunglas bietet einen besseren Lichtschutz, was die Haltbarkeit von physikalischen Produkten verl\u00e4ngert und die Wirksamkeit lichtempfindlicher Formeln erh\u00f6ht.<\/li>\n<li><strong>Vier Kappenoptionen:<\/strong> W\u00e4hlen Sie zwischen wei\u00dfen, schwarzen, goldenen oder silbernen Kappen, die perfekt zu Ihrem Markenimage und dem Stil Ihrer Marke passen, egal ob professionell oder luxuri\u00f6s.<\/li>\n<li><strong>Einfache zylindrische Form:<\/strong> Es handelt sich um eine saubere und stabile zylindrische Form, die sich leicht etikettieren, stapeln und effizient in der Produktionslinie bef\u00fcllen l\u00e4sst.<\/li>\n<\/ul>\n<h2 style=\"text-align: left;\">Wichtigste Spezifikationen<\/h2>\n<table class=\"aligncenter\" style=\"border-collapse: collapse; width: 427.52pt;\" border=\"0\" width=\"570\" cellspacing=\"0\" cellpadding=\"0\">\n<tbody>\n<tr style=\"height: 13.50pt;\">\n<td style=\"height: 13.50pt; width: 120.75pt;\" width=\"161\" height=\"18\">Attribut<\/td>\n<td style=\"width: 306.75pt;\" width=\"409\">Details<\/td>\n<\/tr>\n<tr style=\"height: 13.50pt;\">\n<td style=\"height: 13.50pt;\" height=\"18\">Kapazit\u00e4t<\/td>\n<td>1 oz (30 ml), 2 oz (60 ml), 4 oz (120 ml), 8 oz (240 ml)<\/td>\n<\/tr>\n<tr style=\"height: 13.50pt;\">\n<td style=\"height: 13.50pt;\" height=\"18\">Material<\/td>\n<td>Braunglas, verschiedene Deckelmaterialien (Kunststoff, Metall)<\/td>\n<\/tr>\n<tr style=\"height: 13.50pt;\">\n<td style=\"height: 13.50pt;\" height=\"18\">Glasform<\/td>\n<td>geradwandiger Zylinder<\/td>\n<\/tr>\n<tr style=\"height: 13.50pt;\">\n<td style=\"height: 13.50pt;\" height=\"18\">Anpassungsbereich<\/td>\n<td>Gr\u00f6\u00dfe, Deckel, Farbe, Form<\/td>\n<\/tr>\n<tr style=\"height: 13.50pt;\">\n<td style=\"height: 13.50pt;\" height=\"18\">Handwerkskunst<\/td>\n<td>UV-Schutzglas, pr\u00e4zises Gewinde<\/td>\n<\/tr>\n<tr style=\"height: 13.50pt;\">\n<td style=\"height: 13.50pt;\" height=\"18\">Prim\u00e4re Verwendung<\/td>\n<td>Tiegel f\u00fcr Gesichtscremes, Kosmetikglastiegel im Gro\u00dfhandel<\/td>\n<\/tr>\n<tr style=\"height: 13.50pt;\">\n<td style=\"height: 13.50pt;\" height=\"18\">Zielbranchen<\/td>\n<td>Hautpflege, Kosmetika, \u00e4sthetische Medizin<\/td>\n<\/tr>\n<\/tbody>\n<\/table>\n<h2>Erfolgsgeschichte<\/h2>\n<p>Ein Hautpflegeunternehmen mit Produkten in medizinischer Qualit\u00e4t entschied sich f\u00fcr unsere 60-ml-Kosmetiktiegel aus Braunglas und lie\u00df das Logo eines Originalit\u00e4tsverschlusses von Rx aufdrucken. Das Produkt erzielte sowohl klinisch als auch kommerziell einen enormen Erfolg: Die Braunglasflasche bietet einen UVA\/UVB-Schutz von \u00fcber 99 %, was f\u00fcr die Stabilit\u00e4tspr\u00fcfung des Produkts unerl\u00e4sslich ist und die Haltbarkeit zertifizierter Produkte um 50 % gegen\u00fcber dem Originalprodukt verl\u00e4ngert. Die Marke ist sehr zufrieden mit dem Produkt und hat weitere 320.000 Tiegel bestellt, um ihr 18-monatiges Private-Label-Projekt zu realisieren.<\/p>\n<h2>Gro\u00dfhandel mit kundenspezifischen Kosmetikglasbeh\u00e4ltern<\/h2>\n<ul>\n<li>Erweiterung des Deckelmaterials: Der Deckel kann aus Bambus, Kork oder hochwertigen Metallen wie Kupfer und Ros\u00e9gold gefertigt sein.<\/li>\n<li>Pr\u00e4gung: Um ein besseres Markenimage und ein besseres Benutzererlebnis zu schaffen, pr\u00e4gen Sie die Schulter der Glasflasche mit einem strukturierten Material, das nicht verrutscht.<\/li>\n<li>Kontrast zwischen mattiert und gl\u00e4nzend: Bespr\u00fchen Sie die bernsteinfarbene Glasflasche mit einem mattierten oder gl\u00e4nzenden Finish, wodurch ein weiches und samtiges Gef\u00fchl entsteht, oder lassen Sie sie gl\u00e4nzend, was eher an eine Apothekerflasche erinnert.<\/li>\n<\/ul>","protected":false},"excerpt":{"rendered":"<p>Kosmetiktiegel aus Braunglas mit UV-Schutz und verschiedenen Deckeloptionen. Kosmetiktiegel aus Glas im Gro\u00dfhandel f\u00fcr Cremes und Balsame. Preise direkt ab Werk.<\/p>","protected":false},"featured_media":6118,"template":"","meta":{"postBodyCss":"","postBodyMargin":[],"postBodyPadding":[],"postBodyBackground":{"backgroundType":"classic","gradient":""}},"product_brand":[],"product_cat":[106,15,17],"product_tag":[],"class_list":{"0":"post-6115","1":"product","2":"type-product","3":"status-publish","4":"has-post-thumbnail","6":"product_cat-cosmetic-jars","7":"product_cat-glass-containers","8":"product_cat-glass-jars","10":"first","11":"instock","12":"shipping-taxable","13":"product-type-simple"},"jetpack_sharing_enabled":true,"_links":{"self":[{"href":"https:\/\/minghanggroup.com\/de\/wp-json\/wp\/v2\/product\/6115","targetHints":{"allow":["GET"]}}],"collection":[{"href":"https:\/\/minghanggroup.com\/de\/wp-json\/wp\/v2\/product"}],"about":[{"href":"https:\/\/minghanggroup.com\/de\/wp-json\/wp\/v2\/types\/product"}],"wp:featuredmedia":[{"embeddable":true,"href":"https:\/\/minghanggroup.com\/de\/wp-json\/wp\/v2\/media\/6118"}],"wp:attachment":[{"href":"https:\/\/minghanggroup.com\/de\/wp-json\/wp\/v2\/media?parent=6115"}],"wp:term":[{"taxonomy":"product_brand","embeddable":true,"href":"https:\/\/minghanggroup.com\/de\/wp-json\/wp\/v2\/product_brand?post=6115"},{"taxonomy":"product_cat","embeddable":true,"href":"https:\/\/minghanggroup.com\/de\/wp-json\/wp\/v2\/product_cat?post=6115"},{"taxonomy":"product_tag","embeddable":true,"href":"https:\/\/minghanggroup.com\/de\/wp-json\/wp\/v2\/product_tag?post=6115"}],"curies":[{"name":"wp","href":"https:\/\/api.w.org\/{rel}","templated":true}]}}