{"id":6087,"date":"2026-03-25T13:06:38","date_gmt":"2026-03-25T05:06:38","guid":{"rendered":"https:\/\/minghanggroup.com\/?post_type=product&#038;p=6087"},"modified":"2026-03-25T13:06:39","modified_gmt":"2026-03-25T05:06:39","slug":"glass-small-cream-containers-with-metallic-lid-bulk","status":"publish","type":"product","link":"https:\/\/minghanggroup.com\/de\/produkt\/glass-small-cream-containers-with-metallic-lid-bulk\/","title":{"rendered":"15 ml und 50 ml kleine Glascremebeh\u00e4lter mit Metalldeckel (Gro\u00dfpackung)"},"content":{"rendered":"<p>Unsere transparenten, kleinen Cremetiegel vereinen minimalistisches Design mit cleverer Funktionalit\u00e4t und einem durchdachten Doppelwanddesign. Der transparente Korpus gibt den Blick auf Farbe und Textur Ihrer Formel frei, und die quadratische Form setzt einen sch\u00f6nen Kontrast zu anderen runden Tiegeln. Der Schraubverschluss schlie\u00dft luftdicht und bewahrt die Frische. Erh\u00e4ltlich in 15 ml und 50 ml, eignen sie sich perfekt f\u00fcr jede Produktlinie \u2013 ob als Probe oder im regul\u00e4ren Handel. Diese individuell gestaltbaren Kosmetiktiegel enthalten nicht nur Ihre Creme, sondern pr\u00e4sentieren sie optimal und steigern Ihren Umsatz.<\/p>\n<h2>Produktmerkmale<\/h2>\n<ul>\n<li><strong>Doppelschichtiger Schutz:<\/strong> Diese Konstruktion verf\u00fcgt \u00fcber eine doppelwandige Innen- und Au\u00dfenschicht, wodurch der Kontakt zwischen Inhalt und Luft eingeschr\u00e4nkt wird. Dadurch bleiben die empfindlichen Formulierungen im Einzelhandel l\u00e4nger in ihrer urspr\u00fcnglichen, frischen und wirksamen Form erhalten.<\/li>\n<li><strong>Modernes quadratisches Profil:<\/strong> Die markant scharfe geometrische Form l\u00e4sst Ihre Marke in einer Reihe von Verkaufsregalen verschmelzen und verleiht ihr ein einzigartiges Aussehen, das sie von den traditionellen runden Flaschen abhebt.<\/li>\n<li><strong>Barrierefreiheit f\u00fcr breite M\u00fcnder:<\/strong> Die gro\u00dfe \u00d6ffnung f\u00f6rdert nicht nur ein effizientes Bef\u00fcllen des Produkts, sondern erm\u00f6glicht es dem Verbraucher auch, alle verbleibenden Tropfen des Produkts zu erreichen, ohne sich mit der Entnahme schwer zug\u00e4nglicher Stellen abm\u00fchen zu m\u00fcssen.<\/li>\n<\/ul>\n<h2>Wichtigste Spezifikationen<\/h2>\n<table style=\"border-collapse: collapse; width: 80%; margin-left: auto; margin-right: auto;\" border=\"0\" width=\"144\" cellspacing=\"0\" cellpadding=\"0\">\n<tbody>\n<tr style=\"height: 13.50pt;\">\n<td style=\"height: 13.5pt; width: 54pt; text-align: center;\" width=\"72\" height=\"18\">Specification<\/td>\n<td style=\"width: 54pt; text-align: center;\" width=\"72\">Details<\/td>\n<\/tr>\n<tr style=\"height: 13.50pt;\">\n<td style=\"height: 13.5pt; text-align: center;\" height=\"18\">Kapazit\u00e4t<\/td>\n<td style=\"text-align: center;\">15 ml, 50 ml<\/td>\n<\/tr>\n<tr style=\"height: 13.50pt;\">\n<td style=\"height: 13.5pt; text-align: center;\" height=\"18\">Form<\/td>\n<td style=\"text-align: center;\">Quadrat<\/td>\n<\/tr>\n<tr style=\"height: 13.50pt;\">\n<td style=\"height: 13.5pt; text-align: center;\" height=\"18\">Farbe<\/td>\n<td style=\"text-align: center;\">Klar und transparent<\/td>\n<\/tr>\n<tr style=\"height: 13.50pt;\">\n<td style=\"height: 13.5pt; text-align: center;\" height=\"18\">Dichtungstyp<\/td>\n<td style=\"text-align: center;\">Schraubverschluss mit Innenauskleidung<\/td>\n<\/tr>\n<tr style=\"height: 13.50pt;\">\n<td style=\"height: 13.5pt; text-align: center;\" height=\"18\">Verwendung<\/td>\n<td style=\"text-align: center;\">Gesichtscreme, Augencreme, Hautpflegebalsam<\/td>\n<\/tr>\n<\/tbody>\n<\/table>\n<h2>Erfolgsgeschichte<\/h2>\n<p>F\u00fcr eine neue Feuchtigkeitscreme w\u00e4hlte eine der f\u00fchrenden franz\u00f6sischen Hautpflegemarken unseren 50-ml-Tiegel und individualisierte ihn umfassend. Der Boden des Tiegelmaterials, das aufgrund seiner au\u00dfergew\u00f6hnlichen Transparenz ausgew\u00e4hlt wurde, erhielt ein mattiertes Spr\u00fchfinish, das dem gesamten Produkt ein besonders edles und elegantes Aussehen verleiht. Die Farbpalette wurde auf ein dezentes, milchiges Wei\u00df abgestimmt, das perfekt zur Markenphilosophie der nat\u00fcrlichen Reinheit passt. Zus\u00e4tzlich wurde das Design mit einem galvanisierten Silberverschluss kombiniert. Markenname und F\u00fcllmenge wurden im Siebdruckverfahren an der Seite des Tiegels angebracht, um die Markenbekanntheit zu steigern.<\/p>\n<p>Der Absatz dieser Cremeserie stieg in den ersten drei Monaten nach Markteinf\u00fchrung um rund 35 Prozent. Der betreffende Kunde bestellte daraufhin den Tiegel erneut und plant, diese Verpackungsart zuk\u00fcnftig auch f\u00fcr andere Hautpflegeprodukte einzusetzen.<\/p>\n<h2>Anpassungsempfehlungen<\/h2>\n<ol>\n<li><strong>Optionen f\u00fcr die Oberfl\u00e4chenbehandlung des Gef\u00e4\u00dfk\u00f6rpers:<\/strong> Auf Basis von hochtransparentem Glas bieten wir verschiedene Oberfl\u00e4chenveredelungen wie Mattierung, Farbverlaufslackierung oder Innenbeschichtung an. Diese Verfahren verbessern nicht nur die Haptik und die optischen Eigenschaften des Produkts, sondern sorgen auch f\u00fcr Lichtundurchl\u00e4ssigkeit und stabilisieren so die Inhaltsstoffe der Creme.<\/li>\n<li><strong>Kappenanpassung:<\/strong> Wir bieten zahlreiche Oberfl\u00e4chenveredelungen an \u2013 von der Galvanisierung (in Gold, Silber oder Ros\u00e9gold) \u00fcber matte Lackierungen bis hin zu hochgl\u00e4nzenden UV-Lackierungen. Dar\u00fcber hinaus lassen sich H\u00f6he und R\u00e4ndelung des Verschlusses individuell anpassen, um die Griffigkeit zu verbessern und das \u00d6ffnen und Schlie\u00dfen zu erleichtern.<\/li>\n<li><strong>Optimierung der Komponenten in der N\u00e4he:<\/strong> Wir bieten die M\u00f6glichkeit, interne Dichtungen oder eine zus\u00e4tzliche Abdichtung (sowie Innenkappen aus PP oder mit Aufrei\u00dflasche) zu verwenden. Diese Erg\u00e4nzungen tragen wesentlich zur Auslaufsicherheit bei, wodurch sich die Verpackung hervorragend f\u00fcr den Langstreckentransport von cremigen und halbfesten Produkten eignet.<\/li>\n<\/ol>","protected":false},"excerpt":{"rendered":"<p>Hochwertige kleine Cremetiegel mit dickem Glas und Metalldeckel. Kosmetiktiegel nach Ma\u00df direkt vom Hersteller \u2013 inklusive Gratisproben und individuellen Gro\u00dfbestellungen.<\/p>","protected":false},"featured_media":6095,"template":"","meta":{"postBodyCss":"","postBodyMargin":[],"postBodyPadding":[],"postBodyBackground":{"backgroundType":"classic","gradient":""}},"product_brand":[],"product_cat":[106,15,17],"product_tag":[],"class_list":{"0":"post-6087","1":"product","2":"type-product","3":"status-publish","4":"has-post-thumbnail","6":"product_cat-cosmetic-jars","7":"product_cat-glass-containers","8":"product_cat-glass-jars","10":"first","11":"instock","12":"shipping-taxable","13":"product-type-simple"},"jetpack_sharing_enabled":true,"_links":{"self":[{"href":"https:\/\/minghanggroup.com\/de\/wp-json\/wp\/v2\/product\/6087","targetHints":{"allow":["GET"]}}],"collection":[{"href":"https:\/\/minghanggroup.com\/de\/wp-json\/wp\/v2\/product"}],"about":[{"href":"https:\/\/minghanggroup.com\/de\/wp-json\/wp\/v2\/types\/product"}],"wp:featuredmedia":[{"embeddable":true,"href":"https:\/\/minghanggroup.com\/de\/wp-json\/wp\/v2\/media\/6095"}],"wp:attachment":[{"href":"https:\/\/minghanggroup.com\/de\/wp-json\/wp\/v2\/media?parent=6087"}],"wp:term":[{"taxonomy":"product_brand","embeddable":true,"href":"https:\/\/minghanggroup.com\/de\/wp-json\/wp\/v2\/product_brand?post=6087"},{"taxonomy":"product_cat","embeddable":true,"href":"https:\/\/minghanggroup.com\/de\/wp-json\/wp\/v2\/product_cat?post=6087"},{"taxonomy":"product_tag","embeddable":true,"href":"https:\/\/minghanggroup.com\/de\/wp-json\/wp\/v2\/product_tag?post=6087"}],"curies":[{"name":"wp","href":"https:\/\/api.w.org\/{rel}","templated":true}]}}