{"id":6086,"date":"2026-03-25T09:15:28","date_gmt":"2026-03-25T01:15:28","guid":{"rendered":"https:\/\/minghanggroup.com\/?post_type=product&#038;p=6086"},"modified":"2026-03-25T11:01:56","modified_gmt":"2026-03-25T03:01:56","slug":"white-glass-cosmetic-jars-and-lids-wholesale","status":"publish","type":"product","link":"https:\/\/minghanggroup.com\/de\/produkt\/white-glass-cosmetic-jars-and-lids-wholesale\/","title":{"rendered":"Gro\u00dfhandel f\u00fcr wei\u00dfe 300-ml-Kosmetikdosen aus Glas mit Deckel"},"content":{"rendered":"<p>Diese Kosmetikdosen und -deckel sind leicht nach innen verj\u00fcngt und haben eine abgerundete, quadratische Form mit einem praktischen Griff. Die Dosen bestehen aus hochwertiger, glasierter Keramik, die glatt, fingerabdruckunempfindlich und gl\u00e4nzend ist.<\/p>\n<h2>Produktmerkmale<\/h2>\n<ul>\n<li><strong>Glatte, abgerundete quadratische Form:<\/strong> Die sich verj\u00fcngende, runde, quadratische Form sorgt f\u00fcr hohe Stabilit\u00e4t, ein modernes Aussehen und einen komfortablen Griff.<\/li>\n<li><strong>Gl\u00e4nzende wei\u00dfe Keramikoberfl\u00e4che:<\/strong> Die gro\u00dffl\u00e4chig gl\u00e4nzende, glasierte Keramikoberfl\u00e4che ist leicht zu reinigen, rostfrei und hat ein helles und elegantes Aussehen.<\/li>\n<li><strong>Gro\u00dfes Fassungsverm\u00f6gen von 300 ml:<\/strong> Die enorme Gr\u00f6\u00dfe ist ideal f\u00fcr K\u00f6rperlotionen, Cremes, Masken oder andere Produkte, die eine st\u00e4ndige Anwendung am ganzen K\u00f6rper erfordern.<\/li>\n<\/ul>\n<h2 style=\"text-align: left;\">Wichtigste Spezifikationen<\/h2>\n<table class=\"aligncenter\" style=\"border-collapse: collapse; width: 371.27pt;\" border=\"0\" width=\"495\" cellspacing=\"0\" cellpadding=\"0\">\n<tbody>\n<tr style=\"height: 13.50pt;\">\n<td style=\"height: 13.50pt; width: 117.75pt;\" width=\"157\" height=\"18\">Attribut<\/td>\n<td style=\"width: 253.50pt;\" width=\"338\">Details<\/td>\n<\/tr>\n<tr style=\"height: 13.50pt;\">\n<td style=\"height: 13.50pt;\" height=\"18\">Kapazit\u00e4t<\/td>\n<td>300 ml<\/td>\n<\/tr>\n<tr style=\"height: 13.50pt;\">\n<td style=\"height: 13.50pt;\" height=\"18\">Material<\/td>\n<td>Wei\u00df glasierte Keramik<\/td>\n<\/tr>\n<tr style=\"height: 13.50pt;\">\n<td style=\"height: 13.50pt;\" height=\"18\">Glasform<\/td>\n<td>Abgerundetes Quadrat mit schmal zulaufender Taille<\/td>\n<\/tr>\n<tr style=\"height: 13.50pt;\">\n<td style=\"height: 13.50pt;\" height=\"18\">Anpassungsbereich<\/td>\n<td>Farbe, Deckel, Ausf\u00fchrung, Gr\u00f6\u00dfe<\/td>\n<\/tr>\n<tr style=\"height: 13.50pt;\">\n<td style=\"height: 13.50pt;\" height=\"18\">Handwerkskunst<\/td>\n<td>Hochglanzbrand, pr\u00e4zises Gewindeschneiden<\/td>\n<\/tr>\n<tr style=\"height: 13.50pt;\">\n<td style=\"height: 13.50pt;\" height=\"18\">Prim\u00e4re Verwendung<\/td>\n<td>Gro\u00dfhandel f\u00fcr Kosmetiktiegel, Tiegel f\u00fcr K\u00f6rperlotion<\/td>\n<\/tr>\n<tr style=\"height: 13.50pt;\">\n<td style=\"height: 13.50pt;\" height=\"18\">Zielbranchen<\/td>\n<td>Luxus-Hautpflege, Spa- und professionelle Marken<\/td>\n<\/tr>\n<\/tbody>\n<\/table>\n<h2>Erfolgsgeschichte: Eine exklusive Gesichtscreme von West Coast SpaA<\/h2>\n<p>Eine der f\u00fchrenden Spa-Marken an der Westk\u00fcste hat sich f\u00fcr unsere 300-ml-Kosmetiktiegel und -deckel in Wei\u00df sowie f\u00fcr bedruckte, matt glasierte Deckel mit Logo entschieden. Die \u00d6ffnung wurde um 20 Prozent vergr\u00f6\u00dfert, was die Ausnutzung des Inhalts effizienter und kundenfreundlicher gestaltet. Dank des gr\u00f6\u00dferen Fassungsverm\u00f6gens von 300 ml k\u00f6nnen wir nun mehr Produkte zu h\u00f6heren Preisen verkaufen, was den durchschnittlichen Bestellwert um 25 % steigerte. Die Marke war sehr erfolgreich und hat bereits weitere 500.000 Tiegel bestellt, die mit unseren K\u00f6rperpflegeprodukten individuell gestaltet werden.<\/p>\n<h2>Gro\u00dfhandel mit kundenspezifischen Kosmetiktiegeln<\/h2>\n<ul>\n<li>Glasurfarben: Scott kann jede Farbe aus dem Pantone-Farbf\u00e4cher ausw\u00e4hlen, die den Keramikglasurfarben entspricht, von zarten Pastellt\u00f6nen bis hin zu tiefen Juwelent\u00f6nen.<\/li>\n<li>Oberfl\u00e4chenbeschaffenheit: Es gibt sie in Hochglanz, Satin oder Matt.<\/li>\n<li>Verzierungen auf den Deckeln: Diese Deckel (die nicht immer gleich sind) k\u00f6nnen in vielen Farben, aus verschiedenen Materialien (z. B. aus Holz, aus Stein) verziert oder mit Kristallen eingelegt sein.<\/li>\n<\/ul>","protected":false},"excerpt":{"rendered":"<p>Kosmetiktiegel im Gro\u00dfhandel mit glatter, wei\u00dfer Oberfl\u00e4che und sicherem Deckel. Ideal f\u00fcr Cremes und Hautpflegeprodukte. Kosmetiktiegel und Deckel ab Lager zu Fabrikpreisen.<\/p>","protected":false},"featured_media":6090,"template":"","meta":{"postBodyCss":"","postBodyMargin":[],"postBodyPadding":[],"postBodyBackground":{"backgroundType":"classic","gradient":""}},"product_brand":[],"product_cat":[106,15,17],"product_tag":[],"class_list":{"0":"post-6086","1":"product","2":"type-product","3":"status-publish","4":"has-post-thumbnail","6":"product_cat-cosmetic-jars","7":"product_cat-glass-containers","8":"product_cat-glass-jars","10":"first","11":"instock","12":"shipping-taxable","13":"product-type-simple"},"jetpack_sharing_enabled":true,"_links":{"self":[{"href":"https:\/\/minghanggroup.com\/de\/wp-json\/wp\/v2\/product\/6086","targetHints":{"allow":["GET"]}}],"collection":[{"href":"https:\/\/minghanggroup.com\/de\/wp-json\/wp\/v2\/product"}],"about":[{"href":"https:\/\/minghanggroup.com\/de\/wp-json\/wp\/v2\/types\/product"}],"wp:featuredmedia":[{"embeddable":true,"href":"https:\/\/minghanggroup.com\/de\/wp-json\/wp\/v2\/media\/6090"}],"wp:attachment":[{"href":"https:\/\/minghanggroup.com\/de\/wp-json\/wp\/v2\/media?parent=6086"}],"wp:term":[{"taxonomy":"product_brand","embeddable":true,"href":"https:\/\/minghanggroup.com\/de\/wp-json\/wp\/v2\/product_brand?post=6086"},{"taxonomy":"product_cat","embeddable":true,"href":"https:\/\/minghanggroup.com\/de\/wp-json\/wp\/v2\/product_cat?post=6086"},{"taxonomy":"product_tag","embeddable":true,"href":"https:\/\/minghanggroup.com\/de\/wp-json\/wp\/v2\/product_tag?post=6086"}],"curies":[{"name":"wp","href":"https:\/\/api.w.org\/{rel}","templated":true}]}}