{"id":6075,"date":"2026-03-24T09:05:49","date_gmt":"2026-03-24T01:05:49","guid":{"rendered":"https:\/\/minghanggroup.com\/?post_type=product&#038;p=6075"},"modified":"2026-03-24T10:40:46","modified_gmt":"2026-03-24T02:40:46","slug":"amber-cosmetic-glass-jars-with-lids-wholesale","status":"publish","type":"product","link":"https:\/\/minghanggroup.com\/de\/produkt\/amber-cosmetic-glass-jars-with-lids-wholesale\/","title":{"rendered":"Gro\u00dfhandel f\u00fcr braune Kosmetikglastiegel mit Deckel (5 ml \u2013 80 ml)"},"content":{"rendered":"<p>Die bernsteinfarbenen Kosmetikglastiegel haben die traditionelle zylindrische Form und werden aus hochwertigem Braunglas gefertigt, um maximalen Lichtschutz zu gew\u00e4hrleisten. Sie sind in verschiedenen Gr\u00f6\u00dfen erh\u00e4ltlich und verf\u00fcgen \u00fcber einen schwarzen Schraubverschluss. Dadurch eignen sie sich unter anderem f\u00fcr die Verpackung von Cremes, Lippenbalsam und Salben.<\/p>\n<h2>Produktmerkmale<\/h2>\n<ul>\n<li><strong>Fotostabiles bernsteinfarbenes Glas:<\/strong> Durch das bernsteinfarbene Dunkelglas, das \u00fcber die lichtempfindlichen Wirkstoffe (Retinol, Vitamin C usw.) gelegt wird, beh\u00e4lt die Formel ihre Wirksamkeit und Stabilit\u00e4t.<\/li>\n<li><strong>Glatter, fest sitzender Schraubverschluss:<\/strong> Der schwarze Schraubverschluss ist glatt und gl\u00e4nzend und passt optimal auf das Glas, sodass es vor Feuchtigkeit, Oxidation und Auslaufen gesch\u00fctzt ist.<\/li>\n<li><strong>Einfache zylindrische Form:<\/strong> Die einfache zylindrische Form ist die gebr\u00e4uchliche zylindrische Form mit geraden W\u00e4nden, die stabil ist, sich leicht beschriften l\u00e4sst und das gr\u00f6\u00dfte Innenvolumen aufweist.<\/li>\n<\/ul>\n<h2 style=\"text-align: left;\">Wichtigste Spezifikationen<\/h2>\n<table class=\"aligncenter\" style=\"border-collapse: collapse; width: 354.02pt;\" border=\"0\" width=\"472\" cellspacing=\"0\" cellpadding=\"0\">\n<tbody>\n<tr style=\"height: 13.50pt;\">\n<td style=\"height: 13.50pt; width: 98.25pt;\" width=\"131\" height=\"18\">Specification<\/td>\n<td style=\"width: 255.75pt;\" width=\"341\">Details<\/td>\n<\/tr>\n<tr style=\"height: 13.50pt;\">\n<td style=\"height: 13.50pt;\" height=\"18\">Kapazit\u00e4t<\/td>\n<td>5 ml, 8 ml, 10 ml, 15 ml, 30 ml, 40 ml, 80 ml<\/td>\n<\/tr>\n<tr style=\"height: 13.50pt;\">\n<td style=\"height: 13.50pt;\" height=\"18\">Material<\/td>\n<td>Bernsteinfarbenes Glas, hochgl\u00e4nzender schwarzer Kunststoffdeckel<\/td>\n<\/tr>\n<tr style=\"height: 13.50pt;\">\n<td style=\"height: 13.50pt;\" height=\"18\">Glasform<\/td>\n<td>Zylinder mit geraden Seiten und Gewindehals<\/td>\n<\/tr>\n<tr style=\"height: 13.50pt;\">\n<td style=\"height: 13.50pt;\" height=\"18\">Anpassungsumfang<\/td>\n<td>Farbe, Ausf\u00fchrung, Deckel, Gr\u00f6\u00dfe<\/td>\n<\/tr>\n<tr style=\"height: 13.50pt;\">\n<td style=\"height: 13.50pt;\" height=\"18\">Handwerkskunst<\/td>\n<td>Pr\u00e4zisionsglasformung f\u00fcr UV-Schutz<\/td>\n<\/tr>\n<tr style=\"height: 13.50pt;\">\n<td style=\"height: 13.50pt;\" height=\"18\">Produktzweck<\/td>\n<td>Tiegel f\u00fcr Augencremes, Kosmetikglastiegel<\/td>\n<\/tr>\n<tr style=\"height: 13.50pt;\">\n<td style=\"height: 13.50pt;\" height=\"18\">Geeignete Branchen<\/td>\n<td>Hautpflegemarken, Spa- und Salonausstatter<\/td>\n<\/tr>\n<\/tbody>\n<\/table>\n<h2>Erfolgsgeschichte<\/h2>\n<p>Eines koreanische Hautpflegeunternehmen hatte sich f\u00fcr unsere 30-ml-Kosmetiktiegel aus Braunglas mit aufgedruckten Dosierungsetiketten und manipulationssicheren Foliendeckeln entschieden. Die Braunglasflaschen waren unerl\u00e4sslich, da sie den Lichtverlust des Retinols verhinderten und die Wirksamkeit des Retinols \u00fcber 12 Monate zu 99 Prozent bewahrten. Zudem steigerten sie die Kundenbindung um 30 Prozent. Die Marke war so erfolgreich, dass sie eine weitere Lieferung von 2 Millionen Flaschen bestellte, um ihre gesamte aktive Hautpflegecreme f\u00fcr den internationalen Markt abzuf\u00fcllen.<\/p>\n<h2>Diese Kosmetikglasdosen bieten einige M\u00f6glichkeiten zur individuellen Gestaltung.<\/h2>\n<ul>\n<li>Amber Gradient: Sie werden in mehreren bernsteinfarbenen Glasflaschen angeboten, die von hellhonigfarben bis tiefbraun (fast undurchsichtig) reichen.<\/li>\n<li>Material und Ausf\u00fchrung der Kappe: Es kann eine matte schwarze oder wei\u00dfe, silberne oder metallbeschichtete Kappe verwendet werden.<\/li>\n<li>Quadratisches Design: Flaschen in quadratischer Form, die platzsparend sind, ein markantes und modernes Aussehen haben und sowohl auf Geschenkverpackungen als auch in Regalen gut aussehen.<\/li>\n<\/ul>","protected":false},"excerpt":{"rendered":"<p>Braune Kosmetikglastiegel mit Deckel zum Schutz von Cremes vor Licht. Ideal zur Aufbewahrung von Cremes, Balsamen und Hautpflegeprodukten. Direkt vom Hersteller, schnelle Lieferung.<\/p>","protected":false},"featured_media":6079,"template":"","meta":{"postBodyCss":"","postBodyMargin":[],"postBodyPadding":[],"postBodyBackground":{"backgroundType":"classic","gradient":""}},"product_brand":[],"product_cat":[106,15,17],"product_tag":[],"class_list":{"0":"post-6075","1":"product","2":"type-product","3":"status-publish","4":"has-post-thumbnail","6":"product_cat-cosmetic-jars","7":"product_cat-glass-containers","8":"product_cat-glass-jars","10":"first","11":"instock","12":"shipping-taxable","13":"product-type-simple"},"jetpack_sharing_enabled":true,"_links":{"self":[{"href":"https:\/\/minghanggroup.com\/de\/wp-json\/wp\/v2\/product\/6075","targetHints":{"allow":["GET"]}}],"collection":[{"href":"https:\/\/minghanggroup.com\/de\/wp-json\/wp\/v2\/product"}],"about":[{"href":"https:\/\/minghanggroup.com\/de\/wp-json\/wp\/v2\/types\/product"}],"wp:featuredmedia":[{"embeddable":true,"href":"https:\/\/minghanggroup.com\/de\/wp-json\/wp\/v2\/media\/6079"}],"wp:attachment":[{"href":"https:\/\/minghanggroup.com\/de\/wp-json\/wp\/v2\/media?parent=6075"}],"wp:term":[{"taxonomy":"product_brand","embeddable":true,"href":"https:\/\/minghanggroup.com\/de\/wp-json\/wp\/v2\/product_brand?post=6075"},{"taxonomy":"product_cat","embeddable":true,"href":"https:\/\/minghanggroup.com\/de\/wp-json\/wp\/v2\/product_cat?post=6075"},{"taxonomy":"product_tag","embeddable":true,"href":"https:\/\/minghanggroup.com\/de\/wp-json\/wp\/v2\/product_tag?post=6075"}],"curies":[{"name":"wp","href":"https:\/\/api.w.org\/{rel}","templated":true}]}}