{"id":6065,"date":"2026-03-23T10:39:26","date_gmt":"2026-03-23T02:39:26","guid":{"rendered":"https:\/\/minghanggroup.com\/?post_type=product&#038;p=6065"},"modified":"2026-03-23T10:39:28","modified_gmt":"2026-03-23T02:39:28","slug":"frosted-glass-cream-jars-with-bamboo-lids-bulk","status":"publish","type":"product","link":"https:\/\/minghanggroup.com\/de\/produkt\/frosted-glass-cream-jars-with-bamboo-lids-bulk\/","title":{"rendered":"1-Unzen-Cremetiegel aus mattiertem Glas mit Bambusdeckeln (Gro\u00dfpackung)"},"content":{"rendered":"<p><span class=\"qk-md-text complete\" data-spm-anchor-id=\"5176.28103460.0.i5.51627551XUs49R\">Dieser geradwandige Cremetiegel aus Glas vereint einen edlen, mattierten Korpus mit einem umweltbewussten Bambus-Schraubverschluss und signalisiert so Luxus und Nachhaltigkeit.<\/span> Der Verschluss ist mit einem Gewinde versehen, um absolute Dichtigkeit zu gew\u00e4hrleisten, und der Boden ist leicht verdickt, um Gewicht und Stabilit\u00e4t zu bieten. Sie erhalten Kosmetiktiegel aus mattiertem Glas, die in sozialen Medien wundersch\u00f6n aussehen und aufgrund ihres Gewichts einen h\u00f6heren Preis rechtfertigen. Die Kosmetiktiegel sind aus mattiertem Glas gefertigt und verleihen Ihren Produkten den gew\u00fcnschten luxuri\u00f6sen \u00d6ko-Look.<\/p>\n<h2>Produktmerkmale<\/h2>\n<ul>\n<li><strong>Umweltfreundlicher Bambusdeckel:<\/strong> Es besteht aus einer nat\u00fcrlichen Holzmaserung und mattiertem Glas und bildet so eine Verpackung, die den Ruf nach Nachhaltigkeit aufkommen l\u00e4sst und dennoch elegant wirkt.<\/li>\n<li><strong>Lichtsch\u00fctzendes, mattiertes Geh\u00e4use:<\/strong> Die matte Oberfl\u00e4che deckt lichtempfindliche Formeln ab und beh\u00e4lt dabei das hochwertige, halbtransparente Aussehen, das die Kunden so sch\u00e4tzen.<\/li>\n<li><strong>Sicherer Schraubverschluss:<\/strong> Die Deckel sind dicht schlie\u00dfende Deckel mit einer Innenauskleidung, um sicherzustellen, dass die Kosmetikglasbeh\u00e4lter bis zum Kunden frisch bleiben.<\/li>\n<\/ul>\n<h2>Wichtigste Spezifikationen<\/h2>\n<table style=\"border-collapse: collapse; width: 80%; margin-left: auto; margin-right: auto;\" border=\"0\" width=\"144\" cellspacing=\"0\" cellpadding=\"0\">\n<tbody>\n<tr style=\"height: 13.50pt;\">\n<td style=\"height: 13.5pt; width: 54pt; text-align: center;\" width=\"72\" height=\"18\">Specification<\/td>\n<td style=\"width: 54pt; text-align: center;\" width=\"72\">Details<\/td>\n<\/tr>\n<tr style=\"height: 13.50pt;\">\n<td style=\"height: 13.5pt; text-align: center;\" height=\"18\">Kapazit\u00e4t<\/td>\n<td style=\"text-align: center;\">30 ml \/ 1 oz<\/td>\n<\/tr>\n<tr style=\"height: 13.50pt;\">\n<td style=\"height: 13.5pt; text-align: center;\" height=\"18\">Form<\/td>\n<td style=\"text-align: center;\">Geradseitig<\/td>\n<\/tr>\n<tr style=\"height: 13.50pt;\">\n<td style=\"height: 13.5pt; text-align: center;\" height=\"18\">Dichtungstyp<\/td>\n<td style=\"text-align: center;\">Schraubverschluss mit Bambusdeckel<\/td>\n<\/tr>\n<tr style=\"height: 13.50pt;\">\n<td style=\"height: 13.5pt; text-align: center;\" height=\"18\">Farbe<\/td>\n<td style=\"text-align: center;\">Gefrostet<\/td>\n<\/tr>\n<tr style=\"height: 13.50pt;\">\n<td style=\"height: 13.5pt; text-align: center;\" height=\"18\">Deckelmaterial<\/td>\n<td style=\"text-align: center;\">Nat\u00fcrlicher Bambus mit Innenfutter<\/td>\n<\/tr>\n<tr style=\"height: 13.50pt;\">\n<td style=\"height: 13.5pt; text-align: center;\" height=\"18\">K\u00f6rpermaterial<\/td>\n<td style=\"text-align: center;\">Glas<\/td>\n<\/tr>\n<tr style=\"height: 13.50pt;\">\n<td style=\"height: 13.5pt; text-align: center;\" height=\"18\">Verwendung<\/td>\n<td style=\"text-align: center;\">Gesichtscreme, Augencreme, K\u00f6rperbalsam, Lippenmaske<\/td>\n<\/tr>\n<\/tbody>\n<\/table>\n<h2>Erfolgsbeispiel<\/h2>\n<p>F\u00fcr eine neue Produktlinie regenerierender Bio-Cremes w\u00e4hlte ein australisches Naturkosmetikunternehmen unseren mattierten Glastiegel als Hauptverpackung. Unsere L\u00f6sung war eine individuelle Anpassung: Wir verwendeten den mattierten Tiegel und veredelten ihn mit einem Farbverlauf und einer matten Oberfl\u00e4che (mit einer dichteren, transparenteren Textur am Boden). Der Bambusdeckel wurde dunkel karbonisiert und mit einer speziell entwickelten Silikondichtung versehen, um eine optimale Luftdichtigkeit zu gew\u00e4hrleisten.<\/p>\n<p>Die Serie verkaufte sich in den ersten drei Monaten nach Markteinf\u00fchrung fast 52 Mal. Nach der ersten Nachbestellung verzeichnete das Produkt drei weitere Nachkaufrunden und avancierte so schnell zu einem der meistverkauften Produkte der Marke.<\/p>\n<h2>Anpassungsempfehlungen<\/h2>\n<ol>\n<li><strong>Verbesserte Deckelmaterialien:<\/strong> Bambusdeckel k\u00f6nnen durch Deckel aus Aluminium, galvanisiertem Aluminium oder ABS in Holzoptik ersetzt werden, um verschiedenen Preisklassen und Designstilen gerecht zu werden.<\/li>\n<li><strong>Optimierte Dichtungsl\u00f6sungen:<\/strong> Um die Leckagesicherheit und die Frische des Produkts zu verbessern, k\u00f6nnen PE-Auskleidungen, Aluminiumfoliendichtungen oder Innenstopfen hinzugef\u00fcgt werden.<\/li>\n<li><strong>Markenanpassung:<\/strong> Es werden verschiedene Arten der Markenbildung eingesetzt, wie z. B. Siebdruck, Hei\u00dfpr\u00e4gung (Gold\/Silber), Etikettierung oder Lasergravur von Logos auf Bambusdeckeln.<\/li>\n<\/ol>","protected":false},"excerpt":{"rendered":"<p>Hochwertige Cremetiegel aus Glas mit mattierter Oberfl\u00e4che und Bambusdeckel. Ideale Kosmetiktiegel aus mattiertem Glas, direkt vom Hersteller, individuelle Anpassungen in gro\u00dfen Mengen m\u00f6glich.<\/p>","protected":false},"featured_media":6074,"template":"","meta":{"postBodyCss":"","postBodyMargin":[],"postBodyPadding":[],"postBodyBackground":{"backgroundType":"classic","gradient":""}},"product_brand":[],"product_cat":[106,15,17],"product_tag":[],"class_list":{"0":"post-6065","1":"product","2":"type-product","3":"status-publish","4":"has-post-thumbnail","6":"product_cat-cosmetic-jars","7":"product_cat-glass-containers","8":"product_cat-glass-jars","10":"first","11":"instock","12":"shipping-taxable","13":"product-type-simple"},"jetpack_sharing_enabled":true,"_links":{"self":[{"href":"https:\/\/minghanggroup.com\/de\/wp-json\/wp\/v2\/product\/6065","targetHints":{"allow":["GET"]}}],"collection":[{"href":"https:\/\/minghanggroup.com\/de\/wp-json\/wp\/v2\/product"}],"about":[{"href":"https:\/\/minghanggroup.com\/de\/wp-json\/wp\/v2\/types\/product"}],"wp:featuredmedia":[{"embeddable":true,"href":"https:\/\/minghanggroup.com\/de\/wp-json\/wp\/v2\/media\/6074"}],"wp:attachment":[{"href":"https:\/\/minghanggroup.com\/de\/wp-json\/wp\/v2\/media?parent=6065"}],"wp:term":[{"taxonomy":"product_brand","embeddable":true,"href":"https:\/\/minghanggroup.com\/de\/wp-json\/wp\/v2\/product_brand?post=6065"},{"taxonomy":"product_cat","embeddable":true,"href":"https:\/\/minghanggroup.com\/de\/wp-json\/wp\/v2\/product_cat?post=6065"},{"taxonomy":"product_tag","embeddable":true,"href":"https:\/\/minghanggroup.com\/de\/wp-json\/wp\/v2\/product_tag?post=6065"}],"curies":[{"name":"wp","href":"https:\/\/api.w.org\/{rel}","templated":true}]}}