{"id":6047,"date":"2026-03-19T16:54:26","date_gmt":"2026-03-19T08:54:26","guid":{"rendered":"https:\/\/minghanggroup.com\/?post_type=product&#038;p=6047"},"modified":"2026-03-19T16:56:23","modified_gmt":"2026-03-19T08:56:23","slug":"clear-small-cosmetic-containers-with-lid-bulk","status":"publish","type":"product","link":"https:\/\/minghanggroup.com\/de\/produkt\/clear-small-cosmetic-containers-with-lid-bulk\/","title":{"rendered":"1oz durchsichtige kleine Kosmetikbeh\u00e4lter mit Deckel (Gro\u00dfpackung)"},"content":{"rendered":"<p>Ihre Cremes verdienen eine ansprechende Pr\u00e4sentation. Unsere kleinen Kosmetikbeh\u00e4lter bieten die L\u00f6sung! 30-ml-Glasbeh\u00e4lter mit Schraubverschluss, auslaufsicherem Versand und optimaler Sichtbarkeit der Creme. Sie liegen gut in der Hand \u2013 keine schweren Flaschen. Strahlende Sch\u00f6nheit durch Ihre Produkte.<\/p>\n<h2>Produktmerkmale<\/h2>\n<ul>\n<li><strong>Minimalistische \u00c4sthetik:<\/strong> Das transparente Gef\u00e4\u00df ist so schlicht und hat eine traditionelle Zylinderform, die es erm\u00f6glicht, klar zu sehen, was sich im Inneren befindet \u2013 eine perfekte M\u00f6glichkeit f\u00fcr High-End-Hautpflegemarken, die Schlichtheit und Sch\u00f6nheit ihrer Produkte zu betonen.<\/li>\n<li><strong>Hochwertige Glaskonstruktion:<\/strong> Die Flasche besteht aus transparentem Glas, was das haptische Erlebnis des Produkts verbessert und einen hervorragenden Schutz bietet. Au\u00dferdem kann der Verbraucher so leicht die verbleibende Inhaltsmenge erkennen.<\/li>\n<li><strong>\u00dcberlegene Abdichtung:<\/strong> Der Beh\u00e4lter verf\u00fcgt \u00fcber einen wei\u00dfen Drehverschluss und einen dichten, sicheren Deckel, der Verunreinigungen und das Eindringen von Luft verhindert und so die Frische des Produkts bewahrt.<\/li>\n<\/ul>\n<h2>Wichtigste Spezifikationen<\/h2>\n<table style=\"border-collapse: collapse; width: 80%; margin-left: auto; margin-right: auto;\" border=\"0\" width=\"360\" cellspacing=\"0\" cellpadding=\"0\">\n<tbody>\n<tr style=\"height: 13.50pt;\">\n<td style=\"height: 13.5pt; width: 54pt; text-align: center;\" width=\"72\" height=\"18\">Kapazit\u00e4t<\/td>\n<td style=\"width: 54pt; text-align: center;\" width=\"72\">Form<\/td>\n<td style=\"width: 54pt; text-align: center;\" width=\"72\">Abdichtung<\/td>\n<td style=\"width: 54pt; text-align: center;\" width=\"72\">Farbe<\/td>\n<td style=\"width: 54pt; text-align: center;\" width=\"72\">Verwendung<\/td>\n<\/tr>\n<tr style=\"height: 13.50pt;\">\n<td style=\"height: 13.5pt; text-align: center;\" height=\"18\">30 ml<\/td>\n<td style=\"text-align: center;\">Geradseitig<\/td>\n<td style=\"text-align: center;\">Gewinde<\/td>\n<td style=\"text-align: center;\">Klar<\/td>\n<td style=\"text-align: center;\">Gesichtscreme, Augencreme, K\u00f6rperbalsam<\/td>\n<\/tr>\n<\/tbody>\n<\/table>\n<h2>Erfolgsbeispiel<\/h2>\n<p>Als eine kanadische Marke eine Gesichtscreme-Serie speziell f\u00fcr empfindliche Haut auf den Markt bringen wollte, entschied sie sich f\u00fcr unsere 30-ml-Glastiegel. F\u00fcr die individuelle Gestaltung w\u00fcnschte sich der Kunde eine Verbesserung des Glastiegels: Die Innenwand wurde mit einer feinen, halbtransparenten, milchig-wei\u00dfen Schicht versehen. Der Deckel wiederum erhielt eine traditionelle, gummierte Oberfl\u00e4che mit hautfreundlicher Textur \u2013 eine Designentscheidung, die nicht nur f\u00fcr besseren Halt und Rutschfestigkeit sorgt, sondern dem Deckel auch eine besonders luxuri\u00f6se und hochwertige Haptik verleiht.<\/p>\n<p>Der Online-Absatz des Produkts stieg im ersten Quartal nach Markteinf\u00fchrung um beeindruckende 31 Prozent. Innerhalb der n\u00e4chsten sechs Monate gab der Kunde vier weitere Nachbestellungen auf, die er als Erfolgsrezept nutzte, um sein Produktsortiment auf weitere Hautpflegeprodukte auszuweiten.<\/p>\n<h2>Anpassungsoptionen<\/h2>\n<ol>\n<li><strong>Auswahlm\u00f6glichkeiten f\u00fcr den Innendeckel: <\/strong>Innendeckel aus PE, PP oder Aluminiumfolie sorgen f\u00fcr eine bessere Luftdichtigkeit der Dose und sch\u00fctzen das Produkt.<\/li>\n<li><strong>Anpassung der Glasfarbe: <\/strong>Bieten Sie klare, bernsteinfarbene, mattierte oder kundenspezifische Spr\u00fchfarben f\u00fcr verschiedene Marken\u00e4sthetiken an.<\/li>\n<li><strong>Oberfl\u00e4chengestaltung: <\/strong>Hei\u00dfpr\u00e4gung, Unterst\u00fctzung von Siebdruck, Etikettierung oder UV-Druck zur Markenbildung.<\/li>\n<\/ol>","protected":false},"excerpt":{"rendered":"<p>Kleine Kosmetikbeh\u00e4lter und Cremetiegel in klarem Glasdesign. Direkt vom Hersteller, individuelle Gro\u00dfbestellungen f\u00fcr Hautpflegemarken m\u00f6glich. Schneller Versand.<\/p>","protected":false},"featured_media":6050,"template":"","meta":{"postBodyCss":"","postBodyMargin":[],"postBodyPadding":[],"postBodyBackground":{"backgroundType":"classic","gradient":""}},"product_brand":[],"product_cat":[106,15,17],"product_tag":[],"class_list":{"0":"post-6047","1":"product","2":"type-product","3":"status-publish","4":"has-post-thumbnail","6":"product_cat-cosmetic-jars","7":"product_cat-glass-containers","8":"product_cat-glass-jars","10":"first","11":"instock","12":"shipping-taxable","13":"product-type-simple"},"jetpack_sharing_enabled":true,"_links":{"self":[{"href":"https:\/\/minghanggroup.com\/de\/wp-json\/wp\/v2\/product\/6047","targetHints":{"allow":["GET"]}}],"collection":[{"href":"https:\/\/minghanggroup.com\/de\/wp-json\/wp\/v2\/product"}],"about":[{"href":"https:\/\/minghanggroup.com\/de\/wp-json\/wp\/v2\/types\/product"}],"wp:featuredmedia":[{"embeddable":true,"href":"https:\/\/minghanggroup.com\/de\/wp-json\/wp\/v2\/media\/6050"}],"wp:attachment":[{"href":"https:\/\/minghanggroup.com\/de\/wp-json\/wp\/v2\/media?parent=6047"}],"wp:term":[{"taxonomy":"product_brand","embeddable":true,"href":"https:\/\/minghanggroup.com\/de\/wp-json\/wp\/v2\/product_brand?post=6047"},{"taxonomy":"product_cat","embeddable":true,"href":"https:\/\/minghanggroup.com\/de\/wp-json\/wp\/v2\/product_cat?post=6047"},{"taxonomy":"product_tag","embeddable":true,"href":"https:\/\/minghanggroup.com\/de\/wp-json\/wp\/v2\/product_tag?post=6047"}],"curies":[{"name":"wp","href":"https:\/\/api.w.org\/{rel}","templated":true}]}}