{"id":6024,"date":"2026-03-17T11:28:08","date_gmt":"2026-03-17T03:28:08","guid":{"rendered":"https:\/\/minghanggroup.com\/?post_type=product&#038;p=6024"},"modified":"2026-03-17T16:23:24","modified_gmt":"2026-03-17T08:23:24","slug":"frosted-airless-empty-bottles-with-pump-wholesale","status":"publish","type":"product","link":"https:\/\/minghanggroup.com\/de\/produkt\/frosted-airless-empty-bottles-with-pump-wholesale\/","title":{"rendered":"100-ml-Leerflaschen mit mattierter, luftdichter Beschichtung und Pumpe (Gro\u00dfhandel)"},"content":{"rendered":"<p>Es handelt sich um eine hochwertig designte Lotionflasche mit schlanker, zylindrischer Form. Die leeren Flaschen mit Pumpe sind mattorange beschichtet, verf\u00fcgen \u00fcber einen wei\u00dfen Pumpspender und einen passenden zylindrischen wei\u00dfen Verschluss, was f\u00fcr ein klares und harmonisches Gesamtbild sorgt. Sie werden \u00fcblicherweise f\u00fcr Hautpflegeprodukte wie Lotionen, K\u00f6rpercremes und andere K\u00f6rperpflegeprodukte verwendet.<\/p>\n<h2>Produktmerkmale<\/h2>\n<ul>\n<li><strong>Schlanke zylindrische Form:<\/strong> Die hohe, schlanke Form ist praktisch zum Tragen und kann in modernen Kosmetikverpackungen verwendet werden.<\/li>\n<li><strong>Schutzkappe:<\/strong> Au\u00dferdem verf\u00fcgt sie \u00fcber eine vollst\u00e4ndige Abdeckkappe, um sicherzustellen, dass die Pumpe sauber bleibt und w\u00e4hrend des Transports nichts versehentlich ausl\u00e4uft.<\/li>\n<li><strong>Halbtransparente Karosserie:<\/strong> Dieses Ger\u00e4t erm\u00f6glicht es dem Benutzer, den F\u00fcllstand der verbleibenden Fl\u00fcssigkeit ohne st\u00f6rende visuelle Beeintr\u00e4chtigung zu beobachten.<\/li>\n<\/ul>\n<h2>Wichtigste Spezifikationen<\/h2>\n<table style=\"border-collapse: collapse; width: 80%; margin-left: auto; margin-right: auto;\" border=\"0\" width=\"144\" cellspacing=\"0\" cellpadding=\"0\">\n<tbody>\n<tr style=\"height: 13.50pt;\">\n<td style=\"height: 13.5pt; width: 54pt; text-align: center;\" width=\"72\" height=\"18\">Besonderheit<\/td>\n<td style=\"width: 54pt; text-align: center;\" width=\"72\">Details<\/td>\n<\/tr>\n<tr style=\"height: 13.50pt;\">\n<td style=\"height: 13.5pt; text-align: center;\" height=\"18\">Kapazit\u00e4t<\/td>\n<td style=\"text-align: center;\">100 ml<\/td>\n<\/tr>\n<tr style=\"height: 13.50pt;\">\n<td style=\"height: 13.5pt; text-align: center;\" height=\"18\">Pumpentyp<\/td>\n<td style=\"text-align: center;\">Luftlos<\/td>\n<\/tr>\n<tr style=\"height: 13.50pt;\">\n<td style=\"height: 13.5pt; text-align: center;\" height=\"18\">Nacken<\/td>\n<td style=\"text-align: center;\">Faden<\/td>\n<\/tr>\n<tr style=\"height: 13.50pt;\">\n<td style=\"height: 13.5pt; text-align: center;\" height=\"18\">Form<\/td>\n<td style=\"text-align: center;\">Zylinder<\/td>\n<\/tr>\n<tr style=\"height: 13.50pt;\">\n<td style=\"height: 13.5pt; text-align: center;\" height=\"18\">Farbe<\/td>\n<td style=\"text-align: center;\">Klar, Gelb, Orange<\/td>\n<\/tr>\n<tr style=\"height: 13.50pt;\">\n<td style=\"height: 13.5pt; text-align: center;\" height=\"18\">Verfahren<\/td>\n<td style=\"text-align: center;\">Gefrostet<\/td>\n<\/tr>\n<\/tbody>\n<\/table>\n<h2>Erfolgsbeispiel<\/h2>\n<p>Unsere 100-ml-Lotionflasche in mattem Gelb wurde von einem koreanischen Hautpflegeunternehmen in sein Sortiment aufgenommen. Gem\u00e4\u00df den Individualisierungsvorgaben wurde die Flasche mit einem matten, wei\u00dfen Pumpspender und einem farblich passenden Verschluss versehen. Das Markenlogo wurde in minimalistischem, reinwei\u00dfem Siebdruckverfahren aufgebracht, was f\u00fcr ein klares und reines Erscheinungsbild sorgt. Dar\u00fcber hinaus wurde eine Umverpackung entworfen, die sich farblich perfekt in das Gesamtbild einf\u00fcgt und so f\u00fcr eine hohe visuelle Einheitlichkeit und Harmonie im gesamten Verpackungsset sorgt.<\/p>\n<p>Nach der offiziellen Produkteinf\u00fchrung stieg der Online-Umsatz der Marke innerhalb von nur drei Monaten um 35 Prozent. Der Kunde gab in den darauffolgenden acht Monaten vier Gro\u00dfbestellungen in Folge auf.<\/p>\n<h2>Gro\u00dfhandel mit luftlosen Pumpflaschen \u2013 Anpassungsvorschl\u00e4ge<\/h2>\n<ol>\n<li><strong>Farbabstimmung der Pumpe:<\/strong> Kombinieren Sie Pumps mit verschiedenen Oberfl\u00e4chen wie mattwei\u00df, schwarz, metallisch oder farblich abgestimmt.<\/li>\n<li><strong>Methoden zur Anwendung des Logos:<\/strong> Flexibles Branding mit Unterst\u00fctzung von Siebdruck, Hei\u00dfpr\u00e4gung, UV-Druck oder Etikettenapplikation.<\/li>\n<li><strong>\u00c4nderungen am \u00dcberdeckeldesign:<\/strong> Die M\u00f6glichkeit, das Design der Kappe individuell anzupassen (H\u00f6he, Form oder Transparenz (klar, mattiert oder farbig)), um eine individualisierte Endverpackung zu erstellen.<\/li>\n<\/ol>","protected":false},"excerpt":{"rendered":"<p>Stilvolle, leere Farbverlaufsflaschen mit Pumpe, ideal f\u00fcr Hautpflegeprodukte. Airless-Pumpflaschen im Gro\u00dfhandel direkt vom Hersteller mit schnellen Versandoptionen.<\/p>","protected":false},"featured_media":6028,"template":"","meta":{"postBodyCss":"","postBodyMargin":[],"postBodyPadding":[],"postBodyBackground":{"backgroundType":"classic","gradient":""}},"product_brand":[],"product_cat":[15,105,16],"product_tag":[],"class_list":{"0":"post-6024","1":"product","2":"type-product","3":"status-publish","4":"has-post-thumbnail","6":"product_cat-glass-containers","7":"product_cat-glass-lotion-bottles","8":"product_cat-glass-bottles","10":"first","11":"instock","12":"shipping-taxable","13":"product-type-simple"},"jetpack_sharing_enabled":true,"_links":{"self":[{"href":"https:\/\/minghanggroup.com\/de\/wp-json\/wp\/v2\/product\/6024","targetHints":{"allow":["GET"]}}],"collection":[{"href":"https:\/\/minghanggroup.com\/de\/wp-json\/wp\/v2\/product"}],"about":[{"href":"https:\/\/minghanggroup.com\/de\/wp-json\/wp\/v2\/types\/product"}],"wp:featuredmedia":[{"embeddable":true,"href":"https:\/\/minghanggroup.com\/de\/wp-json\/wp\/v2\/media\/6028"}],"wp:attachment":[{"href":"https:\/\/minghanggroup.com\/de\/wp-json\/wp\/v2\/media?parent=6024"}],"wp:term":[{"taxonomy":"product_brand","embeddable":true,"href":"https:\/\/minghanggroup.com\/de\/wp-json\/wp\/v2\/product_brand?post=6024"},{"taxonomy":"product_cat","embeddable":true,"href":"https:\/\/minghanggroup.com\/de\/wp-json\/wp\/v2\/product_cat?post=6024"},{"taxonomy":"product_tag","embeddable":true,"href":"https:\/\/minghanggroup.com\/de\/wp-json\/wp\/v2\/product_tag?post=6024"}],"curies":[{"name":"wp","href":"https:\/\/api.w.org\/{rel}","templated":true}]}}