{"id":6014,"date":"2026-03-16T10:13:19","date_gmt":"2026-03-16T02:13:19","guid":{"rendered":"https:\/\/minghanggroup.com\/?post_type=product&#038;p=6014"},"modified":"2026-04-14T14:20:14","modified_gmt":"2026-04-14T06:20:14","slug":"cylindrical-glass-lotion-bottles-with-pump-bulk","status":"publish","type":"product","link":"https:\/\/minghanggroup.com\/de\/produkt\/cylindrical-glass-lotion-bottles-with-pump-bulk\/","title":{"rendered":"30-ml-Zylinderglas-Lotionflaschen mit Pumpe (Gro\u00dfpackung)"},"content":{"rendered":"<p>Diese Lotionflaschen mit Pumpe haben einen dicken, glatten, zylindrischen Korpus und einen verdickten, abgerundeten Boden. Die gl\u00e4nzende Goldpumpe sorgt f\u00fcr pr\u00e4zises Dosieren und verhindert Kleckern.<\/p>\n<h2>Produktmerkmale<\/h2>\n<ul>\n<li><strong>Stabiler, dickwandiger zylindrischer K\u00f6rper:<\/strong> Der verdickte Boden des Zylinders und die abgerundete Form verleihen dem Flaschenk\u00f6rper Stabilit\u00e4t und verhindern ein Umkippen der Flasche.<\/li>\n<li><strong>Luxuri\u00f6ser Goldpumps:<\/strong> Die Pumpe aus Goldmetall ist so konzipiert, dass sie ein einfaches und hygienisches Entleeren der Produkte erm\u00f6glicht und dadurch eine elegante Opulenz verleiht.<\/li>\n<li><strong>30 ml Fassungsverm\u00f6gen:<\/strong> Ideal f\u00fcr die Verwendung von konzentrierten Seren, Gesichts\u00f6len oder hochwertigen Produkten in Reisegr\u00f6\u00dfe.<\/li>\n<\/ul>\n<h2 style=\"text-align: left;\">Wichtigste Spezifikationen<\/h2>\n<table class=\"aligncenter\" style=\"border-collapse: collapse; width: 411.77pt;\" border=\"0\" width=\"549\" cellspacing=\"0\" cellpadding=\"0\">\n<tbody>\n<tr style=\"height: 13.50pt;\">\n<td style=\"height: 13.50pt; width: 120.00pt;\" width=\"160\" height=\"18\">Specification<\/td>\n<td style=\"width: 291.75pt;\" width=\"389\">Details<\/td>\n<\/tr>\n<tr style=\"height: 13.50pt;\">\n<td style=\"height: 13.50pt;\" height=\"18\">Kapazit\u00e4t<\/td>\n<td>30 ml<\/td>\n<\/tr>\n<tr style=\"height: 13.50pt;\">\n<td style=\"height: 13.50pt;\" height=\"18\">Abmessungen<\/td>\n<td>49\u00d769mm (Durchmesser \u00d7 H\u00f6he)<\/td>\n<\/tr>\n<tr style=\"height: 13.50pt;\">\n<td style=\"height: 13.50pt;\" height=\"18\">Material<\/td>\n<td>Farbverlauf-\/farbiges oder klares Glas, goldene Metallpumpe<\/td>\n<\/tr>\n<tr style=\"height: 13.50pt;\">\n<td style=\"height: 13.50pt;\" height=\"18\">Flaschenform<\/td>\n<td>Glatter Zylinder mit schwerem, abgerundetem Sockel<\/td>\n<\/tr>\n<tr style=\"height: 13.50pt;\">\n<td style=\"height: 13.50pt;\" height=\"18\">Anpassungsumfang<\/td>\n<td>Farbe, Gr\u00f6\u00dfe, Deckel, Oberfl\u00e4che<\/td>\n<\/tr>\n<tr style=\"height: 13.50pt;\">\n<td style=\"height: 13.50pt;\" height=\"18\">Produktzweck<\/td>\n<td>Luxus-Serumflaschen, Gro\u00dfpackungen Lotionflaschen<\/td>\n<\/tr>\n<tr style=\"height: 13.50pt;\">\n<td style=\"height: 13.50pt;\" height=\"18\">Geeignete Branchen<\/td>\n<td>Luxus-Hautpflegemarken, Nischenkosmetiklinien<\/td>\n<\/tr>\n<\/tbody>\n<\/table>\n<h2>Erfolgsgeschichte<\/h2>\n<p>Unsere bernsteinfarbenen 30-ml-Lotionflaschen mit Pumpe und speziellem mattschwarzem Pumpverschluss wurden von einer deutschen Bio-Hautpflegemarke ausgew\u00e4hlt. Die bernsteinfarbenen Glasflaschen verl\u00e4ngerten die Haltbarkeit des Produkts, das zuvor 6 bis 12 Monate haltbar war. Dank des Pumpspenders wurden Oxidation und Verunreinigung minimiert, was die Kundenzufriedenheit um 40 Prozent steigerte. Die Marke war \u00e4u\u00dferst erfolgreich und bestellte sp\u00e4ter weitere 600.000 Flaschen, um alle ihre aktiven Seren abzuf\u00fcllen.<\/p>\n<h2>Anpassung der Gro\u00dfpackung Lotionflaschen<\/h2>\n<ul>\n<li>Farbe der Pumpen: Erh\u00e4ltlich in Schwarz, Grau oder in Sonderfarben, passend zu Ihrem Markenimage.<\/li>\n<li>Mattiert oder gl\u00e4nzend: W\u00e4hlen Sie entweder mattierte Glasflaschen mit einem eleganten, modernen Aussehen oder bleiben Sie bei der gl\u00e4nzenden Ausf\u00fchrung.<\/li>\n<li>Pumpenkopf: Je nach Viskosit\u00e4t des Produkts sind Pumpenk\u00f6pfe in verschiedenen Ausf\u00fchrungen erh\u00e4ltlich (Standardpumpe, Airless-Pumpe).<\/li>\n<li>Gr\u00f6\u00dfe und Proportionen: Das Verh\u00e4ltnis von H\u00f6he zu Durchmesser der Flasche kann angepasst werden, um k\u00fcrzere oder h\u00f6here Flaschen mit gleichem Volumen herzustellen.<\/li>\n<\/ul>","protected":false},"excerpt":{"rendered":"<p>Zylindrische Glasflaschen mit Pumpe in verschiedenen Farbverl\u00e4ufen. Robuste Gro\u00dfpackungen f\u00fcr hochwertige Hautpflegeprodukte. Schneller Versand und sofort lieferbar.<\/p>","protected":false},"featured_media":6015,"template":"","meta":{"postBodyCss":"","postBodyMargin":[],"postBodyPadding":[],"postBodyBackground":{"backgroundType":"classic","gradient":""}},"product_brand":[],"product_cat":[105,15,16],"product_tag":[116],"class_list":{"0":"post-6014","1":"product","2":"type-product","3":"status-publish","4":"has-post-thumbnail","6":"product_cat-glass-lotion-bottles","7":"product_cat-glass-containers","8":"product_cat-glass-bottles","9":"product_tag-fine-mist-spray-bottles","11":"first","12":"instock","13":"shipping-taxable","14":"product-type-simple"},"jetpack_sharing_enabled":true,"_links":{"self":[{"href":"https:\/\/minghanggroup.com\/de\/wp-json\/wp\/v2\/product\/6014","targetHints":{"allow":["GET"]}}],"collection":[{"href":"https:\/\/minghanggroup.com\/de\/wp-json\/wp\/v2\/product"}],"about":[{"href":"https:\/\/minghanggroup.com\/de\/wp-json\/wp\/v2\/types\/product"}],"wp:featuredmedia":[{"embeddable":true,"href":"https:\/\/minghanggroup.com\/de\/wp-json\/wp\/v2\/media\/6015"}],"wp:attachment":[{"href":"https:\/\/minghanggroup.com\/de\/wp-json\/wp\/v2\/media?parent=6014"}],"wp:term":[{"taxonomy":"product_brand","embeddable":true,"href":"https:\/\/minghanggroup.com\/de\/wp-json\/wp\/v2\/product_brand?post=6014"},{"taxonomy":"product_cat","embeddable":true,"href":"https:\/\/minghanggroup.com\/de\/wp-json\/wp\/v2\/product_cat?post=6014"},{"taxonomy":"product_tag","embeddable":true,"href":"https:\/\/minghanggroup.com\/de\/wp-json\/wp\/v2\/product_tag?post=6014"}],"curies":[{"name":"wp","href":"https:\/\/api.w.org\/{rel}","templated":true}]}}