{"id":6009,"date":"2026-03-16T10:11:07","date_gmt":"2026-03-16T02:11:07","guid":{"rendered":"https:\/\/minghanggroup.com\/?post_type=product&#038;p=6009"},"modified":"2026-04-14T09:48:46","modified_gmt":"2026-04-14T01:48:46","slug":"clear-cosmetic-glass-bottles-with-pump-wholesale","status":"publish","type":"product","link":"https:\/\/minghanggroup.com\/de\/produkt\/clear-cosmetic-glass-bottles-with-pump-wholesale\/","title":{"rendered":"60 ml, 100 ml, 120 ml Klare Kosmetikglasflaschen mit Pumpe (Gro\u00dfhandel)"},"content":{"rendered":"<p>Diese elegante Kosmetikflasche aus Glas mit Pumpspender besticht durch ihre glatte, rechteckige Form und den transparenten Korpus, der den Inhalt sichtbar macht. Der hochwertige Pumpspender erm\u00f6glicht ein pr\u00e4zises und hygienisches Dosieren von Lotionen, Seren und anderen Hautpflegeprodukten. Der stilvolle, schwarze Pumpverschluss verleiht der Flasche eine edle Note und macht sie ideal f\u00fcr Luxus-Hautpflegemarken. Die Flasche ist robust, praktisch und zugleich stilvoll und eignet sich perfekt f\u00fcr den Verkauf oder den pers\u00f6nlichen Gebrauch.<\/p>\n<h2>Produktmerkmale<\/h2>\n<ul>\n<li><strong>Transparenter Glask\u00f6rper:<\/strong> Durch den transparenten Glask\u00f6rper hat der Verbraucher einen klaren Blick auf das Produkt im Inneren und kann so den Verbrauch und die verbleibende Menge verfolgen.<\/li>\n<li><strong>Rechteckige Form und glatte Kanten:<\/strong> Die moderne rechteckige Form mit abgerundeten Kanten sorgt f\u00fcr ein elegantes und stilvolles Erscheinungsbild und eignet sich f\u00fcr hochwertige Hautpflege- und Kosmetikprodukte.<\/li>\n<li><strong>Elegante schwarze Pumps und Kappe:<\/strong> Die schwarze Pumpe und der schwarze Verschluss der Flasche bilden einen Kontrast zum transparenten Glas, was der Flasche als Ganzes einen Hauch von Klasse und Eleganz verleiht.<\/li>\n<\/ul>\n<h2>Wichtigste Spezifikationen<\/h2>\n<table style=\"border-collapse: collapse; width: 80%; margin-left: auto; margin-right: auto;\" border=\"0\" width=\"288\" cellspacing=\"0\" cellpadding=\"0\">\n<tbody>\n<tr style=\"height: 13.50pt;\">\n<td style=\"height: 13.5pt; width: 54pt; text-align: center;\" width=\"72\" height=\"18\">Fassungsverm\u00f6gen (ml)<\/td>\n<td style=\"width: 54pt; text-align: center;\" width=\"72\">Abmessungen (mm)<\/td>\n<td style=\"width: 54pt; text-align: center;\" width=\"72\">Form<\/td>\n<td style=\"width: 54pt; text-align: center;\" width=\"72\">Farboptionen<\/td>\n<\/tr>\n<tr style=\"height: 13.50pt;\">\n<td style=\"height: 13.5pt; text-align: center;\" align=\"right\" height=\"18\">60<\/td>\n<td style=\"text-align: center;\">34 \u00d7 130<\/td>\n<td class=\"et2\" style=\"text-align: center;\" rowspan=\"3\">Rechteckig<\/td>\n<td class=\"et2\" style=\"text-align: center;\" rowspan=\"3\">Klar\/Benutzerdefiniert<\/td>\n<\/tr>\n<tr style=\"height: 13.50pt;\">\n<td style=\"height: 13.5pt; text-align: center;\" align=\"right\" height=\"18\">100<\/td>\n<td style=\"text-align: center;\">40 \u00d7 164<\/td>\n<\/tr>\n<tr style=\"height: 13.50pt;\">\n<td style=\"height: 13.5pt; text-align: center;\" align=\"right\" height=\"18\">120<\/td>\n<td style=\"text-align: center;\">40 \u00d7 180<\/td>\n<\/tr>\n<\/tbody>\n<\/table>\n<h2>Erfolgsbeispiel<\/h2>\n<p>Eine der f\u00fchrenden Hautpflegemarken entschied sich f\u00fcr unsere 100-ml-Glasflasche \u2013 mit ihrer eleganten, rechteckigen Form und dem hochwertigen, schwarzen Pumpkopf. Das Etikett besticht zudem durch eine exklusive Goldveredelung des Pumpverschlusses und eine mattierte Oberfl\u00e4che, die der Marke einen besonders luxuri\u00f6sen Eindruck verleiht.<\/p>\n<p>Nach dieser Einf\u00fchrung stieg die Nachfrage im Einzelhandel um 35 Prozent. Mittlerweile verwenden sie die 100-ml-Lotionflasche in ihrem gesamten Produktsortiment.<\/p>\n<h2>Anpassungsoptionen<\/h2>\n<ol>\n<li><strong>Farben und Oberfl\u00e4chenbeschaffenheit der Kappen:<\/strong> Wir bieten eine Vielzahl von Optionen f\u00fcr die Kappenfarbe an, darunter Gold, Silber, Mattschwarz oder geb\u00fcrstetes Kupfer, um verschiedenen Marken\u00e4sthetiken oder Produktlinien gerecht zu werden.<\/li>\n<li><strong>Individueller Logodruck:<\/strong> Lassen Sie das Logo oder Design der Marke auf die Flasche drucken, hei\u00dfpr\u00e4gen oder UV-bedrucken, um eine langlebige und hochwertige Markenpr\u00e4senz zu gew\u00e4hrleisten.<\/li>\n<li><strong>Beschriftung:<\/strong> Bieten Sie individuelle Etikettierungen an, darunter Rundum- und Teiletiketten, mit transparenten oder mattierten Aufklebern f\u00fcr ein elegantes, minimalistisches Erscheinungsbild oder dekorativen Etiketten f\u00fcr ein k\u00fcnstlerischeres Markenimage.<\/li>\n<\/ol>","protected":false},"excerpt":{"rendered":"<p>Entdecken Sie elegante Flaschen mit Pumpspender f\u00fcr Lotionen und Seren. Unsere Kosmetikglasflaschen zeichnen sich durch Langlebigkeit, ein ansprechendes Design und individuell anpassbare Gro\u00dfpackungen aus. Gratisprobe.<\/p>","protected":false},"featured_media":6013,"template":"","meta":{"postBodyCss":"","postBodyMargin":[],"postBodyPadding":[],"postBodyBackground":{"backgroundType":"classic","gradient":""}},"product_brand":[],"product_cat":[15,105,16],"product_tag":[110],"class_list":{"0":"post-6009","1":"product","2":"type-product","3":"status-publish","4":"has-post-thumbnail","6":"product_cat-glass-containers","7":"product_cat-glass-lotion-bottles","8":"product_cat-glass-bottles","9":"product_tag-glass-foundation-bottles","11":"first","12":"instock","13":"shipping-taxable","14":"product-type-simple"},"jetpack_sharing_enabled":true,"_links":{"self":[{"href":"https:\/\/minghanggroup.com\/de\/wp-json\/wp\/v2\/product\/6009","targetHints":{"allow":["GET"]}}],"collection":[{"href":"https:\/\/minghanggroup.com\/de\/wp-json\/wp\/v2\/product"}],"about":[{"href":"https:\/\/minghanggroup.com\/de\/wp-json\/wp\/v2\/types\/product"}],"wp:featuredmedia":[{"embeddable":true,"href":"https:\/\/minghanggroup.com\/de\/wp-json\/wp\/v2\/media\/6013"}],"wp:attachment":[{"href":"https:\/\/minghanggroup.com\/de\/wp-json\/wp\/v2\/media?parent=6009"}],"wp:term":[{"taxonomy":"product_brand","embeddable":true,"href":"https:\/\/minghanggroup.com\/de\/wp-json\/wp\/v2\/product_brand?post=6009"},{"taxonomy":"product_cat","embeddable":true,"href":"https:\/\/minghanggroup.com\/de\/wp-json\/wp\/v2\/product_cat?post=6009"},{"taxonomy":"product_tag","embeddable":true,"href":"https:\/\/minghanggroup.com\/de\/wp-json\/wp\/v2\/product_tag?post=6009"}],"curies":[{"name":"wp","href":"https:\/\/api.w.org\/{rel}","templated":true}]}}