{"id":6004,"date":"2026-03-13T11:55:31","date_gmt":"2026-03-13T03:55:31","guid":{"rendered":"https:\/\/minghanggroup.com\/?post_type=product&#038;p=6004"},"modified":"2026-03-13T11:55:33","modified_gmt":"2026-03-13T03:55:33","slug":"frosted-glass-lotion-bottles-for-cosmetic-wholesale","status":"publish","type":"product","link":"https:\/\/minghanggroup.com\/de\/produkt\/frosted-glass-lotion-bottles-for-cosmetic-wholesale\/","title":{"rendered":"20 ml \u2013 120 ml mattierte Glasflaschen f\u00fcr Lotionen im Kosmetikgro\u00dfhandel"},"content":{"rendered":"<p>Dieses Produkt ist eine Kollektion von Glasflaschen f\u00fcr Lotionen, die speziell f\u00fcr die Verpackung von Hautpflege- und Kosmetikprodukten entwickelt wurden. Die Flaschen zeichnen sich durch ein klares, minimalistisches Design mit einer eleganten, zylindrischen Form aus, das perfekt zu modernen Beauty-Marken passt. Sie bestehen aus mattiertem Glas und haben eine sanfte, matte Oberfl\u00e4che. Der dicke Glasboden sorgt f\u00fcr zus\u00e4tzliche Stabilit\u00e4t und Langlebigkeit. Diese Flaschen eignen sich ideal f\u00fcr die Verpackung von Gesichtscremes, Feuchtigkeitscremes, Seren, Emulsionen und anderen fl\u00fcssigen Hautpflegeprodukten und sind somit eine praktische Option f\u00fcr Marken, die Kosmetikflaschen im Gro\u00dfhandel f\u00fcr ihre professionellen Produktlinien suchen.<\/p>\n<h2>Produktmerkmale<\/h2>\n<ul>\n<li><strong>Flaschenk\u00f6rper aus mattiertem Glas:<\/strong> Die Flasche besteht aus mattiertem Glas, was ihr ein sanftes, mattes Aussehen verleiht und zudem Fingerabdr\u00fccke verhindert sowie den luxuri\u00f6sen Gesamteindruck der Verpackung erh\u00f6ht.<\/li>\n<li><strong>Schulter\u00e4rmel in Metallic-Gold:<\/strong> Der Flaschenhals ist mit einer dekorativen, goldfarbenen H\u00fclse versehen, die dem Flaschenhals eine luxuri\u00f6se Optik verleiht und das Erscheinungsbild im Regal verbessert.<\/li>\n<li><strong>Gerades zylindrisches Profil zur Beschriftung:<\/strong> Die Etikettenfl\u00e4che ist flach und breit genug, damit Kosmetikmarken problemlos Etiketten, Siebdrucke oder andere Kennzeichnungsarten anbringen k\u00f6nnen.<\/li>\n<\/ul>\n<h2>Wichtigste Spezifikationen<\/h2>\n<table style=\"border-collapse: collapse; width: 80%; margin-left: auto; margin-right: auto;\" border=\"0\" width=\"144\" cellspacing=\"0\" cellpadding=\"0\">\n<tbody>\n<tr style=\"height: 13.50pt;\">\n<td style=\"height: 13.5pt; width: 54pt; text-align: center;\" width=\"72\" height=\"18\">Besonderheit<\/td>\n<td style=\"width: 54pt; text-align: center;\" width=\"72\">Details<\/td>\n<\/tr>\n<tr style=\"height: 13.50pt;\">\n<td style=\"height: 13.5pt; text-align: center;\" height=\"18\">Kapazit\u00e4t<\/td>\n<td style=\"text-align: center;\">20 ml 30 ml 50 ml 100 ml 120 ml<\/td>\n<\/tr>\n<tr style=\"height: 13.50pt;\">\n<td style=\"height: 13.5pt; text-align: center;\" height=\"18\">Farbe<\/td>\n<td style=\"text-align: center;\">Gefrostet<\/td>\n<\/tr>\n<tr style=\"height: 13.50pt;\">\n<td style=\"height: 13.5pt; text-align: center;\" height=\"18\">Form<\/td>\n<td style=\"text-align: center;\">Zylinder<\/td>\n<\/tr>\n<tr style=\"height: 13.50pt;\">\n<td style=\"height: 13.5pt; text-align: center;\" height=\"18\">Deckel<\/td>\n<td style=\"text-align: center;\">Goldener Schraubverschluss + Pumpenkopf aus Kunststoff<\/td>\n<\/tr>\n<\/tbody>\n<\/table>\n<h2>Erfolgsbeispiel<\/h2>\n<p>Das Unternehmen ist ein europ\u00e4ischer Hautpflegehersteller, der Gesichtslotionen vertreibt, und entschied sich f\u00fcr unsere 30-ml-Flaschen aus mattiertem Glas mit Pumpspender. Uns war es wichtig, dass das Verpackungsdesign die Markenphilosophie widerspiegelt. Daher integrierten wir einen dekorativen champagnergoldenen Aluminiumring um den Flaschenhals. Das Markenlogo wurde direkt auf die mattierte Glasoberfl\u00e4che gedruckt, wodurch auf ein externes Etikett verzichtet werden konnte und dem Produkt ein minimalistisches und klares Aussehen verliehen wurde.<br \/>\nDie Gesichtspflegelinie verzeichnete innerhalb von zwei Monaten nach Markteinf\u00fchrung ein ph\u00e4nomenales Wachstum von 32 % bei den Nachbestellungen durch die Vertriebspartner. Die Marke bestellt regelm\u00e4\u00dfig bei uns und nutzt diese Zusammenarbeit, um ihr Hautpflegesortiment zu erweitern und weiterzuentwickeln.<\/p>\n<h2>Anpassungsoptionen<\/h2>\n<ol>\n<li><strong>Anpassung des Glasurgrades:<\/strong> Durch die Anpassung des Mattierungsgrades des Glask\u00f6rpers (leicht matt, vollst\u00e4ndig mattiert oder mit Farbverlauf) lassen sich verschiedene visuelle Effekte und entsprechend unterschiedliche Markenstile f\u00fcr Hautpflegeprodukte erzielen.<\/li>\n<li><strong>Farbauswahl f\u00fcr galvanisierte Halsb\u00e4nder:<\/strong> Der goldene Kragen kann je nach Thema der Kosmetikverpackung durch andere Ausf\u00fchrungen ersetzt werden, darunter mattes Silber, Ros\u00e9gold, gl\u00e4nzendes Schwarz oder Champagnergold.<\/li>\n<li><strong>Auswahlm\u00f6glichkeiten beim Design der Schutzkappe:<\/strong> Passen Sie die transparente Kappe mit einer farbigen, mattierten oder schwereren Schutzkappe an, um ihre Widerstandsf\u00e4higkeit gegen\u00fcber dem Transportprozess zu verbessern und das Gesamtbild der Kappe zu optimieren.<\/li>\n<\/ol>","protected":false},"excerpt":{"rendered":"<p>Entdecken Sie stilvolle Glasflaschen f\u00fcr Ihre Hautpflegeprodukte. Wir bieten Kosmetikflaschen im Gro\u00dfhandel mit individuellen Gestaltungsm\u00f6glichkeiten, kostenlosen Mustern und der M\u00f6glichkeit zur Gro\u00dfbestellung.<\/p>","protected":false},"featured_media":6008,"template":"","meta":{"postBodyCss":"","postBodyMargin":[],"postBodyPadding":[],"postBodyBackground":{"backgroundType":"classic","gradient":""}},"product_brand":[],"product_cat":[15,105,16],"product_tag":[],"class_list":{"0":"post-6004","1":"product","2":"type-product","3":"status-publish","4":"has-post-thumbnail","6":"product_cat-glass-containers","7":"product_cat-glass-lotion-bottles","8":"product_cat-glass-bottles","10":"first","11":"instock","12":"shipping-taxable","13":"product-type-simple"},"jetpack_sharing_enabled":true,"_links":{"self":[{"href":"https:\/\/minghanggroup.com\/de\/wp-json\/wp\/v2\/product\/6004","targetHints":{"allow":["GET"]}}],"collection":[{"href":"https:\/\/minghanggroup.com\/de\/wp-json\/wp\/v2\/product"}],"about":[{"href":"https:\/\/minghanggroup.com\/de\/wp-json\/wp\/v2\/types\/product"}],"wp:featuredmedia":[{"embeddable":true,"href":"https:\/\/minghanggroup.com\/de\/wp-json\/wp\/v2\/media\/6008"}],"wp:attachment":[{"href":"https:\/\/minghanggroup.com\/de\/wp-json\/wp\/v2\/media?parent=6004"}],"wp:term":[{"taxonomy":"product_brand","embeddable":true,"href":"https:\/\/minghanggroup.com\/de\/wp-json\/wp\/v2\/product_brand?post=6004"},{"taxonomy":"product_cat","embeddable":true,"href":"https:\/\/minghanggroup.com\/de\/wp-json\/wp\/v2\/product_cat?post=6004"},{"taxonomy":"product_tag","embeddable":true,"href":"https:\/\/minghanggroup.com\/de\/wp-json\/wp\/v2\/product_tag?post=6004"}],"curies":[{"name":"wp","href":"https:\/\/api.w.org\/{rel}","templated":true}]}}