{"id":5999,"date":"2026-03-13T10:10:14","date_gmt":"2026-03-13T02:10:14","guid":{"rendered":"https:\/\/minghanggroup.com\/?post_type=product&#038;p=5999"},"modified":"2026-03-20T16:58:51","modified_gmt":"2026-03-20T08:58:51","slug":"amber-empty-lotion-bottles-with-pump-bulk","status":"publish","type":"product","link":"https:\/\/minghanggroup.com\/de\/produkt\/amber-empty-lotion-bottles-with-pump-bulk\/","title":{"rendered":"Leere, bernsteinfarbene Lotionflaschen mit Pumpe (20 ml, 30 ml, 40 ml) \u2013 Gro\u00dfpackung"},"content":{"rendered":"<p>Diese leeren Lotionflaschen mit Pumpe sind bernsteinfarben und bestehen aus dunkelbraunem, UV-sch\u00fctzendem Glas mit glatten, abgerundeten Linien und einer einfachen wei\u00dfen Pumpe zum einfachen und pr\u00e4zisen Dosieren.<\/p>\n<h2>Produktmerkmale<\/h2>\n<ul>\n<li><strong>Lichtundurchl\u00e4ssige Brille mit bernsteinfarbener T\u00f6nung:<\/strong> Dieses Glas wird aus dunklem Bernstein hergestellt und ist, wie bereits erw\u00e4hnt, ebenso wirksam beim Schutz vor UV-Strahlen; es bewahrt die lichtempfindlichen Inhaltsstoffe, die in den Hautpflegeprodukten enthalten sind.<\/li>\n<li><strong>Wei\u00dfer Pumpenkopf:<\/strong> Es ist mit einem minimalen und regulierbaren Pumpenkopf ausgestattet, der eine gleichm\u00e4\u00dfige Dosierung erm\u00f6glicht und somit hygienisch und komfortabel in der Anwendung ist. Zudem wird der Kontakt zwischen dem Inhalt und der Luft minimiert.<\/li>\n<li><strong>Abgerundeter zylindrischer Flaschenk\u00f6rper:<\/strong> Dies ist die traditionelle, abgerundete zylindrische Flaschenform mit glatten Linien, guter Griffigkeit und hoher Stabilit\u00e4t.<\/li>\n<\/ul>\n<h2 style=\"text-align: left;\">Wichtigste Spezifikationen<\/h2>\n<table class=\"aligncenter\" style=\"border-collapse: collapse; width: 501.77pt;\" border=\"0\" width=\"669\" cellspacing=\"0\" cellpadding=\"0\">\n<tbody>\n<tr style=\"height: 13.50pt;\">\n<td style=\"height: 13.50pt; width: 120.00pt;\" width=\"160\" height=\"18\">Attribut<\/td>\n<td style=\"width: 381.75pt;\" width=\"509\">Details<\/td>\n<\/tr>\n<tr style=\"height: 13.50pt;\">\n<td style=\"height: 13.50pt;\" height=\"18\">Kapazit\u00e4t<\/td>\n<td>20 ml, 30 ml, 40 ml<\/td>\n<\/tr>\n<tr style=\"height: 13.50pt;\">\n<td style=\"height: 13.50pt;\" height=\"18\">Material<\/td>\n<td>Braunglas, wei\u00dfe Kunststoffpumpe<\/td>\n<\/tr>\n<tr style=\"height: 13.50pt;\">\n<td style=\"height: 13.50pt;\" height=\"18\">Flaschenform<\/td>\n<td>Abgerundeter Zylinder<\/td>\n<\/tr>\n<tr style=\"height: 13.50pt;\">\n<td style=\"height: 13.50pt;\" height=\"18\">Anpassungsbereich<\/td>\n<td>Bernsteintontiefe, Pumpenfarbe, Gr\u00f6\u00dfe<\/td>\n<\/tr>\n<tr style=\"height: 13.50pt;\">\n<td style=\"height: 13.50pt;\" height=\"18\">Handwerkskunst<\/td>\n<td>Gleichm\u00e4\u00dfige bernsteinfarbene Farbe, auslaufsicherer Pumpmechanismus, dickwandiges Glas<\/td>\n<\/tr>\n<tr style=\"height: 13.50pt;\">\n<td style=\"height: 13.50pt;\" height=\"18\">Prim\u00e4re Verwendung<\/td>\n<td>Braune Pumpflasche f\u00fcr Seren, leere Lotionflaschen mit Pumpe<\/td>\n<\/tr>\n<tr style=\"height: 13.50pt;\">\n<td style=\"height: 13.50pt;\" height=\"18\">Zielbranchen<\/td>\n<td>Hautpflege, Kosmetikprodukte, professionelle \u00c4sthetik<\/td>\n<\/tr>\n<\/tbody>\n<\/table>\n<h2>Die Serum-Serie der deutschen Bio-Hautpflegemarke ist eine Erfolgsgeschichte<\/h2>\n<p>Eines der erfolgreichsten deutschen Unternehmen f\u00fcr Bio-Hautpflege entschied sich f\u00fcr unsere bernsteinfarbene Flasche und bestellte einen schwarzen Pumpkopf. Die bernsteinfarbene Glasflasche blockiert \u00fcber 99 Prozent der UVA\/UVB-Strahlung, was entscheidend f\u00fcr die Stabilit\u00e4t der Formel ist und die Haltbarkeit des Produkts um mehr als 40 Prozent verl\u00e4ngert. Die Pumpflasche reduziert Oxidation und Kontamination und steigert so die Kundenzufriedenheit um 40 Prozent. Das Unternehmen war sehr erfolgreich und bestellte sogar weitere 800.000 Flaschen, um alle seine aktiven Seren abzuf\u00fcllen.<\/p>\n<h2>Individualisierung leerer Lotionflaschen mit Pumpe<\/h2>\n<ul>\n<li>Pumpenfarben: Die Pumpe kann schwarz oder grau sein, oder die Farbe kann individuell an die \u00c4sthetik der Marke angepasst werden.<\/li>\n<li>Pumpenk\u00f6pfe: Es gibt verschiedene Arten von Pumpenk\u00f6pfen (Standardpumpe, luftlose Pumpe), die f\u00fcr Produkte mit unterschiedlicher Viskosit\u00e4t geeignet sind.<\/li>\n<li>\u00c4u\u00dfere Schutzkappe\/Staubschutzkappe: Es gibt einfache \u00e4u\u00dfere Schutzkappen aus Kunststoff oder Metall, die man anbringen kann, um zus\u00e4tzlichen Schutz auf Reisen zu gew\u00e4hrleisten.<\/li>\n<\/ul>","protected":false},"excerpt":{"rendered":"<p>Individuell gestaltbare, leere Lotionflaschen mit Pumpe aus robustem Braunglas. Praktische Braunglas-Pumpflasche, ideal f\u00fcr Hautpflegeprodukte. Kostenlose Muster erh\u00e4ltlich.<\/p>","protected":false},"featured_media":6003,"template":"","meta":{"postBodyCss":"","postBodyMargin":[],"postBodyPadding":[],"postBodyBackground":{"backgroundType":"classic","gradient":""}},"product_brand":[],"product_cat":[105,15,16],"product_tag":[],"class_list":{"0":"post-5999","1":"product","2":"type-product","3":"status-publish","4":"has-post-thumbnail","6":"product_cat-glass-lotion-bottles","7":"product_cat-glass-containers","8":"product_cat-glass-bottles","10":"first","11":"instock","12":"shipping-taxable","13":"product-type-simple"},"jetpack_sharing_enabled":true,"_links":{"self":[{"href":"https:\/\/minghanggroup.com\/de\/wp-json\/wp\/v2\/product\/5999","targetHints":{"allow":["GET"]}}],"collection":[{"href":"https:\/\/minghanggroup.com\/de\/wp-json\/wp\/v2\/product"}],"about":[{"href":"https:\/\/minghanggroup.com\/de\/wp-json\/wp\/v2\/types\/product"}],"wp:featuredmedia":[{"embeddable":true,"href":"https:\/\/minghanggroup.com\/de\/wp-json\/wp\/v2\/media\/6003"}],"wp:attachment":[{"href":"https:\/\/minghanggroup.com\/de\/wp-json\/wp\/v2\/media?parent=5999"}],"wp:term":[{"taxonomy":"product_brand","embeddable":true,"href":"https:\/\/minghanggroup.com\/de\/wp-json\/wp\/v2\/product_brand?post=5999"},{"taxonomy":"product_cat","embeddable":true,"href":"https:\/\/minghanggroup.com\/de\/wp-json\/wp\/v2\/product_cat?post=5999"},{"taxonomy":"product_tag","embeddable":true,"href":"https:\/\/minghanggroup.com\/de\/wp-json\/wp\/v2\/product_tag?post=5999"}],"curies":[{"name":"wp","href":"https:\/\/api.w.org\/{rel}","templated":true}]}}