{"id":5988,"date":"2026-03-12T11:09:35","date_gmt":"2026-03-12T03:09:35","guid":{"rendered":"https:\/\/minghanggroup.com\/?post_type=product&#038;p=5988"},"modified":"2026-04-14T10:19:52","modified_gmt":"2026-04-14T02:19:52","slug":"amber-glass-empty-pump-bottles-wholesale","status":"publish","type":"product","link":"https:\/\/minghanggroup.com\/de\/produkt\/amber-glass-empty-pump-bottles-wholesale\/","title":{"rendered":"Leere Pumpflaschen aus Braunglas (5 ml \u2013 100 ml) Gro\u00dfhandel"},"content":{"rendered":"<p>Diese leeren Pumpflaschen sind bernsteinfarben und haben die traditionelle, glatte, abgerundete, zylindrische Form. Sie bestehen aus dunkelbraunem UV-Schutzglas, das lichtempfindliche Inhaltsstoffe in Hautpflegeprodukten sehr wirksam sch\u00fctzt. Die Flaschen sind mit einer eleganten, schwarzen Pumpe ausgestattet, die ein einfaches und pr\u00e4zises Dosieren erm\u00f6glicht.<\/p>\n<h2>Produktmerkmale<\/h2>\n<ul>\n<li><strong>UV-best\u00e4ndige bernsteinfarbene Flasche:<\/strong> Die dunkelbernsteinfarbene Flasche filtert sch\u00e4dliches Licht heraus, was die Haltbarkeit der lichtempfindlichen Wirkstoffe erheblich verl\u00e4ngert.<\/li>\n<li><strong>Abgerundeter zylindrischer K\u00f6rper:<\/strong> Das abgerundete zylindrische Design ist griffig, gut zu pr\u00e4sentieren und verbessert die strukturelle Stabilit\u00e4t.<\/li>\n<li><strong>Mehrere Kapazit\u00e4tsstufen:<\/strong> Von Einzelproben bis hin zu gro\u00dfvolumigen Behandlungsdosierungen \u2013 je nach Ihren individuellen Anforderungen.<\/li>\n<\/ul>\n<h2 style=\"text-align: left;\">Wichtigste Spezifikationen<\/h2>\n<table class=\"aligncenter\" style=\"border-collapse: collapse; width: 444.77pt;\" border=\"0\" width=\"593\" cellspacing=\"0\" cellpadding=\"0\">\n<tbody>\n<tr style=\"height: 13.50pt;\">\n<td style=\"height: 13.50pt; width: 120.00pt;\" width=\"160\" height=\"18\">Attribut<\/td>\n<td style=\"width: 324.75pt;\" width=\"433\">Details<\/td>\n<\/tr>\n<tr style=\"height: 13.50pt;\">\n<td style=\"height: 13.50pt;\" height=\"18\">Kapazit\u00e4t<\/td>\n<td>5 ml, 10 ml, 15 ml, 20 ml, 30 ml, 50 ml, 100 ml<\/td>\n<\/tr>\n<tr style=\"height: 13.50pt;\">\n<td style=\"height: 13.50pt;\" height=\"18\">Abmessungen<\/td>\n<td>Durchmesser: 22\u201344,5 mm, H\u00f6he: 50\u2013112 mm<\/td>\n<\/tr>\n<tr style=\"height: 13.50pt;\">\n<td style=\"height: 13.50pt;\" height=\"18\">Material<\/td>\n<td>UV-best\u00e4ndiges bernsteinfarbenes Glas, schwarzer Kunststoff-Pumpspender<\/td>\n<\/tr>\n<tr style=\"height: 13.50pt;\">\n<td style=\"height: 13.50pt;\" height=\"18\">Flaschenform<\/td>\n<td>Zylindrische Boston-Rundform<\/td>\n<\/tr>\n<tr style=\"height: 13.50pt;\">\n<td style=\"height: 13.50pt;\" height=\"18\">Anpassungsumfang<\/td>\n<td>Kapazit\u00e4t, Farbe, Ausf\u00fchrung, Pumpe, Kragen<\/td>\n<\/tr>\n<tr style=\"height: 13.50pt;\">\n<td style=\"height: 13.50pt;\" height=\"18\">Produktzweck<\/td>\n<td>Serumflaschen, Braunglas-Pumpflaschen<\/td>\n<\/tr>\n<tr style=\"height: 13.50pt;\">\n<td style=\"height: 13.50pt;\" height=\"18\">Ideal Industries<\/td>\n<td>Hautpflege- und Kosmetikmarken, Aromatherapie-Marken<\/td>\n<\/tr>\n<\/tbody>\n<\/table>\n<h2>Erfolgsgeschichte: Vitamin-C-Serum der kalifornischen Hautpflegemarke<\/h2>\n<p>Eine kalifornische Hautpflegemarke entschied sich f\u00fcr unsere 30-ml-Pumpflaschen aus Braunglas mit speziell kalibrierten Pumpk\u00f6pfen. Das Braunglas sch\u00fctzt das Serum effektiv vor Oxidation und erm\u00f6glicht eine Haltbarkeit von bis zu 12 Monaten. Dank des Fassungsverm\u00f6gens von 30 ml ist ein Nachkaufzyklus von 90 Tagen m\u00f6glich. Wir waren so zufrieden, dass die Marke im zweiten Quartal weitere 3 Millionen Flaschen bestellte, um ihr gesamtes Sortiment an Antioxidantien-Seren abzuf\u00fcllen und weltweit an Einzelh\u00e4ndler zu vertreiben.<\/p>\n<h2>Leere Pumpflaschen nach Ma\u00df<\/h2>\n<ul>\n<li>Farben und Oberfl\u00e4chen des Pumpenkopfes: Der Pumpenkopf ist in Wei\u00df, Gold oder Silber erh\u00e4ltlich, wahlweise in matter oder gl\u00e4nzender Ausf\u00fchrung.<\/li>\n<li>Lasergravur: Chargennummern, Verfallsdaten oder QR-Codes k\u00f6nnen per Laser auf den Flaschenboden graviert werden.<\/li>\n<li>Pumpenk\u00f6pfe: Die Pumpenk\u00f6pfe sind entweder vom Standardtyp oder vom luftlosen Typ, um f\u00fcr Produkte unterschiedlicher Viskosit\u00e4t geeignet zu sein.<\/li>\n<\/ul>","protected":false},"excerpt":{"rendered":"<p>Robuste, leere Pumpflaschen mit schwarzen Dosierpumpen aus dickwandigem, bernsteinfarbenem Glas. Praktische Pumpflaschen aus bernsteinfarbenem Glas f\u00fcr Kosmetikverpackungen. Sofort lieferbar.<\/p>","protected":false},"featured_media":5989,"template":"","meta":{"postBodyCss":"","postBodyMargin":[],"postBodyPadding":[],"postBodyBackground":{"backgroundType":"classic","gradient":""}},"product_brand":[],"product_cat":[105,15,16],"product_tag":[112],"class_list":{"0":"post-5988","1":"product","2":"type-product","3":"status-publish","4":"has-post-thumbnail","6":"product_cat-glass-lotion-bottles","7":"product_cat-glass-containers","8":"product_cat-glass-bottles","9":"product_tag-soap-dispensers","11":"first","12":"instock","13":"shipping-taxable","14":"product-type-simple"},"jetpack_sharing_enabled":true,"_links":{"self":[{"href":"https:\/\/minghanggroup.com\/de\/wp-json\/wp\/v2\/product\/5988","targetHints":{"allow":["GET"]}}],"collection":[{"href":"https:\/\/minghanggroup.com\/de\/wp-json\/wp\/v2\/product"}],"about":[{"href":"https:\/\/minghanggroup.com\/de\/wp-json\/wp\/v2\/types\/product"}],"wp:featuredmedia":[{"embeddable":true,"href":"https:\/\/minghanggroup.com\/de\/wp-json\/wp\/v2\/media\/5989"}],"wp:attachment":[{"href":"https:\/\/minghanggroup.com\/de\/wp-json\/wp\/v2\/media?parent=5988"}],"wp:term":[{"taxonomy":"product_brand","embeddable":true,"href":"https:\/\/minghanggroup.com\/de\/wp-json\/wp\/v2\/product_brand?post=5988"},{"taxonomy":"product_cat","embeddable":true,"href":"https:\/\/minghanggroup.com\/de\/wp-json\/wp\/v2\/product_cat?post=5988"},{"taxonomy":"product_tag","embeddable":true,"href":"https:\/\/minghanggroup.com\/de\/wp-json\/wp\/v2\/product_tag?post=5988"}],"curies":[{"name":"wp","href":"https:\/\/api.w.org\/{rel}","templated":true}]}}