{"id":5983,"date":"2026-03-12T09:06:06","date_gmt":"2026-03-12T01:06:06","guid":{"rendered":"https:\/\/minghanggroup.com\/?post_type=product&#038;p=5983"},"modified":"2026-03-20T16:59:04","modified_gmt":"2026-03-20T08:59:04","slug":"frosted-small-lotion-bottles-with-gold-pump-bulk","status":"publish","type":"product","link":"https:\/\/minghanggroup.com\/de\/produkt\/frosted-small-lotion-bottles-with-gold-pump-bulk\/","title":{"rendered":"30-ml-Fl\u00e4schchen mattierter Lotion mit goldener Pumpe (Gro\u00dfpackung)"},"content":{"rendered":"<p>Die kleine Lotionflasche fasst 30 ml, hat eine abgerundete, zylindrische Form, einen mattwei\u00dfen Glask\u00f6rper, der sich sehr weich und matt anf\u00fchlt, und einen kleinen, schimmernden Goldpumpspender. Dank ihrer kompakten Gr\u00f6\u00dfe eignet sie sich ideal zur Aufbewahrung von Seren und Lotionen.<\/p>\n<h2>Produktmerkmale<\/h2>\n<ul>\n<li><strong>Geh\u00e4use aus Milchglas:<\/strong> Der Korpus aus mattiertem, wei\u00dfem Glas besteht aus einem Material, das sich weich und angenehm auf der Haut anf\u00fchlt und zudem keine Fingerabdr\u00fccke hinterl\u00e4sst, was zum hochwertigen Erscheinungsbild des Produkts beitr\u00e4gt.<\/li>\n<li><strong>Luxuri\u00f6ser Goldpumps:<\/strong> Es handelt sich um einen gl\u00e4nzenden, goldfarbenen Metallpumpspender, der im Gegensatz zu der mattierten Flasche steht; es ist Luxus, aber kein \u00fcbertriebener Luxus.<\/li>\n<li><strong>Kleine und tragbare Kapazit\u00e4t:<\/strong> Dies liegt daran, dass die kleine, runde Flasche so konzipiert ist, dass sie eine angenehme Gr\u00f6\u00dfe hat, \u00fcberallhin mitgenommen werden kann und den Anforderungen gerecht wird, sich jederzeit, ob Tag oder Nacht, aufzufrischen.<\/li>\n<\/ul>\n<h2 style=\"text-align: left;\">Wichtigste Spezifikationen<\/h2>\n<table class=\"aligncenter\" style=\"border-collapse: collapse; width: 444.77pt;\" border=\"0\" width=\"593\" cellspacing=\"0\" cellpadding=\"0\">\n<tbody>\n<tr style=\"height: 13.50pt;\">\n<td style=\"height: 13.50pt; width: 120.00pt;\" width=\"160\" height=\"18\">Specification<\/td>\n<td style=\"width: 324.75pt;\" width=\"433\">Details<\/td>\n<\/tr>\n<tr style=\"height: 13.50pt;\">\n<td style=\"height: 13.50pt;\" height=\"18\">Kapazit\u00e4t<\/td>\n<td>30 ml<\/td>\n<\/tr>\n<tr style=\"height: 13.50pt;\">\n<td style=\"height: 13.50pt;\" height=\"18\">Abmessungen<\/td>\n<td>41\u00d786mm (Durchmesser \u00d7 H\u00f6he)<\/td>\n<\/tr>\n<tr style=\"height: 13.50pt;\">\n<td style=\"height: 13.50pt;\" height=\"18\">Material<\/td>\n<td>Pumpenbaugruppe aus mattiertem, wei\u00dfem Glas und vergoldetem Metall<\/td>\n<\/tr>\n<tr style=\"height: 13.50pt;\">\n<td style=\"height: 13.50pt;\" height=\"18\">Flaschenform<\/td>\n<td>Abgerundeter Zylinder<\/td>\n<\/tr>\n<tr style=\"height: 13.50pt;\">\n<td style=\"height: 13.50pt;\" height=\"18\">Anpassungsumfang<\/td>\n<td>Gr\u00f6\u00dfe, Farbe, Deckel, Form<\/td>\n<\/tr>\n<tr style=\"height: 13.50pt;\">\n<td style=\"height: 13.50pt;\" height=\"18\">Handwerkskunst<\/td>\n<td>Pr\u00e4zisionsglasformung mit mattierter Oberfl\u00e4chenbehandlung<\/td>\n<\/tr>\n<tr style=\"height: 13.50pt;\">\n<td style=\"height: 13.50pt;\" height=\"18\">Produktzweck<\/td>\n<td>Flaschen f\u00fcr Gesichtsserum, leere Lotionflaschen<\/td>\n<\/tr>\n<tr style=\"height: 13.50pt;\">\n<td style=\"height: 13.50pt;\" height=\"18\">Geeignete Branchen<\/td>\n<td>Luxuri\u00f6se Hautpflegemarken, erstklassige Hotelausstattung<\/td>\n<\/tr>\n<\/tbody>\n<\/table>\n<h2>Erfolgsgeschichte: Das Signature-Serum einer franz\u00f6sischen Hautpflegemarke<\/h2>\n<p>Eine franz\u00f6sische Hautpflegemarke w\u00e4hlte eine kleine, mattwei\u00dfe 30-ml-Lotionflasche und versah sie mit einem goldenen Pumpspender. Das luxuri\u00f6se Erscheinungsbild steigerte die Qualit\u00e4t der Verpackung um 60 Prozent. Die Dosierung von 0,3 ml ist durch den Pumpspender pr\u00e4zise festgelegt, und die Erw\u00e4hnung des Flaschendesigns in den sozialen Medien nahm um 40 Prozent zu. Die Marke erzielte damit Erfolg und platzierte innerhalb von drei Jahren weitere 1,2 Millionen Flaschen als exklusive Verpackung ihrer Serumlinie.<\/p>\n<h2>Alternativen zur individuellen Gestaltung leerer Lotionflaschen<\/h2>\n<ul>\n<li>Ausf\u00fchrung des Pumpenkopfes: Die Pumpenk\u00f6pfe sind in Ros\u00e9gold, geb\u00fcrstetem Silber, Mattschwarz oder poliertem Chrom erh\u00e4ltlich.<\/li>\n<li>Lasergravur: Feine Muster, Chargennummern oder Markenlogos werden auf dem unteren Teil der Flasche eingraviert.<\/li>\n<li>Kalibrierung des Pumpenkopfes: Der goldene Pumpenkopf sollte auf nahezu hundert Prozent kalibriert werden, um ein Verspr\u00fchen der Markenformel zu verhindern.<\/li>\n<\/ul>","protected":false},"excerpt":{"rendered":"<p>Hochwertige, leere Lotionflaschen mit mattwei\u00dfer Oberfl\u00e4che und Metallpumpkopf. Kompakte, kleine Lotionflasche, ideal f\u00fcr Kosmetikverpackungen. Gratisproben erh\u00e4ltlich.<\/p>","protected":false},"featured_media":5984,"template":"","meta":{"postBodyCss":"","postBodyMargin":[],"postBodyPadding":[],"postBodyBackground":{"backgroundType":"classic","gradient":""}},"product_brand":[],"product_cat":[105,15,16],"product_tag":[],"class_list":{"0":"post-5983","1":"product","2":"type-product","3":"status-publish","4":"has-post-thumbnail","6":"product_cat-glass-lotion-bottles","7":"product_cat-glass-containers","8":"product_cat-glass-bottles","10":"first","11":"instock","12":"shipping-taxable","13":"product-type-simple"},"jetpack_sharing_enabled":true,"_links":{"self":[{"href":"https:\/\/minghanggroup.com\/de\/wp-json\/wp\/v2\/product\/5983","targetHints":{"allow":["GET"]}}],"collection":[{"href":"https:\/\/minghanggroup.com\/de\/wp-json\/wp\/v2\/product"}],"about":[{"href":"https:\/\/minghanggroup.com\/de\/wp-json\/wp\/v2\/types\/product"}],"wp:featuredmedia":[{"embeddable":true,"href":"https:\/\/minghanggroup.com\/de\/wp-json\/wp\/v2\/media\/5984"}],"wp:attachment":[{"href":"https:\/\/minghanggroup.com\/de\/wp-json\/wp\/v2\/media?parent=5983"}],"wp:term":[{"taxonomy":"product_brand","embeddable":true,"href":"https:\/\/minghanggroup.com\/de\/wp-json\/wp\/v2\/product_brand?post=5983"},{"taxonomy":"product_cat","embeddable":true,"href":"https:\/\/minghanggroup.com\/de\/wp-json\/wp\/v2\/product_cat?post=5983"},{"taxonomy":"product_tag","embeddable":true,"href":"https:\/\/minghanggroup.com\/de\/wp-json\/wp\/v2\/product_tag?post=5983"}],"curies":[{"name":"wp","href":"https:\/\/api.w.org\/{rel}","templated":true}]}}