{"id":5963,"date":"2026-03-10T11:36:19","date_gmt":"2026-03-10T03:36:19","guid":{"rendered":"https:\/\/minghanggroup.com\/?post_type=product&#038;p=5963"},"modified":"2026-03-10T11:36:21","modified_gmt":"2026-03-10T03:36:21","slug":"curved-glass-roller-ball-bottles-with-dome-caps-bulk","status":"publish","type":"product","link":"https:\/\/minghanggroup.com\/de\/produkt\/curved-glass-roller-ball-bottles-with-dome-caps-bulk\/","title":{"rendered":"30 ml und 50 ml gebogene Glas-Rollkugelflaschen mit Domverschluss (Gro\u00dfpackung)"},"content":{"rendered":"<p>Hierbei handelt es sich um geschwungene, kompakte Rollflaschen aus Glas mit kleinem Fassungsverm\u00f6gen. Die Flasche ist lang und schlank, und ihre Seiten sind f\u00fcr mehr Stabilit\u00e4t leicht strukturiert. Sie ist aus Glas gefertigt und in Klarglas, Rotverlaufsglas sowie in mattiertem Glas erh\u00e4ltlich, um verschiedene optische Effekte zu erzielen. Der schlichte, aber dekorative Kuppelverschluss ist mit einer hochgl\u00e4nzenden, galvanisierten Beschichtung versehen, \u00fcblicherweise in Gold oder Schwarz. Die Flaschen eignen sich ideal f\u00fcr punktuelle Anwendungen und den Transport von fl\u00fcssigen Produkten wie \u00e4therischen \u00d6len, Parf\u00fcm\u00f6len und Aromatherapie\u00f6len.<\/p>\n<h2>Produktmerkmale<\/h2>\n<ul>\n<li><strong>Gestaltung gebogener Flaschen:<\/strong> Der Glask\u00f6rper ist in eleganten Kurven mit leichten Rillen gestaltet, die ihm ein dekoratives Aussehen verleihen.<\/li>\n<li><strong>Galvanisierte Kuppelkappe:<\/strong> Gl\u00e4nzende, kuppelf\u00f6rmige Verschl\u00fcsse in Metallic-Optik verleihen der Flasche ein hochwertiges Aussehen.<\/li>\n<li><strong>Verschiedene Glasoberfl\u00e4chen:<\/strong> Es gibt verschiedene Glasausf\u00fchrungen; je nach Branding-Stil kann es sich um Klarglas, farbiges oder mattiertes Glas handeln.<\/li>\n<\/ul>\n<h2>Wichtigste Spezifikationen<\/h2>\n<table style=\"border-collapse: collapse; width: 80%; margin-left: auto; margin-right: auto;\" border=\"0\" width=\"360\" cellspacing=\"0\" cellpadding=\"0\">\n<tbody>\n<tr style=\"height: 13.50pt;\">\n<td style=\"height: 13.5pt; width: 54pt; text-align: center;\" width=\"72\" height=\"18\">Fassungsverm\u00f6gen (ml)<\/td>\n<td style=\"width: 54pt; text-align: center;\" width=\"72\">Halsdurchmesser (cm)<\/td>\n<td style=\"width: 54pt; text-align: center;\" width=\"72\">Beenden<\/td>\n<td style=\"width: 54pt; text-align: center;\" width=\"72\">Walzenmaterial<\/td>\n<td style=\"width: 54pt; text-align: center;\" width=\"72\">Kappenfarbe<\/td>\n<\/tr>\n<tr style=\"height: 13.50pt;\">\n<td style=\"height: 13.5pt; text-align: center;\" align=\"right\" height=\"18\">30<\/td>\n<td style=\"text-align: center;\" align=\"right\">4<\/td>\n<td class=\"et2\" style=\"text-align: center;\" rowspan=\"2\">Mattiert\/Transparent\/Farbverlauf<\/td>\n<td class=\"et2\" style=\"text-align: center;\" rowspan=\"2\">Glas\/Edelstahl\/Kunststoff<\/td>\n<td class=\"et2\" style=\"text-align: center;\" rowspan=\"2\">Schwarz\/Gold<\/td>\n<\/tr>\n<tr style=\"height: 13.50pt;\">\n<td style=\"height: 13.5pt; text-align: center;\" align=\"right\" height=\"18\">50<\/td>\n<td style=\"text-align: center;\" align=\"right\">4.5<\/td>\n<\/tr>\n<\/tbody>\n<\/table>\n<h2>Erfolgsbeispiel<\/h2>\n<p>Eine unserer 30-ml-Rollerballflaschen aus gebogenem Glas wurde von einem Vertriebspartner f\u00fcr Parfums und \u00e4therische \u00d6le im Nahen Osten eingesetzt, da sie ideal zum gew\u00fcnschten hochwertigen Markenimage passte. Um die verschiedenen Duftrichtungen zu unterscheiden, bestellten sie zwei Glassorten: klares und tiefrotes Farbverlaufsglas. Der Verschluss wurde durch einen vergoldeten Kuppelverschluss ersetzt, was die Flasche noch luxuri\u00f6ser wirken l\u00e4sst. Das Markenlogo ist mit einer exzellenten Goldfolienpr\u00e4gung auf der Flaschenoberfl\u00e4che versehen.<\/p>\n<p>Nach Einf\u00fchrung der neuen Verpackung verzeichnete der Vertriebsh\u00e4ndler im ersten Quartal ein Umsatzwachstum von 35 Prozent. Die Resonanz des Marktes war so positiv, dass innerhalb eines Jahres f\u00fcnf gro\u00dfe Nachbestellungen aufgegeben und das Sortiment um weitere Duftstoffe erweitert wurde.<\/p>\n<h2>Anpassungsoptionen<\/h2>\n<ol>\n<li><strong>Optimale Oberfl\u00e4chenqualit\u00e4t der Kuppelkappen:<\/strong> Um sich im Markt zu positionieren, sollte die Kuppelkappe mit Oberfl\u00e4chenveredelungen wie Gold, Silber, Ros\u00e9gold, Mattschwarz oder gl\u00e4nzender Galvanisierung versehen werden.<\/li>\n<li><strong>Techniken zur Logogestaltung:<\/strong> Verwenden Sie Siebdruck, Hei\u00dfpr\u00e4gung, Lasergravur oder UV-Druck, um Markenlogos und Produktnamen darzustellen.<\/li>\n<li><strong>Auswahlm\u00f6glichkeiten f\u00fcr die inneren Rollenkomponenten:<\/strong> Je nach Produkttyp und Markenwahl bieten wir Rollerkugeln aus Edelstahl, Glas oder Edelsteinen an.<\/li>\n<\/ol>","protected":false},"excerpt":{"rendered":"<p>Rollflaschen aus Glas mit geschwungenem Design und gew\u00f6lbtem Verschluss. Geeignet f\u00fcr \u00d6le oder Parfums. Direkt vom Hersteller, individuelle Anpassungen in gro\u00dfen Mengen m\u00f6glich.<\/p>","protected":false},"featured_media":5970,"template":"","meta":{"postBodyCss":"","postBodyMargin":[],"postBodyPadding":[],"postBodyBackground":{"backgroundType":"classic","gradient":""}},"product_brand":[],"product_cat":[15,104,16],"product_tag":[],"class_list":{"0":"post-5963","1":"product","2":"type-product","3":"status-publish","4":"has-post-thumbnail","6":"product_cat-glass-containers","7":"product_cat-roller-ball-bottles","8":"product_cat-glass-bottles","10":"first","11":"instock","12":"shipping-taxable","13":"product-type-simple"},"jetpack_sharing_enabled":true,"_links":{"self":[{"href":"https:\/\/minghanggroup.com\/de\/wp-json\/wp\/v2\/product\/5963","targetHints":{"allow":["GET"]}}],"collection":[{"href":"https:\/\/minghanggroup.com\/de\/wp-json\/wp\/v2\/product"}],"about":[{"href":"https:\/\/minghanggroup.com\/de\/wp-json\/wp\/v2\/types\/product"}],"wp:featuredmedia":[{"embeddable":true,"href":"https:\/\/minghanggroup.com\/de\/wp-json\/wp\/v2\/media\/5970"}],"wp:attachment":[{"href":"https:\/\/minghanggroup.com\/de\/wp-json\/wp\/v2\/media?parent=5963"}],"wp:term":[{"taxonomy":"product_brand","embeddable":true,"href":"https:\/\/minghanggroup.com\/de\/wp-json\/wp\/v2\/product_brand?post=5963"},{"taxonomy":"product_cat","embeddable":true,"href":"https:\/\/minghanggroup.com\/de\/wp-json\/wp\/v2\/product_cat?post=5963"},{"taxonomy":"product_tag","embeddable":true,"href":"https:\/\/minghanggroup.com\/de\/wp-json\/wp\/v2\/product_tag?post=5963"}],"curies":[{"name":"wp","href":"https:\/\/api.w.org\/{rel}","templated":true}]}}