{"id":5946,"date":"2026-03-09T11:15:22","date_gmt":"2026-03-09T03:15:22","guid":{"rendered":"https:\/\/minghanggroup.com\/?post_type=product&#038;p=5946"},"modified":"2026-03-09T16:30:57","modified_gmt":"2026-03-09T08:30:57","slug":"frosted-oil-roller-ball-bottles-with-wood-style-caps-bulk","status":"publish","type":"product","link":"https:\/\/minghanggroup.com\/de\/produkt\/frosted-oil-roller-ball-bottles-with-wood-style-caps-bulk\/","title":{"rendered":"5 ml und 10 ml \u00d6lrollerflaschen aus mattiertem Glas mit Holzdeckeln (Gro\u00dfpackung)"},"content":{"rendered":"<p>Die mattierten \u00d6lrollerflaschen in schlanker, zylindrischer Form lassen die Farbe der Fl\u00fcssigkeit sanft durchscheinen. Ein Rollmechanismus im Flaschenhals mit Schraubverschluss sorgt f\u00fcr gleichm\u00e4\u00dfiges Auftragen. Der Verschluss ist in hellem Holzoptik gehalten. Diese leeren Rollrollerflaschen eignen sich ideal f\u00fcr die Anwendung und den Transport vor Ort mit \u00e4therischen \u00d6len, Aromatherapie\u00f6len, Parf\u00fcm\u00f6len oder anderen fl\u00fcssigen Duftprodukten.<\/p>\n<h2>Produktmerkmale<\/h2>\n<ul>\n<li><strong>Oberfl\u00e4che aus mattiertem Glas:<\/strong> Die matte Oberfl\u00e4che sorgt f\u00fcr ein angenehmes Griffgef\u00fchl und einen klaren, minimalistischen Look.<\/li>\n<li><strong>Kappe in Naturholzoptik:<\/strong> Die Kappe in Holzoptik tr\u00e4gt zum nat\u00fcrlichen und umweltfreundlichen Stil bei.<\/li>\n<li><strong>Auslaufsicherer Gewindehals:<\/strong> Durch die Verwendung eines Schraubverschlusses kann ein Auslaufen verhindert werden, um sicherzustellen, dass das Produkt w\u00e4hrend der Lagerung und des Transports nicht ausl\u00e4uft.<\/li>\n<\/ul>\n<h2>Wichtigste Spezifikationen<\/h2>\n<table style=\"border-collapse: collapse; width: 80%; margin-left: auto; margin-right: auto;\" border=\"0\" width=\"288\" cellspacing=\"0\" cellpadding=\"0\">\n<tbody>\n<tr style=\"height: 13.50pt;\">\n<td style=\"height: 13.5pt; width: 54pt; text-align: center;\" width=\"72\" height=\"18\">Fassungsverm\u00f6gen (ml)<\/td>\n<td style=\"width: 54pt; text-align: center;\" width=\"72\">Halsdurchmesser<\/td>\n<td style=\"width: 54pt; text-align: center;\" width=\"72\">Beenden<\/td>\n<td style=\"width: 54pt; text-align: center;\" width=\"72\">Kappenart<\/td>\n<\/tr>\n<tr style=\"height: 13.50pt;\">\n<td style=\"height: 13.5pt; text-align: center;\" align=\"right\" height=\"18\">5<\/td>\n<td class=\"et2\" style=\"text-align: center;\" rowspan=\"2\">2,0 cm<\/td>\n<td class=\"et2\" style=\"text-align: center;\" rowspan=\"2\">Gefrostet<\/td>\n<td class=\"et2\" style=\"text-align: center;\" rowspan=\"2\">Holz<\/td>\n<\/tr>\n<tr style=\"height: 13.50pt;\">\n<td style=\"height: 13.5pt; text-align: center;\" align=\"right\" height=\"18\">10<\/td>\n<\/tr>\n<\/tbody>\n<\/table>\n<h2>Erfolgsbeispiel<\/h2>\n<p>Eine kanadische Marke f\u00fcr nat\u00fcrliche Aromatherapie brachte eine neue Reisegr\u00f6\u00dfe \u00e4therischer \u00d6le auf den Markt und entschied sich f\u00fcr unsere 10-ml-Rollerflasche aus mattiertem Glas mit Holzmaserung am Deckel. Sie w\u00e4hlten eine Edelstahlkugel f\u00fcr ein sanfteres Auftragen und eine bessere Vertr\u00e4glichkeit mit dickfl\u00fcssigeren \u00e4therischen \u00d6lmischungen. Zus\u00e4tzlich boten wir den Siebdruck ihres Markenlogos in Dunkelgr\u00fcn an. Innerhalb von vier Monaten nach Einf\u00fchrung der neuen Verpackung verzeichnete die Marke einen Anstieg der Online-Verk\u00e4ufe um 31 Prozent. Aufgrund des hervorragenden Feedbacks zum Verpackungsdesign und der Benutzerfreundlichkeit erteilte sie innerhalb eines Jahres vier gr\u00f6\u00dfere Nachbestellungen, wodurch ihr Gesamtumsatz um fast 55 Prozent stieg.<\/p>\n<h2>Anpassungsoptionen<\/h2>\n<ol>\n<li><strong>Bedrucken von mattierten Oberfl\u00e4chen:<\/strong> Logodruck: Mittels Siebdruck, UV-Druck oder Hei\u00dfpr\u00e4gung kann die R\u00fcckseite des matten Glases so bedruckt werden, dass das Logo gut als Marke erkennbar ist.<\/li>\n<li><strong>Verbesserung der Flaschenwandst\u00e4rke:<\/strong> Durch die Erh\u00f6hung der Glasdicke wird das Gewicht der Flasche erh\u00f6ht, was sie haltbarer macht und ihr ein hochwertigeres Gewicht verleiht.<\/li>\n<li><strong>Mattes Farbspray-Finish:<\/strong> Ersetzen Sie die transparente, mattierte Optik durch matte Farboberfl\u00e4chen wie Beige, Salbeigr\u00fcn oder Mattschwarz.<\/li>\n<\/ol>","protected":false},"excerpt":{"rendered":"<p>Minimalistische Rollflaschen aus mattiertem Glas mit Deckeln in Holzoptik. Hochwertige, leere Rollflaschen f\u00fcr \u00e4therische \u00d6le. Direkt vom Hersteller, auch in gro\u00dfen Mengen und mit individuellen Optionen erh\u00e4ltlich.<\/p>","protected":false},"featured_media":5957,"template":"","meta":{"postBodyCss":"","postBodyMargin":[],"postBodyPadding":[],"postBodyBackground":{"backgroundType":"classic","gradient":""}},"product_brand":[],"product_cat":[15,16,104],"product_tag":[],"class_list":{"0":"post-5946","1":"product","2":"type-product","3":"status-publish","4":"has-post-thumbnail","6":"product_cat-glass-containers","7":"product_cat-glass-bottles","8":"product_cat-roller-ball-bottles","10":"first","11":"instock","12":"shipping-taxable","13":"product-type-simple"},"jetpack_sharing_enabled":true,"_links":{"self":[{"href":"https:\/\/minghanggroup.com\/de\/wp-json\/wp\/v2\/product\/5946","targetHints":{"allow":["GET"]}}],"collection":[{"href":"https:\/\/minghanggroup.com\/de\/wp-json\/wp\/v2\/product"}],"about":[{"href":"https:\/\/minghanggroup.com\/de\/wp-json\/wp\/v2\/types\/product"}],"wp:featuredmedia":[{"embeddable":true,"href":"https:\/\/minghanggroup.com\/de\/wp-json\/wp\/v2\/media\/5957"}],"wp:attachment":[{"href":"https:\/\/minghanggroup.com\/de\/wp-json\/wp\/v2\/media?parent=5946"}],"wp:term":[{"taxonomy":"product_brand","embeddable":true,"href":"https:\/\/minghanggroup.com\/de\/wp-json\/wp\/v2\/product_brand?post=5946"},{"taxonomy":"product_cat","embeddable":true,"href":"https:\/\/minghanggroup.com\/de\/wp-json\/wp\/v2\/product_cat?post=5946"},{"taxonomy":"product_tag","embeddable":true,"href":"https:\/\/minghanggroup.com\/de\/wp-json\/wp\/v2\/product_tag?post=5946"}],"curies":[{"name":"wp","href":"https:\/\/api.w.org\/{rel}","templated":true}]}}