{"id":5940,"date":"2026-03-06T13:46:54","date_gmt":"2026-03-06T05:46:54","guid":{"rendered":"https:\/\/minghanggroup.com\/?post_type=product&#038;p=5940"},"modified":"2026-03-06T13:46:56","modified_gmt":"2026-03-06T05:46:56","slug":"colorful-glass-roller-essential-oil-bottles-with-caps-bulk","status":"publish","type":"product","link":"https:\/\/minghanggroup.com\/de\/produkt\/colorful-glass-roller-essential-oil-bottles-with-caps-bulk\/","title":{"rendered":"3 ml \u2013 12 ml bunte Glasfl\u00e4schchen f\u00fcr \u00e4therische \u00d6le mit Rollverschluss (Gro\u00dfpackung)"},"content":{"rendered":"<p>Diese Roll-on-Flaschenlinie ist in verschiedenen Farben erh\u00e4ltlich, darunter Hellbernstein, Rauchgrau, Rosa und Aquablau, wodurch die gesamte Produktlinie ein lebendiges und ansprechendes Aussehen erh\u00e4lt. Alle Flaschen verf\u00fcgen \u00fcber einen Rollkugel-Applikator am Flaschenhals, mit dem die fl\u00fcssigen \u00d6le sanft und pr\u00e4zise auf die Haut aufgetragen werden k\u00f6nnen. Die Serie umfasst kleine Gr\u00f6\u00dfen zwischen 3 ml und 12 ml und eignet sich zur Aufbewahrung von \u00e4therischen \u00d6lmischungen, Parfums, Aromatherapiel\u00f6sungen, Seren und pers\u00f6nlichen D\u00fcften.<\/p>\n<h2>Produktmerkmale<\/h2>\n<ul>\n<li><strong>Achteckige Form des Bodens:<\/strong> Die Flasche hat eine achteckige Form und einen verdickten Boden, wodurch sie stabil steht und nicht umkippen kann.<\/li>\n<li><strong>Mehrfarbige Klarglasflaschen:<\/strong> Die Flaschen werden in vielen verschiedenen Farben des transparenten Glases angeboten, wie zum Beispiel Bernstein, Rauchgrau, Rosa und Blau, und sie zeigen das darin enthaltene Produkt, wodurch verschiedene Produktlinien entstehen.<\/li>\n<li><strong>Herausnehmbare Kugelrollenstruktur:<\/strong> Die Kugelstruktur dieses Rollmechanismus ist in der Regel abnehmbar, sodass man die \u00e4therischen \u00d6le oder Parf\u00fcm\u00f6le leicht einf\u00fcllen und ihn anschlie\u00dfend einfach reinigen und wiederverwenden kann.<\/li>\n<\/ul>\n<h2>Wichtigste Spezifikationen<\/h2>\n<table style=\"border-collapse: collapse; width: 80%; margin-left: AUTO; margin-right: auto;\" border=\"0\" width=\"288\" cellspacing=\"0\" cellpadding=\"0\">\n<tbody>\n<tr style=\"height: 13.50pt;\">\n<td style=\"height: 13.5pt; width: 54pt; text-align: center;\" width=\"72\" height=\"18\">Fassungsverm\u00f6gen (ml)<\/td>\n<td style=\"width: 54pt; text-align: center;\" width=\"72\">Abmessungen (cm)<\/td>\n<td style=\"width: 54pt; text-align: center;\" width=\"72\">Farboptionen<\/td>\n<td style=\"width: 54pt; text-align: center;\" width=\"72\">Walzenmaterial<\/td>\n<\/tr>\n<tr style=\"height: 13.50pt;\">\n<td style=\"height: 13.5pt; text-align: center;\" align=\"right\" height=\"18\">3<\/td>\n<td style=\"text-align: center;\">1,8 \u00d7 5,4<\/td>\n<td class=\"et2\" style=\"text-align: center;\" rowspan=\"4\">Rosa, Schwarz, Gelb, Orange, Blau, Gr\u00fcn<\/td>\n<td class=\"et2\" style=\"text-align: center;\" rowspan=\"4\">Glas\/Edelstahl<\/td>\n<\/tr>\n<tr style=\"height: 13.50pt;\">\n<td style=\"height: 13.5pt; text-align: center;\" align=\"right\" height=\"18\">6<\/td>\n<td style=\"text-align: center;\">2,2 \u00d7 6,0<\/td>\n<\/tr>\n<tr style=\"height: 13.50pt;\">\n<td style=\"height: 13.5pt; text-align: center;\" align=\"right\" height=\"18\">10<\/td>\n<td style=\"text-align: center;\">2,5 \u00d7 6,6<\/td>\n<\/tr>\n<tr style=\"height: 13.50pt;\">\n<td style=\"height: 13.5pt; text-align: center;\" align=\"right\" height=\"18\">12<\/td>\n<td style=\"text-align: center;\">1,8 \u00d7 5,4<\/td>\n<\/tr>\n<\/tbody>\n<\/table>\n<h2>Erfolgsbeispiel<\/h2>\n<p>Unsere achteckige 10-ml-Glasflasche mit Rollkugel wurde von einer Boutique-Marke f\u00fcr \u00e4therische \u00d6le zur Aromatherapie als Basisverpackung ausgew\u00e4hlt. Sie ist in Hellrosa und Aquamarin gehalten und mit einer kleinen, edelsteinartigen Verzierung auf dem galvanisierten Goldverschluss versehen. Zudem haben wir die Rollkugel durch Edelstahl ersetzt, um die Anwendung angenehmer und die Haltbarkeit zu verbessern.<\/p>\n<p>Nach Einf\u00fchrung der personalisierten Verpackung verbesserte sich die Haltbarkeit in den Partnerboutiquen um fast 30 Prozent. Die limitierte Kollektion war innerhalb von zwei Monaten ausverkauft.<\/p>\n<h2>Anpassungsoptionen<\/h2>\n<ol>\n<li><strong>Verschlussart und Oberfl\u00e4chenbehandlung:<\/strong> \u00c4ndern Sie die Kappe in verschiedene Stile mit unterschiedlichen Oberfl\u00e4chen, wie z. B. Gold, Silber, Mattschwarz, Ros\u00e9gold oder galvanisierte Farbe oder Oberfl\u00e4che, um der Kappe ein hochwertiges Aussehen zu verleihen.<\/li>\n<li><strong>Material der Walzenkugel:<\/strong> Die Kugelrollen k\u00f6nnen aus Edelstahl, Glas oder Edelstein (z. B. Jade oder Rosenquarz) gefertigt sein, um verschiedenen Produktpositionen gerecht zu werden.<\/li>\n<li><strong>Logodruck: <\/strong>Dies erm\u00f6glicht die Anwendung von Siebdruck, Hei\u00dfpr\u00e4gung oder UV-Druck, sodass Markenlogos, Muster oder Produktnamen auf die Oberfl\u00e4che der Flaschen gedruckt werden k\u00f6nnen.<\/li>\n<\/ol>","protected":false},"excerpt":{"rendered":"<p>Die Rollflaschen f\u00fcr \u00e4therische \u00d6le sind aus robustem Glas gefertigt und in farbenfroher, achteckiger Form erh\u00e4ltlich. Individuelle Gro\u00dfbestellungen sind m\u00f6glich. Kostenlose Muster.<\/p>","protected":false},"featured_media":5944,"template":"","meta":{"postBodyCss":"","postBodyMargin":[],"postBodyPadding":[],"postBodyBackground":{"backgroundType":"classic","gradient":""}},"product_brand":[],"product_cat":[15,104,16],"product_tag":[],"class_list":{"0":"post-5940","1":"product","2":"type-product","3":"status-publish","4":"has-post-thumbnail","6":"product_cat-glass-containers","7":"product_cat-roller-ball-bottles","8":"product_cat-glass-bottles","10":"first","11":"instock","12":"shipping-taxable","13":"product-type-simple"},"jetpack_sharing_enabled":true,"_links":{"self":[{"href":"https:\/\/minghanggroup.com\/de\/wp-json\/wp\/v2\/product\/5940","targetHints":{"allow":["GET"]}}],"collection":[{"href":"https:\/\/minghanggroup.com\/de\/wp-json\/wp\/v2\/product"}],"about":[{"href":"https:\/\/minghanggroup.com\/de\/wp-json\/wp\/v2\/types\/product"}],"wp:featuredmedia":[{"embeddable":true,"href":"https:\/\/minghanggroup.com\/de\/wp-json\/wp\/v2\/media\/5944"}],"wp:attachment":[{"href":"https:\/\/minghanggroup.com\/de\/wp-json\/wp\/v2\/media?parent=5940"}],"wp:term":[{"taxonomy":"product_brand","embeddable":true,"href":"https:\/\/minghanggroup.com\/de\/wp-json\/wp\/v2\/product_brand?post=5940"},{"taxonomy":"product_cat","embeddable":true,"href":"https:\/\/minghanggroup.com\/de\/wp-json\/wp\/v2\/product_cat?post=5940"},{"taxonomy":"product_tag","embeddable":true,"href":"https:\/\/minghanggroup.com\/de\/wp-json\/wp\/v2\/product_tag?post=5940"}],"curies":[{"name":"wp","href":"https:\/\/api.w.org\/{rel}","templated":true}]}}