{"id":5930,"date":"2026-03-06T11:30:43","date_gmt":"2026-03-06T03:30:43","guid":{"rendered":"https:\/\/minghanggroup.com\/?post_type=product&#038;p=5930"},"modified":"2026-03-05T13:37:17","modified_gmt":"2026-03-05T05:37:17","slug":"gourd-design-amber-glass-roller-bottles-bulk","status":"publish","type":"product","link":"https:\/\/minghanggroup.com\/de\/produkt\/gourd-design-amber-glass-roller-bottles-bulk\/","title":{"rendered":"10 ml \u2013 100 ml Braunglas-Rollflaschen im K\u00fcrbis-Design (Gro\u00dfpackung)"},"content":{"rendered":"<p>Diese Rollflaschen aus Glas sind von besonderer Art: Sie haben eine doppelte, kugelf\u00f6rmige Form und sind aus bernsteinfarbenem Glas gefertigt. Sie sind in f\u00fcnf verschiedenen Gr\u00f6\u00dfen erh\u00e4ltlich und verf\u00fcgen \u00fcber eine leichtg\u00e4ngige Metallkugel, die sich \u00fcberall und jederzeit verwenden l\u00e4sst.<\/p>\n<h2>Produktmerkmale<\/h2>\n<ul>\n<li><strong>K\u00fcrbisf\u00f6rmiges Design:<\/strong> Die Kalebasse hat eine zweischichtige, runde Form mit glatten, abgerundeten Linien, die das traditionelle Design mit einem komfortablen Griff verbinden.<\/li>\n<li><strong>Lichtundurchl\u00e4ssiges Glas (bernsteinfarben):<\/strong> Diese Art von Glas besteht aus bernsteinfarbenem und dunkelbraunem Glas und wird haupts\u00e4chlich bei der Abscheidung von UV-Strahlen in Fl\u00fcssigkeiten verwendet, die aktive, leicht oxidierbare Bestandteile wie \u00e4therische \u00d6le enthalten.<\/li>\n<li><strong>Praktische Anwendung von Rollerballs:<\/strong> Der Rollapplikator aus Metallmischung erm\u00f6glicht ein sauberes, gezieltes und kontrolliertes Auftragen auf die Haut.<\/li>\n<\/ul>\n<h2 style=\"text-align: left;\">Wichtigste Spezifikationen<\/h2>\n<table class=\"aligncenter\" style=\"border-collapse: collapse; width: 450.77pt;\" border=\"0\" width=\"601\" cellspacing=\"0\" cellpadding=\"0\">\n<tbody>\n<tr style=\"height: 13.50pt;\">\n<td style=\"height: 13.50pt; width: 115.50pt;\" width=\"154\" height=\"18\">Specification<\/td>\n<td style=\"width: 335.25pt;\" width=\"447\">Details<\/td>\n<\/tr>\n<tr style=\"height: 13.50pt;\">\n<td style=\"height: 13.50pt;\" height=\"18\">Kapazit\u00e4t<\/td>\n<td>10 ml, 20 ml, 30 ml, 50 ml, 100 ml<\/td>\n<\/tr>\n<tr style=\"height: 13.50pt;\">\n<td style=\"height: 13.50pt;\" height=\"18\">Abmessungen<\/td>\n<td>3,2 \u00d7 5,5 cm bis 6 \u00d7 11,4 cm (Durchmesser \u00d7 H\u00f6he)<\/td>\n<\/tr>\n<tr style=\"height: 13.50pt;\">\n<td style=\"height: 13.50pt;\" height=\"18\">Material<\/td>\n<td>Farbverlaufendes bernsteinfarbenes Glas<\/td>\n<\/tr>\n<tr style=\"height: 13.50pt;\">\n<td style=\"height: 13.50pt;\" height=\"18\">Flaschenform<\/td>\n<td>Traditionelle Doppelkugel-K\u00fcrbisform<\/td>\n<\/tr>\n<tr style=\"height: 13.50pt;\">\n<td style=\"height: 13.50pt;\" height=\"18\">Anpassungsumfang<\/td>\n<td>Form, Farbe, Material der Kugel, Gr\u00f6\u00dfe<\/td>\n<\/tr>\n<tr style=\"height: 13.50pt;\">\n<td style=\"height: 13.50pt;\" height=\"18\">Handwerkskunst<\/td>\n<td>Komplexe Glasbl\u00e4serei f\u00fcr K\u00fcrbisform und Farbverlauf<\/td>\n<\/tr>\n<tr style=\"height: 13.50pt;\">\n<td style=\"height: 13.50pt;\" height=\"18\">Produktzweck<\/td>\n<td>Fl\u00e4schchen f\u00fcr \u00e4therische \u00d6le, Rollflaschen<\/td>\n<\/tr>\n<tr style=\"height: 13.50pt;\">\n<td style=\"height: 13.50pt;\" height=\"18\">Geeignete Branchen<\/td>\n<td>Wellness-Marken, Aromatherapie-Unternehmen<\/td>\n<\/tr>\n<\/tbody>\n<\/table>\n<h2>Erfolgsgeschichte: Produktlinie f\u00fcr topische Anwendungen der kalifornischen Gesundheitsmarke<\/h2>\n<p>Unsere 30-ml-Roll-on-Flasche aus Braunglas mit Siebdruckanleitung wurde von einer kalifornischen Gesundheitsmarke ausgew\u00e4hlt, die sich auf pflanzliche, \u00e4u\u00dferlich anzuwendende Pflegeprodukte spezialisiert hat. Dank des UV-Schutzes der Glasflasche konnte die Haltbarkeit der lichtempfindlichen Pflanzeninhaltsstoffe um 40 Prozent verl\u00e4ngert werden. Die k\u00fcrbisf\u00f6rmige Verpackung wurde als Markenzeichen \u00fcbernommen und f\u00fchrte zu einem Umsatzwachstum von 50 Prozent im Online-Direktvertrieb. Die Marke verzeichnete einen enormen Erfolg und bestellte sp\u00e4ter weitere 2 Millionen Flaschen, um sie an f\u00fchrende Apothekenketten im ganzen Land zu vertreiben.<\/p>\n<h2>Vorschl\u00e4ge zur Individualisierung der Rollflaschen<\/h2>\n<ul>\n<li>Material der Rollerballs: Rollerballs sind in Edelstahl, Titan sowie Glas erh\u00e4ltlich, um den unterschiedlichen Anforderungen der Anwender gerecht zu werden.<\/li>\n<li>Farbe von Kappe und Ring: Kunststoffringe und Zierkappen k\u00f6nnen in jeder beliebigen Farbe individuell gestaltet werden.<\/li>\n<li>Siebdruck: Lassen Sie sch\u00f6ne Symbole, kulturelle Symbole oder detaillierte Anweisungen zur Verwendung der Glasflasche darauf drucken.<\/li>\n<\/ul>","protected":false},"excerpt":{"rendered":"<p>Elegante Roll-on-Flasche aus bernsteinfarbenem Glas in einzigartiger K\u00fcrbisform. UV-best\u00e4ndige Rollflaschen, ideal f\u00fcr \u00e4therische \u00d6le. Preise direkt vom Hersteller f\u00fcr Gro\u00dfabnehmer.<\/p>","protected":false},"featured_media":5936,"template":"","meta":{"postBodyCss":"","postBodyMargin":[],"postBodyPadding":[],"postBodyBackground":{"backgroundType":"classic","gradient":""}},"product_brand":[],"product_cat":[15,104,16],"product_tag":[],"class_list":{"0":"post-5930","1":"product","2":"type-product","3":"status-publish","4":"has-post-thumbnail","6":"product_cat-glass-containers","7":"product_cat-roller-ball-bottles","8":"product_cat-glass-bottles","10":"first","11":"instock","12":"shipping-taxable","13":"product-type-simple"},"jetpack_sharing_enabled":true,"_links":{"self":[{"href":"https:\/\/minghanggroup.com\/de\/wp-json\/wp\/v2\/product\/5930","targetHints":{"allow":["GET"]}}],"collection":[{"href":"https:\/\/minghanggroup.com\/de\/wp-json\/wp\/v2\/product"}],"about":[{"href":"https:\/\/minghanggroup.com\/de\/wp-json\/wp\/v2\/types\/product"}],"wp:featuredmedia":[{"embeddable":true,"href":"https:\/\/minghanggroup.com\/de\/wp-json\/wp\/v2\/media\/5936"}],"wp:attachment":[{"href":"https:\/\/minghanggroup.com\/de\/wp-json\/wp\/v2\/media?parent=5930"}],"wp:term":[{"taxonomy":"product_brand","embeddable":true,"href":"https:\/\/minghanggroup.com\/de\/wp-json\/wp\/v2\/product_brand?post=5930"},{"taxonomy":"product_cat","embeddable":true,"href":"https:\/\/minghanggroup.com\/de\/wp-json\/wp\/v2\/product_cat?post=5930"},{"taxonomy":"product_tag","embeddable":true,"href":"https:\/\/minghanggroup.com\/de\/wp-json\/wp\/v2\/product_tag?post=5930"}],"curies":[{"name":"wp","href":"https:\/\/api.w.org\/{rel}","templated":true}]}}