{"id":5929,"date":"2026-03-05T13:23:30","date_gmt":"2026-03-05T05:23:30","guid":{"rendered":"https:\/\/minghanggroup.com\/?post_type=product&#038;p=5929"},"modified":"2026-03-05T16:57:21","modified_gmt":"2026-03-05T08:57:21","slug":"gold-rectangular-empty-roll-on-bottles-bulk","status":"publish","type":"product","link":"https:\/\/minghanggroup.com\/de\/produkt\/gold-rectangular-empty-roll-on-bottles-bulk\/","title":{"rendered":"15 ml leere, rechteckige Roll-on-Flaschen in Goldoptik (Gro\u00dfpackung)"},"content":{"rendered":"<p>Der Roll-on-Flakon f\u00fcr \u00e4therische \u00d6le ist rechteckig und flach. Er besteht aus schwerem, vergoldetem Glas mit metallischem Glanz. Dank des breiten, stabilen Bodens und der geraden Seiten steht der Flakon sicher und ist somit ideal zum Pr\u00e4sentieren. Diese Roll-on-Flakons eignen sich f\u00fcr Parfums, \u00e4therische \u00d6le oder fl\u00fcssige Kosmetika und sind gleicherma\u00dfen praktisch und \u00e4sthetisch.<\/p>\n<h2>Produktmerkmale<\/h2>\n<ul>\n<li><strong>Rechteckiger Glask\u00f6rper mit dicker Wandst\u00e4rke:<\/strong> Quadratische Form mit flachen Seiten und festem Boden, geeignet f\u00fcr aufrechte Positionierung und hochwertige Einzelhandelsverpackungen.<\/li>\n<li><strong>Au\u00dfenfl\u00e4che mit vergoldeter Oberfl\u00e4che:<\/strong> Eine metallische Goldbeschichtung wirkt luxuri\u00f6ser und erzielt eine gr\u00f6\u00dfere Wirkung im Regal.<\/li>\n<li><strong>Verschiedene Kappenmodelle:<\/strong> Es gibt zylindrische Kappen, Rollkugelverschl\u00fcsse und dekorative Deckel im Kronenstil, die je nach den jeweiligen Markenanforderungen verwendet werden k\u00f6nnen.<\/li>\n<\/ul>\n<h2>Wichtigste Spezifikationen<\/h2>\n<table style=\"border-collapse: collapse; width: 80%; margin-left: auto; margin-right: auto;\" border=\"0\" width=\"288\" cellspacing=\"0\" cellpadding=\"0\">\n<tbody>\n<tr style=\"height: 13.50pt;\">\n<td style=\"height: 13.5pt; width: 54pt; text-align: center;\" width=\"72\" height=\"18\">Kapazit\u00e4t<\/td>\n<td style=\"width: 54pt; text-align: center;\" width=\"72\">Durchmesser<\/td>\n<td style=\"width: 54pt; text-align: center;\" width=\"72\">Walzenmaterial<\/td>\n<td style=\"width: 54pt; text-align: center;\" width=\"72\">Beenden<\/td>\n<\/tr>\n<tr style=\"height: 13.50pt;\">\n<td style=\"height: 13.5pt; text-align: center;\" height=\"18\">15 ml<\/td>\n<td style=\"text-align: center;\">3,7 cm<\/td>\n<td style=\"text-align: center;\">Glas\/Edelstahl<\/td>\n<td style=\"text-align: center;\">Vergoldet<\/td>\n<\/tr>\n<\/tbody>\n<\/table>\n<h2>Erfolgsbeispiel<\/h2>\n<p>Eines der renommiertesten Parf\u00fcmh\u00e4user entschied sich f\u00fcr unseren rechteckigen Flakon mit Rollen und vergoldeten Glaslagern, da er einige besondere Merkmale aufweisen sollte. Der Siebdruck wurde \u00fcberarbeitet, um das traditionelle arabische Muster so darzustellen, dass es langlebig und farbecht ist. Um ein Auslaufen w\u00e4hrend des internationalen Transports bei hohen Temperaturen zu verhindern, wurden Edelstahl-Rollenlager mit engeren Toleranzen am Flaschenhals gew\u00e4hlt. Zudem wurde ein speziell angefertigter Kronkorken entworfen, auf dem das Markenlogo eingraviert ist.<\/p>\n<p>Nach Einf\u00fchrung der ma\u00dfgeschneiderten Verpackung stieg der durchschnittliche Bestellwert um 36 Prozent, w\u00e4hrend die durch Warenverluste bedingte Retourenquote um 31 Prozent sank. Dies f\u00fchrte in den drei Quartalen zu einem anhaltend hohen Lagerbestand.<\/p>\n<h2>Optionen zur individuellen Gestaltung leerer Roll-On-Flaschen<\/h2>\n<ol>\n<li><strong>Anpassung der Frontplattengrafik:<\/strong> Das aktuelle Ziermuster wird durch exklusive Kundendesigns ersetzt, die mittels Hei\u00dfpr\u00e4gung oder Hochtemperatur-Siebdruck hergestellt werden, um eine lange Haltbarkeit zu gew\u00e4hrleisten.<\/li>\n<li><strong>Materialverbesserung f\u00fcr die Walzenkugel:<\/strong> Je nach Viskosit\u00e4tsgrad des \u00d6ls und den Anforderungen an ein hochwertiges Markenimage bieten wir Kugelrollen aus Edelstahl, Edelsteinen oder Glas an.<\/li>\n<li><strong>Anpassung der Glasdicke:<\/strong> Durch die Erh\u00f6hung der Dicke des Sockels wird mehr Gewicht und Stabilit\u00e4t erzielt, was dem Griff ein seri\u00f6seres und luxuri\u00f6seres Gef\u00fchl verleiht.<\/li>\n<\/ol>","protected":false},"excerpt":{"rendered":"<p>Leere Roll-on-Flaschen mit Goldfinish und verziertem Dekor. Robuste Roll-on-Flaschen f\u00fcr \u00e4therische \u00d6le, direkt vom Hersteller, kostenlose Muster und individuelle Mengenbestellungen m\u00f6glich.<\/p>","protected":false},"featured_media":5934,"template":"","meta":{"postBodyCss":"","postBodyMargin":[],"postBodyPadding":[],"postBodyBackground":{"backgroundType":"classic","gradient":""}},"product_brand":[],"product_cat":[15,104,16],"product_tag":[],"class_list":{"0":"post-5929","1":"product","2":"type-product","3":"status-publish","4":"has-post-thumbnail","6":"product_cat-glass-containers","7":"product_cat-roller-ball-bottles","8":"product_cat-glass-bottles","10":"first","11":"instock","12":"shipping-taxable","13":"product-type-simple"},"jetpack_sharing_enabled":true,"_links":{"self":[{"href":"https:\/\/minghanggroup.com\/de\/wp-json\/wp\/v2\/product\/5929","targetHints":{"allow":["GET"]}}],"collection":[{"href":"https:\/\/minghanggroup.com\/de\/wp-json\/wp\/v2\/product"}],"about":[{"href":"https:\/\/minghanggroup.com\/de\/wp-json\/wp\/v2\/types\/product"}],"wp:featuredmedia":[{"embeddable":true,"href":"https:\/\/minghanggroup.com\/de\/wp-json\/wp\/v2\/media\/5934"}],"wp:attachment":[{"href":"https:\/\/minghanggroup.com\/de\/wp-json\/wp\/v2\/media?parent=5929"}],"wp:term":[{"taxonomy":"product_brand","embeddable":true,"href":"https:\/\/minghanggroup.com\/de\/wp-json\/wp\/v2\/product_brand?post=5929"},{"taxonomy":"product_cat","embeddable":true,"href":"https:\/\/minghanggroup.com\/de\/wp-json\/wp\/v2\/product_cat?post=5929"},{"taxonomy":"product_tag","embeddable":true,"href":"https:\/\/minghanggroup.com\/de\/wp-json\/wp\/v2\/product_tag?post=5929"}],"curies":[{"name":"wp","href":"https:\/\/api.w.org\/{rel}","templated":true}]}}