{"id":5924,"date":"2026-03-05T09:26:09","date_gmt":"2026-03-05T01:26:09","guid":{"rendered":"https:\/\/minghanggroup.com\/?post_type=product&#038;p=5924"},"modified":"2026-03-05T11:30:23","modified_gmt":"2026-03-05T03:30:23","slug":"gold-decorated-essential-oil-bottles-with-rollers-bulk","status":"publish","type":"product","link":"https:\/\/minghanggroup.com\/de\/produkt\/gold-decorated-essential-oil-bottles-with-rollers-bulk\/","title":{"rendered":"7 ml und 8 ml goldverzierte Fl\u00e4schchen mit Rollmechanismus f\u00fcr \u00e4therische \u00d6le (Gro\u00dfpackung)"},"content":{"rendered":"<p>Diese \u00e4therischen \u00d6lflaschen mit Rollapplikator bestehen aus transparentem Glas mit feinem Golddekor und einem hochwertigen, vergoldeten Verschluss. Sie sind in zwei verschiedenen Formen erh\u00e4ltlich: geometrisch facettiert und schlank zylindrisch.<\/p>\n<h2>Produktmerkmale<\/h2>\n<ul>\n<li><strong>Luxuri\u00f6se Ausstattung:<\/strong> F\u00fcr eine prunkvolle Dekoration sorgen aufwendige Verzierungen mit Golddrahtmustern und facettiertem oder unregelm\u00e4\u00dfig geformtem Glas.<\/li>\n<li><strong>Zwei besondere Formen:<\/strong> W\u00e4hlen Sie die Form: eine facettenreiche geometrische Form oder eine lange, schlanke zylindrische Form.<\/li>\n<li><strong>Hochreines Glas:<\/strong> Diese aus hochtransparentem Glas gefertigten Flakons lassen erkennen, welche Duftstoffe sich im Inneren befinden und welche prachtvollen Details die goldenen Verzierungen darstellen.<\/li>\n<\/ul>\n<h2 style=\"text-align: left;\">Wichtigste Spezifikationen<\/h2>\n<table class=\"aligncenter\" style=\"border-collapse: collapse; width: 490.52pt;\" border=\"0\" width=\"654\" cellspacing=\"0\" cellpadding=\"0\">\n<tbody>\n<tr style=\"height: 13.50pt;\">\n<td style=\"height: 13.50pt; width: 115.50pt;\" width=\"154\" height=\"18\">Specification<\/td>\n<td style=\"width: 375.00pt;\" width=\"500\">Details<\/td>\n<\/tr>\n<tr style=\"height: 13.50pt;\">\n<td style=\"height: 13.50pt;\" height=\"18\">Kapazit\u00e4t<\/td>\n<td>8 ml (Facettenf\u00f6rmig), 7 ml (Tailliert)<\/td>\n<\/tr>\n<tr style=\"height: 13.50pt;\">\n<td style=\"height: 13.50pt;\" height=\"18\">Abmessungen<\/td>\n<td>2,5 \u00d7 6 cm (facettiert), 2,8 \u00d7 6,6 cm (tailliert)<\/td>\n<\/tr>\n<tr style=\"height: 13.50pt;\">\n<td style=\"height: 13.50pt;\" height=\"18\">Material<\/td>\n<td>Klarglas, vergoldetes Metall<\/td>\n<\/tr>\n<tr style=\"height: 13.50pt;\">\n<td style=\"height: 13.50pt;\" height=\"18\">Flaschenform<\/td>\n<td>Facettenreiche geometrische oder taillierte facettierte S\u00e4ule<\/td>\n<\/tr>\n<tr style=\"height: 13.50pt;\">\n<td style=\"height: 13.50pt;\" height=\"18\">Anpassungsumfang<\/td>\n<td>Farbe, Oberfl\u00e4chenbehandlung, Filigranmuster, Kappen-Design<\/td>\n<\/tr>\n<tr style=\"height: 13.50pt;\">\n<td style=\"height: 13.50pt;\" height=\"18\">Handwerkskunst<\/td>\n<td>Komplexes Glasschneiden und Facettieren<\/td>\n<\/tr>\n<tr style=\"height: 13.50pt;\">\n<td style=\"height: 13.50pt;\" height=\"18\">Produktzweck<\/td>\n<td>Luxuri\u00f6se Parf\u00fcm\u00f6lflaschen, \u00e4therische \u00d6lflaschen mit Roll-on<\/td>\n<\/tr>\n<tr style=\"height: 13.50pt;\">\n<td style=\"height: 13.50pt;\" height=\"18\">Geeignete Branchen<\/td>\n<td>Nischenparf\u00fcmeure, hochwertige Aromatherapie<\/td>\n<\/tr>\n<\/tbody>\n<\/table>\n<h2>Erfolgsgeschichte: Exklusives \u00e4therisches \u00d6l einer Parf\u00fcmmarke aus Dubai<\/h2>\n<p>Eine der in Dubai ans\u00e4ssigen Marken f\u00fcr \u00e4therische \u00d6le entschied sich f\u00fcr unsere multifunktionalen, goldfarbenen Rollflaschen und kreierte daraus eine dunkelblaue Glasflasche mit einem einzigartigen, durchbrochenen Design. Dieses glamour\u00f6se Design entsprach genau den W\u00fcnschen der Kundschaft, weshalb ein Aufpreis von 300 Prozent gegen\u00fcber herk\u00f6mmlichen Flaschen erzielt wurde. Die 7-ml-Gr\u00f6\u00dfe passte zudem ideal zu ihrer luxuri\u00f6sen Duftformel. Der Verkauf der Parf\u00fcm\u00f6llinie war ein Riesenerfolg, der die Marke dazu veranlasste, als exklusiver Abf\u00fcller der drei Premium-Parf\u00fcmlinien eine weitere Bestellung \u00fcber 500.000 Flaschen aufzugeben.<\/p>\n<h2>Personalisierungsoptionen f\u00fcr Roll-on-Flaschen<\/h2>\n<ul>\n<li>Plattierte Oberfl\u00e4chen: Neben der regul\u00e4ren Goldplattierung sind auch Ros\u00e9gold-, Bronze- oder Silberplattierungen erh\u00e4ltlich.<\/li>\n<li>Material f\u00fcr Roll-on-Roller: W\u00e4hlen Sie entweder vergoldete, Sterlingsilber- oder Keramikrollen, um ein bestimmtes Gef\u00fchl zu erzielen.<\/li>\n<li>Blechgr\u00f6\u00dfe und -proportionen: Durch Ver\u00e4ndern der Querschnittsgr\u00f6\u00dfe oder des Winkels einer zylindrischen Form l\u00e4sst sich eine unverwechselbare Form erzeugen.<\/li>\n<\/ul>","protected":false},"excerpt":{"rendered":"<p>Luxuri\u00f6se \u00e4therische \u00d6lflaschen mit Rollverschluss, verziert mit Goldplattierung und kunstvollen Mustern. Elegante Roll-on-Flaschen, ideal f\u00fcr Parfums und \u00d6le. Sofort lieferbar.<\/p>","protected":false},"featured_media":5925,"template":"","meta":{"postBodyCss":"","postBodyMargin":[],"postBodyPadding":[],"postBodyBackground":{"backgroundType":"classic","gradient":""}},"product_brand":[],"product_cat":[15,104,16],"product_tag":[],"class_list":{"0":"post-5924","1":"product","2":"type-product","3":"status-publish","4":"has-post-thumbnail","6":"product_cat-glass-containers","7":"product_cat-roller-ball-bottles","8":"product_cat-glass-bottles","10":"first","11":"instock","12":"shipping-taxable","13":"product-type-simple"},"jetpack_sharing_enabled":true,"_links":{"self":[{"href":"https:\/\/minghanggroup.com\/de\/wp-json\/wp\/v2\/product\/5924","targetHints":{"allow":["GET"]}}],"collection":[{"href":"https:\/\/minghanggroup.com\/de\/wp-json\/wp\/v2\/product"}],"about":[{"href":"https:\/\/minghanggroup.com\/de\/wp-json\/wp\/v2\/types\/product"}],"wp:featuredmedia":[{"embeddable":true,"href":"https:\/\/minghanggroup.com\/de\/wp-json\/wp\/v2\/media\/5925"}],"wp:attachment":[{"href":"https:\/\/minghanggroup.com\/de\/wp-json\/wp\/v2\/media?parent=5924"}],"wp:term":[{"taxonomy":"product_brand","embeddable":true,"href":"https:\/\/minghanggroup.com\/de\/wp-json\/wp\/v2\/product_brand?post=5924"},{"taxonomy":"product_cat","embeddable":true,"href":"https:\/\/minghanggroup.com\/de\/wp-json\/wp\/v2\/product_cat?post=5924"},{"taxonomy":"product_tag","embeddable":true,"href":"https:\/\/minghanggroup.com\/de\/wp-json\/wp\/v2\/product_tag?post=5924"}],"curies":[{"name":"wp","href":"https:\/\/api.w.org\/{rel}","templated":true}]}}