{"id":5913,"date":"2026-03-04T13:37:38","date_gmt":"2026-03-04T05:37:38","guid":{"rendered":"https:\/\/minghanggroup.com\/?post_type=product&#038;p=5913"},"modified":"2026-03-04T13:37:41","modified_gmt":"2026-03-04T05:37:41","slug":"mini-roll-on-perfume-bottles-wholesale","status":"publish","type":"product","link":"https:\/\/minghanggroup.com\/de\/produkt\/mini-roll-on-perfume-bottles-wholesale\/","title":{"rendered":"1 ml \u2013 5 ml Mini-Roll-on-Parf\u00fcmfl\u00e4schchen im Gro\u00dfhandel"},"content":{"rendered":"<p>Sie haben genug von auslaufendem Parf\u00fcm in billigen Rollflaschen? Unsere 5-ml-Roll-on-Parf\u00fcmflaschen l\u00f6sen dieses Problem. Die Roll-on-Glasflaschen sind aus klarem Glas gefertigt \u2013 hochwertig f\u00fcr auslaufsicheren Versand und optimale Aufbewahrung \u00e4therischer \u00d6le. Flaschengr\u00f6\u00dfe: 5 ml (ideal f\u00fcr unterwegs). Rollmechanismus: Pr\u00e4ziser Roll-on-Mechanismus aus Glas.<\/p>\n<h2>Produktmerkmale<\/h2>\n<ul>\n<li><strong>Auswahl an bernsteinfarbenem und klarem Glas:<\/strong> Braunglas kann bei empfindlichen Rezepturen das Licht abschirmen, w\u00e4hrend Klarglas den Vorteil bietet, dass man den Inhalt sofort sehen kann.<\/li>\n<li><strong>Auslaufsichere Schraubverschlusskonstruktion:<\/strong> Ein Gewindehals garantiert eine so dichte Abdichtung, dass Leckagen auch w\u00e4hrend des Transports stark reduziert werden.<\/li>\n<li><strong>Kompakte zylindrische Form:<\/strong> Das schlanke und gerade Design ist daher sehr praktisch f\u00fcr Reisen, da es problemlos in die Tasche oder sogar in die Hosentasche passt.<\/li>\n<\/ul>\n<h2>Wichtigste Spezifikationen<\/h2>\n<table style=\"border-collapse: collapse; width: 80%; margin-left: auto; margin-right: auto;\" border=\"0\" width=\"360\" cellspacing=\"0\" cellpadding=\"0\">\n<tbody>\n<tr style=\"height: 13.50pt;\">\n<td style=\"height: 13.5pt; width: 54pt; text-align: center;\" width=\"72\" height=\"18\">Fassungsverm\u00f6gen (ml)<\/td>\n<td style=\"width: 54pt; text-align: center;\" width=\"72\">Abmessungen (mm)<\/td>\n<td style=\"width: 54pt; text-align: center;\" width=\"72\">Glasfarbe<\/td>\n<td style=\"width: 54pt; text-align: center;\" width=\"72\">Walzenmaterial<\/td>\n<td style=\"width: 54pt; text-align: center;\" width=\"72\">Anwendung<\/td>\n<\/tr>\n<tr style=\"height: 13.50pt;\">\n<td style=\"height: 13.5pt; text-align: center;\" align=\"right\" height=\"18\">1<\/td>\n<td style=\"text-align: center;\">16 \u00d7 7<\/td>\n<td class=\"et2\" style=\"text-align: center;\" rowspan=\"4\">Transparent\/Bernstein<\/td>\n<td class=\"et2\" style=\"text-align: center;\" rowspan=\"4\">Glas\/Edelstahl\/Kunststoff<\/td>\n<td class=\"et2\" style=\"text-align: center;\" rowspan=\"4\">Aufbewahrung von Seren, Essenzen, \u00e4therischen \u00d6len und Parfums<\/td>\n<\/tr>\n<tr style=\"height: 13.50pt;\">\n<td style=\"height: 13.5pt; text-align: center;\" align=\"right\" height=\"18\">2<\/td>\n<td style=\"text-align: center;\">16 \u00d7 11<\/td>\n<\/tr>\n<tr style=\"height: 13.50pt;\">\n<td style=\"height: 13.5pt; text-align: center;\" align=\"right\" height=\"18\">3<\/td>\n<td style=\"text-align: center;\">16 \u00d7 20<\/td>\n<\/tr>\n<tr style=\"height: 13.50pt;\">\n<td style=\"height: 13.5pt; text-align: center;\" align=\"right\" height=\"18\">5<\/td>\n<td style=\"text-align: center;\">16 \u00d7 29<\/td>\n<\/tr>\n<\/tbody>\n<\/table>\n<h2>Erfolgsbeispiel<\/h2>\n<p>Eine Parf\u00fcmmarke, die konzentrierte \u00e4therische \u00d6lmischungen herstellt, bestellte unsere bernsteinfarbenen Rollkugelflaschen zur Aufbewahrung ihrer Proben. Sie entschied sich f\u00fcr eine Edelstahlkugel, um ein sanfteres Auftragen zu erm\u00f6glichen und die Kompatibilit\u00e4t mit \u00f6lhaltigen Formeln zu gew\u00e4hrleisten; der mattschwarze Verschluss unterstreicht die Markenidentit\u00e4t. Logo und Gebrauchsanweisung sind auf die Glasflasche gedruckt und nicht auf dem Etikett angebracht, um ein Abl\u00f6sen zu verhindern.<\/p>\n<p>Die Umstellung von herk\u00f6mmlichen Rollflaschen auf ma\u00dfgefertigte Flaschen f\u00fchrte zu 37 bzw. 45 Prozent weniger Retouren aufgrund von Auslaufen bzw. zu h\u00e4ufigeren Nachbestellungen durch ausl\u00e4ndische H\u00e4ndler. Dies erm\u00f6glichte die Fortsetzung der Gro\u00dfbestellungen \u00fcber mehrere Produktionszyklen hinweg.<\/p>\n<h2>Anpassungsoptionen<\/h2>\n<ol>\n<li><strong>Materialauswahl f\u00fcr Walzenkugeln:<\/strong> Wir k\u00f6nnen Rollkugeln aus Edelstahl, Glas oder Edelsteinen (wie Jade) liefern, die gut zu verschiedenen Formeltypen passen und mit der Markenpositionierung \u00fcbereinstimmen.<\/li>\n<li><strong>Farbbeschichtungsoptionen:<\/strong> Neben dem Auftragen von individuellen Spr\u00fchbeschichtungen wie Mattschwarz, Milchglaswei\u00df oder markenspezifischen Pantone-Farben auf klarem oder bernsteinfarbenem Glas k\u00f6nnen Sie auch mit verschiedenen Oberfl\u00e4chen und Texturen kreativ werden.<\/li>\n<li><strong>Varianten der Kappenoberfl\u00e4che:<\/strong> Durch die Wahl einer gl\u00e4nzenden, matten, galvanisierten Gold-, Ros\u00e9gold- oder geb\u00fcrsteten Aluminiumoberfl\u00e4che f\u00fcr die Kappen k\u00f6nnen Sie Ihrem Produkt ein luxuri\u00f6seres Aussehen verleihen.<\/li>\n<\/ol>","protected":false},"excerpt":{"rendered":"<p>Hochwertige Roll-on-Parf\u00fcmflaschen aus bernsteinfarbenem und klarem Glas. 5-ml-Rollerflaschen mit glatter Stahlkugel, direkt vom Hersteller, kostenlose Muster und individuelle Gro\u00dfbestellungen m\u00f6glich.<\/p>","protected":false},"featured_media":5917,"template":"","meta":{"postBodyCss":"","postBodyMargin":[],"postBodyPadding":[],"postBodyBackground":{"backgroundType":"classic","gradient":""}},"product_brand":[],"product_cat":[16,104,15],"product_tag":[],"class_list":{"0":"post-5913","1":"product","2":"type-product","3":"status-publish","4":"has-post-thumbnail","6":"product_cat-glass-bottles","7":"product_cat-roller-ball-bottles","8":"product_cat-glass-containers","10":"first","11":"instock","12":"shipping-taxable","13":"product-type-simple"},"jetpack_sharing_enabled":true,"_links":{"self":[{"href":"https:\/\/minghanggroup.com\/de\/wp-json\/wp\/v2\/product\/5913","targetHints":{"allow":["GET"]}}],"collection":[{"href":"https:\/\/minghanggroup.com\/de\/wp-json\/wp\/v2\/product"}],"about":[{"href":"https:\/\/minghanggroup.com\/de\/wp-json\/wp\/v2\/types\/product"}],"wp:featuredmedia":[{"embeddable":true,"href":"https:\/\/minghanggroup.com\/de\/wp-json\/wp\/v2\/media\/5917"}],"wp:attachment":[{"href":"https:\/\/minghanggroup.com\/de\/wp-json\/wp\/v2\/media?parent=5913"}],"wp:term":[{"taxonomy":"product_brand","embeddable":true,"href":"https:\/\/minghanggroup.com\/de\/wp-json\/wp\/v2\/product_brand?post=5913"},{"taxonomy":"product_cat","embeddable":true,"href":"https:\/\/minghanggroup.com\/de\/wp-json\/wp\/v2\/product_cat?post=5913"},{"taxonomy":"product_tag","embeddable":true,"href":"https:\/\/minghanggroup.com\/de\/wp-json\/wp\/v2\/product_tag?post=5913"}],"curies":[{"name":"wp","href":"https:\/\/api.w.org\/{rel}","templated":true}]}}