{"id":5908,"date":"2026-03-03T15:57:50","date_gmt":"2026-03-03T07:57:50","guid":{"rendered":"https:\/\/minghanggroup.com\/?post_type=product&#038;p=5908"},"modified":"2026-03-03T15:57:52","modified_gmt":"2026-03-03T07:57:52","slug":"gold-oil-roller-bottles-for-packaging-wholesale","status":"publish","type":"product","link":"https:\/\/minghanggroup.com\/de\/produkt\/gold-oil-roller-bottles-for-packaging-wholesale\/","title":{"rendered":"6 ml \u2013 12 ml Gold\u00f6l-Rollerflaschen f\u00fcr den Gro\u00dfhandel"},"content":{"rendered":"<p>Unsere Rollflaschen f\u00fcr \u00e4therische \u00d6le bestechen durch luxuri\u00f6se Goldakzente auf klarem Glas \u2013 f\u00fcr auslaufsicheren Versand und einfaches Auftragen. Flaschengr\u00f6\u00dfe: Von 6 ml (ideal f\u00fcr 30-ml-Reiseproben) bis 12 ml. Pr\u00e4ziser Rollmechanismus aus Glas. Ihr \u00e4therisches \u00d6l gleitet sanft dar\u00fcber.<\/p>\n<h2>Produktmerkmale<\/h2>\n<ul>\n<li><strong>Dekorative galvanisierte Oberfl\u00e4che:<\/strong> Der vergoldete Au\u00dfenrahmen verleiht dem Raum optische Attraktivit\u00e4t und sorgt f\u00fcr ein hochwertiges und luxuri\u00f6ses Erscheinungsbild.<\/li>\n<li><strong>Gepr\u00e4gte Glaspaneele:<\/strong> Auf dem Flaschenk\u00f6rper werden dekorative Verzierungen mit hohem Detailgrad und ornamentaler Textur angebracht.<\/li>\n<li><strong>Verschiedene Kappenmodelle:<\/strong> Quastenkappen, kunstvoll gestaltete Zierkappen oder schlichte Schraubkappen k\u00f6nnen verwendet werden, um eine Vielfalt an Erscheinungsbildern zu erzielen.<\/li>\n<\/ul>\n<h2>Wichtigste Spezifikationen<\/h2>\n<table style=\"border-collapse: collapse; width: 80%; margin-left: auto; margin-right: auto;\" border=\"0\" width=\"360\" cellspacing=\"0\" cellpadding=\"0\">\n<tbody>\n<tr style=\"height: 13.50pt;\">\n<td style=\"height: 13.5pt; width: 54pt; text-align: center;\" width=\"72\" height=\"18\">Fassungsverm\u00f6gen (ml)<\/td>\n<td style=\"width: 54pt; text-align: center;\" width=\"72\">Halsdurchmesser (cm)<\/td>\n<td style=\"width: 54pt; text-align: center;\" width=\"72\">H\u00f6he<\/td>\n<td style=\"width: 54pt; text-align: center;\" width=\"72\">Walzenmaterial<\/td>\n<td style=\"width: 54pt; text-align: center;\" width=\"72\">Beenden<\/td>\n<\/tr>\n<tr style=\"height: 13.50pt;\">\n<td style=\"height: 13.5pt; text-align: center;\" align=\"right\" height=\"18\">6<\/td>\n<td style=\"text-align: center;\" align=\"right\">2.35<\/td>\n<td class=\"et2\" style=\"text-align: center;\" rowspan=\"3\">Variiert<\/td>\n<td class=\"et2\" style=\"text-align: center;\" rowspan=\"3\">Glas\/Edelstahl\/Kunststoff<\/td>\n<td class=\"et2\" style=\"text-align: center;\" rowspan=\"3\">Goldakzente<\/td>\n<\/tr>\n<tr style=\"height: 13.50pt;\">\n<td style=\"height: 13.5pt; text-align: center;\" align=\"right\" height=\"18\">10<\/td>\n<td style=\"text-align: center;\" align=\"right\">2.7<\/td>\n<\/tr>\n<tr style=\"height: 13.50pt;\">\n<td style=\"height: 13.5pt; text-align: center;\" align=\"right\" height=\"18\">12<\/td>\n<td style=\"text-align: center;\" align=\"right\">2.8<\/td>\n<\/tr>\n<\/tbody>\n<\/table>\n<h2>Erfolgsbeispiel<\/h2>\n<p>Eine der Parf\u00fcmmarken w\u00fcnschte sich eine Verpackung, die Luxus ausstrahlt, und entschied sich schlie\u00dflich f\u00fcr unseren 10-ml-Roll-on-Flakon. F\u00fcr ein einfacheres Auftragen des Parf\u00fcm\u00f6ls w\u00e4hlten sie einen Roll-on aus Edelstahl und erg\u00e4nzten die Verpackung mit zus\u00e4tzlichen Goldverzierungen, um sie farblich an die Marke anzupassen. Au\u00dferdem wurde der Verschluss mit einer individuell gestalteten Markengravur versehen.<\/p>\n<p>Der Kunde berichtete au\u00dferdem, dass die Einzelhandelsums\u00e4tze nach einem halben Jahr im Vergleich zur alten Verpackung um 34 Prozent gestiegen seien. Nach der Erstbestellung von 15.000 Flaschen folgten innerhalb eines Jahres drei weitere Gro\u00dfbestellungen, wodurch der Gesamtumsatz um fast 60 Prozent zunahm.<\/p>\n<h2>Anpassungsoptionen<\/h2>\n<ol>\n<li><strong>Materialien f\u00fcr die Walzenkugel:<\/strong> W\u00e4hlen Sie Walzenkugeln aus Edelstahl, Glas oder Kunststoff, um verschiedene Applikationseffekte zu erzielen.<\/li>\n<li><strong>Individuelle Kappengravur:<\/strong> Lasergravur von Markennamen, Designs oder Kennzeichnungen f\u00fcr limitierte Auflagen auf die Oberfl\u00e4che der Kappe.<\/li>\n<li><strong>Quastenanpassung:<\/strong> W\u00e4hlen Sie L\u00e4nge, Material und Farbe der Quaste passend zu saisonalen oder kulturellen Motiven.<\/li>\n<\/ol>","protected":false},"excerpt":{"rendered":"<p>Elegante \u00d6lrollflaschen mit goldgepr\u00e4gtem Glasdesign, ideal f\u00fcr \u00e4therische \u00d6le. Direkt vom Hersteller, individuelle Anpassung auch in gro\u00dfen Mengen m\u00f6glich.<\/p>","protected":false},"featured_media":5912,"template":"","meta":{"postBodyCss":"","postBodyMargin":[],"postBodyPadding":[],"postBodyBackground":{"backgroundType":"classic","gradient":""}},"product_brand":[],"product_cat":[15,104,16],"product_tag":[],"class_list":{"0":"post-5908","1":"product","2":"type-product","3":"status-publish","4":"has-post-thumbnail","6":"product_cat-glass-containers","7":"product_cat-roller-ball-bottles","8":"product_cat-glass-bottles","10":"first","11":"instock","12":"shipping-taxable","13":"product-type-simple"},"jetpack_sharing_enabled":true,"_links":{"self":[{"href":"https:\/\/minghanggroup.com\/de\/wp-json\/wp\/v2\/product\/5908","targetHints":{"allow":["GET"]}}],"collection":[{"href":"https:\/\/minghanggroup.com\/de\/wp-json\/wp\/v2\/product"}],"about":[{"href":"https:\/\/minghanggroup.com\/de\/wp-json\/wp\/v2\/types\/product"}],"wp:featuredmedia":[{"embeddable":true,"href":"https:\/\/minghanggroup.com\/de\/wp-json\/wp\/v2\/media\/5912"}],"wp:attachment":[{"href":"https:\/\/minghanggroup.com\/de\/wp-json\/wp\/v2\/media?parent=5908"}],"wp:term":[{"taxonomy":"product_brand","embeddable":true,"href":"https:\/\/minghanggroup.com\/de\/wp-json\/wp\/v2\/product_brand?post=5908"},{"taxonomy":"product_cat","embeddable":true,"href":"https:\/\/minghanggroup.com\/de\/wp-json\/wp\/v2\/product_cat?post=5908"},{"taxonomy":"product_tag","embeddable":true,"href":"https:\/\/minghanggroup.com\/de\/wp-json\/wp\/v2\/product_tag?post=5908"}],"curies":[{"name":"wp","href":"https:\/\/api.w.org\/{rel}","templated":true}]}}