{"id":5900,"date":"2026-03-03T13:20:35","date_gmt":"2026-03-03T05:20:35","guid":{"rendered":"https:\/\/minghanggroup.com\/?post_type=product&#038;p=5900"},"modified":"2026-03-03T14:16:22","modified_gmt":"2026-03-03T06:16:22","slug":"metallic-finish-glass-dropper-oil-bottle-wholesale","status":"publish","type":"product","link":"https:\/\/minghanggroup.com\/de\/produkt\/metallic-finish-glass-dropper-oil-bottle-wholesale\/","title":{"rendered":"Gro\u00dfhandel f\u00fcr \u00d6lflaschen aus Glas mit Tropfverschluss (5 ml \u2013 100 ml) mit Metallic-Finish"},"content":{"rendered":"<p>Diese \u00d6ltropfflasche ist in einem sehr gl\u00e4nzenden Metallic-Finish in Gold und Silber erh\u00e4ltlich und verf\u00fcgt \u00fcber verschiedene Gr\u00f6\u00dfen sowie verschiedene Tropfkappen, die verwendet werden sollten, um eine pr\u00e4zise Dosierung des \u00d6ls zu gew\u00e4hrleisten.<\/p>\n<h2>Produktmerkmale<\/h2>\n<ul>\n<li><strong>Hochwirksamer metallischer Glanz:<\/strong> Die Vergoldung oder Versilberung ist spiegelglatt und erzeugt sofort einen Eindruck von Luxus.<\/li>\n<li><strong>Einfaches zylindrisches Design:<\/strong> Es handelt sich um eine einfache, aber robuste zylindrische Konstruktion, die so stark und unkompliziert ist, dass sie ein hochwertiges Nutzererlebnis und gro\u00dfe Stabilit\u00e4t bietet.<\/li>\n<li><strong>Mehrere Ausf\u00fchrungen der Kappe:<\/strong> Es gibt einen praktischen Druckverschluss oder einen sicheren Schraubverschluss.<\/li>\n<\/ul>\n<h2 style=\"text-align: left;\">Wichtigste Spezifikationen<\/h2>\n<table class=\"aligncenter\" style=\"border-collapse: collapse; width: 425.27pt;\" border=\"0\" width=\"567\" cellspacing=\"0\" cellpadding=\"0\">\n<tbody>\n<tr style=\"height: 13.50pt;\">\n<td style=\"height: 13.50pt; width: 123.00pt;\" width=\"164\" height=\"18\">Specification<\/td>\n<td style=\"width: 302.25pt;\" width=\"403\">Details<\/td>\n<\/tr>\n<tr style=\"height: 13.50pt;\">\n<td style=\"height: 13.50pt;\" height=\"18\">Kapazit\u00e4t<\/td>\n<td>5 ml, 10 ml, 15 ml, 20 ml, 30 ml, 50 ml, 100 ml<\/td>\n<\/tr>\n<tr style=\"height: 13.50pt;\">\n<td style=\"height: 13.50pt;\" height=\"18\">Abmessungen<\/td>\n<td>2,2 \u00d7 7,3 cm bis 4,4 \u00d7 13,4 cm (Durchmesser \u00d7 H\u00f6he)<\/td>\n<\/tr>\n<tr style=\"height: 13.50pt;\">\n<td style=\"height: 13.50pt;\" height=\"18\">Material<\/td>\n<td>Glas mit galvanisierter Gold- oder Silberoberfl\u00e4che<\/td>\n<\/tr>\n<tr style=\"height: 13.50pt;\">\n<td style=\"height: 13.50pt;\" height=\"18\">Flaschenform<\/td>\n<td>Zylinder mit Tropfvorrichtung<\/td>\n<\/tr>\n<tr style=\"height: 13.50pt;\">\n<td style=\"height: 13.50pt;\" height=\"18\">Anpassungsumfang<\/td>\n<td>Gr\u00f6\u00dfe, Farbe, Ausf\u00fchrung, Deckel, Tropfverschlussart<\/td>\n<\/tr>\n<tr style=\"height: 13.50pt;\">\n<td style=\"height: 13.50pt;\" height=\"18\">Handwerkskunst<\/td>\n<td>Hochgl\u00e4nzende, langlebige Beschichtung; pr\u00e4zises Gewinde<\/td>\n<\/tr>\n<tr style=\"height: 13.50pt;\">\n<td style=\"height: 13.50pt;\" height=\"18\">Produktzweck<\/td>\n<td>Flaschen f\u00fcr Gesichts\u00f6le, Gro\u00dfhandel Glasflaschen mit Pipette<\/td>\n<\/tr>\n<tr style=\"height: 13.50pt;\">\n<td style=\"height: 13.50pt;\" height=\"18\">Geeignete Branchen<\/td>\n<td>Luxuskosmetik, Hautpflegemarken<\/td>\n<\/tr>\n<\/tbody>\n<\/table>\n<h2>Erfolgsgeschichte: Metallic-Kollektion der Hautpflegemarke aus Los Angeles<\/h2>\n<p>Eine der angesagtesten Hautpflegemarken aus Los Angeles hat eine 30-ml-\u00d6lflasche mit Goldmetallic und speziellem Druckverschluss bestellt. Dieses trendige Detail der Flasche verbreitete sich in den sozialen Medien rasant und l\u00f6ste \u00fcber 100.000 Diskussionen aus. Die 30 ml reichen f\u00fcr 60 Tage. Da dies die Standardverpackung f\u00fcr alle Seren der Marke war, reagierte diese sehr positiv und bestellte weitere 1,8 Millionen Flaschen.<\/p>\n<h2>Anpassung von Glastropfflaschen im Gro\u00dfhandel<\/h2>\n<ul>\n<li>Metallische Oberfl\u00e4chen: Ros\u00e9gold, Kupfer, Gunmetal, Schwarzchrom oder Hologramm.<\/li>\n<li>Matte und gl\u00e4nzende Metallic-Oberfl\u00e4chen: Matte und gl\u00e4nzende Spiegeloberfl\u00e4che. Erh\u00e4ltlich in geb\u00fcrsteter, normaler und seidenmatter Spiegeloberfl\u00e4che.<\/li>\n<li>Personalisierte Kappen mit Pr\u00e4gung: Kappen aus gepr\u00e4gtem Metall oder Kunststoff mit erhabenen Mustern oder gestickten Logos.<\/li>\n<\/ul>","protected":false},"excerpt":{"rendered":"<p>Luxuri\u00f6se \u00d6lflasche mit Tropfverschluss in galvanisierter Gold- und Silberoptik. Glasflaschen mit Tropfverschluss f\u00fcr hochwertige Seren im Gro\u00dfhandel. Kostenlose Muster erh\u00e4ltlich. Schneller Versand.<\/p>","protected":false},"featured_media":5904,"template":"","meta":{"postBodyCss":"","postBodyMargin":[],"postBodyPadding":[],"postBodyBackground":{"backgroundType":"classic","gradient":""}},"product_brand":[],"product_cat":[15,87,16],"product_tag":[],"class_list":{"0":"post-5900","1":"product","2":"type-product","3":"status-publish","4":"has-post-thumbnail","6":"product_cat-glass-containers","7":"product_cat-dropper-bottles","8":"product_cat-glass-bottles","10":"first","11":"instock","12":"shipping-taxable","13":"product-type-simple"},"jetpack_sharing_enabled":true,"_links":{"self":[{"href":"https:\/\/minghanggroup.com\/de\/wp-json\/wp\/v2\/product\/5900","targetHints":{"allow":["GET"]}}],"collection":[{"href":"https:\/\/minghanggroup.com\/de\/wp-json\/wp\/v2\/product"}],"about":[{"href":"https:\/\/minghanggroup.com\/de\/wp-json\/wp\/v2\/types\/product"}],"wp:featuredmedia":[{"embeddable":true,"href":"https:\/\/minghanggroup.com\/de\/wp-json\/wp\/v2\/media\/5904"}],"wp:attachment":[{"href":"https:\/\/minghanggroup.com\/de\/wp-json\/wp\/v2\/media?parent=5900"}],"wp:term":[{"taxonomy":"product_brand","embeddable":true,"href":"https:\/\/minghanggroup.com\/de\/wp-json\/wp\/v2\/product_brand?post=5900"},{"taxonomy":"product_cat","embeddable":true,"href":"https:\/\/minghanggroup.com\/de\/wp-json\/wp\/v2\/product_cat?post=5900"},{"taxonomy":"product_tag","embeddable":true,"href":"https:\/\/minghanggroup.com\/de\/wp-json\/wp\/v2\/product_tag?post=5900"}],"curies":[{"name":"wp","href":"https:\/\/api.w.org\/{rel}","templated":true}]}}