{"id":5866,"date":"2026-03-02T15:28:45","date_gmt":"2026-03-02T07:28:45","guid":{"rendered":"https:\/\/minghanggroup.com\/?post_type=product&#038;p=5866"},"modified":"2026-03-03T09:14:31","modified_gmt":"2026-03-03T01:14:31","slug":"clear-glass-bottles-for-essential-oils-bulk","status":"publish","type":"product","link":"https:\/\/minghanggroup.com\/de\/produkt\/clear-glass-bottles-for-essential-oils-bulk\/","title":{"rendered":"Klare Glasflaschen (20 ml \u2013 100 ml) f\u00fcr \u00e4therische \u00d6le (Gro\u00dfpackung)"},"content":{"rendered":"<p>Sie haben genug davon, dass \u00e4therische \u00d6le in durchsichtigen Beh\u00e4ltern verfliegen? Unsere Glasflaschen f\u00fcr \u00e4therische \u00d6le l\u00f6sen dieses Problem. Die Glasflaschen mit Pipette sind in Gro\u00dfbestellungen erh\u00e4ltlich und zeichnen sich durch eine mattierte Oberfl\u00e4che aus \u2013 hochwertiges Glas, das UV-Strahlen abh\u00e4lt und sich luxuri\u00f6s anf\u00fchlt. Flaschengr\u00f6\u00dfe? Von 20 ml (ideal f\u00fcr 30-ml-Proben) bis 100 ml. Pipette? Pr\u00e4zise Glasflaschen mit Pipette.<\/p>\n<h2>Produktmerkmale<\/h2>\n<ul>\n<li><strong>Oberfl\u00e4chenveredelungen f\u00fcr verschiedene Oberfl\u00e4chen:<\/strong> Es gibt eine Vielzahl von hochtransparenten Glas- und modischen matten Glasoberfl\u00e4chen, die von verschiedenen Marken angeboten werden.<\/li>\n<li><strong>Mehrere Kapazit\u00e4tsoptionen:<\/strong> Erm\u00f6glicht verschiedene Volumenoptionen f\u00fcr Reise-, Einzelhandels- oder professionelle Verpackungsgr\u00f6\u00dfen.<\/li>\n<li><strong>Sichere Schraubhalskonstruktion:<\/strong> Die dichte Versiegelung verhindert ein Auslaufen w\u00e4hrend der Lagerung und des Transports.<\/li>\n<\/ul>\n<h2>Wichtigste Spezifikationen<\/h2>\n<p>&nbsp;<\/p>\n<table style=\"border-collapse: collapse; width: 80%; margin-left: auto; margin-right: auto;\" border=\"0\" width=\"288\" cellspacing=\"0\" cellpadding=\"0\">\n<tbody>\n<tr style=\"height: 13.50pt;\">\n<td style=\"height: 13.5pt; width: 54pt; text-align: center;\" width=\"72\" height=\"18\">Kapazit\u00e4t<\/td>\n<td style=\"width: 54pt; text-align: center;\" width=\"72\">Abmessungen (\u00d8 x H)<\/td>\n<td style=\"width: 54pt; text-align: center;\" width=\"72\">Beenden<\/td>\n<td style=\"width: 54pt; text-align: center;\" width=\"72\">Zubeh\u00f6r<\/td>\n<\/tr>\n<tr style=\"height: 13.50pt;\">\n<td style=\"height: 13.5pt; text-align: center;\" align=\"right\" height=\"18\">20<\/td>\n<td style=\"text-align: center;\">3,7 \u00d7 7,8<\/td>\n<td class=\"et2\" style=\"text-align: center;\" rowspan=\"7\">Mattiert\/Transparent<\/td>\n<td class=\"et2\" style=\"text-align: center;\" rowspan=\"7\">Gummitropfer + Innendichtung<\/td>\n<\/tr>\n<tr style=\"height: 13.50pt;\">\n<td style=\"height: 13.5pt; text-align: center;\" align=\"right\" height=\"18\">30<\/td>\n<td style=\"text-align: center;\">3,7 \u00d7 9,1<\/td>\n<\/tr>\n<tr style=\"height: 13.50pt;\">\n<td style=\"height: 13.5pt; text-align: center;\" align=\"right\" height=\"18\">50<\/td>\n<td style=\"text-align: center;\">3,7 \u00d7 10,5<\/td>\n<\/tr>\n<tr style=\"height: 13.50pt;\">\n<td style=\"height: 13.5pt; text-align: center;\" align=\"right\" height=\"18\">60<\/td>\n<td style=\"text-align: center;\">3,7 \u00d7 13,2<\/td>\n<\/tr>\n<tr style=\"height: 13.50pt;\">\n<td style=\"height: 13.5pt; text-align: center;\" align=\"right\" height=\"18\">80<\/td>\n<td style=\"text-align: center;\">3,9 \u00d7 14,2<\/td>\n<\/tr>\n<tr style=\"height: 13.50pt;\">\n<td style=\"height: 13.5pt; text-align: center;\" align=\"right\" height=\"18\">100<\/td>\n<td style=\"text-align: center;\">4,1 \u00d7 15,5<\/td>\n<\/tr>\n<\/tbody>\n<\/table>\n<h2>Erfolgsbeispiel<\/h2>\n<p>Eine US-amerikanische Hautpflegemarke, die demn\u00e4chst ein neues Vitamin-C-Serum auf den Markt bringt, entschied sich schlie\u00dflich f\u00fcr unsere 60-ml-Glasflasche mit Tropfverschluss, da diese in klarer und mattierter Ausf\u00fchrung erh\u00e4ltlich ist. Der Kunde w\u00e4hlte eine 30-ml-Flasche in mattierter Ausf\u00fchrung f\u00fcr die Hauptserumlinie und eine 15-ml-Flasche in klarer Ausf\u00fchrung f\u00fcr unterwegs. Wir fertigten einen unserer mattgoldenen Aluminium-Flaschenh\u00e4lse passend zur Farbpalette der Marke an. Zus\u00e4tzlich verwendeten wir wei\u00dfen Siebdruck mit kratzfester Oberfl\u00e4che, um die gute Lesbarkeit des Markenlogos auch beim Versand und im Einzelhandel zu gew\u00e4hrleisten.<\/p>\n<p>Die Online-Bestellungen stiegen drei Monate nach Produkteinf\u00fchrung um 29 Prozent, und die Marke hat diese Flasche zur Standardverpackung f\u00fcr ihr Serum gemacht.<\/p>\n<h2>Anpassungsoptionen<\/h2>\n<ol>\n<li><strong>Metallkragen-Finish-Upgrade:<\/strong> W\u00e4hlen Sie eine elegantere Metalloberfl\u00e4che: geb\u00fcrstet, matt, gl\u00e4nzend oder eloxiert.<\/li>\n<li><strong>Aufgedruckte Messmarkierungen:<\/strong> Bringen Sie bei der Verwendung von Formulierungen f\u00fcr den professionellen Gebrauch leichte Volumenmarkierungen an der Pipette an.<\/li>\n<li><strong>Innenstopfen-Zusatz:<\/strong> Um den Durchfluss f\u00fcr feinere Fl\u00fcssigkeiten zu regulieren, kann ein Reduzierst\u00fcck oder ein Stopfen im Inneren angebracht werden.<\/li>\n<\/ol>","protected":false},"excerpt":{"rendered":"<p>Robuste Glasflaschen f\u00fcr \u00e4therische \u00d6le mit Pr\u00e4zisionspipetten, erh\u00e4ltlich als Glasflaschen mit Pipette in gro\u00dfen Mengen. Direkt vom Hersteller, individuelle Anpassung der Mengen m\u00f6glich.<\/p>","protected":false},"featured_media":5879,"template":"","meta":{"postBodyCss":"","postBodyMargin":[],"postBodyPadding":[],"postBodyBackground":{"backgroundType":"classic","gradient":""}},"product_brand":[],"product_cat":[15,87,16],"product_tag":[],"class_list":{"0":"post-5866","1":"product","2":"type-product","3":"status-publish","4":"has-post-thumbnail","6":"product_cat-glass-containers","7":"product_cat-dropper-bottles","8":"product_cat-glass-bottles","10":"first","11":"instock","12":"shipping-taxable","13":"product-type-simple"},"jetpack_sharing_enabled":true,"_links":{"self":[{"href":"https:\/\/minghanggroup.com\/de\/wp-json\/wp\/v2\/product\/5866","targetHints":{"allow":["GET"]}}],"collection":[{"href":"https:\/\/minghanggroup.com\/de\/wp-json\/wp\/v2\/product"}],"about":[{"href":"https:\/\/minghanggroup.com\/de\/wp-json\/wp\/v2\/types\/product"}],"wp:featuredmedia":[{"embeddable":true,"href":"https:\/\/minghanggroup.com\/de\/wp-json\/wp\/v2\/media\/5879"}],"wp:attachment":[{"href":"https:\/\/minghanggroup.com\/de\/wp-json\/wp\/v2\/media?parent=5866"}],"wp:term":[{"taxonomy":"product_brand","embeddable":true,"href":"https:\/\/minghanggroup.com\/de\/wp-json\/wp\/v2\/product_brand?post=5866"},{"taxonomy":"product_cat","embeddable":true,"href":"https:\/\/minghanggroup.com\/de\/wp-json\/wp\/v2\/product_cat?post=5866"},{"taxonomy":"product_tag","embeddable":true,"href":"https:\/\/minghanggroup.com\/de\/wp-json\/wp\/v2\/product_tag?post=5866"}],"curies":[{"name":"wp","href":"https:\/\/api.w.org\/{rel}","templated":true}]}}