{"id":5823,"date":"2026-03-02T11:56:50","date_gmt":"2026-03-02T03:56:50","guid":{"rendered":"https:\/\/minghanggroup.com\/?post_type=product&#038;p=5823"},"modified":"2026-03-02T13:52:30","modified_gmt":"2026-03-02T05:52:30","slug":"gold-gourd-essential-oil-bottles-and-droppers-bulk","status":"publish","type":"product","link":"https:\/\/minghanggroup.com\/de\/produkt\/gold-gourd-essential-oil-bottles-and-droppers-bulk\/","title":{"rendered":"10 ml \u2013 100 ml Flaschen und Pipetten mit \u00e4therischem \u00d6l aus Goldk\u00fcrbis (Gro\u00dfpackung)"},"content":{"rendered":"<p>Die Fl\u00e4schchen und Pipetten dieser \u00e4therischen \u00d6le zeichnen sich durch ein einzigartiges Design in Form einer Doppelkalebasse aus, gefertigt aus gl\u00e4nzendem, vergoldetem Glas, sowie durch eine passende Pipettenkappe aus Gold und eine weiche, wei\u00dfe Silikon-Tropfspitze zum genauen Dosieren der Tropfen.<\/p>\n<h2>Produktmerkmale<\/h2>\n<ul>\n<li><strong>K\u00fcrbisform:<\/strong> Die gl\u00fcckverhei\u00dfende Doppelk\u00fcrbisform symbolisiert Gl\u00fcck, Gesundheit und Harmonie.<\/li>\n<li><strong>Strahlende Goldplattierung:<\/strong> Die gl\u00e4nzende Goldplattierung verleiht dem Ganzen sofort eine elegante und luxuri\u00f6se Note.<\/li>\n<li><strong>Passender Tropfverschluss:<\/strong> Der mitgelieferte goldene Tropfverschluss, dessen wei\u00dfe Kugelform so gestaltet wurde, garantiert eine ideale \u00e4sthetische Passform von Verschluss und Flasche.<\/li>\n<\/ul>\n<h2 style=\"text-align: left;\">Wichtigste Spezifikationen<\/h2>\n<table class=\"aligncenter\" style=\"border-collapse: collapse; width: 447.77pt;\" border=\"0\" width=\"597\" cellspacing=\"0\" cellpadding=\"0\">\n<tbody>\n<tr style=\"height: 13.50pt;\">\n<td style=\"height: 13.50pt; width: 115.50pt;\" width=\"154\" height=\"18\">Specification<\/td>\n<td style=\"width: 332.25pt;\" width=\"443\">Details<\/td>\n<\/tr>\n<tr style=\"height: 13.50pt;\">\n<td style=\"height: 13.50pt;\" height=\"18\">Kapazit\u00e4t<\/td>\n<td>10 ml, 20 ml, 30 ml, 50 ml, 100 ml<\/td>\n<\/tr>\n<tr style=\"height: 13.50pt;\">\n<td style=\"height: 13.50pt;\" height=\"18\">Abmessungen<\/td>\n<td>3\u00d75,3 cm bis 5,6\u00d712,5 cm (Durchmesser \u00d7 H\u00f6he)<\/td>\n<\/tr>\n<tr style=\"height: 13.50pt;\">\n<td style=\"height: 13.50pt;\" height=\"18\">Material<\/td>\n<td>Glas mit Spiegel-Gold-Galvanisierung<\/td>\n<\/tr>\n<tr style=\"height: 13.50pt;\">\n<td style=\"height: 13.50pt;\" height=\"18\">Flaschenform<\/td>\n<td>Traditionelle Doppelkugel-K\u00fcrbisform<\/td>\n<\/tr>\n<tr style=\"height: 13.50pt;\">\n<td style=\"height: 13.50pt;\" height=\"18\">Anpassungsumfang<\/td>\n<td>Oberfl\u00e4chenveredelung, Edelsteinverzierungen, Oberfl\u00e4chenbehandlung, Deckel<\/td>\n<\/tr>\n<tr style=\"height: 13.50pt;\">\n<td style=\"height: 13.50pt;\" height=\"18\">Handwerkskunst<\/td>\n<td>Komplexe Glasbl\u00e4serei f\u00fcr K\u00fcrbisform<\/td>\n<\/tr>\n<tr style=\"height: 13.50pt;\">\n<td style=\"height: 13.50pt;\" height=\"18\">Produktzweck<\/td>\n<td>Glas-Tropfflaschen, Fl\u00e4schchen und Pipetten f\u00fcr \u00e4therische \u00d6le<\/td>\n<\/tr>\n<tr style=\"height: 13.50pt;\">\n<td style=\"height: 13.50pt;\" height=\"18\">Geeignete Branchen<\/td>\n<td>Luxusmarken f\u00fcr Aromatherapie, Anbieter von Wellness-Geschenken<\/td>\n<\/tr>\n<\/tbody>\n<\/table>\n<h2>Erfolgsgeschichte: Exklusive Kollektion einer Luxusparf\u00fcmmarke aus dem Nahen Osten<\/h2>\n<p>Eine der bekanntesten Duftmarken im Nahen Osten w\u00e4hlte unsere tropffreie 30-ml-Gold\u00f6lflasche mit Pipette, die am Flaschenhals mit einem Swarovski-Kristall verziert ist. Die kulturelle Bedeutung der Flaschenform, die an eine Kalebasse erinnert, beeindruckte die Marke sehr und f\u00fchrte zu einem Umsatzanstieg von 70 Prozent auf dem lokalen Markt. Die Vergoldung verhindert Oxidation und Verf\u00e4rbung der \u00e4therischen \u00d6le und sorgt daf\u00fcr, dass sie auch nach \u00fcber f\u00fcnf Jahren noch gl\u00e4nzen. Die Marke feierte einen gro\u00dfen Erfolg und bestellte im Anschluss 750.000 Flaschen als exklusives Paket all ihrer luxuri\u00f6sen \u00e4therischen \u00d6le.<\/p>\n<h2>Personalisierung von Flaschen und Pipetten f\u00fcr \u00e4therische \u00d6le<\/h2>\n<ul>\n<li>Weitere Beschichtungen: Erh\u00e4ltlich im K\u00fcrbis-Design in Ros\u00e9gold, Antikgold, Silber oder Schwarzchrom.<\/li>\n<li>Gr\u00f6\u00dfe und Proportionen: Durch die Ver\u00e4nderung der prozentualen Anteile der beiden Kugeln wird die K\u00fcrbisform auf eine modernere oder traditionellere Weise interpretiert.<\/li>\n<li>Verzierung: Am Hals kann man aus Glas geformte Bl\u00e4tter anbringen oder an der Taille einen kleinen Punkt aus einem Halbedelstein befestigen.<\/li>\n<\/ul>","protected":false},"excerpt":{"rendered":"<p>Elegante \u00e4therische \u00d6lflaschen und Pipetten im goldenen K\u00fcrbis-Design. Robuste \u00d6lflasche mit Pipette in verschiedenen Gr\u00f6\u00dfen. Schneller Versand f\u00fcr Gro\u00dfabnehmer. Sofort lieferbar.<\/p>","protected":false},"featured_media":5824,"template":"","meta":{"postBodyCss":"","postBodyMargin":[],"postBodyPadding":[],"postBodyBackground":{"backgroundType":"classic","gradient":""}},"product_brand":[],"product_cat":[15,87,16],"product_tag":[],"class_list":{"0":"post-5823","1":"product","2":"type-product","3":"status-publish","4":"has-post-thumbnail","6":"product_cat-glass-containers","7":"product_cat-dropper-bottles","8":"product_cat-glass-bottles","10":"first","11":"instock","12":"shipping-taxable","13":"product-type-simple"},"jetpack_sharing_enabled":true,"_links":{"self":[{"href":"https:\/\/minghanggroup.com\/de\/wp-json\/wp\/v2\/product\/5823","targetHints":{"allow":["GET"]}}],"collection":[{"href":"https:\/\/minghanggroup.com\/de\/wp-json\/wp\/v2\/product"}],"about":[{"href":"https:\/\/minghanggroup.com\/de\/wp-json\/wp\/v2\/types\/product"}],"wp:featuredmedia":[{"embeddable":true,"href":"https:\/\/minghanggroup.com\/de\/wp-json\/wp\/v2\/media\/5824"}],"wp:attachment":[{"href":"https:\/\/minghanggroup.com\/de\/wp-json\/wp\/v2\/media?parent=5823"}],"wp:term":[{"taxonomy":"product_brand","embeddable":true,"href":"https:\/\/minghanggroup.com\/de\/wp-json\/wp\/v2\/product_brand?post=5823"},{"taxonomy":"product_cat","embeddable":true,"href":"https:\/\/minghanggroup.com\/de\/wp-json\/wp\/v2\/product_cat?post=5823"},{"taxonomy":"product_tag","embeddable":true,"href":"https:\/\/minghanggroup.com\/de\/wp-json\/wp\/v2\/product_tag?post=5823"}],"curies":[{"name":"wp","href":"https:\/\/api.w.org\/{rel}","templated":true}]}}