{"id":5818,"date":"2026-03-02T08:48:32","date_gmt":"2026-03-02T00:48:32","guid":{"rendered":"https:\/\/minghanggroup.com\/?post_type=product&#038;p=5818"},"modified":"2026-03-03T13:29:25","modified_gmt":"2026-03-03T05:29:25","slug":"frosted-white-glass-dropper-bottles-wholesale","status":"publish","type":"product","link":"https:\/\/minghanggroup.com\/de\/produkt\/frosted-white-glass-dropper-bottles-wholesale\/","title":{"rendered":"Gro\u00dfhandel mit Tropfflaschen aus mattiertem, wei\u00dfem Glas (5 ml \u2013 100 ml)"},"content":{"rendered":"<p>Diese Glastropffl\u00e4schchen aus Glas zeichnen sich durch eine glatte, mattwei\u00dfe Oberfl\u00e4che und eine runde, minimalistische Form aus. Sie sind in verschiedenen Gr\u00f6\u00dfen erh\u00e4ltlich und mit gl\u00e4nzenden Metalltropfverschl\u00fcssen in Silber oder Ros\u00e9gold versehen, die sich perfekt in hochwertige Verpackungen f\u00fcr Gesundheits- und Hautpflegeprodukte einf\u00fcgen.<\/p>\n<h2>Produktmerkmale<\/h2>\n<ul>\n<li><strong>Gefrostete Textur:<\/strong> Die wei\u00dfe, matte, satinierte Glasoberfl\u00e4che f\u00fchlt sich weich an und vermittelt ein hochwertiges Gef\u00fchl; Fingerabdr\u00fccke sind unempfindlich.<\/li>\n<li><strong>Pr\u00e4zisions-Tropfsystem:<\/strong> Die integrierte Silikonspitzenpipette ist eine Glaspipette, mit der man das Mittel pr\u00e4zise dosieren kann.<\/li>\n<li><strong>Sechs Gr\u00f6\u00dfen:<\/strong> Sieben Gr\u00f6\u00dfenoptionen von 5 ml bis 100 ml, um Proben, Reisegr\u00f6\u00dfen und das gesamte Produkt in Originalgr\u00f6\u00dfe abzudecken.<\/li>\n<\/ul>\n<h2 style=\"text-align: left;\">Wichtigste Spezifikationen<\/h2>\n<table class=\"aligncenter\" style=\"border-collapse: collapse; width: 447.77pt;\" border=\"0\" width=\"597\" cellspacing=\"0\" cellpadding=\"0\">\n<tbody>\n<tr style=\"height: 13.50pt;\">\n<td style=\"height: 13.50pt; width: 115.50pt;\" width=\"154\" height=\"18\">Specification<\/td>\n<td style=\"width: 332.25pt;\" width=\"443\">Details<\/td>\n<\/tr>\n<tr style=\"height: 13.50pt;\">\n<td style=\"height: 13.50pt;\" height=\"18\">Kapazit\u00e4t<\/td>\n<td>5 ml, 10 ml, 15 ml, 20 ml, 30 ml, 50 ml, 100 ml<\/td>\n<\/tr>\n<tr style=\"height: 13.50pt;\">\n<td style=\"height: 13.50pt;\" height=\"18\">Abmessungen<\/td>\n<td>2,2 \u00d7 7,3 cm bis 4,5 \u00d7 13,5 cm (Durchmesser \u00d7 H\u00f6he)<\/td>\n<\/tr>\n<tr style=\"height: 13.50pt;\">\n<td style=\"height: 13.50pt;\" height=\"18\">Material<\/td>\n<td>Mattiertes wei\u00dfes Glas, Glaspipette<\/td>\n<\/tr>\n<tr style=\"height: 13.50pt;\">\n<td style=\"height: 13.50pt;\" height=\"18\">Flaschenform<\/td>\n<td>Kurzzylinder mit Tropfvorrichtung<\/td>\n<\/tr>\n<tr style=\"height: 13.50pt;\">\n<td style=\"height: 13.50pt;\" height=\"18\">Anpassungsumfang<\/td>\n<td>Gr\u00f6\u00dfe, Farbe, Ausf\u00fchrung, Tropfspitze<\/td>\n<\/tr>\n<tr style=\"height: 13.50pt;\">\n<td style=\"height: 13.50pt;\" height=\"18\">Handwerkskunst<\/td>\n<td>Pr\u00e4zisionsglasformung mit mattierter Oberfl\u00e4chenbehandlung<\/td>\n<\/tr>\n<tr style=\"height: 13.50pt;\">\n<td style=\"height: 13.50pt;\" height=\"18\">Produktzweck<\/td>\n<td>Luxus-Serumflaschen, Glastropfflaschen<\/td>\n<\/tr>\n<tr style=\"height: 13.50pt;\">\n<td style=\"height: 13.50pt;\" height=\"18\">Geeignete Branchen<\/td>\n<td>Luxus-Hautpflegemarken, Aromatherapie-Unternehmen<\/td>\n<\/tr>\n<\/tbody>\n<\/table>\n<h2>Erfolgsgeschichte<\/h2>\n<p>Unsere 30-ml-Flasche aus mattiertem, wei\u00dfem Glas mit Glaspipette, ros\u00e9goldenem Verschluss und minimalistischem Schriftzug wurde von einem minimalistischen skandinavischen Hautpflegeunternehmen individuell gestaltet. Die mattierte Oberfl\u00e4che wurde zu einem charakteristischen Designmerkmal und fand \u00fcber 50.000 Mal Erw\u00e4hnung in den sozialen Medien. Die Glaspipette sch\u00fctzt die empfindlichen Inhaltsstoffe vor dem Produkt. Die 30 ml reichen f\u00fcr 60 Tage. Die Marke war sehr erfolgreich und bestellte sp\u00e4ter weitere 2,5 Millionen Flaschen, um die Nachfrage ihrer globalen Expansion in den asiatischen und nordamerikanischen M\u00e4rkten zu decken.<\/p>\n<h2>Individualisierung von Glastropfflaschen<\/h2>\n<ul>\n<li><strong>Oberfl\u00e4chen der Metallkappe:<\/strong> Die Metallkappen sind in folgenden Ausf\u00fchrungen erh\u00e4ltlich: geb\u00fcrstetes Gold, Mattschwarz, poliertes Chrom oder kundenspezifische PVD-Beschichtung.<\/li>\n<li><strong>Farbgetauchte Frost-Oberfl\u00e4chen:<\/strong> Neben dem traditionellen Wei\u00df gibt es auch andere zarte Pastellfarben (Ros\u00e9 und Salbeigr\u00fcn) mit Frost-Finish.<\/li>\n<li><strong>Glaspipetten mit abgestufter Qualit\u00e4t:<\/strong> Diese Version beinhaltet dauerhaft eingravierte Graduierungen auf den Glaspipetten, um einfach durchzuf\u00fchrende wissenschaftliche Tests oder die Herstellung hochpr\u00e4ziser DIY-Werkzeuge zu erm\u00f6glichen.<\/li>\n<\/ul>","protected":false},"excerpt":{"rendered":"<p>Hochwertige Glasflasche mit Glaspipette in mattwei\u00dfem Finish. Verschiedene Gr\u00f6\u00dfen von Glaspipettenflaschen f\u00fcr Seren und \u00d6le erh\u00e4ltlich. Gratisproben verf\u00fcgbar.<\/p>","protected":false},"featured_media":5820,"template":"","meta":{"postBodyCss":"","postBodyMargin":[],"postBodyPadding":[],"postBodyBackground":{"backgroundType":"classic","gradient":""}},"product_brand":[],"product_cat":[15,87,16],"product_tag":[],"class_list":{"0":"post-5818","1":"product","2":"type-product","3":"status-publish","4":"has-post-thumbnail","6":"product_cat-glass-containers","7":"product_cat-dropper-bottles","8":"product_cat-glass-bottles","10":"first","11":"instock","12":"shipping-taxable","13":"product-type-simple"},"jetpack_sharing_enabled":true,"_links":{"self":[{"href":"https:\/\/minghanggroup.com\/de\/wp-json\/wp\/v2\/product\/5818","targetHints":{"allow":["GET"]}}],"collection":[{"href":"https:\/\/minghanggroup.com\/de\/wp-json\/wp\/v2\/product"}],"about":[{"href":"https:\/\/minghanggroup.com\/de\/wp-json\/wp\/v2\/types\/product"}],"wp:featuredmedia":[{"embeddable":true,"href":"https:\/\/minghanggroup.com\/de\/wp-json\/wp\/v2\/media\/5820"}],"wp:attachment":[{"href":"https:\/\/minghanggroup.com\/de\/wp-json\/wp\/v2\/media?parent=5818"}],"wp:term":[{"taxonomy":"product_brand","embeddable":true,"href":"https:\/\/minghanggroup.com\/de\/wp-json\/wp\/v2\/product_brand?post=5818"},{"taxonomy":"product_cat","embeddable":true,"href":"https:\/\/minghanggroup.com\/de\/wp-json\/wp\/v2\/product_cat?post=5818"},{"taxonomy":"product_tag","embeddable":true,"href":"https:\/\/minghanggroup.com\/de\/wp-json\/wp\/v2\/product_tag?post=5818"}],"curies":[{"name":"wp","href":"https:\/\/api.w.org\/{rel}","templated":true}]}}