{"id":5807,"date":"2026-02-28T16:26:20","date_gmt":"2026-02-28T08:26:20","guid":{"rendered":"https:\/\/minghanggroup.com\/?post_type=product&#038;p=5807"},"modified":"2026-02-28T16:33:05","modified_gmt":"2026-02-28T08:33:05","slug":"frosted-dropper-glass-bottles-bulk","status":"publish","type":"product","link":"https:\/\/minghanggroup.com\/de\/produkt\/frosted-dropper-glass-bottles-bulk\/","title":{"rendered":"Gro\u00dfpackungen mit Tropfverschluss, mattiertes Glas, 20 ml \u2013 100 ml"},"content":{"rendered":"<p>Ihr \u00e4therisches \u00d6l verdient eine Verpackung, die sich so luxuri\u00f6s anf\u00fchlt wie es duftet. Unsere Tropfflaschen aus mattiertem Glas verwandeln gew\u00f6hnliche Glasflaschen in unverzichtbare Beh\u00e4lter. Die Tropfflaschen werden aus hochwertigem Glas mit matter Oberfl\u00e4che gefertigt \u2013 ideal f\u00fcr auslaufsicheren Versand und UV-Schutz. Eine Verpackung, die Ihre Marke f\u00fcr \u00e4therische \u00d6le optimal pr\u00e4sentiert. Flaschengr\u00f6\u00dfe? Von 20 ml (perfekt f\u00fcr 30-ml-Proben) bis 100 ml. Tropfverschluss? Pr\u00e4zise Glasflaschen mit Tropfverschluss.<\/p>\n<h2>Produktmerkmale<\/h2>\n<ul>\n<li><strong>Mattierte Oberfl\u00e4che mit Frost-Effekt:<\/strong> Die weiche, mattierte Textur verleiht dem Produkt ein hochwertiges Aussehen und sorgt zudem f\u00fcr einen komfortablen, rutschfesten Griff.<\/li>\n<li><strong>Nat\u00fcrlicher Stil, Tropfverschluss:<\/strong> Das Design des Kragens aus Holz, Maserung oder Holzton schafft einen schlichten, \u00f6kologisch inspirierten Stil.<\/li>\n<li><strong>Verschiedene Kapazit\u00e4tsoptionen:<\/strong> Sie k\u00f6nnen aus verschiedenen Gr\u00f6\u00dfen w\u00e4hlen, um unterschiedliche Hautpflege- oder \u00e4therische \u00d6l-Produktlinien unterzubringen.<\/li>\n<\/ul>\n<h2>Wichtigste Spezifikationen<\/h2>\n<table style=\"border-collapse: collapse; width: 80%; margin-left: auto; margin-right: auto;\" border=\"0\" width=\"288\" cellspacing=\"0\" cellpadding=\"0\">\n<tbody>\n<tr style=\"height: 13.50pt;\">\n<td style=\"height: 13.5pt; width: 54pt; text-align: center;\" width=\"72\" height=\"18\">Fassungsverm\u00f6gen (ml)<\/td>\n<td style=\"width: 54pt; text-align: center;\" width=\"72\">Abmessungen (cm)<\/td>\n<td style=\"width: 54pt; text-align: center;\" width=\"72\">Beenden<\/td>\n<td style=\"width: 54pt; text-align: center;\" width=\"72\">Kappenart<\/td>\n<\/tr>\n<tr style=\"height: 13.50pt;\">\n<td style=\"height: 13.5pt; text-align: center;\" align=\"right\" height=\"18\">20<\/td>\n<td style=\"text-align: center;\">3,7 \u00d7 7,8<\/td>\n<td class=\"et2\" style=\"text-align: center;\" rowspan=\"7\">Gefrostet<\/td>\n<td class=\"et2\" style=\"text-align: center;\" rowspan=\"7\">Holzmaserung + Wei\u00dfer Tropfverschluss<\/td>\n<\/tr>\n<tr style=\"height: 13.50pt;\">\n<td style=\"height: 13.5pt; text-align: center;\" align=\"right\" height=\"18\">30<\/td>\n<td style=\"text-align: center;\">3,7 \u00d7 9,5<\/td>\n<\/tr>\n<tr style=\"height: 13.50pt;\">\n<td style=\"height: 13.5pt; text-align: center;\" align=\"right\" height=\"18\">40<\/td>\n<td style=\"text-align: center;\">3,7 \u00d7 10,7<\/td>\n<\/tr>\n<tr style=\"height: 13.50pt;\">\n<td style=\"height: 13.5pt; text-align: center;\" align=\"right\" height=\"18\">50<\/td>\n<td style=\"text-align: center;\">3,7 \u00d7 11,7<\/td>\n<\/tr>\n<tr style=\"height: 13.50pt;\">\n<td style=\"height: 13.5pt; text-align: center;\" align=\"right\" height=\"18\">60<\/td>\n<td style=\"text-align: center;\">3,7 \u00d7 13,3<\/td>\n<\/tr>\n<tr style=\"height: 13.50pt;\">\n<td style=\"height: 13.5pt; text-align: center;\" align=\"right\" height=\"18\">80<\/td>\n<td style=\"text-align: center;\">3,9 \u00d7 14,4<\/td>\n<\/tr>\n<tr style=\"height: 13.50pt;\">\n<td style=\"height: 13.5pt; text-align: center;\" align=\"right\" height=\"18\">100<\/td>\n<td style=\"text-align: center;\">4,2 \u00d7 15,8<\/td>\n<\/tr>\n<\/tbody>\n<\/table>\n<h2>Erfolgsbeispiel<\/h2>\n<p>Unsere australische 60-ml-Tropfflasche aus mattiertem Glas wurde von einer Kosmetikmarke ausgew\u00e4hlt. Wir haben die Mattierung so angepasst, dass sie weich und leicht transparent ist und die nat\u00fcrliche Farbe der \u00e4therischen \u00d6le dezent hervorhebt, ohne aufdringlich zu wirken. Der wei\u00dfe Siebdruck sorgt f\u00fcr eine perfekte Passform des Etiketts, das wir mit unserem Markennamen individualisiert haben, um den Wiedererkennungswert zu steigern.<\/p>\n<p>Seit der Einf\u00fchrung der neuen Verpackung sind die Einzelhandelsums\u00e4tze der Marke innerhalb von vier Monaten um 36 Prozent gestiegen. Kunden loben in ihren Produktbewertungen h\u00e4ufig die mattierte Textur und die nat\u00fcrliche Sch\u00f6nheit. Aufgrund der positiven Resonanz des Marktes hat sich der Kunde entschieden, diese Serie mattierter Tropfflaschen als Standardverpackung f\u00fcr alle seine Gesichts\u00f6lprodukte zu verwenden.<\/p>\n<h2>Anpassungsoptionen<\/h2>\n<ol>\n<li><strong>Materialverbesserung f\u00fcr Holzkappen:<\/strong> Den Kunden soll die Wahl zwischen echtem Bambus, Massivholz oder Holzdekor sowie ABS-Varianten mit Feuchtigkeitsbest\u00e4ndigkeitsbehandlung gegeben werden.<\/li>\n<li><strong>Gepr\u00e4gtes oder vertieftes Logo:<\/strong> Platzieren Sie ein eingraviertes Logo am Flaschenboden oder am Holzkragen \u2013 eine dezente M\u00f6glichkeit, die Marke im Ged\u00e4chtnis des Kunden zu verankern.<\/li>\n<li><strong>Spezielle Oberfl\u00e4chenbeschichtungen:<\/strong> Um das Produkt angenehmer in der Hand zu halten, k\u00f6nnen Sie eine Anti-Fingerprint-Beschichtung oder eine Soft-Touch-Oberfl\u00e4che auftragen.<\/li>\n<\/ol>","protected":false},"excerpt":{"rendered":"<p>Naturbelassene Glastropfflaschen f\u00fcr \u00e4therische \u00d6le. Glastropfflaschen mit UV-Schutz im Gro\u00dfhandel. Individuelle Holzverschl\u00fcsse. Kostenlose Muster.<\/p>","protected":false},"featured_media":5815,"template":"","meta":{"postBodyCss":"","postBodyMargin":[],"postBodyPadding":[],"postBodyBackground":{"backgroundType":"classic","gradient":""}},"product_brand":[],"product_cat":[15,87,16],"product_tag":[],"class_list":{"0":"post-5807","1":"product","2":"type-product","3":"status-publish","4":"has-post-thumbnail","6":"product_cat-glass-containers","7":"product_cat-dropper-bottles","8":"product_cat-glass-bottles","10":"first","11":"instock","12":"shipping-taxable","13":"product-type-simple"},"jetpack_sharing_enabled":true,"_links":{"self":[{"href":"https:\/\/minghanggroup.com\/de\/wp-json\/wp\/v2\/product\/5807","targetHints":{"allow":["GET"]}}],"collection":[{"href":"https:\/\/minghanggroup.com\/de\/wp-json\/wp\/v2\/product"}],"about":[{"href":"https:\/\/minghanggroup.com\/de\/wp-json\/wp\/v2\/types\/product"}],"wp:featuredmedia":[{"embeddable":true,"href":"https:\/\/minghanggroup.com\/de\/wp-json\/wp\/v2\/media\/5815"}],"wp:attachment":[{"href":"https:\/\/minghanggroup.com\/de\/wp-json\/wp\/v2\/media?parent=5807"}],"wp:term":[{"taxonomy":"product_brand","embeddable":true,"href":"https:\/\/minghanggroup.com\/de\/wp-json\/wp\/v2\/product_brand?post=5807"},{"taxonomy":"product_cat","embeddable":true,"href":"https:\/\/minghanggroup.com\/de\/wp-json\/wp\/v2\/product_cat?post=5807"},{"taxonomy":"product_tag","embeddable":true,"href":"https:\/\/minghanggroup.com\/de\/wp-json\/wp\/v2\/product_tag?post=5807"}],"curies":[{"name":"wp","href":"https:\/\/api.w.org\/{rel}","templated":true}]}}