{"id":5798,"date":"2026-02-28T14:26:05","date_gmt":"2026-02-28T06:26:05","guid":{"rendered":"https:\/\/minghanggroup.com\/?post_type=product&#038;p=5798"},"modified":"2026-02-28T14:26:07","modified_gmt":"2026-02-28T06:26:07","slug":"pink-gradient-essential-oil-bottles-wholesale","status":"publish","type":"product","link":"https:\/\/minghanggroup.com\/de\/produkt\/pink-gradient-essential-oil-bottles-wholesale\/","title":{"rendered":"5 ml \u2013 100 ml Flaschen mit rosa Farbverlauf f\u00fcr \u00e4therische \u00d6le (Gro\u00dfhandel)"},"content":{"rendered":"<p>Ihr \u00e4therisches \u00d6l verdient eine Verpackung, die genauso gut aussieht wie sie funktioniert. Unsere Flaschen f\u00fcr \u00e4therische \u00d6le im Gro\u00dfhandel zeichnen sich durch einen sanften rosa Farbverlauf aus \u2013 das Glas geht von klar zu zartrosa \u00fcber \u2013 perfekt f\u00fcr moderne Marken \u00e4therischer \u00d6le. Die Tropfflaschen sind aus hochwertigem Glas mit UV-Schutz gefertigt. Flaschengr\u00f6\u00dfe? Von 5 ml (kleine 1-oz-Proben) bis 100 ml. Tropfverschluss? Pr\u00e4zise verarbeitete Glastropfflaschen. So bleibt Ihr \u00e4therisches \u00d6l optimal erhalten.<\/p>\n<h2>Produktmerkmale<\/h2>\n<ul>\n<li><strong>Rosa Farbverlauf-Finish:<\/strong> Ein cooler Farbeffekt von klar bis zartrosa, der das Produkt attraktiver wirken l\u00e4sst und es auf dem Markt hervorhebt.<\/li>\n<li><strong>Pr\u00e4zisions-Tropfsystem:<\/strong> Sie ist mit einer Glaspipette und einem weichen Gummiballon ausgestattet, sodass die Dosierung sehr genau und leicht kontrollierbar ist.<\/li>\n<li><strong>Sichere Schraubhalskonstruktion:<\/strong> Durch diese Konstruktionseigenschaft wird sichergestellt, dass das Glas hermetisch verschlossen ist und somit ein Auslaufen des Produkts w\u00e4hrend der Lagerung und des Transports verhindert wird.<\/li>\n<\/ul>\n<h2>Wichtigste Spezifikationen<\/h2>\n<table style=\"border-collapse: collapse; width: 80%; margin-left: auto; margin-right: auto;\" border=\"0\" width=\"288\" cellspacing=\"0\" cellpadding=\"0\">\n<tbody>\n<tr style=\"height: 13.50pt;\">\n<td style=\"height: 13.5pt; width: 54pt; text-align: center;\" width=\"72\" height=\"18\">Fassungsverm\u00f6gen (ml)<\/td>\n<td style=\"width: 54pt; text-align: center;\" width=\"72\">Abmessungen (cm)<\/td>\n<td style=\"width: 54pt; text-align: center;\" width=\"72\">Farbe<\/td>\n<td style=\"width: 54pt; text-align: center;\" width=\"72\">Optionen f\u00fcr Dropper<\/td>\n<\/tr>\n<tr style=\"height: 13.50pt;\">\n<td style=\"height: 13.5pt; text-align: center;\" align=\"right\" height=\"18\">5<\/td>\n<td style=\"text-align: center;\">2,2 \u00d7 7,3<\/td>\n<td class=\"et2\" style=\"text-align: center;\" rowspan=\"7\">Farbverlauf Rosa<\/td>\n<td class=\"et2\" style=\"text-align: center;\" rowspan=\"7\">Rosa, Wei\u00df, Gold\u2026<\/td>\n<\/tr>\n<tr style=\"height: 13.50pt;\">\n<td style=\"height: 13.5pt; text-align: center;\" align=\"right\" height=\"18\">10<\/td>\n<td style=\"text-align: center;\">2,5 \u00d7 8,1<\/td>\n<\/tr>\n<tr style=\"height: 13.50pt;\">\n<td style=\"height: 13.5pt; text-align: center;\" align=\"right\" height=\"18\">15<\/td>\n<td style=\"text-align: center;\">2,8 \u00d7 8,7<\/td>\n<\/tr>\n<tr style=\"height: 13.50pt;\">\n<td style=\"height: 13.5pt; text-align: center;\" align=\"right\" height=\"18\">20<\/td>\n<td style=\"text-align: center;\">2,8 \u00d7 9,4<\/td>\n<\/tr>\n<tr style=\"height: 13.50pt;\">\n<td style=\"height: 13.5pt; text-align: center;\" align=\"right\" height=\"18\">30<\/td>\n<td style=\"text-align: center;\">3,3 \u00d7 10,1<\/td>\n<\/tr>\n<tr style=\"height: 13.50pt;\">\n<td style=\"height: 13.5pt; text-align: center;\" align=\"right\" height=\"18\">50<\/td>\n<td style=\"text-align: center;\">3,6 \u00d7 11,3<\/td>\n<\/tr>\n<tr style=\"height: 13.50pt;\">\n<td style=\"height: 13.5pt; text-align: center;\" align=\"right\" height=\"18\">100<\/td>\n<td style=\"text-align: center;\">4,5 \u00d7 13,5<\/td>\n<\/tr>\n<\/tbody>\n<\/table>\n<h2>Erfolgsbeispiel<\/h2>\n<p>Eine der unabh\u00e4ngigen asiatischen Hautpflegemarken entschied sich f\u00fcr unsere 100-ml-Tropfflasche mit rosa Farbverlauf, um eine neue Linie aufhellender Seren f\u00fcr junge Frauen in S\u00fcdostasien auf den Markt zu bringen. Um die Haltbarkeit des Drucks zu erh\u00f6hen, haben wir au\u00dferdem einen ros\u00e9goldplattierten Flaschenhals, ein hei\u00dfgepr\u00e4gtes Logo und ein mattiertes Etikettenfeld hinzugef\u00fcgt.<\/p>\n<p>Einen Monat sp\u00e4ter, sechs Monate nach der Online-Einf\u00fchrung der neuen Verpackung, verzeichnete die Marke einen Umsatzanstieg von 41 Prozent. Der Kunde gab im darauffolgenden Jahr acht Gro\u00dfbestellungen auf.<\/p>\n<h2>Anpassungstipps<\/h2>\n<ol>\n<li><strong>Optionen f\u00fcr den Tropfkopf:<\/strong> Sie k\u00f6nnen Silikonbirnen in verschiedenen Farben (wei\u00df, rosa, schwarz) oder mit metallischen Oberfl\u00e4chen wie Gold, Ros\u00e9gold oder Mattsilber ausw\u00e4hlen.<\/li>\n<li><strong>Auswahl der Glasoberfl\u00e4che:<\/strong> Verwenden Sie glasierte, mattierte oder weiche, matte Folien, um die sinnliche Haptik und den luxuri\u00f6sen Look des Artikels zu verbessern.<\/li>\n<li><strong>Gravierte oder gepr\u00e4gte Markenbezeichnung:<\/strong> Personalisieren Sie den Flaschenboden oder den oberen Teil mit dem Markenlogo in Reliefoptik f\u00fcr einen anspruchsvollen, luxuri\u00f6sen Stil.<\/li>\n<\/ol>","protected":false},"excerpt":{"rendered":"<p>Unsere Fabrik bietet \u00e4therische \u00d6lflaschen im Gro\u00dfhandel an. Diese Tropfflaschen werden direkt ab Werk geliefert, sind in gro\u00dfen Mengen individuell anpassbar und werden schnell versandt.<\/p>","protected":false},"featured_media":5806,"template":"","meta":{"postBodyCss":"","postBodyMargin":[],"postBodyPadding":[],"postBodyBackground":{"backgroundType":"classic","gradient":""}},"product_brand":[],"product_cat":[15,87,16],"product_tag":[],"class_list":{"0":"post-5798","1":"product","2":"type-product","3":"status-publish","4":"has-post-thumbnail","6":"product_cat-glass-containers","7":"product_cat-dropper-bottles","8":"product_cat-glass-bottles","10":"first","11":"instock","12":"shipping-taxable","13":"product-type-simple"},"jetpack_sharing_enabled":true,"_links":{"self":[{"href":"https:\/\/minghanggroup.com\/de\/wp-json\/wp\/v2\/product\/5798","targetHints":{"allow":["GET"]}}],"collection":[{"href":"https:\/\/minghanggroup.com\/de\/wp-json\/wp\/v2\/product"}],"about":[{"href":"https:\/\/minghanggroup.com\/de\/wp-json\/wp\/v2\/types\/product"}],"wp:featuredmedia":[{"embeddable":true,"href":"https:\/\/minghanggroup.com\/de\/wp-json\/wp\/v2\/media\/5806"}],"wp:attachment":[{"href":"https:\/\/minghanggroup.com\/de\/wp-json\/wp\/v2\/media?parent=5798"}],"wp:term":[{"taxonomy":"product_brand","embeddable":true,"href":"https:\/\/minghanggroup.com\/de\/wp-json\/wp\/v2\/product_brand?post=5798"},{"taxonomy":"product_cat","embeddable":true,"href":"https:\/\/minghanggroup.com\/de\/wp-json\/wp\/v2\/product_cat?post=5798"},{"taxonomy":"product_tag","embeddable":true,"href":"https:\/\/minghanggroup.com\/de\/wp-json\/wp\/v2\/product_tag?post=5798"}],"curies":[{"name":"wp","href":"https:\/\/api.w.org\/{rel}","templated":true}]}}