{"id":5793,"date":"2026-02-28T11:33:41","date_gmt":"2026-02-28T03:33:41","guid":{"rendered":"https:\/\/minghanggroup.com\/?post_type=product&#038;p=5793"},"modified":"2026-02-28T13:52:14","modified_gmt":"2026-02-28T05:52:14","slug":"clear-glass-empty-dropper-bottles-with-lids-wholesale","status":"publish","type":"product","link":"https:\/\/minghanggroup.com\/de\/produkt\/clear-glass-empty-dropper-bottles-with-lids-wholesale\/","title":{"rendered":"20 ml, 30 ml, 50 ml leere, durchsichtige Glas-Tropfflaschen mit Deckel \u2013 Gro\u00dfhandel"},"content":{"rendered":"<p>Diese leeren Tropfflaschen sind aus hochwertigem, reinem Klarglas gefertigt und haben eine zylindrische Form mit abgerundeter Oberseite. Die Tropfverschl\u00fcsse sind aus metallischem Silber und Gold gefertigt, was den Flaschen eine edle und moderne Note verleiht.<\/p>\n<h2>Produktmerkmale<\/h2>\n<ul>\n<li><strong>Zeitgen\u00f6ssischer Designstil:<\/strong> Die klaren Linien und das ultraklare Glas verleihen dem Raum ein modernes und hochwertiges Erscheinungsbild.<\/li>\n<li><strong>Hochwertige Metallkappen:<\/strong> Die Verschl\u00fcsse gibt es als Schraubverschl\u00fcsse, Druckknopfverschl\u00fcsse und Tropfverschl\u00fcsse, und sie f\u00fchlen sich sehr angenehm an.<\/li>\n<li><strong>Ideale Kappengr\u00f6\u00dfen:<\/strong> Drei praktische Verschlussgr\u00f6\u00dfen (20 ml, 30 ml, 50 ml) eignen sich f\u00fcr die meisten Seren, \u00e4therischen \u00d6le und Tinkturen.<\/li>\n<\/ul>\n<h2 style=\"text-align: left;\">Wichtigste Spezifikationen<\/h2>\n<table class=\"aligncenter\" style=\"border-collapse: collapse; width: 419.27pt;\" border=\"0\" width=\"559\" cellspacing=\"0\" cellpadding=\"0\">\n<tbody>\n<tr style=\"height: 13.50pt;\">\n<td style=\"height: 13.50pt; width: 115.50pt;\" width=\"154\" height=\"18\">Specification<\/td>\n<td style=\"width: 303.75pt;\" width=\"405\">Details<\/td>\n<\/tr>\n<tr style=\"height: 13.50pt;\">\n<td style=\"height: 13.50pt;\" height=\"18\">Kapazit\u00e4t<\/td>\n<td>20 ml, 30 ml, 50 ml<\/td>\n<\/tr>\n<tr style=\"height: 13.50pt;\">\n<td style=\"height: 13.50pt;\" height=\"18\">Abmessungen<\/td>\n<td>3,8 \u00d7 9,8 cm bis 3,8 \u00d7 12,1 cm (Durchmesser \u00d7 H\u00f6he)<\/td>\n<\/tr>\n<tr style=\"height: 13.50pt;\">\n<td style=\"height: 13.50pt;\" height=\"18\">Material<\/td>\n<td>Klarglas, Silikonbirne, Metalldeckel<\/td>\n<\/tr>\n<tr style=\"height: 13.50pt;\">\n<td style=\"height: 13.50pt;\" height=\"18\">Flaschenform<\/td>\n<td>Zylinder mit geraden Seiten und Tropfvorrichtung<\/td>\n<\/tr>\n<tr style=\"height: 13.50pt;\">\n<td style=\"height: 13.50pt;\" height=\"18\">Anpassungsumfang<\/td>\n<td>Deckel, Gr\u00f6\u00dfe, Farbe, Oberfl\u00e4che<\/td>\n<\/tr>\n<tr style=\"height: 13.50pt;\">\n<td style=\"height: 13.50pt;\" height=\"18\">Handwerkskunst<\/td>\n<td>Pr\u00e4zisionsglasformung, Montage von Glaspipetten<\/td>\n<\/tr>\n<tr style=\"height: 13.50pt;\">\n<td style=\"height: 13.50pt;\" height=\"18\">Produktzweck<\/td>\n<td>Gro\u00dfpackungen mit Tropfverschluss, Tinkturflaschen<\/td>\n<\/tr>\n<tr style=\"height: 13.50pt;\">\n<td style=\"height: 13.50pt;\" height=\"18\">Geeignete Branchen<\/td>\n<td>Hautpflegeunternehmen, Aromatherapie<\/td>\n<\/tr>\n<\/tbody>\n<\/table>\n<h2>Erfolgsgeschichte: Eine exklusive Serie eines kanadischen \u00e4therischen \u00d6lmischers<\/h2>\n<p>Unsere 30-ml-Leerflaschen mit Tropfverschluss, silbernem Druckknopf und individuell bedruckten Etiketten mit botanischen Motiven wurden von einem kanadischen Hersteller \u00e4therischer \u00d6le bestellt. Dank des pr\u00e4zisen Tropfverschlusses k\u00f6nnen 2\u20133 Tropfen pro Anwendung abgegeben werden, wodurch die Haltbarkeit der Produkte um 30 % verl\u00e4ngert wird. Die 30-ml-Flasche eignet sich ideal f\u00fcr die bekanntesten \u00e4therischen \u00d6lmischungen des Herstellers. Das Unternehmen hat eine weitere Charge von 900.000 Flaschen bestellt, um die Nachfrage seines Partners und den Bedarf seines nordamerikanischen Vertriebspartners f\u00fcr 18 Monate zu decken.<\/p>\n<h2>Anpassungsoptionen f\u00fcr Gro\u00dfflaschen mit Tropfverschluss<\/h2>\n<ul>\n<li>Sonderfarben f\u00fcr Glas: Glasflaschen mit bernsteinfarbener T\u00f6nung werden verwendet, um lichtempfindliche Substanzen, darunter einige Vitamine oder \u00e4therische \u00d6le, zu sch\u00fctzen.<\/li>\n<li>Individuelle Farben f\u00fcr Kappe und Pipette: Die Farben der Kappe und der Silikond\u00fcse k\u00f6nnen an die individuellen Markenfarben angepasst werden.<\/li>\n<li>Lasergravur: Die Etiketten der Flaschen werden per Laser graviert (kleine Chargencodes), Markenlogos oder QR-Codes.<\/li>\n<\/ul>","protected":false},"excerpt":{"rendered":"<p>Hochwertige, leere Tropfflaschen in gro\u00dfen Mengen. Unsere Glas-Tropfflaschen in Gro\u00dfpackungen zeichnen sich durch ein elegantes, zylindrisches Design mit hochgl\u00e4nzenden Deckeln aus. Direkt vom Hersteller, schnelle Lieferung.<\/p>","protected":false},"featured_media":5800,"template":"","meta":{"postBodyCss":"","postBodyMargin":[],"postBodyPadding":[],"postBodyBackground":{"backgroundType":"classic","gradient":""}},"product_brand":[],"product_cat":[15,87,16],"product_tag":[],"class_list":{"0":"post-5793","1":"product","2":"type-product","3":"status-publish","4":"has-post-thumbnail","6":"product_cat-glass-containers","7":"product_cat-dropper-bottles","8":"product_cat-glass-bottles","10":"first","11":"instock","12":"shipping-taxable","13":"product-type-simple"},"jetpack_sharing_enabled":true,"_links":{"self":[{"href":"https:\/\/minghanggroup.com\/de\/wp-json\/wp\/v2\/product\/5793","targetHints":{"allow":["GET"]}}],"collection":[{"href":"https:\/\/minghanggroup.com\/de\/wp-json\/wp\/v2\/product"}],"about":[{"href":"https:\/\/minghanggroup.com\/de\/wp-json\/wp\/v2\/types\/product"}],"wp:featuredmedia":[{"embeddable":true,"href":"https:\/\/minghanggroup.com\/de\/wp-json\/wp\/v2\/media\/5800"}],"wp:attachment":[{"href":"https:\/\/minghanggroup.com\/de\/wp-json\/wp\/v2\/media?parent=5793"}],"wp:term":[{"taxonomy":"product_brand","embeddable":true,"href":"https:\/\/minghanggroup.com\/de\/wp-json\/wp\/v2\/product_brand?post=5793"},{"taxonomy":"product_cat","embeddable":true,"href":"https:\/\/minghanggroup.com\/de\/wp-json\/wp\/v2\/product_cat?post=5793"},{"taxonomy":"product_tag","embeddable":true,"href":"https:\/\/minghanggroup.com\/de\/wp-json\/wp\/v2\/product_tag?post=5793"}],"curies":[{"name":"wp","href":"https:\/\/api.w.org\/{rel}","templated":true}]}}