{"id":5788,"date":"2026-02-28T11:53:54","date_gmt":"2026-02-28T03:53:54","guid":{"rendered":"https:\/\/minghanggroup.com\/?post_type=product&#038;p=5788"},"modified":"2026-02-28T11:53:56","modified_gmt":"2026-02-28T03:53:56","slug":"custom-black-dropper-bottles-wholesale","status":"publish","type":"product","link":"https:\/\/minghanggroup.com\/de\/produkt\/custom-black-dropper-bottles-wholesale\/","title":{"rendered":"5 ml \u2013 100 ml Individuell gestaltete schwarze Tropfflaschen im Gro\u00dfhandel"},"content":{"rendered":"<p>Sie haben genug von auslaufenden oder in der Sonne ausbleichenden Fl\u00e4schchen f\u00fcr \u00e4therische \u00d6le? Unsere schwarzen Tropfflaschen l\u00f6sen dieses Problem. Dank UV-Schutz sind Ihre \u00e4therischen \u00d6le vor Lichtsch\u00e4den gesch\u00fctzt. Die Tropfflaschen aus hochwertigem Glas sind schwarz f\u00fcr optimalen UV-Schutz und garantieren einen auslaufsicheren Versand. Die Verpackung ist perfekt auf Ihre Marke f\u00fcr \u00e4therische \u00d6le abgestimmt. Flaschengr\u00f6\u00dfen: Von 5 ml (ideal f\u00fcr 30-ml-Proben) bis 100 ml. Tropfverschluss: Pr\u00e4zise Glasflaschen mit Tropfverschluss. So bleibt Ihr \u00e4therisches \u00d6l frisch.<\/p>\n<h2>Produktmerkmale<\/h2>\n<ul>\n<li><strong>Vollst\u00e4ndiger UV-Schutz:<\/strong> Schwarzes Glas verhindert das Eindringen der sch\u00e4dlichen UV-Strahlen, was f\u00fcr den Erhalt der Stabilit\u00e4t der \u00e4therischen \u00d6le unerl\u00e4sslich ist.<\/li>\n<li><strong>Pr\u00e4zise Dosierung:<\/strong> Es handelt sich um eine Glasflasche mit Pipette, die ein sehr pr\u00e4zises Dosieren erm\u00f6glicht. So verschwenden Sie keine Tinktur oder \u00e4therisches \u00d6l mehr.<\/li>\n<li><strong>Gr\u00f6\u00dfenvariabilit\u00e4t:<\/strong> 5 ml eignen sich f\u00fcr kleine Beh\u00e4lter, 100 ml f\u00fcr gr\u00f6\u00dfere Mengen. Die verschiedenen Gr\u00f6\u00dfen decken genau die Anforderungen jedes \u00e4therischen \u00d6ls ab.<\/li>\n<\/ul>\n<h2>Wichtigste Spezifikationen<\/h2>\n<table style=\"border-collapse: collapse; width: 80%; margin-left: auto; margin-right: auto;\" border=\"0\" width=\"288\" cellspacing=\"0\" cellpadding=\"0\">\n<tbody>\n<tr style=\"height: 13.50pt;\">\n<td style=\"height: 13.5pt; width: 54pt; text-align: center;\" width=\"72\" height=\"18\">Fassungsverm\u00f6gen (ml)<\/td>\n<td style=\"width: 54pt; text-align: center;\" width=\"72\">Abmessungen (cm)<\/td>\n<td style=\"width: 54pt; text-align: center;\" width=\"72\">Farbe<\/td>\n<td style=\"width: 54pt; text-align: center;\" width=\"72\">Optionen f\u00fcr Dropper<\/td>\n<\/tr>\n<tr style=\"height: 13.50pt;\">\n<td style=\"height: 13.5pt; text-align: center;\" align=\"right\" height=\"18\">5<\/td>\n<td style=\"text-align: center;\">2,2 \u00d7 7,2<\/td>\n<td class=\"et2\" style=\"text-align: center;\" rowspan=\"7\">Schwarz<\/td>\n<td class=\"et2\" style=\"text-align: center;\" rowspan=\"7\">Standard \/ Farbig<\/td>\n<\/tr>\n<tr style=\"height: 13.50pt;\">\n<td style=\"height: 13.5pt; text-align: center;\" align=\"right\" height=\"18\">10<\/td>\n<td style=\"text-align: center;\">2,5 \u00d7 8,0<\/td>\n<\/tr>\n<tr style=\"height: 13.50pt;\">\n<td style=\"height: 13.5pt; text-align: center;\" align=\"right\" height=\"18\">15<\/td>\n<td style=\"text-align: center;\">2,8 \u00d7 8,2<\/td>\n<\/tr>\n<tr style=\"height: 13.50pt;\">\n<td style=\"height: 13.5pt; text-align: center;\" align=\"right\" height=\"18\">20<\/td>\n<td style=\"text-align: center;\">2,9 \u00d7 9,3<\/td>\n<\/tr>\n<tr style=\"height: 13.50pt;\">\n<td style=\"height: 13.5pt; text-align: center;\" align=\"right\" height=\"18\">30<\/td>\n<td style=\"text-align: center;\">3,3 \u00d7 10,1<\/td>\n<\/tr>\n<tr style=\"height: 13.50pt;\">\n<td style=\"height: 13.5pt; text-align: center;\" align=\"right\" height=\"18\">50<\/td>\n<td style=\"text-align: center;\">3,7 \u00d7 11,4<\/td>\n<\/tr>\n<tr style=\"height: 13.50pt;\">\n<td style=\"height: 13.5pt; text-align: center;\" align=\"right\" height=\"18\">100<\/td>\n<td style=\"text-align: center;\">4,4 \u00d7 13,5<\/td>\n<\/tr>\n<\/tbody>\n<\/table>\n<h2>Erfolgsbeispiel<\/h2>\n<p>Ein britisches Unternehmen, das Hautpflegeprodukte unter eigener Marke herstellt, hat sich entschieden, die Flaschenverpackung seiner hochkonzentrierten Vitamin-C-Serum-Linie durch unsere 50-ml-Tropfflasche in Schwarz zu ersetzen. Der Kunde w\u00e4hlte einen mattschwarzen, geriffelten Verschluss f\u00fcr besseren Halt und ein silbernes, gepr\u00e4gtes Markenlogo am Flaschenhals f\u00fcr eine h\u00f6here Markenbekanntheit. Zus\u00e4tzlich wurden eine kratzfeste Beschichtung und individuell angepasste, 1-ml-Glaspipetten mit Graduierung f\u00fcr eine pr\u00e4zise Dosierung realisiert.<\/p>\n<p>F\u00fcnf Monate nach Einf\u00fchrung der verbesserten Verpackung berichtete der Kunde von einem Anstieg der Online-Verk\u00e4ufe um 38 %. Im darauffolgenden Jahr bestellte die Marke sieben gro\u00dfe Mengen, was zu einem Anstieg der j\u00e4hrlichen Eink\u00e4ufe um 80 % f\u00fchrte.<\/p>\n<h2>Anpassungstipps<\/h2>\n<ol>\n<li><strong>Kragenabschluss:<\/strong> Individuelle Gestaltung der Halsbandoberfl\u00e4chen: Alle Aluminiumhalsb\u00e4nder k\u00f6nnen nach Kundenwunsch mit verschiedenen Oberfl\u00e4chen versehen werden: matt, gl\u00e4nzend, geb\u00fcrstet oder galvanisiert (Gold, Silber, Ros\u00e9gold usw.).<\/li>\n<li><strong>Manipulationssicheres, transparentes Design:<\/strong> Das erste Merkmal ist der Manipulationsschutzring oder das Schrumpfband, als Option zur Erh\u00f6hung der Konformit\u00e4t und Sicherheit Ihres Produkts.<\/li>\n<li><strong>Oberfl\u00e4chenbeschichtungs-Upgrade:<\/strong> Durch das Aufspr\u00fchen eines matten Sprays wird eine weiche, griffige und kratzfeste Behandlung erzielt, die sowohl die Griffigkeit als auch die Lebensdauer des Produkts deutlich verbessert.<\/li>\n<\/ol>","protected":false},"excerpt":{"rendered":"<p>Hochwertige schwarze Tropfflaschen f\u00fcr \u00e4therische \u00d6le. Tropfflaschen mit UV-Schutz im Gro\u00dfhandel. Individuelle Farben. Auslaufsicher. Gratisproben. Schneller Versand.<\/p>","protected":false},"featured_media":5797,"template":"","meta":{"postBodyCss":"","postBodyMargin":[],"postBodyPadding":[],"postBodyBackground":{"backgroundType":"classic","gradient":""}},"product_brand":[],"product_cat":[15,87,16],"product_tag":[],"class_list":{"0":"post-5788","1":"product","2":"type-product","3":"status-publish","4":"has-post-thumbnail","6":"product_cat-glass-containers","7":"product_cat-dropper-bottles","8":"product_cat-glass-bottles","10":"first","11":"instock","12":"shipping-taxable","13":"product-type-simple"},"jetpack_sharing_enabled":true,"_links":{"self":[{"href":"https:\/\/minghanggroup.com\/de\/wp-json\/wp\/v2\/product\/5788","targetHints":{"allow":["GET"]}}],"collection":[{"href":"https:\/\/minghanggroup.com\/de\/wp-json\/wp\/v2\/product"}],"about":[{"href":"https:\/\/minghanggroup.com\/de\/wp-json\/wp\/v2\/types\/product"}],"wp:featuredmedia":[{"embeddable":true,"href":"https:\/\/minghanggroup.com\/de\/wp-json\/wp\/v2\/media\/5797"}],"wp:attachment":[{"href":"https:\/\/minghanggroup.com\/de\/wp-json\/wp\/v2\/media?parent=5788"}],"wp:term":[{"taxonomy":"product_brand","embeddable":true,"href":"https:\/\/minghanggroup.com\/de\/wp-json\/wp\/v2\/product_brand?post=5788"},{"taxonomy":"product_cat","embeddable":true,"href":"https:\/\/minghanggroup.com\/de\/wp-json\/wp\/v2\/product_cat?post=5788"},{"taxonomy":"product_tag","embeddable":true,"href":"https:\/\/minghanggroup.com\/de\/wp-json\/wp\/v2\/product_tag?post=5788"}],"curies":[{"name":"wp","href":"https:\/\/api.w.org\/{rel}","templated":true}]}}