{"id":5787,"date":"2026-02-28T10:21:55","date_gmt":"2026-02-28T02:21:55","guid":{"rendered":"https:\/\/minghanggroup.com\/?post_type=product&#038;p=5787"},"modified":"2026-02-28T11:34:40","modified_gmt":"2026-02-28T03:34:40","slug":"clear-tincture-bottles-for-essential-oils-bulk","status":"publish","type":"product","link":"https:\/\/minghanggroup.com\/de\/produkt\/clear-tincture-bottles-for-essential-oils-bulk\/","title":{"rendered":"20 ml, 30 ml, 50 ml durchsichtige Tinkturfl\u00e4schchen f\u00fcr \u00e4therische \u00d6le (Gro\u00dfpackung)"},"content":{"rendered":"<p>Diese Tinkturflaschen haben eine schlanke, kurze, zylindrische Form und bestehen aus ultraklarem, dickwandigem Glas. Sie verf\u00fcgen \u00fcber goldene oder silberne Metalltropfkappen sowie wei\u00dfe Silikontropfkappen, die eine einfache Dosierung und einen dichten Verschluss erm\u00f6glichen.<\/p>\n<h2>Produktmerkmale<\/h2>\n<ul>\n<li><strong>Luxuri\u00f6ses Flaschendesign:<\/strong> Die Flasche besteht aus hochtransparentem Glas mit dickem Boden und einem metallischen Tropfverschluss, um dem Produkt eine hohe optische Attraktivit\u00e4t zu verleihen.<\/li>\n<li><strong>Elegante Kappenauswahl:<\/strong> Ob goldener Druckknopfverschluss, goldener Schraubverschluss oder silberner Tropfverschluss \u2013 sie alle strahlen einen Hauch von Luxus aus.<\/li>\n<li><strong>Pr\u00e4zisions-Silikonpipette:<\/strong> Die mitgelieferte Silikonpipette ist wei\u00df, um die erforderliche Dosierungsgenauigkeit zu gew\u00e4hrleisten.<\/li>\n<\/ul>\n<h2 style=\"text-align: left;\">Wichtigste Spezifikationen<\/h2>\n<table class=\"aligncenter\" style=\"border-collapse: collapse; width: 419.27pt;\" border=\"0\" width=\"559\" cellspacing=\"0\" cellpadding=\"0\">\n<tbody>\n<tr style=\"height: 13.50pt;\">\n<td style=\"height: 13.50pt; width: 115.50pt;\" width=\"154\" height=\"18\">Specification<\/td>\n<td style=\"width: 303.75pt;\" width=\"405\">Details<\/td>\n<\/tr>\n<tr style=\"height: 13.50pt;\">\n<td style=\"height: 13.50pt;\" height=\"18\">Kapazit\u00e4t<\/td>\n<td>20 ml, 30 ml, 50 ml<\/td>\n<\/tr>\n<tr style=\"height: 13.50pt;\">\n<td style=\"height: 13.50pt;\" height=\"18\">Abmessungen<\/td>\n<td>3,8 \u00d7 9,8 cm bis 3,8 \u00d7 12,1 cm (Durchmesser \u00d7 H\u00f6he)<\/td>\n<\/tr>\n<tr style=\"height: 13.50pt;\">\n<td style=\"height: 13.50pt;\" height=\"18\">Material<\/td>\n<td>Klares Glas mit dickem Boden, Silikon, Metallkappen<\/td>\n<\/tr>\n<tr style=\"height: 13.50pt;\">\n<td style=\"height: 13.50pt;\" height=\"18\">Flaschenform<\/td>\n<td>Zylinder mit dickem Boden und Tropfvorrichtung<\/td>\n<\/tr>\n<tr style=\"height: 13.50pt;\">\n<td style=\"height: 13.50pt;\" height=\"18\">Anpassungsumfang<\/td>\n<td>Deckel, Farbe, Oberfl\u00e4che, Tropfspitze<\/td>\n<\/tr>\n<tr style=\"height: 13.50pt;\">\n<td style=\"height: 13.50pt;\" height=\"18\">Handwerkskunst<\/td>\n<td>Pr\u00e4zisionsglasumformung f\u00fcr dicke W\u00e4nde<\/td>\n<\/tr>\n<tr style=\"height: 13.50pt;\">\n<td style=\"height: 13.50pt;\" height=\"18\">Produktzweck<\/td>\n<td>Tinkturflaschen mit Tropfverschluss, CBD-\u00d6lflaschen<\/td>\n<\/tr>\n<tr style=\"height: 13.50pt;\">\n<td style=\"height: 13.50pt;\" height=\"18\">Geeignete Branchen<\/td>\n<td>Marken f\u00fcr pflanzliche Nahrungserg\u00e4nzungsmittel, CBD-Unternehmen<\/td>\n<\/tr>\n<\/tbody>\n<\/table>\n<h2>Erfolgsgeschichte einer Premium-Produktlinie eines CBD-Unternehmens aus Colorado<\/h2>\n<p>Unsere 30-ml-Tinkturflaschen mit goldenem Schraubverschluss und individuell gestalteter Dosierungstabelle wurden von einem CBD-Unternehmen aus Colorado ins Sortiment aufgenommen. Die Flasche aus dichtem Glas sch\u00fctzt effektiv vor Photodegradation und erh\u00f6ht so die Wirksamkeit des Serums um 25 %. Dank der pr\u00e4zisen Pipette l\u00e4sst sich jedes Mal exakt 1 ml dosieren. Aufgrund des gro\u00dfen Erfolgs bestellte das Unternehmen weitere 1,2 Millionen Flaschen f\u00fcr seine landesweite Einzelhandelskette.<\/p>\n<h2>Individualisierung von Tinktur-Tropfflaschen<\/h2>\n<ul>\n<li>Individuelle Kappen- und Tropfspitzenfarben: Sowohl die Kappe als auch der Silikonballon k\u00f6nnen in der Farbe bestellt werden, die zu einer bestimmten Marke anhand eines Farbmusters passt.<\/li>\n<li>Individuelle Kappenpr\u00e4gung: W\u00e4hlen Sie ein beliebiges Logo oder Monogramm, um die Kappe mit einem individuellen Logo oder Monogramm zu versehen und so Ihre Marke zu personalisieren.<\/li>\n<li>Kindersicherung: Integrieren Sie eine Dreh- und Druckfunktion in den Tropfverschluss.<\/li>\n<\/ul>","protected":false},"excerpt":{"rendered":"<p>Entdecken Sie hochwertige Tinkturflaschen mit wei\u00dfen Silikonsaugern und Metallic-Oberfl\u00e4chen. Diese Tropfflaschen sind sofort markenfertig.<\/p>","protected":false},"featured_media":5791,"template":"","meta":{"postBodyCss":"","postBodyMargin":[],"postBodyPadding":[],"postBodyBackground":{"backgroundType":"classic","gradient":""}},"product_brand":[],"product_cat":[15,87,16],"product_tag":[],"class_list":{"0":"post-5787","1":"product","2":"type-product","3":"status-publish","4":"has-post-thumbnail","6":"product_cat-glass-containers","7":"product_cat-dropper-bottles","8":"product_cat-glass-bottles","10":"first","11":"instock","12":"shipping-taxable","13":"product-type-simple"},"jetpack_sharing_enabled":true,"_links":{"self":[{"href":"https:\/\/minghanggroup.com\/de\/wp-json\/wp\/v2\/product\/5787","targetHints":{"allow":["GET"]}}],"collection":[{"href":"https:\/\/minghanggroup.com\/de\/wp-json\/wp\/v2\/product"}],"about":[{"href":"https:\/\/minghanggroup.com\/de\/wp-json\/wp\/v2\/types\/product"}],"wp:featuredmedia":[{"embeddable":true,"href":"https:\/\/minghanggroup.com\/de\/wp-json\/wp\/v2\/media\/5791"}],"wp:attachment":[{"href":"https:\/\/minghanggroup.com\/de\/wp-json\/wp\/v2\/media?parent=5787"}],"wp:term":[{"taxonomy":"product_brand","embeddable":true,"href":"https:\/\/minghanggroup.com\/de\/wp-json\/wp\/v2\/product_brand?post=5787"},{"taxonomy":"product_cat","embeddable":true,"href":"https:\/\/minghanggroup.com\/de\/wp-json\/wp\/v2\/product_cat?post=5787"},{"taxonomy":"product_tag","embeddable":true,"href":"https:\/\/minghanggroup.com\/de\/wp-json\/wp\/v2\/product_tag?post=5787"}],"curies":[{"name":"wp","href":"https:\/\/api.w.org\/{rel}","templated":true}]}}