{"id":5777,"date":"2026-02-27T16:38:54","date_gmt":"2026-02-27T08:38:54","guid":{"rendered":"https:\/\/minghanggroup.com\/?post_type=product&#038;p=5777"},"modified":"2026-02-27T16:47:14","modified_gmt":"2026-02-27T08:47:14","slug":"amber-dropper-bottles-for-essential-oils-bulk","status":"publish","type":"product","link":"https:\/\/minghanggroup.com\/de\/produkt\/amber-dropper-bottles-for-essential-oils-bulk\/","title":{"rendered":"Braune Tropfflaschen (5 ml \u2013 100 ml) f\u00fcr \u00e4therische \u00d6le (Gro\u00dfpackung)"},"content":{"rendered":"<p>Unsere bernsteinfarbenen Tropfflaschen l\u00f6sen dieses Problem jetzt. \u00c4therische \u00d6le bleiben dank UV-Schutz in den Tropfflaschen aus bernsteinfarbenem Glas rein. Die Flaschen bestehen aus hochwertigem Borosilikatglas \u2013 bernsteinfarben f\u00fcr UV-Schutz, klar f\u00fcr optimale Sichtbarkeit. Eine Verpackung, die perfekt zu Ihrer Marke f\u00fcr \u00e4therische \u00d6le passt. Flaschengr\u00f6\u00dfe? Von 5 ml (ideal f\u00fcr 30-ml-Proben) bis 100 ml. Tropfverschluss? Pr\u00e4zise Tropfverschluss-Technologie. So bleibt Ihr \u00e4therisches \u00d6l frisch.<\/p>\n<h2>Produktmerkmale<\/h2>\n<ul>\n<li><strong>UV-Schutzleistung:<\/strong> Braunglas blockiert UV-Licht, das f\u00fcr die Stabilit\u00e4t der \u00e4therischen \u00d6le von entscheidender Bedeutung ist. Kein Verblassen, keine Zersetzung.<\/li>\n<li><strong>Pr\u00e4zisionsdosierung:<\/strong> Eine Glasflasche mit Pipette erm\u00f6glicht eine pr\u00e4zise Dosierung. So wird keine Tinktur oder kein \u00e4therisches \u00d6l mehr verschwendet.<\/li>\n<li><strong>Gr\u00f6\u00dfenflexibilit\u00e4t:<\/strong> 5 ml f\u00fcr Roll-ons und Beh\u00e4lter, 100 ml f\u00fcr Gro\u00dfpackungen. Die verschiedenen Gr\u00f6\u00dfen decken jeden Bedarf an \u00e4therischen \u00d6len ab.<\/li>\n<\/ul>\n<h2>Wichtigste Spezifikationen<\/h2>\n<table style=\"border-collapse: collapse; width: 80%; margin-left: auto; margin-right: auto;\" border=\"0\" width=\"288\" cellspacing=\"0\" cellpadding=\"0\">\n<tbody>\n<tr style=\"height: 13.50pt;\">\n<td style=\"height: 13.5pt; width: 54pt; text-align: center;\" width=\"72\" height=\"18\">Fassungsverm\u00f6gen (ml)<\/td>\n<td style=\"width: 54pt; text-align: center;\" width=\"72\">Abmessungen (cm)<\/td>\n<td style=\"width: 54pt; text-align: center;\" width=\"72\">Farbe<\/td>\n<td style=\"width: 54pt; text-align: center;\" width=\"72\">Zubeh\u00f6r<\/td>\n<\/tr>\n<tr style=\"height: 13.50pt;\">\n<td style=\"height: 13.5pt; text-align: center;\" align=\"right\" height=\"18\">5<\/td>\n<td style=\"text-align: center;\">2,2 \u00d7 5,0<\/td>\n<td class=\"et2\" style=\"text-align: center;\" rowspan=\"7\">Bernstein oder individuell<\/td>\n<td class=\"et2\" style=\"text-align: center;\" rowspan=\"7\">Diebstahlsicherungsringe, galvanisierte Ringe, mehrfarbige Tropfspitzen<\/td>\n<\/tr>\n<tr style=\"height: 13.50pt;\">\n<td style=\"height: 13.5pt; text-align: center;\" align=\"right\" height=\"18\">10<\/td>\n<td style=\"text-align: center;\">2,5 \u00d7 5,8<\/td>\n<\/tr>\n<tr style=\"height: 13.50pt;\">\n<td style=\"height: 13.5pt; text-align: center;\" align=\"right\" height=\"18\">15<\/td>\n<td style=\"text-align: center;\">2,9 \u00d7 6,5<\/td>\n<\/tr>\n<tr style=\"height: 13.50pt;\">\n<td style=\"height: 13.5pt; text-align: center;\" align=\"right\" height=\"18\">20<\/td>\n<td style=\"text-align: center;\">2,9 \u00d7 7,1<\/td>\n<\/tr>\n<tr style=\"height: 13.50pt;\">\n<td style=\"height: 13.5pt; text-align: center;\" align=\"right\" height=\"18\">30<\/td>\n<td style=\"text-align: center;\">3,3 \u00d7 7,8<\/td>\n<\/tr>\n<tr style=\"height: 13.50pt;\">\n<td style=\"height: 13.5pt; text-align: center;\" align=\"right\" height=\"18\">50<\/td>\n<td style=\"text-align: center;\">3,7 \u00d7 9,2<\/td>\n<\/tr>\n<tr style=\"height: 13.50pt;\">\n<td style=\"height: 13.5pt; text-align: center;\" align=\"right\" height=\"18\">100<\/td>\n<td style=\"text-align: center;\">4,5 \u00d7 11,2<\/td>\n<\/tr>\n<\/tbody>\n<\/table>\n<h2>Erfolgsbeispiel<\/h2>\n<p>Unsere bernsteinfarbenen Glas-Tropfflaschen wurden von einem kanadischen Naturkosmetikunternehmen f\u00fcr den Relaunch seiner hochwertigen Gesichts\u00f6lmarke ausgew\u00e4hlt. Zu den optisch differenzierenden Merkmalen geh\u00f6ren ein goldgepr\u00e4gter Aluminium-Halsring, ein mattschwarzer, geriffelter Verschluss (f\u00fcr besseren Halt), eine kalibrierte Glaspipette mit 0,25-ml-Teilung f\u00fcr pr\u00e4zise Dosierung und ein mattiertes Etikettenfeld f\u00fcr optimale Haftung des Siebdrucks.<\/p>\n<p>Nach Einf\u00fchrung der neuen Verpackung verzeichnete der Kunde in den ersten beiden Quartalen einen Umsatzanstieg von 32 Prozent. Dieser Anstieg wurde ma\u00dfgeblich durch die verbesserte Produktqualit\u00e4t und die h\u00f6here Sichtbarkeit im Regal erzielt. Innerhalb von zehn Monaten gab die Marke sechs Gro\u00dfbestellungen auf, was einem Anstieg des Bestellvolumens um 65 Prozent im Vergleich zum Vorjahr entspricht.<\/p>\n<h2>Anpassungsvorschl\u00e4ge<\/h2>\n<ol>\n<li><strong>Dropper-Upgrade:<\/strong> Mit galvanisierten Kappen f\u00fcr auslaufsicheren und versandsicheren Transport. Verschiedene Farboptionen f\u00fcr Tropfk\u00f6pfe.<\/li>\n<li><strong>Mengenrabatte:<\/strong> Kaufen Sie braune Tropfflaschen in gro\u00dfen Mengen und profitieren Sie von Gratisproben und gestaffelten Preisen.<\/li>\n<li><strong>UV-Schutz:<\/strong> \u00d6lglas in Braunglasform ist ein hervorragender nat\u00fcrlicher UV-Filter f\u00fcr \u00e4therische \u00d6le \u2013 Ihre \u00e4therischen \u00d6le verblassen nicht mehr.<\/li>\n<\/ol>","protected":false},"excerpt":{"rendered":"<p>Braune Tropfflaschen f\u00fcr \u00e4therische \u00d6le. \u00c4therische \u00d6le in Tropfflaschen mit UV-Schutz f\u00fcr gr\u00f6\u00dfere Mengen. Individuelle Farben. Direktversand ab Werk. Gratisproben.<\/p>","protected":false},"featured_media":5781,"template":"","meta":{"postBodyCss":"","postBodyMargin":[],"postBodyPadding":[],"postBodyBackground":{"backgroundType":"classic","gradient":""}},"product_brand":[],"product_cat":[15,87,16],"product_tag":[],"class_list":{"0":"post-5777","1":"product","2":"type-product","3":"status-publish","4":"has-post-thumbnail","6":"product_cat-glass-containers","7":"product_cat-dropper-bottles","8":"product_cat-glass-bottles","10":"first","11":"instock","12":"shipping-taxable","13":"product-type-simple"},"jetpack_sharing_enabled":true,"_links":{"self":[{"href":"https:\/\/minghanggroup.com\/de\/wp-json\/wp\/v2\/product\/5777","targetHints":{"allow":["GET"]}}],"collection":[{"href":"https:\/\/minghanggroup.com\/de\/wp-json\/wp\/v2\/product"}],"about":[{"href":"https:\/\/minghanggroup.com\/de\/wp-json\/wp\/v2\/types\/product"}],"wp:featuredmedia":[{"embeddable":true,"href":"https:\/\/minghanggroup.com\/de\/wp-json\/wp\/v2\/media\/5781"}],"wp:attachment":[{"href":"https:\/\/minghanggroup.com\/de\/wp-json\/wp\/v2\/media?parent=5777"}],"wp:term":[{"taxonomy":"product_brand","embeddable":true,"href":"https:\/\/minghanggroup.com\/de\/wp-json\/wp\/v2\/product_brand?post=5777"},{"taxonomy":"product_cat","embeddable":true,"href":"https:\/\/minghanggroup.com\/de\/wp-json\/wp\/v2\/product_cat?post=5777"},{"taxonomy":"product_tag","embeddable":true,"href":"https:\/\/minghanggroup.com\/de\/wp-json\/wp\/v2\/product_tag?post=5777"}],"curies":[{"name":"wp","href":"https:\/\/api.w.org\/{rel}","templated":true}]}}