{"id":5764,"date":"2026-02-27T11:51:14","date_gmt":"2026-02-27T03:51:14","guid":{"rendered":"https:\/\/minghanggroup.com\/?post_type=product&#038;p=5764"},"modified":"2026-04-14T10:25:02","modified_gmt":"2026-04-14T02:25:02","slug":"cobalt-blue-glass-empty-syrup-bottles-wholesale","status":"publish","type":"product","link":"https:\/\/minghanggroup.com\/de\/produkt\/cobalt-blue-glass-empty-syrup-bottles-wholesale\/","title":{"rendered":"Gro\u00dfhandel f\u00fcr leere Sirupflaschen aus kobaltblauem Glas (15 ml \u2013 500 ml)"},"content":{"rendered":"<p>Diese Art von leeren Sirupflaschen mit einem eleganten kobaltblauen Glask\u00f6rper und einer traditionellen zylindrischen Form mit abgerundeten und glatten Schultern sowie einem herk\u00f6mmlichen schmalen Gewindehals eignet sich f\u00fcr Pharmazeutika-Lieferanten und Siruphersteller.<\/p>\n<h2>Produktmerkmale<\/h2>\n<ul>\n<li><strong>Hervorragender UV-Schutz:<\/strong> Kobaltblaues Glas hat eine positive Blockierungswirkung auf verschiedene Wellenl\u00e4ngen des Lichts, die f\u00fcr das menschliche Auge sch\u00e4dlich sind.<\/li>\n<li><strong>Stabile zylindrische Konstruktion:<\/strong> Die zylindrische Form des Designs ist kurz und breit, was es sehr stabil macht und dem Benutzer einen bequemen und sicheren Halt bietet.<\/li>\n<li><strong>Gestufte Kapazit\u00e4ten:<\/strong> Sechs pr\u00e4zise Volumenmarkierungen (15 ml bis 500 ml) sind hinsichtlich der Produktgr\u00f6\u00dfen genau richtig.<\/li>\n<\/ul>\n<h2 style=\"text-align: left;\">Wichtigste Spezifikationen<\/h2>\n<table class=\"aligncenter\" style=\"border-collapse: collapse; width: 444.77pt;\" border=\"0\" width=\"593\" cellspacing=\"0\" cellpadding=\"0\">\n<tbody>\n<tr style=\"height: 13.50pt;\">\n<td style=\"height: 13.50pt; width: 115.50pt;\" width=\"154\" height=\"18\">Specification<\/td>\n<td style=\"width: 329.25pt;\" width=\"439\">Details<\/td>\n<\/tr>\n<tr style=\"height: 13.50pt;\">\n<td style=\"height: 13.50pt;\" height=\"18\">Kapazit\u00e4t<\/td>\n<td>15 ml, 30 ml, 60 ml, 120 ml, 250 ml, 500 ml<\/td>\n<\/tr>\n<tr style=\"height: 13.50pt;\">\n<td style=\"height: 13.50pt;\" height=\"18\">Abmessungen<\/td>\n<td>2,5 \u00d7 6,83 cm bis 7,46 \u00d7 16,87 cm (Durchmesser \u00d7 H\u00f6he)<\/td>\n<\/tr>\n<tr style=\"height: 13.50pt;\">\n<td style=\"height: 13.50pt;\" height=\"18\">Material<\/td>\n<td>Kobaltblaues Glas in pharmazeutischer Qualit\u00e4t<\/td>\n<\/tr>\n<tr style=\"height: 13.50pt;\">\n<td style=\"height: 13.50pt;\" height=\"18\">Flaschenform<\/td>\n<td>Kurzer, breiter Zylinder mit abgerundeten Schultern<\/td>\n<\/tr>\n<tr style=\"height: 13.50pt;\">\n<td style=\"height: 13.50pt;\" height=\"18\">Anpassungsumfang<\/td>\n<td>Gr\u00f6\u00dfe, Farbe, Deckel, Oberfl\u00e4che<\/td>\n<\/tr>\n<tr style=\"height: 13.50pt;\">\n<td style=\"height: 13.50pt;\" height=\"18\">Handwerkskunst<\/td>\n<td>Pr\u00e4zisionsglasblasen<\/td>\n<\/tr>\n<tr style=\"height: 13.50pt;\">\n<td style=\"height: 13.50pt;\" height=\"18\">Produktzweck<\/td>\n<td>Gro\u00dfhandel mit Glassirupflaschen, Glasflaschen f\u00fcr Sirup<\/td>\n<\/tr>\n<tr style=\"height: 13.50pt;\">\n<td style=\"height: 13.50pt;\" height=\"18\">Geeignete Branchen<\/td>\n<td>Pharmahersteller, Nahrungserg\u00e4nzungsmittelhersteller<\/td>\n<\/tr>\n<\/tbody>\n<\/table>\n<h2>Erfolgsgeschichte<\/h2>\n<p>Unsere kobaltblauen, leeren 30-ml-Sirupflaschen wurden von einem f\u00fchrenden Nahrungserg\u00e4nzungsmittelhersteller in Kalifornien ausgew\u00e4hlt und mit einem Siebdruck auf dem mattierten Flaschenk\u00f6rper und dem goldenen Etikett versehen. Die Ergebnisse waren beeindruckend: Die kobaltblaue Glasflasche bietet einen Schutz von \u00fcber 99 % vor UV- und sichtbarem Licht, wodurch die Haltbarkeit des Produkts um 40 Tage verl\u00e4ngert wird. Diese elegante Verpackung erh\u00f6hte den Verkaufspreis der Flasche um 20 Prozent im Vergleich zur zuvor verwendeten transparenten Flasche. Die Online-Konversionsrate des neuen Produkts stieg um 15 Prozent. Aufgrund dieser hervorragenden Ergebnisse bestellte das Unternehmen weitere 750.000 Flaschen.<\/p>\n<h2>Gro\u00dfhandel mit individueller Gestaltung von Glassirupflaschen<\/h2>\n<ul>\n<li><strong>Mattierte oder matte Oberfl\u00e4che:<\/strong> Die vollst\u00e4ndig mattierte Oberfl\u00e4che sorgt f\u00fcr ein weiches, luxuri\u00f6ses und manipulationssicheres Erscheinungsbild.<\/li>\n<li><strong>Spezieller Hals f\u00fcr Dropper:<\/strong> Hierbei handelt es sich um ein Halsgewinde, dessen Innendurchmesser so konstruiert ist, dass es genau in hochpr\u00e4zise Glaspipettenkomponenten passt.<\/li>\n<li><strong>Spezielle Kappenoberfl\u00e4chen:<\/strong> Passend zum blauen Glas werden verschiedene Oberfl\u00e4chen f\u00fcr die Kappe angeboten, darunter mattes Silber, Gold oder Wei\u00df.<\/li>\n<\/ul>","protected":false},"excerpt":{"rendered":"<p>Individuell gestaltete, leere Sirupflaschen in Kobaltblau. Unsere Glassirupflaschen im Gro\u00dfhandel sind mit verschiedenen Verschl\u00fcssen f\u00fcr den medizinischen und pharmazeutischen Bereich erh\u00e4ltlich. Professionelle OEM-Unterst\u00fctzung.<\/p>","protected":false},"featured_media":5769,"template":"","meta":{"postBodyCss":"","postBodyMargin":[],"postBodyPadding":[],"postBodyBackground":{"backgroundType":"classic","gradient":""}},"product_brand":[],"product_cat":[15,86,16],"product_tag":[88,102,112],"class_list":{"0":"post-5764","1":"product","2":"type-product","3":"status-publish","4":"has-post-thumbnail","6":"product_cat-glass-containers","7":"product_cat-glass-medicine-bottles","8":"product_cat-glass-bottles","9":"product_tag-medicine-syrup-bottles","10":"product_tag-pharmaceutical-syrup-bottles","11":"product_tag-soap-dispensers","13":"first","14":"instock","15":"shipping-taxable","16":"product-type-simple"},"jetpack_sharing_enabled":true,"_links":{"self":[{"href":"https:\/\/minghanggroup.com\/de\/wp-json\/wp\/v2\/product\/5764","targetHints":{"allow":["GET"]}}],"collection":[{"href":"https:\/\/minghanggroup.com\/de\/wp-json\/wp\/v2\/product"}],"about":[{"href":"https:\/\/minghanggroup.com\/de\/wp-json\/wp\/v2\/types\/product"}],"wp:featuredmedia":[{"embeddable":true,"href":"https:\/\/minghanggroup.com\/de\/wp-json\/wp\/v2\/media\/5769"}],"wp:attachment":[{"href":"https:\/\/minghanggroup.com\/de\/wp-json\/wp\/v2\/media?parent=5764"}],"wp:term":[{"taxonomy":"product_brand","embeddable":true,"href":"https:\/\/minghanggroup.com\/de\/wp-json\/wp\/v2\/product_brand?post=5764"},{"taxonomy":"product_cat","embeddable":true,"href":"https:\/\/minghanggroup.com\/de\/wp-json\/wp\/v2\/product_cat?post=5764"},{"taxonomy":"product_tag","embeddable":true,"href":"https:\/\/minghanggroup.com\/de\/wp-json\/wp\/v2\/product_tag?post=5764"}],"curies":[{"name":"wp","href":"https:\/\/api.w.org\/{rel}","templated":true}]}}