{"id":5758,"date":"2026-02-27T11:16:23","date_gmt":"2026-02-27T03:16:23","guid":{"rendered":"https:\/\/minghanggroup.com\/?post_type=product&#038;p=5758"},"modified":"2026-04-14T10:25:26","modified_gmt":"2026-04-14T02:25:26","slug":"pharmaceutical-glass-bottles-with-screw-neck-bulk","status":"publish","type":"product","link":"https:\/\/minghanggroup.com\/de\/produkt\/pharmaceutical-glass-bottles-with-screw-neck-bulk\/","title":{"rendered":"Pharmazeutische Glasflaschen mit Schraubverschluss, 15 ml \u2013 1000 ml, Gro\u00dfpackung"},"content":{"rendered":"<p>Diese pharmazeutischen Glasflaschen sind entweder bernsteinfarben oder klar und haben einen herk\u00f6mmlichen zylindrischen Korpus mit abgerundeten Schultern und einem schlanken Hals mit pr\u00e4zisem Gewinde. Sie sind in sieben Gr\u00f6\u00dfen erh\u00e4ltlich und decken somit alle Bed\u00fcrfnisse professioneller Anwender ab.<\/p>\n<h2>Produktmerkmale<\/h2>\n<ul>\n<li><strong>Materialwahl:<\/strong> Erh\u00e4ltlich in Klarglas oder Braunglas, das einen einfachen Zugriff auf den Inhalt des Produkts erm\u00f6glicht oder einen hohen UV-Schutz bietet.<\/li>\n<li><strong>Stabiler zylindrischer K\u00f6rper:<\/strong> Der Korpus ist kurz und abgerundet, wodurch er beim Einbau und Halten sehr stabil steht.<\/li>\n<li><strong>Sicherer Sitz:<\/strong> Der Standard-Gewindehals bietet Platz f\u00fcr verschiedene Verschlusskappen und gew\u00e4hrleistet eine sehr sichere und auslaufsichere Abdichtung.<\/li>\n<\/ul>\n<h2 style=\"text-align: left;\">Wichtigste Spezifikationen<\/h2>\n<table class=\"aligncenter\" style=\"border-collapse: collapse; width: 447.77pt;\" border=\"0\" width=\"597\" cellspacing=\"0\" cellpadding=\"0\">\n<tbody>\n<tr style=\"height: 13.50pt;\">\n<td style=\"height: 13.50pt; width: 115.50pt;\" width=\"154\" height=\"18\">Specification<\/td>\n<td style=\"width: 332.25pt;\" width=\"443\">Details<\/td>\n<\/tr>\n<tr style=\"height: 13.50pt;\">\n<td style=\"height: 13.50pt;\" height=\"18\">Kapazit\u00e4t<\/td>\n<td>15 ml, 30 ml, 60 ml, 120 ml, 250 ml, 500 ml, 1000 ml<\/td>\n<\/tr>\n<tr style=\"height: 13.50pt;\">\n<td style=\"height: 13.50pt;\" height=\"18\">Abmessungen<\/td>\n<td>2,5 \u00d7 6,83 cm bis 9,45 \u00d7 20,57 cm (Durchmesser \u00d7 H\u00f6he)<\/td>\n<\/tr>\n<tr style=\"height: 13.50pt;\">\n<td style=\"height: 13.50pt;\" height=\"18\">Material<\/td>\n<td>Klares oder bernsteinfarbenes Glas in pharmazeutischer Qualit\u00e4t<\/td>\n<\/tr>\n<tr style=\"height: 13.50pt;\">\n<td style=\"height: 13.50pt;\" height=\"18\">Flaschenform<\/td>\n<td>Kurzer, breiter Zylinder mit schmalem Gewindehals<\/td>\n<\/tr>\n<tr style=\"height: 13.50pt;\">\n<td style=\"height: 13.50pt;\" height=\"18\">Anpassungsumfang<\/td>\n<td>Farbe, Ausf\u00fchrung, Deckel, Gr\u00f6\u00dfe<\/td>\n<\/tr>\n<tr style=\"height: 13.50pt;\">\n<td style=\"height: 13.50pt;\" height=\"18\">Handwerkskunst<\/td>\n<td>Pr\u00e4zisionsglasblasen f\u00fcr robuste und stabile Konstruktionen<\/td>\n<\/tr>\n<tr style=\"height: 13.50pt;\">\n<td style=\"height: 13.50pt;\" height=\"18\">Produktzweck<\/td>\n<td>Sirup in Glasflaschen, orale Fl\u00fcssigkeitsflaschen<\/td>\n<\/tr>\n<tr style=\"height: 13.50pt;\">\n<td style=\"height: 13.50pt;\" height=\"18\">Geeignete Branchen<\/td>\n<td>Pharmahersteller, Rezepturapotheken<\/td>\n<\/tr>\n<\/tbody>\n<\/table>\n<h2>Erfolgsgeschichte: Eine Spezialproduktlinie einer Apotheke<\/h2>\n<p>Eine der gr\u00f6\u00dften Apothekenketten im Osten der USA entwickelte eine eigene Kr\u00e4utertinktur. Sie w\u00e4hlten unseren Sirup in einer 60-ml-Braunglasflasche und gestalteten Flaschenk\u00f6rper und Etikett im Siebdruckverfahren individuell. Das Braunglas sch\u00fctzt vor Lichteinfall und verl\u00e4ngert so die Haltbarkeit der Tinktur um die H\u00e4lfte. Die 60 ml reichen f\u00fcr einen Monat. Aufgrund des Erfolgs der Produktlinie bestellte die Apotheke weitere 1,5 Millionen Flaschen, um die Versorgung ihrer 20 Filialen f\u00fcr 18 Monate sicherzustellen.<\/p>\n<h2>Individualisierung von pharmazeutischen Glasflaschen<\/h2>\n<ul>\n<li>Personalisierte Glasfarben: Wir k\u00f6nnen unseren Kunden neben klarem\/bernsteinfarbenem Glas auch Kobaltblau, Gr\u00fcn oder andere UV-best\u00e4ndige Sonderfarben anbieten.<\/li>\n<li>Dosierkappen: Die integrierten Dosierkappen geben nach jedem Dr\u00fccken eine genaue Dosierung (z. B. 5 ml) ab.<\/li>\n<li>Weithalsdesign: Es gibt Modelle mit weitem Hals, die sich leicht halten lassen, um konzentrierte Produkte zu transportieren oder zu bef\u00fcllen.<\/li>\n<li>Originalit\u00e4tsgesicherter Halsring: Zur zus\u00e4tzlichen Sicherheit wird unter dem Verschluss ein perforierter Schrumpfring oder ein schwacher Kunststoffring angebracht.<\/li>\n<\/ul>","protected":false},"excerpt":{"rendered":"<p>Pharmazeutische Glasflaschen in Braun und Klar. Diese Sirupflaschen aus Glas verf\u00fcgen \u00fcber einen schmalen Gewindehals f\u00fcr sicheren, luftdichten Verschluss. Schneller Versand!<\/p>","protected":false},"featured_media":5763,"template":"","meta":{"postBodyCss":"","postBodyMargin":[],"postBodyPadding":[],"postBodyBackground":{"backgroundType":"classic","gradient":""}},"product_brand":[],"product_cat":[15,86,16],"product_tag":[88,102,112],"class_list":{"0":"post-5758","1":"product","2":"type-product","3":"status-publish","4":"has-post-thumbnail","6":"product_cat-glass-containers","7":"product_cat-glass-medicine-bottles","8":"product_cat-glass-bottles","9":"product_tag-medicine-syrup-bottles","10":"product_tag-pharmaceutical-syrup-bottles","11":"product_tag-soap-dispensers","13":"first","14":"instock","15":"shipping-taxable","16":"product-type-simple"},"jetpack_sharing_enabled":true,"_links":{"self":[{"href":"https:\/\/minghanggroup.com\/de\/wp-json\/wp\/v2\/product\/5758","targetHints":{"allow":["GET"]}}],"collection":[{"href":"https:\/\/minghanggroup.com\/de\/wp-json\/wp\/v2\/product"}],"about":[{"href":"https:\/\/minghanggroup.com\/de\/wp-json\/wp\/v2\/types\/product"}],"wp:featuredmedia":[{"embeddable":true,"href":"https:\/\/minghanggroup.com\/de\/wp-json\/wp\/v2\/media\/5763"}],"wp:attachment":[{"href":"https:\/\/minghanggroup.com\/de\/wp-json\/wp\/v2\/media?parent=5758"}],"wp:term":[{"taxonomy":"product_brand","embeddable":true,"href":"https:\/\/minghanggroup.com\/de\/wp-json\/wp\/v2\/product_brand?post=5758"},{"taxonomy":"product_cat","embeddable":true,"href":"https:\/\/minghanggroup.com\/de\/wp-json\/wp\/v2\/product_cat?post=5758"},{"taxonomy":"product_tag","embeddable":true,"href":"https:\/\/minghanggroup.com\/de\/wp-json\/wp\/v2\/product_tag?post=5758"}],"curies":[{"name":"wp","href":"https:\/\/api.w.org\/{rel}","templated":true}]}}