{"id":5749,"date":"2026-02-27T10:42:39","date_gmt":"2026-02-27T02:42:39","guid":{"rendered":"https:\/\/minghanggroup.com\/?post_type=product&#038;p=5749"},"modified":"2026-03-02T13:22:37","modified_gmt":"2026-03-02T05:22:37","slug":"wide-mouth-glass-pharmaceutical-bottles-bulk","status":"publish","type":"product","link":"https:\/\/minghanggroup.com\/de\/produkt\/wide-mouth-glass-pharmaceutical-bottles-bulk\/","title":{"rendered":"60 ml \u2013 500 ml Weithals-Glasflaschen f\u00fcr pharmazeutische Produkte (Gro\u00dfpackung)"},"content":{"rendered":"<p>Wir fertigen pharmazeutische Glasflaschen, die speziell auf Ihre Bed\u00fcrfnisse in Bezug auf Tabletten und Medikamente zugeschnitten sind. Diese Flaschen verf\u00fcgen \u00fcber eine weite \u00d6ffnung (bis zu 50 mm), die das Bef\u00fcllen mit Kapseln, Tabletten oder Medikamenten m\u00fchelos macht \u2013 Schluss mit dem Hantieren mit winzigen \u00d6ffnungen. Sie eignen sich perfekt f\u00fcr Rezeptflaschen, Vitaminbeh\u00e4lter oder Aufbewahrungssysteme und sind ideal f\u00fcr Apotheken, Gro\u00dfh\u00e4ndler und Auftragsfertiger, die Wert auf Zuverl\u00e4ssigkeit legen.<\/p>\n<h2>Produktmerkmale<\/h2>\n<ul>\n<li><strong>Breiter Mundzugang:<\/strong> Einfaches Einf\u00fcllen von Kapseln oder Tabletten ohne Versch\u00fctten, in nur wenigen Sekunden.<\/li>\n<li><strong>UV-Schutzfarbe:<\/strong> Unsere bernsteinfarbenen und blauen Glasflaschen sind eine hervorragende L\u00f6sung, um Medikamente vor Lichteinwirkung zu sch\u00fctzen.<\/li>\n<li><strong>Sichere Schraubkappe:<\/strong> Mit einem auslaufsicheren Schraubverschluss bleiben Ihre Medikamente frisch.<\/li>\n<\/ul>\n<h2>Wichtigste Spezifikationen<\/h2>\n<table style=\"border-collapse: collapse; width: 80%; margin-left: auto; margin-right: auto;\" border=\"0\" width=\"360\" cellspacing=\"0\" cellpadding=\"0\">\n<tbody>\n<tr style=\"height: 13.50pt;\">\n<td style=\"height: 13.5pt; width: 54pt; text-align: center;\" width=\"72\" height=\"18\">Fassungsverm\u00f6gen (ml)<\/td>\n<td style=\"width: 54pt; text-align: center;\" width=\"72\">Gr\u00f6\u00dfe ( cm )<\/td>\n<td style=\"width: 54pt; text-align: center;\" width=\"72\">Innen-\/Au\u00dfendurchmesser (mm)<\/td>\n<td style=\"width: 54pt; text-align: center;\" width=\"72\">Farben<\/td>\n<td style=\"width: 54pt; text-align: center;\" width=\"72\">Besonderheit<\/td>\n<\/tr>\n<tr style=\"height: 13.50pt;\">\n<td style=\"height: 13.5pt; text-align: center;\" align=\"right\" height=\"18\">60<\/td>\n<td style=\"text-align: center;\">4,45 \u00d7 7,55<\/td>\n<td class=\"et2\" style=\"text-align: center;\" rowspan=\"2\">28 \/ 34<\/td>\n<td class=\"et2\" style=\"text-align: center;\" rowspan=\"10\">Bernstein, Blau<\/td>\n<td class=\"et2\" style=\"text-align: center;\" rowspan=\"10\">Weite \u00d6ffnung, geeignet f\u00fcr Kapseln oder Tabletten<\/td>\n<\/tr>\n<tr style=\"height: 13.50pt;\">\n<td style=\"height: 13.5pt; text-align: center;\" align=\"right\" height=\"18\">75<\/td>\n<td style=\"text-align: center;\">4,53 \u00d7 8,25<\/td>\n<\/tr>\n<tr style=\"height: 13.50pt;\">\n<td style=\"height: 13.5pt; text-align: center;\" align=\"right\" height=\"18\">100<\/td>\n<td style=\"text-align: center;\">5,0 \u00d7 8,75<\/td>\n<td class=\"et2\" style=\"text-align: center;\" rowspan=\"3\">34 \/ 40<\/td>\n<\/tr>\n<tr style=\"height: 13.50pt;\">\n<td style=\"height: 13.5pt; text-align: center;\" align=\"right\" height=\"18\">120<\/td>\n<td style=\"text-align: center;\">5,28 \u00d7 9,5<\/td>\n<\/tr>\n<tr style=\"height: 13.50pt;\">\n<td style=\"height: 13.5pt; text-align: center;\" align=\"right\" height=\"18\">150<\/td>\n<td style=\"text-align: center;\">5,6 \u00d7 10,0<\/td>\n<\/tr>\n<tr style=\"height: 13.50pt;\">\n<td style=\"height: 13.5pt; text-align: center;\" align=\"right\" height=\"18\">200<\/td>\n<td style=\"text-align: center;\">6,14 \u00d7 10,95<\/td>\n<td class=\"et2\" style=\"text-align: center;\" rowspan=\"2\">\u00c4u\u00dfere: 42<\/td>\n<\/tr>\n<tr style=\"height: 13.50pt;\">\n<td style=\"height: 13.5pt; text-align: center;\" align=\"right\" height=\"18\">250<\/td>\n<td style=\"text-align: center;\">6,53 \u00d7 11,75<\/td>\n<\/tr>\n<tr style=\"height: 13.50pt;\">\n<td style=\"height: 13.5pt; text-align: center;\" align=\"right\" height=\"18\">300<\/td>\n<td style=\"text-align: center;\">6,82 \u00d7 12,65<\/td>\n<td class=\"et2\" style=\"text-align: center;\" rowspan=\"2\">42 \/ 50<\/td>\n<\/tr>\n<tr style=\"height: 13.50pt;\">\n<td style=\"height: 13.5pt; text-align: center;\" align=\"right\" height=\"18\">400<\/td>\n<td style=\"text-align: center;\">7,47 \u00d7 13,65<\/td>\n<\/tr>\n<tr style=\"height: 13.50pt;\">\n<td style=\"height: 13.5pt; text-align: center;\" align=\"right\" height=\"18\">500<\/td>\n<td style=\"text-align: center;\">8,0 \u00d7 14,7<\/td>\n<td style=\"text-align: center;\">\u00c4u\u00dferer Bereich: 50<\/td>\n<\/tr>\n<\/tbody>\n<\/table>\n<h2>Erfolgsbeispiel<\/h2>\n<p>Ein australisches Unternehmen f\u00fcr Nahrungserg\u00e4nzungsmittel entschied sich f\u00fcr unsere 120-ml-Weithals-Glasflaschen f\u00fcr die Verpackung seiner hochwertigen, pflanzlichen Tabletten. Sie w\u00e4hlten gepr\u00e4gte Volumenmarkierungen am Flaschenboden, einen mattschwarzen Verschluss mit ihrem silberfarbenen, hei\u00dfgepr\u00e4gten Logo und eine matte Etikettenfl\u00e4che, um die Klebeetiketten vor Feuchtigkeit im Verkaufsraum zu sch\u00fctzen.<\/p>\n<p>Nach der Umverpackung berichtete der Kunde, dass sich der Umsatz sechs Monate sp\u00e4ter um 35 Prozent verbessert und auch die Wiederkaufsrate gestiegen sei. Dies f\u00fchrte dazu, dass die Glasflaschen f\u00fcr pharmazeutische Produkte im darauffolgenden Jahr mehrmals nachgekauft wurden.<\/p>\n<h2>Ihr Anpassungstipp<\/h2>\n<ol>\n<li><strong>Gepr\u00e4gte oder vertiefte Kennzeichnung:<\/strong> Erw\u00e4gen Sie, ein gepr\u00e4gtes oder vertieftes Logo oder einen Text auf der Flasche anzubringen, der als dauerhaftes Markenzeichen f\u00fcr das Produkt dient. Dies verleiht dem Produkt nicht nur ein luxuri\u00f6ses Aussehen, sondern kann auch die Markenbekanntheit steigern.<\/li>\n<li><strong>Kundenspezifische Kapazit\u00e4tsmarkierungen:<\/strong> Erw\u00e4gen Sie die Anbringung von Kapazit\u00e4tsmarkierungen in Form von Einpr\u00e4gungen oder Aufdrucken, um die Volumenerkennung zu erleichtern und den Anwendern so eine bessere Vertrautheit mit dem Produkt zu erm\u00f6glichen.<\/li>\n<li><strong>Kappen-Design &amp; -Anpassung:<\/strong> Sie k\u00f6nnen aus einer breiten Palette an Kappenfarben und -materialien w\u00e4hlen oder sogar individuelle Pr\u00e4gungen oder Hei\u00dfpr\u00e4gungen f\u00fcr die Verschl\u00fcsse hinzuf\u00fcgen, um Ihrer Marke eine einzigartige Identit\u00e4t zu verleihen.<\/li>\n<\/ol>","protected":false},"excerpt":{"rendered":"<p>Pharmazeutische Glasflaschen im Gro\u00dfhandel f\u00fcr die Lagerung. Weithalsige Tablettenflaschen in Braun\/Blau. Individuelle Etiketten und Verschlussoptionen. Zuverl\u00e4ssiger Hersteller.<\/p>","protected":false},"featured_media":5757,"template":"","meta":{"postBodyCss":"","postBodyMargin":[],"postBodyPadding":[],"postBodyBackground":{"backgroundType":"classic","gradient":""}},"product_brand":[],"product_cat":[15,86,16],"product_tag":[89],"class_list":{"0":"post-5749","1":"product","2":"type-product","3":"status-publish","4":"has-post-thumbnail","6":"product_cat-glass-containers","7":"product_cat-glass-medicine-bottles","8":"product_cat-glass-bottles","9":"product_tag-glass-pill-bottles","11":"first","12":"instock","13":"shipping-taxable","14":"product-type-simple"},"jetpack_sharing_enabled":true,"_links":{"self":[{"href":"https:\/\/minghanggroup.com\/de\/wp-json\/wp\/v2\/product\/5749","targetHints":{"allow":["GET"]}}],"collection":[{"href":"https:\/\/minghanggroup.com\/de\/wp-json\/wp\/v2\/product"}],"about":[{"href":"https:\/\/minghanggroup.com\/de\/wp-json\/wp\/v2\/types\/product"}],"wp:featuredmedia":[{"embeddable":true,"href":"https:\/\/minghanggroup.com\/de\/wp-json\/wp\/v2\/media\/5757"}],"wp:attachment":[{"href":"https:\/\/minghanggroup.com\/de\/wp-json\/wp\/v2\/media?parent=5749"}],"wp:term":[{"taxonomy":"product_brand","embeddable":true,"href":"https:\/\/minghanggroup.com\/de\/wp-json\/wp\/v2\/product_brand?post=5749"},{"taxonomy":"product_cat","embeddable":true,"href":"https:\/\/minghanggroup.com\/de\/wp-json\/wp\/v2\/product_cat?post=5749"},{"taxonomy":"product_tag","embeddable":true,"href":"https:\/\/minghanggroup.com\/de\/wp-json\/wp\/v2\/product_tag?post=5749"}],"curies":[{"name":"wp","href":"https:\/\/api.w.org\/{rel}","templated":true}]}}