{"id":5747,"date":"2026-02-27T09:17:59","date_gmt":"2026-02-27T01:17:59","guid":{"rendered":"https:\/\/minghanggroup.com\/?post_type=product&#038;p=5747"},"modified":"2026-03-02T15:48:25","modified_gmt":"2026-03-02T07:48:25","slug":"amber-pharmaceutical-bottles-for-syrup-bulk","status":"publish","type":"product","link":"https:\/\/minghanggroup.com\/de\/produkt\/amber-pharmaceutical-bottles-for-syrup-bulk\/","title":{"rendered":"Braune Pharmaflaschen (30 ml \u2013 500 ml) f\u00fcr Sirup in gro\u00dfen Mengen"},"content":{"rendered":"<p>Diese pharmazeutischen Flaschen haben eine gealterte, abgerundete ovale Form und bestehen aus tief bernsteinfarbenem Glas, das dank UV-Schutz lichtempfindliche Fl\u00fcssigkeiten optimal sch\u00fctzt. Der schmale Gewindehals sorgt f\u00fcr einen dichten Verschluss. Die Flaschen sind in verschiedenen Gr\u00f6\u00dfen erh\u00e4ltlich, um unterschiedlichen Anforderungen gerecht zu werden.<\/p>\n<h2>Produktmerkmale<\/h2>\n<ul>\n<li><strong>Besserer Lichtschutz:<\/strong> Braunglas bietet einen guten Schutz f\u00fcr lichtempfindliche Inhaltsstoffe, da es deren Wirksamkeit und Stabilit\u00e4t erh\u00e4lt.<\/li>\n<li><strong>Sicheres Gewinde am Hals:<\/strong> Das Standardgewinde bietet in Verbindung mit den verschiedenen kompatiblen Kappen eine sichere Abdichtung.<\/li>\n<li><strong>Mehrere Gr\u00f6\u00dfen:<\/strong> Es ist in neun verschiedenen Gr\u00f6\u00dfen (30 ml bis 500 ml) erh\u00e4ltlich, je nach Volumen und Dosierung des ben\u00f6tigten Produkts.<\/li>\n<\/ul>\n<h2 style=\"text-align: left;\">Wichtigste Spezifikationen<\/h2>\n<table class=\"aligncenter\" style=\"border-collapse: collapse; width: 447.77pt;\" border=\"0\" width=\"597\" cellspacing=\"0\" cellpadding=\"0\">\n<tbody>\n<tr style=\"height: 13.50pt;\">\n<td style=\"height: 13.50pt; width: 115.50pt;\" width=\"154\" height=\"18\">Specification<\/td>\n<td style=\"width: 332.25pt;\" width=\"443\">Details<\/td>\n<\/tr>\n<tr style=\"height: 13.50pt;\">\n<td style=\"height: 13.50pt;\" height=\"18\">Kapazit\u00e4t<\/td>\n<td>30 ml, 60 ml, 100 ml, 125 ml, 150 ml, 200 ml, 250 ml, 300 ml, 500 ml<\/td>\n<\/tr>\n<tr style=\"height: 13.50pt;\">\n<td style=\"height: 13.50pt;\" height=\"18\">Abmessungen<\/td>\n<td>3,5 \u00d7 6,7 cm bis 7,68 \u00d7 17,68 cm (Durchmesser \u00d7 H\u00f6he)<\/td>\n<\/tr>\n<tr style=\"height: 13.50pt;\">\n<td style=\"height: 13.50pt;\" height=\"18\">Material<\/td>\n<td>Braunes Glas in pharmazeutischer Qualit\u00e4t<\/td>\n<\/tr>\n<tr style=\"height: 13.50pt;\">\n<td style=\"height: 13.50pt;\" height=\"18\">Flaschenform<\/td>\n<td>Glatter Zylinder mit schmalem Gewindehals<\/td>\n<\/tr>\n<tr style=\"height: 13.50pt;\">\n<td style=\"height: 13.50pt;\" height=\"18\">Anpassungsumfang<\/td>\n<td>Farbe, Form, Gr\u00f6\u00dfe, Deckel<\/td>\n<\/tr>\n<tr style=\"height: 13.50pt;\">\n<td style=\"height: 13.50pt;\" height=\"18\">Handwerkskunst<\/td>\n<td>Pr\u00e4zisionsglasblasen, UV-Schutz<\/td>\n<\/tr>\n<tr style=\"height: 13.50pt;\">\n<td style=\"height: 13.50pt;\" height=\"18\">Produktzweck<\/td>\n<td>Pharmazeutische Flaschen f\u00fcr Sirupe, Flaschen f\u00fcr Kr\u00e4utertinkturen<\/td>\n<\/tr>\n<tr style=\"height: 13.50pt;\">\n<td style=\"height: 13.50pt;\" height=\"18\">Geeignete Branchen<\/td>\n<td>Pharmahersteller, Nahrungserg\u00e4nzungsmittelunternehmen<\/td>\n<\/tr>\n<\/tbody>\n<\/table>\n<h2>Erfolgsgeschichte: Neue Produktlinie eines Nahrungserg\u00e4nzungsmittelherstellers aus dem Mittleren Westen<\/h2>\n<p>Eines der f\u00fchrenden Nahrungserg\u00e4nzungsmittelunternehmen im Mittleren Westen der USA, das fl\u00fcssiges Vitamin D und Holundersirup anbietet, hat eine neue Produktlinie auf den Markt gebracht. F\u00fcr den Sirup w\u00e4hlten sie unsere 125-ml-Braunglasflaschen mit aufgedruckter Dosierungstabelle und kindersicheren Verschl\u00fcssen. Die Braunglasflaschen bieten einen UV-Schutz von 99,5 %, wodurch die Haltbarkeit des Produkts um 40 % verl\u00e4ngert wird. Die 30-Tage-Packung ist optimal auf das 125-ml-Volumen abgestimmt. Der Erfolg war \u00fcberw\u00e4ltigend, und das Unternehmen bestellte daraufhin weitere 3 Millionen Flaschen, um die Nachfrage seines wachsenden Einzelhandelsnetzes in den n\u00e4chsten zwei Jahren zu decken.<\/p>\n<h2>Anpassung von Pharmaflaschen<\/h2>\n<ul>\n<li>Individuelle Bernsteinfarbe: Bernstein kann von einem hellen Honigton bis zu einem dunklen Braunton eingef\u00e4rbt werden.<\/li>\n<li>Verschlusssystem: Verf\u00fcgbare Verschlussarten: Tropfverschl\u00fcsse, Dosierkappen, Tropfpipetten oder Spr\u00fchpumpen.<\/li>\n<li>Taktile Kennzeichnung: Um die Anforderungen an die Barrierefreiheit zu erf\u00fcllen, sollten Braille-Schrift oder andere gut sichtbare taktile Details auf der Flasche angebracht werden.<\/li>\n<li>Siebdruck: Es werden Dosierungsanweisungen, Etiketten oder Arzneimittelsymbole aufgedruckt.<\/li>\n<\/ul>","protected":false},"excerpt":{"rendered":"<p>Braune Flaschen f\u00fcr Sirup und pharmazeutische Flaschen mit Schraubverschluss sind in neun Gr\u00f6\u00dfen erh\u00e4ltlich und eignen sich ideal f\u00fcr die Verpackung lichtempfindlicher Arzneimittel. Kostenlose Muster.<\/p>","protected":false},"featured_media":5751,"template":"","meta":{"postBodyCss":"","postBodyMargin":[],"postBodyPadding":[],"postBodyBackground":{"backgroundType":"classic","gradient":""}},"product_brand":[],"product_cat":[15,86,16],"product_tag":[88,102],"class_list":{"0":"post-5747","1":"product","2":"type-product","3":"status-publish","4":"has-post-thumbnail","6":"product_cat-glass-containers","7":"product_cat-glass-medicine-bottles","8":"product_cat-glass-bottles","9":"product_tag-medicine-syrup-bottles","10":"product_tag-pharmaceutical-syrup-bottles","12":"first","13":"instock","14":"shipping-taxable","15":"product-type-simple"},"jetpack_sharing_enabled":true,"_links":{"self":[{"href":"https:\/\/minghanggroup.com\/de\/wp-json\/wp\/v2\/product\/5747","targetHints":{"allow":["GET"]}}],"collection":[{"href":"https:\/\/minghanggroup.com\/de\/wp-json\/wp\/v2\/product"}],"about":[{"href":"https:\/\/minghanggroup.com\/de\/wp-json\/wp\/v2\/types\/product"}],"wp:featuredmedia":[{"embeddable":true,"href":"https:\/\/minghanggroup.com\/de\/wp-json\/wp\/v2\/media\/5751"}],"wp:attachment":[{"href":"https:\/\/minghanggroup.com\/de\/wp-json\/wp\/v2\/media?parent=5747"}],"wp:term":[{"taxonomy":"product_brand","embeddable":true,"href":"https:\/\/minghanggroup.com\/de\/wp-json\/wp\/v2\/product_brand?post=5747"},{"taxonomy":"product_cat","embeddable":true,"href":"https:\/\/minghanggroup.com\/de\/wp-json\/wp\/v2\/product_cat?post=5747"},{"taxonomy":"product_tag","embeddable":true,"href":"https:\/\/minghanggroup.com\/de\/wp-json\/wp\/v2\/product_tag?post=5747"}],"curies":[{"name":"wp","href":"https:\/\/api.w.org\/{rel}","templated":true}]}}