{"id":5742,"date":"2026-02-26T16:41:30","date_gmt":"2026-02-26T08:41:30","guid":{"rendered":"https:\/\/minghanggroup.com\/?post_type=product&#038;p=5742"},"modified":"2026-03-02T15:53:39","modified_gmt":"2026-03-02T07:53:39","slug":"glass-wide-mouth-reagent-bottles-wholesale","status":"publish","type":"product","link":"https:\/\/minghanggroup.com\/de\/produkt\/glass-wide-mouth-reagent-bottles-wholesale\/","title":{"rendered":"Gro\u00dfhandel f\u00fcr Reagenzflaschen aus Glas mit breiter \u00d6ffnung (30 ml \u2013 1000 ml)"},"content":{"rendered":"<p>Sie lagern nicht nur Pulver \u2013 Sie sch\u00fctzen Ihre Forschung. Unsere Reagenzflaschen mit breiter \u00d6ffnung verhindern l\u00e4stiges Pulverversch\u00fctten. Braunglasflaschen sch\u00fctzen lichtempfindliche Feststoffe. Die Flaschen aus Borosilikatglas sind transparent f\u00fcr optimale Sichtbarkeit und bernsteinfarben f\u00fcr UV-Schutz. Pharmazeutische Verpackungen, die perfekt auf Ihr Labor abgestimmt sind. Flaschengr\u00f6\u00dfe? Von 30 ml (f\u00fcr kleinste Mengen) bis 1000 ml. Verschluss? Sichere Schraubverschl\u00fcsse. Ihre Medikamente oder Reagenzien bleiben rein.<\/p>\n<h2>Produktmerkmale<\/h2>\n<ul>\n<li><strong>Weitm\u00fcndungsdesign:<\/strong> Die gro\u00dfe \u00d6ffnung erleichtert das Bef\u00fcllen, Dosieren und Reinigen und ist ideal f\u00fcr feste Reagenzien, Pulver und Granulate.<\/li>\n<li><strong>Hervorragende Dichtungsleistung:<\/strong> Die Gl\u00e4ser k\u00f6nnen mit geschliffenen Glasstopfen oder Schraubverschl\u00fcssen verschlossen werden, um Verunreinigungen und das Eindringen von Feuchtigkeit wirksam zu verhindern.<\/li>\n<li><strong>Mehrere Kapazit\u00e4tsoptionen:<\/strong> Erh\u00e4ltlich in verschiedenen Gr\u00f6\u00dfen, um den Anforderungen von Labor, Forschung und industrieller Lagerung gerecht zu werden.<\/li>\n<\/ul>\n<h2>Wichtigste Spezifikationen<\/h2>\n<table style=\"border-collapse: collapse; width: 80%; margin-left: auto; margin-right: auto;\" border=\"0\" width=\"360\" cellspacing=\"0\" cellpadding=\"0\">\n<tbody>\n<tr style=\"height: 13.50pt;\">\n<td style=\"height: 13.5pt; width: 54pt; text-align: center;\" width=\"72\" height=\"18\">Kapazit\u00e4t (ml)<\/td>\n<td style=\"width: 54pt; text-align: center;\" width=\"72\">Gr\u00f6\u00dfe (cm)<\/td>\n<td style=\"width: 54pt; text-align: center;\" width=\"72\">Innen-\/Au\u00dfendurchmesser (mm)<\/td>\n<td style=\"width: 54pt; text-align: center;\" width=\"72\">Farbe<\/td>\n<td style=\"width: 54pt; text-align: center;\" width=\"72\">Merkmale<\/td>\n<\/tr>\n<tr style=\"height: 13.50pt;\">\n<td style=\"height: 13.5pt; text-align: center;\" align=\"right\" height=\"18\">30<\/td>\n<td style=\"text-align: center;\">3,95 \u00d7 7,6<\/td>\n<td class=\"et2\" style=\"text-align: center;\">30.0 \/ 32<\/td>\n<td class=\"et2\" style=\"text-align: center;\" rowspan=\"6\">Klar\/Bernsteinfarben<\/td>\n<td class=\"et2\" style=\"text-align: center;\" rowspan=\"6\">Weite \u00d6ffnung<\/td>\n<\/tr>\n<tr style=\"height: 13.50pt;\">\n<td style=\"height: 13.5pt; text-align: center;\" align=\"right\" height=\"18\">60<\/td>\n<td style=\"text-align: center;\">4,47 \u00d7 9,27<\/td>\n<td class=\"et2\" style=\"text-align: center;\">27.0 \/ 35<\/td>\n<\/tr>\n<tr style=\"height: 13.50pt;\">\n<td style=\"height: 13.5pt; text-align: center;\" align=\"right\" height=\"18\">125<\/td>\n<td style=\"text-align: center;\">5,41 \u00d7 11,0<\/td>\n<td class=\"et2\" style=\"text-align: center;\">38.0 \/ 43<\/td>\n<\/tr>\n<tr style=\"height: 13.50pt;\">\n<td style=\"height: 13.5pt; text-align: center;\" align=\"right\" height=\"18\">250<\/td>\n<td style=\"text-align: center;\">6,65 \u00d7 16,63<\/td>\n<td class=\"et2\" style=\"text-align: center;\">42.0 \/ 50<\/td>\n<\/tr>\n<tr style=\"height: 13.50pt;\">\n<td style=\"height: 13.5pt; text-align: center;\" align=\"right\" height=\"18\">500<\/td>\n<td style=\"text-align: center;\">8,22 \u00d7 17,6<\/td>\n<td class=\"et2\" style=\"text-align: center;\">49.0 \/ 58<\/td>\n<\/tr>\n<tr style=\"height: 13.50pt;\">\n<td style=\"height: 13.5pt; text-align: center;\" align=\"right\" height=\"18\">1000<\/td>\n<td style=\"text-align: center;\">10,18 \u00d7 21,17<\/td>\n<td class=\"et2\" style=\"text-align: center;\">58.0 \/ 66<\/td>\n<\/tr>\n<\/tbody>\n<\/table>\n<h2>Erfolgsbeispiel<\/h2>\n<p>Ein deutscher Lieferant von Chemikalien f\u00fcr die Forschung entschied sich, seine Laborverpackungslinie durch unsere Reagenzflaschen mit breiter \u00d6ffnung zu ersetzen. Wir bieten bernsteinfarbene Reagenzflaschen mit hohem UV-Schutz f\u00fcr optimalen Schutz lichtempfindlicher Substanzen. Die Flaschen sind mit einer Pr\u00e4gung der F\u00fcllstandsanzeige versehen, mit einer wei\u00dfen Keramik-Etikettenplatte f\u00fcr l\u00f6sungsmittelbest\u00e4ndigen Druck ausgestattet und der Flaschenboden verst\u00e4rkt, um die Stabilit\u00e4t beim internationalen Transport zu erh\u00f6hen.<\/p>\n<p>Nachdem der H\u00e4ndler die Reagenzprodukte zwei Quartale lang in unsere Flaschen umgef\u00fcllt hatte, verzeichnete er einen Absatzanstieg von 26 Prozent im Bereich der abgef\u00fcllten Reagenzien. Die Anzahl der Kundenreklamationen wegen Leckagen sank um \u00fcber 40, was das Kundenvertrauen in die Marke st\u00e4rkte. Innerhalb von zw\u00f6lf Monaten gab es f\u00fcnf Nachbestellungen.<\/p>\n<h2>Anpassungstipps f\u00fcr Sie<\/h2>\n<ol>\n<li><strong>Kundenspezifische Kapazit\u00e4tskennzeichnung:<\/strong> Integrieren Sie geformte oder aufgedruckte Messskalen (ml\/oz), um genaue Labormessungen und eine schnelle Erkennung zu erm\u00f6glichen.<\/li>\n<li><strong>Logo-Pr\u00e4gung oder -Vertiefung:<\/strong> Platzieren Sie ein Markenlogo oder einen Chargencode auf dem Flaschenk\u00f6rper oder -boden, um eine dauerhafte Markenpr\u00e4senz zu schaffen.<\/li>\n<li><strong>Oberfl\u00e4chenbehandlungsoptionen:<\/strong> Erg\u00e4nzen Sie die Laborausstattung um Merkmale f\u00fcr sicheres Handling durch mattierte Beschriftungsfelder, matte Spr\u00fchbeschichtung oder rutschfeste Textur.<\/li>\n<\/ol>","protected":false},"excerpt":{"rendered":"<p>Hochwertige Reagenzflasche mit breiter \u00d6ffnung, klar oder bernsteinfarben, f\u00fcr die Laborlagerung. Direkt vom Hersteller, individuelle Anpassung in gro\u00dfen Mengen und schneller Versand. Kostenlose Probe.<\/p>","protected":false},"featured_media":5746,"template":"","meta":{"postBodyCss":"","postBodyMargin":[],"postBodyPadding":[],"postBodyBackground":{"backgroundType":"classic","gradient":""}},"product_brand":[],"product_cat":[15,86,16],"product_tag":[89,103,90],"class_list":{"0":"post-5742","1":"product","2":"type-product","3":"status-publish","4":"has-post-thumbnail","6":"product_cat-glass-containers","7":"product_cat-glass-medicine-bottles","8":"product_cat-glass-bottles","9":"product_tag-glass-pill-bottles","10":"product_tag-pharmacy-jars","11":"product_tag-reagent-bottles","13":"first","14":"instock","15":"shipping-taxable","16":"product-type-simple"},"jetpack_sharing_enabled":true,"_links":{"self":[{"href":"https:\/\/minghanggroup.com\/de\/wp-json\/wp\/v2\/product\/5742","targetHints":{"allow":["GET"]}}],"collection":[{"href":"https:\/\/minghanggroup.com\/de\/wp-json\/wp\/v2\/product"}],"about":[{"href":"https:\/\/minghanggroup.com\/de\/wp-json\/wp\/v2\/types\/product"}],"wp:featuredmedia":[{"embeddable":true,"href":"https:\/\/minghanggroup.com\/de\/wp-json\/wp\/v2\/media\/5746"}],"wp:attachment":[{"href":"https:\/\/minghanggroup.com\/de\/wp-json\/wp\/v2\/media?parent=5742"}],"wp:term":[{"taxonomy":"product_brand","embeddable":true,"href":"https:\/\/minghanggroup.com\/de\/wp-json\/wp\/v2\/product_brand?post=5742"},{"taxonomy":"product_cat","embeddable":true,"href":"https:\/\/minghanggroup.com\/de\/wp-json\/wp\/v2\/product_cat?post=5742"},{"taxonomy":"product_tag","embeddable":true,"href":"https:\/\/minghanggroup.com\/de\/wp-json\/wp\/v2\/product_tag?post=5742"}],"curies":[{"name":"wp","href":"https:\/\/api.w.org\/{rel}","templated":true}]}}