{"id":5733,"date":"2026-02-26T15:19:13","date_gmt":"2026-02-26T07:19:13","guid":{"rendered":"https:\/\/minghanggroup.com\/?post_type=product&#038;p=5733"},"modified":"2026-03-02T15:53:18","modified_gmt":"2026-03-02T07:53:18","slug":"glass-reagent-bottles-for-laboratory-use-bulk","status":"publish","type":"product","link":"https:\/\/minghanggroup.com\/de\/produkt\/glass-reagent-bottles-for-laboratory-use-bulk\/","title":{"rendered":"Glasreagenzflaschen von 30 ml bis 1000 ml f\u00fcr Laborzwecke (Gro\u00dfpackung)"},"content":{"rendered":"<p>Sie lagern nicht nur Reagenzien, sondern sch\u00fctzen auch Ihre Experimente. Unsere Reagenzflaschen wurden speziell f\u00fcr Labore mit hohen Genauigkeitsanforderungen entwickelt. Wir verwenden Borosilikatglas f\u00fcr die Herstellung der Flaschen \u2013 transparent (klare Fl\u00fcssigkeiten sind sichtbar), bernsteinfarben (aufgrund der Lichtempfindlichkeit von Medikamenten oder Reagenzien) usw. Die Standards f\u00fcr pharmazeutische Verpackungen entsprechen den Anforderungen im Laboralltag. Flaschengr\u00f6\u00dfe? Zwischen 30 ml (geeignet f\u00fcr Proben im Dram-Format) und 1000 ml. Verschluss? Sichere Schraubverschl\u00fcsse. Ihre Reagenzien bleiben vom Labortisch bis zum Regal rein.<\/p>\n<h2>Produktmerkmale<\/h2>\n<ul>\n<li><strong>Sicherheitshinweise f\u00fcr schmale H\u00e4lse:<\/strong> Die pr\u00e4zise kleine \u00d6ffnung verhindert unn\u00f6tiges Versch\u00fctten beim Ausgie\u00dfen. Beh\u00e4lter lassen sich dicht verschlie\u00dfen \u2013 kein l\u00e4stiges Auslaufen mehr.<\/li>\n<li><strong>Helles, sch\u00fctzendes Bernstein:<\/strong> Braunglasflaschen sch\u00fctzen Farbstoffe vor UV-Sch\u00e4den. Transparente Flaschen eignen sich perfekt, wenn Sie die Farbe Ihrer Fl\u00fcssigkeit \u00fcberpr\u00fcfen m\u00f6chten. Beide tragen zur Stabilit\u00e4t des Medikaments bei.<\/li>\n<li><strong>Gro\u00dfhandelseffizienz:<\/strong> Reagenzglasflaschen im Gro\u00dfhandel. Individuelle Etiketten, Beh\u00e4lter f\u00fcr therapeutische Zwecke und Muster \u2013 alles im Rahmen Ihres Budgets. Optimieren Sie Ihre Lieferkette.<\/li>\n<\/ul>\n<h2>Wichtigste Spezifikationen<\/h2>\n<table style=\"border-collapse: collapse; width: 80%; margin-left: auto; margin-right: auto;\" border=\"0\" width=\"360\" cellspacing=\"0\" cellpadding=\"0\">\n<tbody>\n<tr style=\"height: 13.50pt;\">\n<td style=\"height: 13.5pt; width: 54pt; text-align: center;\" width=\"72\" height=\"18\">Kapazit\u00e4t (ml)<\/td>\n<td style=\"width: 54pt; text-align: center;\" width=\"72\">Gr\u00f6\u00dfe (cm)<\/td>\n<td style=\"width: 54pt; text-align: center;\" width=\"72\">Innen-\/Au\u00dfendurchmesser (mm)<\/td>\n<td style=\"width: 54pt; text-align: center;\" width=\"72\">Farbe<\/td>\n<td style=\"width: 54pt; text-align: center;\" width=\"72\">Material<\/td>\n<\/tr>\n<tr style=\"height: 13.50pt;\">\n<td style=\"height: 13.5pt; text-align: center;\" align=\"right\" height=\"18\">30<\/td>\n<td style=\"text-align: center;\">3,89 \u00d7 7,81<\/td>\n<td class=\"et2\" style=\"text-align: center;\">16.2 \/ 26<\/td>\n<td class=\"et2\" style=\"text-align: center;\" rowspan=\"6\">Klar \/ Bernstein<\/td>\n<td class=\"et2\" style=\"text-align: center;\" rowspan=\"6\">Borosilikatglas<\/td>\n<\/tr>\n<tr style=\"height: 13.50pt;\">\n<td style=\"height: 13.5pt; text-align: center;\" align=\"right\" height=\"18\">60<\/td>\n<td style=\"text-align: center;\">4,51 \u00d7 8,72<\/td>\n<td class=\"et2\" style=\"text-align: center;\">16.5 \/ 26<\/td>\n<\/tr>\n<tr style=\"height: 13.50pt;\">\n<td style=\"height: 13.5pt; text-align: center;\" align=\"right\" height=\"18\">125<\/td>\n<td style=\"text-align: center;\">5,25 \u00d7 11,50<\/td>\n<td class=\"et2\" style=\"text-align: center;\">18.6 \/ 30<\/td>\n<\/tr>\n<tr style=\"height: 13.50pt;\">\n<td style=\"height: 13.5pt; text-align: center;\" align=\"right\" height=\"18\">250<\/td>\n<td style=\"text-align: center;\">7,00 \u00d7 13,89<\/td>\n<td class=\"et2\" style=\"text-align: center;\">22.4 \/ 35<\/td>\n<\/tr>\n<tr style=\"height: 13.50pt;\">\n<td style=\"height: 13.5pt; text-align: center;\" align=\"right\" height=\"18\">500<\/td>\n<td style=\"text-align: center;\">8,16 \u00d7 16,98<\/td>\n<td class=\"et2\" style=\"text-align: center;\">27.0 \/ 40<\/td>\n<\/tr>\n<tr style=\"height: 13.50pt;\">\n<td style=\"height: 13.5pt; text-align: center;\" align=\"right\" height=\"18\">1000<\/td>\n<td style=\"text-align: center;\">10,38 \u00d7 21,08<\/td>\n<td class=\"et2\" style=\"text-align: center;\">33.2 \/ 48<\/td>\n<\/tr>\n<\/tbody>\n<\/table>\n<h2>Erfolgsbeispiel<\/h2>\n<p>Ein Pharmaunternehmen suchte nach einer zuverl\u00e4ssigen Verpackungsl\u00f6sung f\u00fcr seine empfindlichen fl\u00fcssigen Reagenzien. Die Wahl fiel auf unsere Reagenzflaschen aus Klarglas. Das Unternehmen entschied sich f\u00fcr eine glatte, transparente Oberfl\u00e4che, um den Inhalt gut erkennen zu k\u00f6nnen, und eine Lasergravur, um den Namen der Fl\u00fcssigkeit deutlich anzuzeigen.<\/p>\n<p>Das Pharmaunternehmen verzeichnete einen R\u00fcckgang der Bruchware um 30 % und einen Anstieg der Wiederk\u00e4ufe um 25 %, was dazu f\u00fchrte, dass es auch in den folgenden Quartalen weiterhin Gro\u00dfbestellungen aufgab.<\/p>\n<h2>Individuelle Anpassung f\u00fcr Sie<\/h2>\n<ol>\n<li><strong>Siebdrucketikettierung:<\/strong> Bringen Sie aufgedruckte Etiketten, Chargennummern oder Gefahrensymbole so auf dem Glas an, dass sie sich nicht durch Abziehen entfernen lassen und auch langfristig gut lesbar sind.<\/li>\n<li><strong>Klares oder bernsteinfarbenes Glas:<\/strong> W\u00e4hlen Sie entweder klares oder bernsteinfarbenes Glas, um den Anforderungen lichtempfindlicher Materialien gerecht zu werden und die besten Lagerbedingungen zu erzielen.<\/li>\n<li><strong>Graduierte Messmarkierungen:<\/strong> Bringen Sie auf der Flasche eingravierte oder aufgedruckte Volumenmarkierungen an, damit der Inhalt genau abgemessen und leicht abgelesen werden kann.<\/li>\n<\/ol>","protected":false},"excerpt":{"rendered":"<p>Reagenzflaschen aus Glas f\u00fcr die sichere Aufbewahrung von Chemikalien. Direkt vom Hersteller, individuelle Anpassungen in gro\u00dfen Mengen m\u00f6glich, kostenlose Muster f\u00fcr Laborzwecke und Industriestandards.<\/p>","protected":false},"featured_media":5741,"template":"","meta":{"postBodyCss":"","postBodyMargin":[],"postBodyPadding":[],"postBodyBackground":{"backgroundType":"classic","gradient":""}},"product_brand":[],"product_cat":[15,16,86],"product_tag":[103,90],"class_list":{"0":"post-5733","1":"product","2":"type-product","3":"status-publish","4":"has-post-thumbnail","6":"product_cat-glass-containers","7":"product_cat-glass-bottles","8":"product_cat-glass-medicine-bottles","9":"product_tag-pharmacy-jars","10":"product_tag-reagent-bottles","12":"first","13":"instock","14":"shipping-taxable","15":"product-type-simple"},"jetpack_sharing_enabled":true,"_links":{"self":[{"href":"https:\/\/minghanggroup.com\/de\/wp-json\/wp\/v2\/product\/5733","targetHints":{"allow":["GET"]}}],"collection":[{"href":"https:\/\/minghanggroup.com\/de\/wp-json\/wp\/v2\/product"}],"about":[{"href":"https:\/\/minghanggroup.com\/de\/wp-json\/wp\/v2\/types\/product"}],"wp:featuredmedia":[{"embeddable":true,"href":"https:\/\/minghanggroup.com\/de\/wp-json\/wp\/v2\/media\/5741"}],"wp:attachment":[{"href":"https:\/\/minghanggroup.com\/de\/wp-json\/wp\/v2\/media?parent=5733"}],"wp:term":[{"taxonomy":"product_brand","embeddable":true,"href":"https:\/\/minghanggroup.com\/de\/wp-json\/wp\/v2\/product_brand?post=5733"},{"taxonomy":"product_cat","embeddable":true,"href":"https:\/\/minghanggroup.com\/de\/wp-json\/wp\/v2\/product_cat?post=5733"},{"taxonomy":"product_tag","embeddable":true,"href":"https:\/\/minghanggroup.com\/de\/wp-json\/wp\/v2\/product_tag?post=5733"}],"curies":[{"name":"wp","href":"https:\/\/api.w.org\/{rel}","templated":true}]}}