{"id":5722,"date":"2026-02-26T14:08:45","date_gmt":"2026-02-26T06:08:45","guid":{"rendered":"https:\/\/minghanggroup.com\/?post_type=product&#038;p=5722"},"modified":"2026-03-02T15:46:51","modified_gmt":"2026-03-02T07:46:51","slug":"clear-glass-medical-vials-for-pharmaceutical-use-bulk","status":"publish","type":"product","link":"https:\/\/minghanggroup.com\/de\/produkt\/clear-glass-medical-vials-for-pharmaceutical-use-bulk\/","title":{"rendered":"2 ml \u2013 30 ml Klarglasfl\u00e4schchen f\u00fcr pharmazeutische Zwecke (Gro\u00dfpackung)"},"content":{"rendered":"<p>Ihr Medikament wird pr\u00e4zise in unsere pharmazeutischen Ampullen abgef\u00fcllt. Die Glasampullen bestehen aus hochwertigem Borosilikatglas, das transparent ist, um feinste Fl\u00fcssigkeiten zu erkennen, und bei Bedarf UV-Strahlung abh\u00e4lt. Pharmazeutische Verpackung, die Ihnen entgegenkommt. Flaschengr\u00f6\u00dfe? 2 ml bis 30 ml (entspricht einer Tablettendosis in Drip-Gr\u00f6\u00dfe). Verschluss? Sichere Aluminiumversiegelung. Das Medikament bleibt sicher zwischen Labor und Patient.<\/p>\n<h2>Produktmerkmale<\/h2>\n<ol>\n<li><strong>Kristallklare Klarheit f\u00fcr Pr\u00e4zision:<\/strong> Arzneimittel in durchsichtigen Glasflaschen sind optisch erkennbar. Ist es nicht wunderbar, dass man nicht mehr raten muss? Keine Fehler mehr.<\/li>\n<li><strong>Borosilikatst\u00e4rke:<\/strong> Hitzebest\u00e4ndiges Glas beh\u00e4lt seine Festigkeit und ist autoklavierbar. Verschlie\u00dfen Sie die Medikamentenflaschen fest \u2013 es entstehen keine Risse oder Leckagen.<\/li>\n<li><strong>Perfekte Passform f\u00fcr jede Dosis:<\/strong> 2 ml f\u00fcr kleine Tablettenfl\u00e4schchen (f\u00fcr winzige Dosen), 30 ml f\u00fcr Impfstoffe. Die verschiedenen Gr\u00f6\u00dfen decken Ihre medizinischen Anforderungen ab.<\/li>\n<\/ol>\n<h2>Wichtigste Spezifikationen<\/h2>\n<table style=\"border-collapse: collapse; width: 80%; margin-left: auto; margin-right: auto;\" border=\"0\" width=\"360\" cellspacing=\"0\" cellpadding=\"0\">\n<tbody>\n<tr style=\"height: 13.50pt;\">\n<td style=\"height: 13.5pt; width: 54pt; text-align: center;\" width=\"72\" height=\"18\">Kapazit\u00e4t (ml)<\/td>\n<td style=\"width: 54pt; text-align: center;\" width=\"72\">Abmessungen ( cm )<\/td>\n<td style=\"width: 54pt; text-align: center;\" width=\"72\">Innen- \/ Au\u00dfendurchmesser<\/td>\n<td style=\"width: 54pt; text-align: center;\" width=\"72\">Farbe<\/td>\n<td style=\"width: 54pt; text-align: center;\" width=\"72\">Material<\/td>\n<\/tr>\n<tr style=\"height: 13.50pt;\">\n<td style=\"height: 13.5pt; text-align: center;\" align=\"right\" height=\"18\">2<\/td>\n<td style=\"text-align: center;\">1,58 \u00d7 3,5<\/td>\n<td class=\"et2\" style=\"text-align: center;\" rowspan=\"9\">12,6 \/ 20 mm<\/td>\n<td class=\"et2\" style=\"text-align: center;\" rowspan=\"9\">Klar<\/td>\n<td class=\"et2\" style=\"text-align: center;\" rowspan=\"9\">Borosilikatglas<\/td>\n<\/tr>\n<tr style=\"height: 13.50pt;\">\n<td style=\"height: 13.5pt; text-align: center;\" align=\"right\" height=\"18\">7<\/td>\n<td style=\"text-align: center;\">2,20 \u00d7 3,97<\/td>\n<\/tr>\n<tr style=\"height: 13.50pt;\">\n<td style=\"height: 13.5pt; text-align: center;\" align=\"right\" height=\"18\">8<\/td>\n<td style=\"text-align: center;\">2,20 \u00d7 4,50<\/td>\n<\/tr>\n<tr style=\"height: 13.50pt;\">\n<td style=\"height: 13.5pt; text-align: center;\" align=\"right\" height=\"18\">10<\/td>\n<td style=\"text-align: center;\">2,40 \u00d7 4,50<\/td>\n<\/tr>\n<tr style=\"height: 13.50pt;\">\n<td style=\"height: 13.5pt; text-align: center;\" align=\"right\" height=\"18\">12<\/td>\n<td style=\"text-align: center;\">2,40 \u00d7 5,30<\/td>\n<\/tr>\n<tr style=\"height: 13.50pt;\">\n<td style=\"height: 13.5pt; text-align: center;\" align=\"right\" height=\"18\">15<\/td>\n<td style=\"text-align: center;\">2,65 \u00d7 5,20<\/td>\n<\/tr>\n<tr style=\"height: 13.50pt;\">\n<td style=\"height: 13.5pt; text-align: center;\" align=\"right\" height=\"18\">20<\/td>\n<td style=\"text-align: center;\">2,76 \u00d7 5,80<\/td>\n<\/tr>\n<tr style=\"height: 13.50pt;\">\n<td style=\"height: 13.5pt; text-align: center;\" align=\"right\" height=\"18\">25<\/td>\n<td style=\"text-align: center;\">2,95 \u00d7 6,00<\/td>\n<\/tr>\n<tr style=\"height: 13.50pt;\">\n<td style=\"height: 13.5pt; text-align: center;\" align=\"right\" height=\"18\">30<\/td>\n<td style=\"text-align: center;\">3,00 \u00d7 6,50<\/td>\n<\/tr>\n<\/tbody>\n<\/table>\n<h2>Erfolgsbeispiel<\/h2>\n<p>Ein schnell wachsendes Pharmaunternehmen, das Injektionspr\u00e4parate herstellt, w\u00e4hlte unsere 7-ml-Klarglasfl\u00e4schchen f\u00fcr seine neu eingef\u00fchrte Produktlinie steriler Injektionsfl\u00e4schchen. Diese Fl\u00e4schchen zeichnen sich durch weite, glatte H\u00e4lse aus, die ein sicheres Aufsetzen des Gummistopfens f\u00fcr eine perfekte Abdichtung erm\u00f6glichen. Zudem wurden die Produktetiketten individuell gestaltet, um die wichtigsten Produkteigenschaften hervorzuheben. Der Gummistopfen verhindert wirksam das Auslaufen.<\/p>\n<p>Nach der Einf\u00fchrung dieser speziell angefertigten Fl\u00e4schchen verzeichnete das Unternehmen eine 30%ige Verbesserung der Effizienz bei der Auftragsabwicklung und einen deutlichen R\u00fcckgang der Reklamationen aufgrund von Bruch oder anderen Gr\u00fcnden.<\/p>\n<h2>Anpassungstipps f\u00fcr Sie<\/h2>\n<ol>\n<li><strong>Konfigurierbares Volumen und Gr\u00f6\u00dfe:<\/strong> Bieten Sie verschiedene Gr\u00f6\u00dfen unterschiedlicher pharmazeutischer Produkte an, wie z. B. kleine Ampullen mit konzentrierten Arzneimitteln oder gro\u00dfe Ampullen mit Mehrfachdosen.<\/li>\n<li><strong>Etikett, das Zeit spart:<\/strong> F\u00fcgen Sie leicht verst\u00e4ndliche Dosierungsetiketten hinzu, die auch f\u00fcr die Apotheke leicht verst\u00e4ndlich sind. Individuelle Gr\u00f6\u00dfenoptionen f\u00fcr pharmazeutische Beh\u00e4lter.<\/li>\n<li><strong>Masseneffizienz:<\/strong> Ampullen Kaufen Sie pharmazeutische Ampullen in gro\u00dfen Mengen und profitieren Sie von Mengenrabatten, Gratisproben und individuellem Service.<\/li>\n<\/ol>","protected":false},"excerpt":{"rendered":"<p>Unsere medizinischen Ampullen eignen sich f\u00fcr die sichere Lagerung von Fl\u00fcssigkeiten und Pulvern. Pharmazeutische Ampullen in gro\u00dfen Mengen sind direkt vom Hersteller erh\u00e4ltlich, inklusive kostenloser Muster und individueller Anpassungsm\u00f6glichkeiten.<\/p>","protected":false},"featured_media":5730,"template":"","meta":{"postBodyCss":"","postBodyMargin":[],"postBodyPadding":[],"postBodyBackground":{"backgroundType":"classic","gradient":""}},"product_brand":[],"product_cat":[15,86,16],"product_tag":[101],"class_list":{"0":"post-5722","1":"product","2":"type-product","3":"status-publish","4":"has-post-thumbnail","6":"product_cat-glass-containers","7":"product_cat-glass-medicine-bottles","8":"product_cat-glass-bottles","9":"product_tag-sterile-vials","11":"first","12":"instock","13":"shipping-taxable","14":"product-type-simple"},"jetpack_sharing_enabled":true,"_links":{"self":[{"href":"https:\/\/minghanggroup.com\/de\/wp-json\/wp\/v2\/product\/5722","targetHints":{"allow":["GET"]}}],"collection":[{"href":"https:\/\/minghanggroup.com\/de\/wp-json\/wp\/v2\/product"}],"about":[{"href":"https:\/\/minghanggroup.com\/de\/wp-json\/wp\/v2\/types\/product"}],"wp:featuredmedia":[{"embeddable":true,"href":"https:\/\/minghanggroup.com\/de\/wp-json\/wp\/v2\/media\/5730"}],"wp:attachment":[{"href":"https:\/\/minghanggroup.com\/de\/wp-json\/wp\/v2\/media?parent=5722"}],"wp:term":[{"taxonomy":"product_brand","embeddable":true,"href":"https:\/\/minghanggroup.com\/de\/wp-json\/wp\/v2\/product_brand?post=5722"},{"taxonomy":"product_cat","embeddable":true,"href":"https:\/\/minghanggroup.com\/de\/wp-json\/wp\/v2\/product_cat?post=5722"},{"taxonomy":"product_tag","embeddable":true,"href":"https:\/\/minghanggroup.com\/de\/wp-json\/wp\/v2\/product_tag?post=5722"}],"curies":[{"name":"wp","href":"https:\/\/api.w.org\/{rel}","templated":true}]}}