{"id":5720,"date":"2026-02-26T13:18:36","date_gmt":"2026-02-26T05:18:36","guid":{"rendered":"https:\/\/minghanggroup.com\/?post_type=product&#038;p=5720"},"modified":"2026-03-02T15:48:11","modified_gmt":"2026-03-02T07:48:11","slug":"clear-glass-syrup-bottles-for-oral-liquid-bulk","status":"publish","type":"product","link":"https:\/\/minghanggroup.com\/de\/produkt\/clear-glass-syrup-bottles-for-oral-liquid-bulk\/","title":{"rendered":"Klare Glasflaschen (30 ml \u2013 500 ml) f\u00fcr Sirup in gro\u00dfen Mengen f\u00fcr orale Fl\u00fcssigkeiten"},"content":{"rendered":"<p>Diese Sirupflaschen aus Glas sind oval, glatt und abgerundet und haben einen schmalen Gewindehals, um ein Versch\u00fctten zu vermeiden und den Inhalt des Sirups, der Medikamente oder anderer fl\u00fcssiger Zubereitungen frisch zu halten.<\/p>\n<h2>Produktmerkmale<\/h2>\n<ul>\n<li><strong>Transparenz in pharmazeutischer Qualit\u00e4t:<\/strong> Das hochwertige, transparente Glas macht das Produkt transparent und von hoher Qualit\u00e4t.<\/li>\n<li><strong>Pr\u00e4ziser Ausgie\u00dfhals:<\/strong> Der schmale Gewindehals erm\u00f6glicht ein pr\u00e4zises Ausgie\u00dfen und ein einfaches Verschlie\u00dfen.<\/li>\n<li><strong>Gesamtkapazit\u00e4t:<\/strong> Sieben verschiedene Gr\u00f6\u00dfen, von 30 ml bis 500 ml, um nahezu allen Anforderungen an die Fl\u00fcssigkeitsverpackung gerecht zu werden.<\/li>\n<\/ul>\n<h2 style=\"text-align: left;\">Wichtigste Spezifikationen<\/h2>\n<table class=\"aligncenter\" style=\"border-collapse: collapse; width: 391.52pt;\" border=\"0\" width=\"522\" cellspacing=\"0\" cellpadding=\"0\">\n<tbody>\n<tr style=\"height: 13.50pt;\">\n<td style=\"height: 13.50pt; width: 115.50pt;\" width=\"154\" height=\"18\">Specification<\/td>\n<td style=\"width: 276.00pt;\" width=\"368\">Details<\/td>\n<\/tr>\n<tr style=\"height: 13.50pt;\">\n<td style=\"height: 13.50pt;\" height=\"18\">Kapazit\u00e4t<\/td>\n<td>30 ml, 60 ml, 90 ml, 125 ml, 150 ml, 200 ml, 500 ml<\/td>\n<\/tr>\n<tr style=\"height: 13.50pt;\">\n<td style=\"height: 13.50pt;\" height=\"18\">Abmessungen<\/td>\n<td>3,5 \u00d7 6,7 cm bis 7,6 \u00d7 17,7 cm (Durchmesser \u00d7 H\u00f6he)<\/td>\n<\/tr>\n<tr style=\"height: 13.50pt;\">\n<td style=\"height: 13.50pt;\" height=\"18\">Material<\/td>\n<td>Klares Glas in pharmazeutischer Qualit\u00e4t<\/td>\n<\/tr>\n<tr style=\"height: 13.50pt;\">\n<td style=\"height: 13.50pt;\" height=\"18\">Flaschenform<\/td>\n<td>Glatter Zylinder mit schmalem Gewindehals<\/td>\n<\/tr>\n<tr style=\"height: 13.50pt;\">\n<td style=\"height: 13.50pt;\" height=\"18\">Anpassungsumfang<\/td>\n<td>Farbe, Gr\u00f6\u00dfe, Siebdruck, Deckel<\/td>\n<\/tr>\n<tr style=\"height: 13.50pt;\">\n<td style=\"height: 13.50pt;\" height=\"18\">Handwerkskunst<\/td>\n<td>Pr\u00e4zisionsglasblasen f\u00fcr gleichm\u00e4\u00dfige<\/td>\n<\/tr>\n<tr style=\"height: 13.50pt;\">\n<td style=\"height: 13.50pt;\" height=\"18\">Produktzweck<\/td>\n<td>Glasflaschen f\u00fcr Sirup, Flaschen f\u00fcr orale Fl\u00fcssigkeiten<\/td>\n<\/tr>\n<tr style=\"height: 13.50pt;\">\n<td style=\"height: 13.50pt;\" height=\"18\">Geeignete Branchen<\/td>\n<td>Pharmaunternehmen, Nahrungserg\u00e4nzungsmittelmarken<\/td>\n<\/tr>\n<\/tbody>\n<\/table>\n<h2>Erfolgsgeschichte<\/h2>\n<p>Eines der f\u00fchrenden nationalen Unternehmen f\u00fcr pflanzliche Nahrungserg\u00e4nzungsmittel brachte eine Reihe von Holunder- und Kr\u00e4utersirupen auf den Markt. Sie entschieden sich f\u00fcr unsere 125-ml-Glasflaschen und passten den bernsteinfarbenen Flaschenk\u00f6rper sowie die Dosierungsanleitung im Siebdruckverfahren an. Das bernsteinfarbene Glas ist ein klares, hochwertiges Glas, das die empfindlichen Inhaltsstoffe vor Licht sch\u00fctzt und die Haltbarkeit um 30 Prozent verl\u00e4ngert. Aufgrund der starken Marktresonanz bestellte das Unternehmen weitere 2,5 Millionen Flaschen, um den Bedarf seiner Einzelhandels- und Online-Kan\u00e4le in den n\u00e4chsten zwei Jahren zu decken.<\/p>\n<h2>Personalisierung von Glassirupflaschen<\/h2>\n<ul>\n<li>Farbe des Glases: UV-Schutz: Das Glas ist in klar, bernsteinfarben, kobaltblau oder in Sonderfarben erh\u00e4ltlich; Branding: Das Glas kann in jeder Farbe bestellt werden.<\/li>\n<li>Erhabene F\u00fcllstandsmarkierung: Bringen Sie erhabene, f\u00fchlbare F\u00fcllstandsmarkierungen (z. B. \u201e125 ml\u201c) an der Schulter der Flasche an.<\/li>\n<li>Kundenspezifisches Flaschenhalsgewinde: Die Form des Gewindes kann an spezielle Dosierkappen oder kindersichere Verschl\u00fcsse angepasst werden.<\/li>\n<\/ul>","protected":false},"excerpt":{"rendered":"<p>Robuste Sirupflaschen aus Glas mit Schraubverschluss, erh\u00e4ltlich in verschiedenen Gr\u00f6\u00dfen f\u00fcr die Verpackung von Medikamenten, Sirupen und Kosmetika. Fordern Sie Ihre kostenlosen Muster an.<\/p>","protected":false},"featured_media":5737,"template":"","meta":{"postBodyCss":"","postBodyMargin":[],"postBodyPadding":[],"postBodyBackground":{"backgroundType":"classic","gradient":""}},"product_brand":[],"product_cat":[15,86,16],"product_tag":[88,102],"class_list":{"0":"post-5720","1":"product","2":"type-product","3":"status-publish","4":"has-post-thumbnail","6":"product_cat-glass-containers","7":"product_cat-glass-medicine-bottles","8":"product_cat-glass-bottles","9":"product_tag-medicine-syrup-bottles","10":"product_tag-pharmaceutical-syrup-bottles","12":"first","13":"instock","14":"shipping-taxable","15":"product-type-simple"},"jetpack_sharing_enabled":true,"_links":{"self":[{"href":"https:\/\/minghanggroup.com\/de\/wp-json\/wp\/v2\/product\/5720","targetHints":{"allow":["GET"]}}],"collection":[{"href":"https:\/\/minghanggroup.com\/de\/wp-json\/wp\/v2\/product"}],"about":[{"href":"https:\/\/minghanggroup.com\/de\/wp-json\/wp\/v2\/types\/product"}],"wp:featuredmedia":[{"embeddable":true,"href":"https:\/\/minghanggroup.com\/de\/wp-json\/wp\/v2\/media\/5737"}],"wp:attachment":[{"href":"https:\/\/minghanggroup.com\/de\/wp-json\/wp\/v2\/media?parent=5720"}],"wp:term":[{"taxonomy":"product_brand","embeddable":true,"href":"https:\/\/minghanggroup.com\/de\/wp-json\/wp\/v2\/product_brand?post=5720"},{"taxonomy":"product_cat","embeddable":true,"href":"https:\/\/minghanggroup.com\/de\/wp-json\/wp\/v2\/product_cat?post=5720"},{"taxonomy":"product_tag","embeddable":true,"href":"https:\/\/minghanggroup.com\/de\/wp-json\/wp\/v2\/product_tag?post=5720"}],"curies":[{"name":"wp","href":"https:\/\/api.w.org\/{rel}","templated":true}]}}