{"id":5710,"date":"2026-02-26T13:17:31","date_gmt":"2026-02-26T05:17:31","guid":{"rendered":"https:\/\/minghanggroup.com\/?post_type=product&#038;p=5710"},"modified":"2026-03-02T15:45:54","modified_gmt":"2026-03-02T07:45:54","slug":"sterile-glass-medication-vials-for-packaging-bulk","status":"publish","type":"product","link":"https:\/\/minghanggroup.com\/de\/produkt\/sterile-glass-medication-vials-for-packaging-bulk\/","title":{"rendered":"Sterile Glasfl\u00e4schchen (7 ml \u2013 100 ml) f\u00fcr die Gro\u00dfpackung von Medikamenten"},"content":{"rendered":"<p>Unsere Medikamentenfl\u00e4schchen sind auf h\u00f6chste Pr\u00e4zision ausgelegt. Braunglas- und Klarglasflaschen sch\u00fctzen empfindliche Wirkstoffe vor Lichtsch\u00e4den. Die pharmazeutische Glasverpackung, nach der Sie gesucht haben, ist da: Medikamentenfl\u00e4schchen f\u00fcr jeden Bedarf. Flaschengr\u00f6\u00dfe? Wir bieten Gr\u00f6\u00dfen von 7 ml bis 100 ml. Farbe? Braunglas f\u00fcr optimalen Lichtschutz, Klarglas f\u00fcr beste Sichtbarkeit. Verschluss? Sichere Aluminiumversiegelung. Ihre Medikamente bleiben vom Hersteller bis zum Patienten sicher.<\/p>\n<h2>Produktmerkmale<\/h2>\n<ul>\n<li><strong>Leichtes, sch\u00fctzendes bernsteinfarbenes Glas:<\/strong> Braunglasflaschen blockieren UV-Strahlen, eine der Hauptursachen f\u00fcr die Zersetzung von Medikamenten. Transparente Flaschen zeigen den Inhalt deutlich an. Beide tragen dazu bei, Medikamente sicher und wirksam zu halten.<\/li>\n<li><strong>Pr\u00e4zise Passform f\u00fcr jede Dosis:<\/strong> Ob kleine Pillenflasche (7 ml) oder Fl\u00fcssigkeitsampulle mit 100 ml Fassungsverm\u00f6gen \u2013 unsere Auswahl an Gr\u00f6\u00dfen deckt Ihre Bed\u00fcrfnisse perfekt ab. Schluss mit dem R\u00e4tselraten.<\/li>\n<li><strong>Siegel, das sicher verschlossen bleibt:<\/strong> Standardverschluss mit Originalit\u00e4tsverschluss und gut sichtbaren Siegeln. Verschlie\u00dft Medikamentenflaschen sicher \u2013 kein Versch\u00fctten, kein Auslaufen.<\/li>\n<\/ul>\n<h2>Wichtigste Spezifikationen<\/h2>\n<table style=\"border-collapse: collapse; width: 80%; margin-left: auto; margin-right: auto;\" border=\"0\" width=\"360\" cellspacing=\"0\" cellpadding=\"0\">\n<tbody>\n<tr style=\"height: 13.50pt;\">\n<td style=\"height: 13.5pt; width: 54pt; text-align: center;\" width=\"72\" height=\"18\">Fassungsverm\u00f6gen (ml)<\/td>\n<td style=\"width: 54pt; text-align: center;\" width=\"72\">Abmessungen ( cm )<\/td>\n<td style=\"width: 54pt; text-align: center;\" width=\"72\">Innen- \/ Au\u00dfendurchmesser<\/td>\n<td style=\"width: 54pt; text-align: center;\" width=\"72\">Farbe<\/td>\n<td style=\"width: 54pt; text-align: center;\" width=\"72\">Material<\/td>\n<\/tr>\n<tr style=\"height: 13.50pt;\">\n<td style=\"height: 13.5pt; text-align: center;\" align=\"right\" height=\"18\">7<\/td>\n<td style=\"text-align: center;\">2,21 \u00d7 4,08<\/td>\n<td class=\"et2\" style=\"text-align: center;\" rowspan=\"8\">12,6 \/ 20 mm<\/td>\n<td class=\"et2\" style=\"text-align: center;\" rowspan=\"8\">Bernstein\/Klar<\/td>\n<td class=\"et2\" style=\"text-align: center;\" rowspan=\"8\">Natrium-Calcium-Glas<\/td>\n<\/tr>\n<tr style=\"height: 13.50pt;\">\n<td style=\"height: 13.5pt; text-align: center;\" align=\"right\" height=\"18\">8<\/td>\n<td style=\"text-align: center;\">2,30 \u00d7 4,68<\/td>\n<\/tr>\n<tr style=\"height: 13.50pt;\">\n<td style=\"height: 13.5pt; text-align: center;\" align=\"right\" height=\"18\">10<\/td>\n<td style=\"text-align: center;\">2,54 \u00d7 5,35<\/td>\n<\/tr>\n<tr style=\"height: 13.50pt;\">\n<td style=\"height: 13.5pt; text-align: center;\" align=\"right\" height=\"18\">15<\/td>\n<td style=\"text-align: center;\">2,65 \u00d7 5,88<\/td>\n<\/tr>\n<tr style=\"height: 13.50pt;\">\n<td style=\"height: 13.5pt; text-align: center;\" align=\"right\" height=\"18\">20<\/td>\n<td style=\"text-align: center;\">3,2 \u00d7 5,8<\/td>\n<\/tr>\n<tr style=\"height: 13.50pt;\">\n<td style=\"height: 13.5pt; text-align: center;\" align=\"right\" height=\"18\">30<\/td>\n<td style=\"text-align: center;\">3,60 \u00d7 6,28<\/td>\n<\/tr>\n<tr style=\"height: 13.50pt;\">\n<td style=\"height: 13.5pt; text-align: center;\" align=\"right\" height=\"18\">50<\/td>\n<td style=\"text-align: center;\">4,25 \u00d7 7,3<\/td>\n<\/tr>\n<tr style=\"height: 13.50pt;\">\n<td style=\"height: 13.5pt; text-align: center;\" align=\"right\" height=\"18\">100<\/td>\n<td style=\"text-align: center;\">5,16 \u00d7 9,45<\/td>\n<\/tr>\n<\/tbody>\n<\/table>\n<h2>Erfolgsbeispiel<\/h2>\n<p>Eines der Biotechnologieunternehmen, das injizierbare Peptidprodukte herstellt, hat sich entschieden, unsere Glasampullen f\u00fcr seine neue, lyophilisierte Formulierung zu verwenden, die nach S\u00fcdostasien exportiert werden soll. Das Unternehmen w\u00e4hlte zudem eine gr\u00f6\u00dfere Wandst\u00e4rke am Ampullenboden, um die Toleranz w\u00e4hrend des Lyophilisierungsprozesses zu verbessern. Der Kunde bestellte au\u00dferdem die Lasergravur der Chargennummern auf dem Ampullenboden.<\/p>\n<p>Seit der Umstellung auf Medikamentenfl\u00e4schchen aus Glas konnte das Unternehmen die Ausschussquote in der Produktion um 41 Prozent senken. In den ersten beiden Quartalen stieg die Gesamtmenge der j\u00e4hrlichen Lieferungen um 28 Prozent, was auf eine h\u00f6here Zuverl\u00e4ssigkeit der Verpackung und eine beschleunigte beh\u00f6rdliche Zulassung zur\u00fcckzuf\u00fchren ist.<\/p>\n<h2>Anpassungstipps f\u00fcr Sie<\/h2>\n<ol>\n<li><strong>Label That Pops:<\/strong> Bringen Sie Apothekenetiketten mit Dosierungsanleitung auf den Verpackungen an. Individuell angepasste Tablettenfl\u00e4schchen sind erh\u00e4ltlich.<\/li>\n<li><strong>Farbschema:<\/strong> Verwenden Sie bernsteinfarbene Flaschen f\u00fcr verschreibungspflichtige Medikamente mit lichtempfindlichen Wirkstoffen. Verwenden Sie klare Flaschen f\u00fcr fl\u00fcssige Medikamente, bei denen die Sichtbarkeit des Wirkstoffs wichtig ist.<\/li>\n<li><strong>Mengenrabatte:<\/strong> Kaufen Sie Medikamentenfl\u00e4schchen in gro\u00dfen Mengen zu Gro\u00dfhandelspreisen, mit gestaffelten Rabatten, Gratisproben und pers\u00f6nlichem Kundenservice. Ideal f\u00fcr pharmazeutische Verpackungen.<\/li>\n<\/ol>","protected":false},"excerpt":{"rendered":"<p>Hochwertige Medikamentenfl\u00e4schchen aus Glas in verschiedenen Gr\u00f6\u00dfen. Direkt vom Hersteller, individuelle Anpassung in gro\u00dfen Mengen und schneller Versand f\u00fcr pharmazeutische Anwendungen.<\/p>","protected":false},"featured_media":5715,"template":"","meta":{"postBodyCss":"","postBodyMargin":[],"postBodyPadding":[],"postBodyBackground":{"backgroundType":"classic","gradient":""}},"product_brand":[],"product_cat":[15,86,16],"product_tag":[101],"class_list":{"0":"post-5710","1":"product","2":"type-product","3":"status-publish","4":"has-post-thumbnail","6":"product_cat-glass-containers","7":"product_cat-glass-medicine-bottles","8":"product_cat-glass-bottles","9":"product_tag-sterile-vials","11":"first","12":"instock","13":"shipping-taxable","14":"product-type-simple"},"jetpack_sharing_enabled":true,"_links":{"self":[{"href":"https:\/\/minghanggroup.com\/de\/wp-json\/wp\/v2\/product\/5710","targetHints":{"allow":["GET"]}}],"collection":[{"href":"https:\/\/minghanggroup.com\/de\/wp-json\/wp\/v2\/product"}],"about":[{"href":"https:\/\/minghanggroup.com\/de\/wp-json\/wp\/v2\/types\/product"}],"wp:featuredmedia":[{"embeddable":true,"href":"https:\/\/minghanggroup.com\/de\/wp-json\/wp\/v2\/media\/5715"}],"wp:attachment":[{"href":"https:\/\/minghanggroup.com\/de\/wp-json\/wp\/v2\/media?parent=5710"}],"wp:term":[{"taxonomy":"product_brand","embeddable":true,"href":"https:\/\/minghanggroup.com\/de\/wp-json\/wp\/v2\/product_brand?post=5710"},{"taxonomy":"product_cat","embeddable":true,"href":"https:\/\/minghanggroup.com\/de\/wp-json\/wp\/v2\/product_cat?post=5710"},{"taxonomy":"product_tag","embeddable":true,"href":"https:\/\/minghanggroup.com\/de\/wp-json\/wp\/v2\/product_tag?post=5710"}],"curies":[{"name":"wp","href":"https:\/\/api.w.org\/{rel}","templated":true}]}}