{"id":5701,"date":"2026-02-25T16:12:05","date_gmt":"2026-02-25T08:12:05","guid":{"rendered":"https:\/\/minghanggroup.com\/?post_type=product&#038;p=5701"},"modified":"2026-02-25T16:58:18","modified_gmt":"2026-02-25T08:58:18","slug":"amber-fancy-wine-bottles-with-corks-bulk","status":"publish","type":"product","link":"https:\/\/minghanggroup.com\/de\/produkt\/amber-fancy-wine-bottles-with-corks-bulk\/","title":{"rendered":"750-ml-Bernsteinfarbene, elegante Weinflaschen mit Korken (Gro\u00dfpackung)"},"content":{"rendered":"<p>Diese edlen Weinflaschen werden aus bernsteinfarbenem Glas hergestellt, das UV-Strahlen sehr effektiv abblockt. Sie sind so gestaltet, dass sie perfekt in herk\u00f6mmliche Korkflaschen passen und eignen sich daher ideal f\u00fcr edle Weine und stilvolle Tische.<\/p>\n<h2>Produktmerkmale<\/h2>\n<ul>\n<li><strong>Hochtransparentes braunes Glas:<\/strong> Hohe Transparenz: Das fachm\u00e4nnisch gefertigte, hochtransparente braune Glas vereint Lichtblockierungseigenschaften mit hoher Transparenz, sodass der Inhalt nicht durch UV-Strahlung gesch\u00e4digt wird.<\/li>\n<li><strong>Standard-Dichtungshals:<\/strong> Es ist die schmale Halsform mit einem klar definierten Stiel, in den verschiedene Korken passen, die die Luftdichtheit und Frische der Spirituose bei der Lagerung gew\u00e4hrleistet.<\/li>\n<li><strong>Verdickter, rutschfester Boden:<\/strong> Der gerillte, verdickte Boden sorgt f\u00fcr zus\u00e4tzliche Stabilit\u00e4t und f\u00f6rdert die Trennung der Ablagerungen, was f\u00fcr Beh\u00e4lter mit gro\u00dfem Volumen von Vorteil ist.<\/li>\n<\/ul>\n<h2 style=\"text-align: left;\">Wichtigste Spezifikationen<\/h2>\n<table class=\"aligncenter\" style=\"border-collapse: collapse; width: 415.52pt;\" border=\"0\" width=\"554\" cellspacing=\"0\" cellpadding=\"0\">\n<tbody>\n<tr style=\"height: 13.50pt;\">\n<td style=\"height: 13.50pt; width: 118.50pt;\" width=\"158\" height=\"18\">Attribut<\/td>\n<td style=\"width: 297.00pt;\" width=\"396\">Details<\/td>\n<\/tr>\n<tr style=\"height: 13.50pt;\">\n<td style=\"height: 13.50pt;\" height=\"18\">Kapazit\u00e4t<\/td>\n<td>750 ml<\/td>\n<\/tr>\n<tr style=\"height: 13.50pt;\">\n<td style=\"height: 13.50pt;\" height=\"18\">Material<\/td>\n<td>Dunkelbernsteinfarbenes Glas (hoher UV-Schutz)<\/td>\n<\/tr>\n<tr style=\"height: 13.50pt;\">\n<td style=\"height: 13.50pt;\" height=\"18\">Flaschenform<\/td>\n<td>Hochgewachsen, geradwandig mit l\u00e4nglichem, schlankem Hals<\/td>\n<\/tr>\n<tr style=\"height: 13.50pt;\">\n<td style=\"height: 13.50pt;\" height=\"18\">Anpassungsbereich<\/td>\n<td>Farbtiefe, Pr\u00e4gung, Halsverarbeitung<\/td>\n<\/tr>\n<tr style=\"height: 13.50pt;\">\n<td style=\"height: 13.50pt;\" height=\"18\">Handwerkskunst<\/td>\n<td>Dickes, gleichm\u00e4\u00dfiges Glas; glatte, gerade Oberfl\u00e4chenoberfl\u00e4che<\/td>\n<\/tr>\n<tr style=\"height: 13.50pt;\">\n<td style=\"height: 13.50pt;\" height=\"18\">Prim\u00e4re Verwendung<\/td>\n<td>Edle Weinflaschen, Weinflaschen im Gro\u00dfhandel<\/td>\n<\/tr>\n<tr style=\"height: 13.50pt;\">\n<td style=\"height: 13.50pt;\" height=\"18\">Zielbranchen<\/td>\n<td>Premium-Weing\u00fcter, handwerkliche Destillerien<\/td>\n<\/tr>\n<\/tbody>\n<\/table>\n<h2>Erfolgsgeschichte: Limitierte Edition der Scotch Whisky Distillery<\/h2>\n<p>Eine der renommiertesten schottischen Whiskybrennereien brachte einen Single Malt Whisky in limitierter Auflage heraus. Sie w\u00e4hlten unsere bernsteinfarbene Weinflasche mit Korken und einem exklusiven Etikett aus Goldfolienpr\u00e4gung. Diese hochwertige, bernsteinfarbene Glasflasche reduziert die Lichtsch\u00e4digung des Weins w\u00e4hrend der Lagerung um 18 Prozent, und die elegante, l\u00e4ngliche Form steigerte den wahrgenommenen Wert der Flasche in einer Umfrage um 12 Prozent. Die Brennerei war von dem Produkt so begeistert, dass sie anschlie\u00dfend weitere 300.000 Flaschen bestellte, um alle ihre limitierten Whiskys in den n\u00e4chsten f\u00fcnf Jahren abf\u00fcllen zu lassen.<\/p>\n<h2>Vorschl\u00e4ge zur individuellen Gestaltung edler Weinflaschen<\/h2>\n<ul>\n<li>Farbs\u00e4ttigung: 0 bis 1,0 \u00c4ndern Sie die Intensit\u00e4t der bernsteinfarbenen Farbe von Hellbraun zu Dunkelbraun, fast undurchsichtig.<\/li>\n<li>Hals: Um der Flasche ein kunstvolleres Aussehen zu verleihen, kann man einen Ring unterhalb des Halses oder eine Erhebung unterhalb des Halses anbringen.<\/li>\n<li>Benutzerdefinierte Korkenl\u00e4nge: Geben Sie die gew\u00fcnschte Innenabmessung des Halses ein, um die gew\u00fcnschte Korkenl\u00e4nge und -art perfekt anzupassen.<\/li>\n<li>Personalisierter Sockel: Auf der Innenseite des Sockels wird ein kleines Logo oder ein Vintage-Motiv als geheime Personalisierung eingepr\u00e4gt.<\/li>\n<\/ul>","protected":false},"excerpt":{"rendered":"<p>Verleihen Sie Ihrer Luxusmarke mit unserer Weinflasche mit Korken eine individuelle Note. Diese edlen Weinflaschen zeichnen sich durch einen langen, eleganten Flaschenhals und einen stabilen Boden aus. Professionelle OEM-Unterst\u00fctzung.<\/p>","protected":false},"featured_media":5704,"template":"","meta":{"postBodyCss":"","postBodyMargin":[],"postBodyPadding":[],"postBodyBackground":{"backgroundType":"classic","gradient":""}},"product_brand":[],"product_cat":[15,16,84],"product_tag":[],"class_list":{"0":"post-5701","1":"product","2":"type-product","3":"status-publish","4":"has-post-thumbnail","6":"product_cat-glass-containers","7":"product_cat-glass-bottles","8":"product_cat-wine-bottles","10":"first","11":"instock","12":"shipping-taxable","13":"product-type-simple"},"jetpack_sharing_enabled":true,"_links":{"self":[{"href":"https:\/\/minghanggroup.com\/de\/wp-json\/wp\/v2\/product\/5701","targetHints":{"allow":["GET"]}}],"collection":[{"href":"https:\/\/minghanggroup.com\/de\/wp-json\/wp\/v2\/product"}],"about":[{"href":"https:\/\/minghanggroup.com\/de\/wp-json\/wp\/v2\/types\/product"}],"wp:featuredmedia":[{"embeddable":true,"href":"https:\/\/minghanggroup.com\/de\/wp-json\/wp\/v2\/media\/5704"}],"wp:attachment":[{"href":"https:\/\/minghanggroup.com\/de\/wp-json\/wp\/v2\/media?parent=5701"}],"wp:term":[{"taxonomy":"product_brand","embeddable":true,"href":"https:\/\/minghanggroup.com\/de\/wp-json\/wp\/v2\/product_brand?post=5701"},{"taxonomy":"product_cat","embeddable":true,"href":"https:\/\/minghanggroup.com\/de\/wp-json\/wp\/v2\/product_cat?post=5701"},{"taxonomy":"product_tag","embeddable":true,"href":"https:\/\/minghanggroup.com\/de\/wp-json\/wp\/v2\/product_tag?post=5701"}],"curies":[{"name":"wp","href":"https:\/\/api.w.org\/{rel}","templated":true}]}}