{"id":5679,"date":"2026-02-25T13:08:00","date_gmt":"2026-02-25T05:08:00","guid":{"rendered":"https:\/\/minghanggroup.com\/?post_type=product&#038;p=5679"},"modified":"2026-02-25T16:13:13","modified_gmt":"2026-02-25T08:13:13","slug":"750ml-bright-green-wine-bottles-in-bulk","status":"publish","type":"product","link":"https:\/\/minghanggroup.com\/de\/produkt\/750ml-bright-green-wine-bottles-in-bulk\/","title":{"rendered":"750-ml-Weinflaschen in leuchtendem Gr\u00fcn (lose erh\u00e4ltlich)"},"content":{"rendered":"<p>Diese gr\u00fcne Weinflasche mit 750 ml Inhalt wird aus hochwertigem, lebensmittelechtem Gr\u00fcnglas hergestellt. Ihr glatter, gerader Korpus und der lange, elegante Hals bieten den n\u00f6tigen Schutz vor UV-Strahlung, sodass Geschmack und Qualit\u00e4t von Wei\u00dfweinen, Schaumweinen und Fruchtweinen erhalten bleiben.<\/p>\n<h2>Produktmerkmale<\/h2>\n<ul>\n<li><strong>Hellgr\u00fcn:<\/strong> Das gr\u00fcne Glas ist hell und klar, wodurch es etwas nat\u00fcrlicher wirkt und zudem lichtempfindliche Weine sch\u00fctzt.<\/li>\n<li><strong>Standardhals:<\/strong> Die gerade Halsform eignet sich ideal zum Halten verschiedener Weinkorken und -verschl\u00fcsse.<\/li>\n<li><strong>Elegantes konkaves Bodendesign:<\/strong> Die konkave Bodenform verbessert die Stabilit\u00e4t der Flasche, erleichtert das Absetzen von Ablagerungen und verleiht der Flasche ein traditionelles Premium-Gef\u00fchl.<\/li>\n<\/ul>\n<h2 style=\"text-align: left;\">Wichtigste Spezifikationen<\/h2>\n<table class=\"aligncenter\" style=\"border-collapse: collapse; width: 506.27pt;\" border=\"0\" width=\"675\" cellspacing=\"0\" cellpadding=\"0\">\n<tbody>\n<tr style=\"height: 13.50pt;\">\n<td style=\"height: 13.50pt; width: 118.50pt;\" width=\"158\" height=\"18\">Attribut<\/td>\n<td style=\"width: 387.75pt;\" width=\"517\">Details<\/td>\n<\/tr>\n<tr style=\"height: 13.50pt;\">\n<td style=\"height: 13.50pt;\" height=\"18\">Kapazit\u00e4t<\/td>\n<td>750 ml<\/td>\n<\/tr>\n<tr style=\"height: 13.50pt;\">\n<td style=\"height: 13.50pt;\" height=\"18\">Material<\/td>\n<td>Hellgr\u00fcnes Glas<\/td>\n<\/tr>\n<tr style=\"height: 13.50pt;\">\n<td style=\"height: 13.50pt;\" height=\"18\">Flaschenform<\/td>\n<td>Geradlinige, puntete Basis<\/td>\n<\/tr>\n<tr style=\"height: 13.50pt;\">\n<td style=\"height: 13.50pt;\" height=\"18\">Anpassungsbereich<\/td>\n<td>Farbintensit\u00e4t, Pr\u00e4gung, Halsverarbeitung<\/td>\n<\/tr>\n<tr style=\"height: 13.50pt;\">\n<td style=\"height: 13.50pt;\" height=\"18\">Handwerkskunst<\/td>\n<td>Gleichm\u00e4\u00dfige Farbverteilung, pr\u00e4zise Form, standardm\u00e4\u00dfige gerade Oberseite<\/td>\n<\/tr>\n<tr style=\"height: 13.50pt;\">\n<td style=\"height: 13.50pt;\" height=\"18\">Prim\u00e4re Verwendung<\/td>\n<td>Gr\u00fcne Weinflaschen, Weinflaschen in gro\u00dfen Mengen<\/td>\n<\/tr>\n<tr style=\"height: 13.50pt;\">\n<td style=\"height: 13.50pt;\" height=\"18\">Zielbranchen<\/td>\n<td>Weing\u00fcter, Hersteller handwerklich hergestellter Getr\u00e4nke<\/td>\n<\/tr>\n<\/tbody>\n<\/table>\n<h2>Erfolgsbeispiel: Nachhaltigkeit in einem Weingut in Kalifornien<\/h2>\n<p>Unsere gr\u00fcne Weinflasche wird in einer neuen Bio-Wei\u00dfweinlinie eines nachhaltigen Weinguts in Kalifornien eingesetzt. Dank des UV-Schutzglases konnte der Verbrauch an Sekund\u00e4rverpackungen und Karton um 15 % reduziert werden. Die kr\u00e4ftige gr\u00fcne Farbe steigerte die Attraktivit\u00e4t der Flasche und f\u00fchrte im ersten Quartal zu einem Umsatzplus von 40 %. Das Weingut war mit dem Erfolg der Flasche sehr zufrieden und bestellte weitere 500.000 Flaschen f\u00fcr drei weitere Weinlinien.<\/p>\n<h2>Gestaltung von Weinflaschen in gro\u00dfen Mengen<\/h2>\n<ul>\n<li>Zus\u00e4tzliches Bodendesign: Gestalten Sie den Flaschenboden individuell, w\u00e4hlen Sie die Tiefe oder lassen Sie sogar das Markenlogo in den Boden einpr\u00e4gen.<\/li>\n<li>Gepr\u00e4gtes Logo oder Muster: Gepr\u00e4gte Logos. Ein einfaches Traubenmotiv oder -muster ist direkt auf die Schulter der Flasche gepr\u00e4gt.<\/li>\n<li>Gr\u00f6\u00dfenanpassung: Passen Sie die klassischste Gr\u00f6\u00dfe auf bis zu 500 ml oder 1 Liter an, wobei die ikonischen Farben und die Form erhalten bleiben.<\/li>\n<\/ul>","protected":false},"excerpt":{"rendered":"<p>Hochwertige gr\u00fcne Weinflaschensets in der Standardgr\u00f6\u00dfe 750 ml. Ideal f\u00fcr Fruchtweine und Schaumweine. Diese Weinflaschen sind in gro\u00dfen Mengen erh\u00e4ltlich und eignen sich perfekt f\u00fcr Gratisproben.<\/p>","protected":false},"featured_media":5696,"template":"","meta":{"postBodyCss":"","postBodyMargin":[],"postBodyPadding":[],"postBodyBackground":{"backgroundType":"classic","gradient":""}},"product_brand":[],"product_cat":[15,16,84],"product_tag":[],"class_list":{"0":"post-5679","1":"product","2":"type-product","3":"status-publish","4":"has-post-thumbnail","6":"product_cat-glass-containers","7":"product_cat-glass-bottles","8":"product_cat-wine-bottles","10":"first","11":"instock","12":"shipping-taxable","13":"product-type-simple"},"jetpack_sharing_enabled":true,"_links":{"self":[{"href":"https:\/\/minghanggroup.com\/de\/wp-json\/wp\/v2\/product\/5679","targetHints":{"allow":["GET"]}}],"collection":[{"href":"https:\/\/minghanggroup.com\/de\/wp-json\/wp\/v2\/product"}],"about":[{"href":"https:\/\/minghanggroup.com\/de\/wp-json\/wp\/v2\/types\/product"}],"wp:featuredmedia":[{"embeddable":true,"href":"https:\/\/minghanggroup.com\/de\/wp-json\/wp\/v2\/media\/5696"}],"wp:attachment":[{"href":"https:\/\/minghanggroup.com\/de\/wp-json\/wp\/v2\/media?parent=5679"}],"wp:term":[{"taxonomy":"product_brand","embeddable":true,"href":"https:\/\/minghanggroup.com\/de\/wp-json\/wp\/v2\/product_brand?post=5679"},{"taxonomy":"product_cat","embeddable":true,"href":"https:\/\/minghanggroup.com\/de\/wp-json\/wp\/v2\/product_cat?post=5679"},{"taxonomy":"product_tag","embeddable":true,"href":"https:\/\/minghanggroup.com\/de\/wp-json\/wp\/v2\/product_tag?post=5679"}],"curies":[{"name":"wp","href":"https:\/\/api.w.org\/{rel}","templated":true}]}}