{"id":5673,"date":"2026-02-11T13:01:50","date_gmt":"2026-02-11T05:01:50","guid":{"rendered":"https:\/\/minghanggroup.com\/?post_type=product&#038;p=5673"},"modified":"2026-02-11T13:01:52","modified_gmt":"2026-02-11T05:01:52","slug":"custom-wine-bottles-empty-for-branding-bulk","status":"publish","type":"product","link":"https:\/\/minghanggroup.com\/de\/produkt\/custom-wine-bottles-empty-for-branding-bulk\/","title":{"rendered":"500-ml-Weinflaschen, leer und individuell gestaltbar, f\u00fcr Branding (Gro\u00dfpackung)"},"content":{"rendered":"<p>Sie verkaufen nicht nur Wein \u2013 Sie verkaufen ein Erlebnis. Unsere leeren 500-ml-Weinflaschen sind daf\u00fcr perfekt geeignet. Sie sind mehr als nur eine Flasche \u2013 sie sind der stille Botschafter Ihrer Marke. Gefertigt in der klassischen Bordeaux-Form, pr\u00e4sentieren sie Rotweine wie Claret oder Burgunder elegant. W\u00e4hlen Sie Klarglas, um die Farbe optimal zur Geltung zu bringen, oder Bernsteinglas f\u00fcr UV-Schutz. Kombinieren Sie die Flaschen mit Weinkorken f\u00fcr einen charmanten Kork-Look. Wenn Ihre Kunden den Wein ausgetrunken haben, werden sie die leeren Flaschen als wertvolle Erinnerungsst\u00fccke aufbewahren.<\/p>\n<h2>Produktmerkmale<\/h2>\n<ul>\n<li><strong>Duales, farbliches Storytelling:<\/strong> Klares Glas l\u00e4sst die Farbe Ihrer selbstgemachten Weine zur Geltung kommen; das bernsteinfarbene Glas (eine elegantere gr\u00fcne Variante des Bordeaux) sch\u00fctzt den Schaumwein vor Lichtsch\u00e4den.<\/li>\n<li><strong>Stabilit\u00e4t der Punt-Basis:<\/strong> Ein stabiler, felsenfester Stand wird durch einen verst\u00e4rkten Feuersteinsockel w\u00e4hrend des Transports der Flaschen oder bei der Verwendung leerer Weinflaschen als Schreibtischablagen gew\u00e4hrleistet.<\/li>\n<li><strong>Bereit zur Wiederverwendung:<\/strong> Das ist eine perfekte Idee, wenn Sie eine leere Weinflasche in ein Parf\u00fcmfl\u00e4schchen, einen Kerzenhalter oder sogar in wundersch\u00f6ne Weinflaschen als Gastgeschenke f\u00fcr eine Hochzeit verwandeln m\u00f6chten.<\/li>\n<\/ul>\n<h2>Wichtigste Spezifikationen<\/h2>\n<table style=\"border-collapse: collapse; width: 80%; margin-left: auto; margin-right: auto;\" border=\"0\" width=\"144\" cellspacing=\"0\" cellpadding=\"0\">\n<tbody>\n<tr style=\"height: 13.50pt;\">\n<td style=\"height: 13.5pt; width: 54pt; text-align: center;\" width=\"72\" height=\"18\">Besonderheit<\/td>\n<td style=\"width: 54pt; text-align: center;\" width=\"72\">Detail<\/td>\n<\/tr>\n<tr style=\"height: 13.50pt;\">\n<td style=\"height: 13.5pt; text-align: center;\" height=\"18\">Kapazit\u00e4t<\/td>\n<td style=\"text-align: center;\">500 ml<\/td>\n<\/tr>\n<tr style=\"height: 13.50pt;\">\n<td style=\"height: 13.5pt; text-align: center;\" height=\"18\">Abmessungen<\/td>\n<td style=\"text-align: center;\">6,1 \u00d7 33 cm<\/td>\n<\/tr>\n<tr style=\"height: 13.50pt;\">\n<td style=\"height: 13.5pt; text-align: center;\" height=\"18\">Farbe<\/td>\n<td style=\"text-align: center;\">Klares Glas, Bernstein<\/td>\n<\/tr>\n<tr style=\"height: 13.50pt;\">\n<td style=\"height: 13.5pt; text-align: center;\" height=\"18\">Nacken<\/td>\n<td style=\"text-align: center;\">1,8 cm<\/td>\n<\/tr>\n<tr style=\"height: 13.50pt;\">\n<td style=\"height: 13.5pt; text-align: center;\" height=\"18\">Schlie\u00dfung<\/td>\n<td style=\"text-align: center;\">Naturkorken f\u00fcr Wein, hochmolekularer Verschluss<\/td>\n<\/tr>\n<tr style=\"height: 13.50pt;\">\n<td style=\"height: 13.5pt; text-align: center;\" height=\"18\">Am besten geeignet f\u00fcr<\/td>\n<td style=\"text-align: center;\">Rotweine, Bordeaux, Burgunder, Schaumweine, Spirituosenflaschen<\/td>\n<\/tr>\n<\/tbody>\n<\/table>\n<h2>Erfolgsbeispiel<\/h2>\n<p>Ein Boutique-Weingut aus der spanischen Rioja-Region entschied sich f\u00fcr unsere klassische, geradlinige Rotweinflasche mit Schulter als Hauptverpackung f\u00fcr seine neue Serie von im Eichenfass gereiften Weinen. Da der Kunde von Anfang an Wert auf ein traditionelles Weingut-Ambiente legte, w\u00e4hlten wir einen verdickten Flaschenboden (28 mm tiefere konkave Vertiefung), um einen luxuri\u00f6seren Eindruck zu erzeugen. Wir brachten ein individuell gepr\u00e4gtes Weingutswappen auf der Schulter an und verwendeten hochtransparentes, dunkelbraunes Glas f\u00fcr optimalen Lichtschutz. Die Flasche erhielt zudem eine teilmattierte Oberfl\u00e4che, um die Etikettenpositionierung zu erleichtern und eine bessere Haftung sowie weniger Faltenbildung zu gew\u00e4hrleisten.<\/p>\n<p>Sechs Monate nach der Markteinf\u00fchrung stiegen die Verk\u00e4ufe dieser Serie in europ\u00e4ischen Premium-Superm\u00e4rkten im Vergleich zum Vorjahr um 37 %, und das Wachstum im Online-Handel betrug \u00fcber 52 %.<\/p>\n<h2>Ihre Anpassungsoptionen<\/h2>\n<ol>\n<li><strong>Gepr\u00e4gtes Logo auf Schulter oder K\u00f6rper:<\/strong> Bringen Sie das Wappen des Weinguts, den Jahrgang oder ein exklusives Design auf der Schulter an, um die Markenbekanntheit zu steigern und die F\u00e4lschungssicherheit zu erh\u00f6hen.<\/li>\n<li><strong>Farbverlauf oder individuell gestaltetes, farbiges Glas:<\/strong> Neben den Standardfarben Klarglas, Dunkelgr\u00fcn und Braun sowie Farbverlaufs- oder Sonderanfertigungen mit geringer Farbs\u00e4ttigung sind auch farbige Gl\u00e4ser erh\u00e4ltlich, um die visuelle Identit\u00e4t der Serie zu st\u00e4rken.<\/li>\n<li><strong>Teilweise oder vollst\u00e4ndig mattierte Oberfl\u00e4che:<\/strong> Erzeugt taktile Unterschiede, die in Kombination mit Goldfolienpr\u00e4gung oder UV-Etiketten einen st\u00e4rkeren Kontrasteffekt ergeben.<\/li>\n<li><strong>Verbesserte Flaschenhalsstruktur:<\/strong> Es bietet die Flexibilit\u00e4t, verschiedene Verschlussoptionen wie Korken, Schraubverschl\u00fcsse und Kunststoffverschl\u00fcsse zu unterst\u00fctzen, um den vielf\u00e4ltigen Bed\u00fcrfnissen des Marktes gerecht zu werden.<\/li>\n<\/ol>","protected":false},"excerpt":{"rendered":"<p>Hochwertige, leere Weinflaschen f\u00fcr individuelle Weinflaschenprojekte. Direkt vom Hersteller, mit individueller Gro\u00dfbestellung und schnellem weltweiten Versand.<\/p>","protected":false},"featured_media":5674,"template":"","meta":{"postBodyCss":"","postBodyMargin":[],"postBodyPadding":[],"postBodyBackground":{"backgroundType":"classic","gradient":""}},"product_brand":[],"product_cat":[15,16,84],"product_tag":[],"class_list":{"0":"post-5673","1":"product","2":"type-product","3":"status-publish","4":"has-post-thumbnail","6":"product_cat-glass-containers","7":"product_cat-glass-bottles","8":"product_cat-wine-bottles","10":"first","11":"instock","12":"shipping-taxable","13":"product-type-simple"},"jetpack_sharing_enabled":true,"_links":{"self":[{"href":"https:\/\/minghanggroup.com\/de\/wp-json\/wp\/v2\/product\/5673","targetHints":{"allow":["GET"]}}],"collection":[{"href":"https:\/\/minghanggroup.com\/de\/wp-json\/wp\/v2\/product"}],"about":[{"href":"https:\/\/minghanggroup.com\/de\/wp-json\/wp\/v2\/types\/product"}],"wp:featuredmedia":[{"embeddable":true,"href":"https:\/\/minghanggroup.com\/de\/wp-json\/wp\/v2\/media\/5674"}],"wp:attachment":[{"href":"https:\/\/minghanggroup.com\/de\/wp-json\/wp\/v2\/media?parent=5673"}],"wp:term":[{"taxonomy":"product_brand","embeddable":true,"href":"https:\/\/minghanggroup.com\/de\/wp-json\/wp\/v2\/product_brand?post=5673"},{"taxonomy":"product_cat","embeddable":true,"href":"https:\/\/minghanggroup.com\/de\/wp-json\/wp\/v2\/product_cat?post=5673"},{"taxonomy":"product_tag","embeddable":true,"href":"https:\/\/minghanggroup.com\/de\/wp-json\/wp\/v2\/product_tag?post=5673"}],"curies":[{"name":"wp","href":"https:\/\/api.w.org\/{rel}","templated":true}]}}