{"id":5664,"date":"2026-02-17T13:36:13","date_gmt":"2026-02-17T05:36:13","guid":{"rendered":"https:\/\/minghanggroup.com\/?post_type=product&#038;p=5664"},"modified":"2026-02-10T15:26:37","modified_gmt":"2026-02-10T07:26:37","slug":"clear-custom-mini-wine-bottles-for-wineries","status":"publish","type":"product","link":"https:\/\/minghanggroup.com\/de\/produkt\/clear-custom-mini-wine-bottles-for-wineries\/","title":{"rendered":"250 ml durchsichtige, individuell gestaltbare Mini-Weinflaschen f\u00fcr Weing\u00fcter"},"content":{"rendered":"<p>Sie suchen nach Charme im kleinen Format? Wir liefern ihn! Entdecken Sie Ihre neue Geheimwaffe: individuell gestaltete Mini-Weinflaschen im perfekten 250-ml-Format. Gefertigt aus brillantem Klarglas und mit dem Charme einer klassischen Bordeaux-Weinflasche, pr\u00e4sentiert diese kleine, aber feine Flasche Ihren Bordeaux, Burgunder oder selbstgemachten Wein mit Eleganz. Praktischer Schraubverschluss trifft auf zeitlose Weinflaschenform. Bestellen Sie Mini-Weinflaschen im Gro\u00dfhandel f\u00fcr Hochzeiten, Verkostungen, Geschenke oder Weinproben.<\/p>\n<h2>Produktmerkmale<\/h2>\n<ul>\n<li><strong>Echte Mini-Silhouette:<\/strong> Eine buchst\u00e4bliche Miniatur der Weinflasche, perfekt proportioniert, mit glatten Schultern und schlankem Hals. Es f\u00fchlt sich wirklich vertraut an.<\/li>\n<li><strong>Kristallklare Pr\u00e4sentation:<\/strong> Klares, hochtransparentes Flintglas bringt die Nuancen Ihrer Rot- oder Schaumweine perfekt zur Geltung. Produkte, die gut sichtbar sind, werden eher gekauft.<\/li>\n<li><strong>Intelligente Schraube, vielseitige Halsflexibilit\u00e4t:<\/strong> Das 20-mm-Gewinde schlie\u00dft dicht mit Schraubverschl\u00fcssen und eignet sich auch f\u00fcr Weinkorken und Kunststoffstopfen. Ihre Vorstellung von einem Korkverschluss? Wir setzen sie f\u00fcr Sie um.<\/li>\n<\/ul>\n<h2>Wichtigste Spezifikationen<\/h2>\n<table style=\"border-collapse: collapse; width: 80%; margin-left: auto; margin-right: auto;\" border=\"0\" width=\"144\" cellspacing=\"0\" cellpadding=\"0\">\n<tbody>\n<tr style=\"height: 13.50pt;\">\n<td style=\"height: 13.5pt; width: 54pt; text-align: center;\" width=\"72\" height=\"18\">Besonderheit<\/td>\n<td style=\"width: 54pt; text-align: center;\" width=\"72\">Detail<\/td>\n<\/tr>\n<tr style=\"height: 13.50pt;\">\n<td style=\"height: 13.5pt; text-align: center;\" height=\"18\">Kapazit\u00e4t<\/td>\n<td style=\"text-align: center;\">250 ml<\/td>\n<\/tr>\n<tr style=\"height: 13.50pt;\">\n<td style=\"height: 13.5pt; text-align: center;\" height=\"18\">Abmessungen<\/td>\n<td style=\"text-align: center;\">4,7 \u00d7 21,2 cm<\/td>\n<\/tr>\n<tr style=\"height: 13.50pt;\">\n<td style=\"height: 13.5pt; text-align: center;\" height=\"18\">Farbe<\/td>\n<td style=\"text-align: center;\">Klares Flintglas<\/td>\n<\/tr>\n<tr style=\"height: 13.50pt;\">\n<td style=\"height: 13.5pt; text-align: center;\" height=\"18\">Nacken<\/td>\n<td style=\"text-align: center;\">2 cm<\/td>\n<\/tr>\n<tr style=\"height: 13.50pt;\">\n<td style=\"height: 13.5pt; text-align: center;\" height=\"18\">Schlie\u00dfungen<\/td>\n<td style=\"text-align: center;\">Schraubverschluss, Naturkorken, Kunststoffstopfen<\/td>\n<\/tr>\n<tr style=\"height: 13.50pt;\">\n<td style=\"height: 13.5pt; text-align: center;\" height=\"18\">Perfekt f\u00fcr<\/td>\n<td style=\"text-align: center;\">Verkostungsproben, Gastgeschenke f\u00fcr Hochzeiten, hausgemachte Weingeschenke, Spirituosenflaschen, Mini-Sekt<\/td>\n<\/tr>\n<\/tbody>\n<\/table>\n<h2>Erfolgsbeispiel<\/h2>\n<p>Ein Boutique-Weingut in S\u00fcdeuropa nutzte unsere speziell entworfenen Mini-Weinflaschen f\u00fcr Verkostungssets und den Reiseeinzelhandel. Unser Designteam entwickelte eine schlanke Flaschenform aus dickwandigem Glas, verk\u00fcrzte den Flaschenhals f\u00fcr eine effizientere automatische Abf\u00fcllung und passte die Schraubverschl\u00fcsse an die vorhandenen Verschl\u00fcsse an. Dar\u00fcber hinaus entschied sich der Kunde f\u00fcr Siebdrucketiketten, eine pr\u00e4zise volumetrische Pr\u00e4gung am Flaschenboden und eine kristallklare Glasmischung, um die Farbe des Weins optimal zur Geltung zu bringen.<\/p>\n<p>Nach der Einf\u00fchrung der neuen Verpackung stieg der Absatz ihrer Verkostungssets innerhalb von drei Monaten um 38 %, was auf die bessere Attraktivit\u00e4t im Regal und die effizientere Logistik zur\u00fcckzuf\u00fchren ist.<\/p>\n<h2>Ihre Anpassungsvorschl\u00e4ge<\/h2>\n<ol>\n<li><strong>Basisdesign-Anpassung:<\/strong> Unterst\u00fctzt konkave oder beschwerte Flaschenbodenkonstruktionen, um die Griffigkeit zu verbessern und die Verwendung des Flaschenbodens als Anzeige f\u00fcr Jahrgangs- oder Volumeninformationen durch Pr\u00e4gung zu erm\u00f6glichen.<\/li>\n<li><strong>Auswahl der Glasformel:<\/strong> Bietet Optionen f\u00fcr hochtransparente, ultratransparente, wei\u00dfe oder leicht mattierte Glasformeln, um die Farbunterschiede des Weins hervorzuheben, was sich sehr gut f\u00fcr Verkostungssets und Geschenkboxen eignet.<\/li>\n<li><strong>Dekorationstechniken:<\/strong> Setzen Sie auf Siebdruck, partielle Mattierung oder stilvoll gepr\u00e4gte Logos, um ein Markenimage zu vermitteln, das elegant und gleichzeitig dezent ist.<\/li>\n<\/ol>","protected":false},"excerpt":{"rendered":"<p>Individuell gestaltete Mini-Weinflaschen in gro\u00dfen Mengen f\u00fcr Marken und Weing\u00fcter. Mini-Weinflaschen im Gro\u00dfhandel direkt vom Hersteller, flexible Mengenanpassung m\u00f6glich.<\/p>","protected":false},"featured_media":5672,"template":"","meta":{"postBodyCss":"","postBodyMargin":[],"postBodyPadding":[],"postBodyBackground":{"backgroundType":"classic","gradient":""}},"product_brand":[],"product_cat":[15,16,84],"product_tag":[],"class_list":{"0":"post-5664","1":"product","2":"type-product","3":"status-publish","4":"has-post-thumbnail","6":"product_cat-glass-containers","7":"product_cat-glass-bottles","8":"product_cat-wine-bottles","10":"first","11":"instock","12":"shipping-taxable","13":"product-type-simple"},"jetpack_sharing_enabled":true,"_links":{"self":[{"href":"https:\/\/minghanggroup.com\/de\/wp-json\/wp\/v2\/product\/5664","targetHints":{"allow":["GET"]}}],"collection":[{"href":"https:\/\/minghanggroup.com\/de\/wp-json\/wp\/v2\/product"}],"about":[{"href":"https:\/\/minghanggroup.com\/de\/wp-json\/wp\/v2\/types\/product"}],"wp:featuredmedia":[{"embeddable":true,"href":"https:\/\/minghanggroup.com\/de\/wp-json\/wp\/v2\/media\/5672"}],"wp:attachment":[{"href":"https:\/\/minghanggroup.com\/de\/wp-json\/wp\/v2\/media?parent=5664"}],"wp:term":[{"taxonomy":"product_brand","embeddable":true,"href":"https:\/\/minghanggroup.com\/de\/wp-json\/wp\/v2\/product_brand?post=5664"},{"taxonomy":"product_cat","embeddable":true,"href":"https:\/\/minghanggroup.com\/de\/wp-json\/wp\/v2\/product_cat?post=5664"},{"taxonomy":"product_tag","embeddable":true,"href":"https:\/\/minghanggroup.com\/de\/wp-json\/wp\/v2\/product_tag?post=5664"}],"curies":[{"name":"wp","href":"https:\/\/api.w.org\/{rel}","templated":true}]}}