{"id":5663,"date":"2026-02-15T12:01:00","date_gmt":"2026-02-15T04:01:00","guid":{"rendered":"https:\/\/minghanggroup.com\/?post_type=product&#038;p=5663"},"modified":"2026-02-10T16:19:04","modified_gmt":"2026-02-10T08:19:04","slug":"clear-empty-good-red-wine-bottles-wholesale","status":"publish","type":"product","link":"https:\/\/minghanggroup.com\/de\/produkt\/clear-empty-good-red-wine-bottles-wholesale\/","title":{"rendered":"750ml klare, leere Rotweinflaschen (Gro\u00dfhandel)"},"content":{"rendered":"<p>Suchen Sie eine hochwertige und ehrliche Weinflasche? Diese typische Flasche f\u00fcr guten Rotwein zeichnet sich durch ihre weite, sich nach oben verj\u00fcngende Form aus, die sich elegant zum Hals hin verj\u00fcngt. Erh\u00e4ltlich in zwei Farben: klar und hellgr\u00fcn.<\/p>\n<h2>Produktmerkmale<\/h2>\n<ul>\n<li><strong>Es stehen zwei klare Optionen zur Verf\u00fcgung:<\/strong> Es handelt sich um klares oder hellgr\u00fcnes, hochtransparentes Glas, das die Farbe und Klarheit des Weins perfekt zur Geltung bringt.<\/li>\n<li><strong>Klassischer konkaver Boden:<\/strong> Die konkave Bodenform ist ein charakteristisches Merkmal des traditionellen Designs von Weinflaschen, das die Stabilit\u00e4t der Flasche verbessert.<\/li>\n<li><strong>Tragbar:<\/strong> Es kann mit Wei\u00dfweinen, Ros\u00e9weinen und anderen hellen Getr\u00e4nken verwendet werden.<\/li>\n<\/ul>\n<h2>Wichtigste Spezifikationen<\/h2>\n<table class=\"aligncenter\" style=\"border-collapse: collapse; width: 447.77pt;\" border=\"0\" width=\"597\" cellspacing=\"0\" cellpadding=\"0\">\n<tbody>\n<tr style=\"height: 13.50pt;\">\n<td style=\"height: 13.50pt; width: 115.50pt;\" width=\"154\" height=\"18\">Attribut<\/td>\n<td style=\"width: 332.25pt;\" width=\"443\">Details<\/td>\n<\/tr>\n<tr style=\"height: 13.50pt;\">\n<td style=\"height: 13.50pt;\" height=\"18\">Kapazit\u00e4t<\/td>\n<td>750 ml<\/td>\n<\/tr>\n<tr style=\"height: 13.50pt;\">\n<td style=\"height: 13.50pt;\" height=\"18\">Abmessungen<\/td>\n<td>71\/72 mm \u00d7 323 mm<\/td>\n<\/tr>\n<tr style=\"height: 13.50pt;\">\n<td style=\"height: 13.50pt;\" height=\"18\">Material<\/td>\n<td>Klares oder hellgr\u00fcnes, transparentes Glas<\/td>\n<\/tr>\n<tr style=\"height: 13.50pt;\">\n<td style=\"height: 13.50pt;\" height=\"18\">Flaschenform<\/td>\n<td>Klassisches Bordeaux (geradwandig, mit abgerundetem Boden)<\/td>\n<\/tr>\n<tr style=\"height: 13.50pt;\">\n<td style=\"height: 13.50pt;\" height=\"18\">Anpassungsbereich<\/td>\n<td>Farbe, Gr\u00f6\u00dfe, Deckel<\/td>\n<\/tr>\n<tr style=\"height: 13.50pt;\">\n<td style=\"height: 13.50pt;\" height=\"18\">Handwerkskunst<\/td>\n<td>Gleichm\u00e4\u00dfige Wandst\u00e4rke, glatte Oberfl\u00e4che, traditionelle Punzierung<\/td>\n<\/tr>\n<tr style=\"height: 13.50pt;\">\n<td style=\"height: 13.50pt;\" height=\"18\">Prim\u00e4re Verwendung<\/td>\n<td>Weinflaschen f\u00fcr Wei\u00dfweine, Ros\u00e9weine, Fruchtweine<\/td>\n<\/tr>\n<tr style=\"height: 13.50pt;\">\n<td style=\"height: 13.50pt;\" height=\"18\">Zielbranchen<\/td>\n<td>Weing\u00fcter, Hersteller von Spezialit\u00e4tengetr\u00e4nken, Vertriebsh\u00e4ndler<\/td>\n<\/tr>\n<\/tbody>\n<\/table>\n<h2>Erfolgsgeschichte<\/h2>\n<p>Das Weingut in New York w\u00e4hlte unsere transparenten 750-ml-Rotweinflaschen, um die nat\u00fcrliche goldene Farbe der Weine optimal zur Geltung zu bringen. Die transparente Glasflasche war eines der Verkaufsargumente und wurde in 60 % der positiven Rezensionen hervorgehoben. Das Fassungsverm\u00f6gen von 750 ml entspricht perfekt ihrem Standardprodukt. Die Flasche ist sehr robust, was sich in einer Unversehrtheitsrate von 99,5 % bei der Auslieferung widerspiegelt. Das Weingut war begeistert und bestellte weitere 1,2 Millionen Flaschen, um den gesamten Wei\u00dfweinbestand der n\u00e4chsten drei Jahrg\u00e4nge abzudecken.<\/p>\n<h2>Leere Weinflaschen Gro\u00dfhandel mit individueller Anpassung<\/h2>\n<ul>\n<li>Glasfarbe und -t\u00f6nung: Es ist in klar, ultraklar (eisenarm) oder in individuellen hellen T\u00f6nungen erh\u00e4ltlich, darunter Blau oder Bernstein.<\/li>\n<li>Etikettenvertr\u00e4glichkeit: Glasoberfl\u00e4chen sind so optimiert, dass bestimmte Etikettenmaterialien nur unvollkommen haften.<\/li>\n<li>Flaschendesign: Gepr\u00e4gte Designs oder Signaturen: Besitzen exklusive Designs am Flaschenboden.<\/li>\n<\/ul>","protected":false},"excerpt":{"rendered":"<p>Hochwertige Rotweinflaschen im transparenten 750-ml-Design im Gro\u00dfhandel. Erh\u00e4ltlich in klaren und hellgr\u00fcnen Varianten, ideal f\u00fcr Wei\u00dfwein, Fruchtwein und Ready-to-Drink-Getr\u00e4nke. Kostenlose Muster anfordern.<\/p>","protected":false},"featured_media":5668,"template":"","meta":{"postBodyCss":"","postBodyMargin":[],"postBodyPadding":[],"postBodyBackground":{"backgroundType":"classic","gradient":""}},"product_brand":[],"product_cat":[15,16,84],"product_tag":[],"class_list":{"0":"post-5663","1":"product","2":"type-product","3":"status-publish","4":"has-post-thumbnail","6":"product_cat-glass-containers","7":"product_cat-glass-bottles","8":"product_cat-wine-bottles","10":"first","11":"instock","12":"shipping-taxable","13":"product-type-simple"},"jetpack_sharing_enabled":true,"_links":{"self":[{"href":"https:\/\/minghanggroup.com\/de\/wp-json\/wp\/v2\/product\/5663","targetHints":{"allow":["GET"]}}],"collection":[{"href":"https:\/\/minghanggroup.com\/de\/wp-json\/wp\/v2\/product"}],"about":[{"href":"https:\/\/minghanggroup.com\/de\/wp-json\/wp\/v2\/types\/product"}],"wp:featuredmedia":[{"embeddable":true,"href":"https:\/\/minghanggroup.com\/de\/wp-json\/wp\/v2\/media\/5668"}],"wp:attachment":[{"href":"https:\/\/minghanggroup.com\/de\/wp-json\/wp\/v2\/media?parent=5663"}],"wp:term":[{"taxonomy":"product_brand","embeddable":true,"href":"https:\/\/minghanggroup.com\/de\/wp-json\/wp\/v2\/product_brand?post=5663"},{"taxonomy":"product_cat","embeddable":true,"href":"https:\/\/minghanggroup.com\/de\/wp-json\/wp\/v2\/product_cat?post=5663"},{"taxonomy":"product_tag","embeddable":true,"href":"https:\/\/minghanggroup.com\/de\/wp-json\/wp\/v2\/product_tag?post=5663"}],"curies":[{"name":"wp","href":"https:\/\/api.w.org\/{rel}","templated":true}]}}